{"id":85,"date":"2020-11-18T12:29:21","date_gmt":"2020-11-18T11:29:21","guid":{"rendered":"http:\/\/us.edu.pl\/centra-badawcze\/opmim\/?page_id=85"},"modified":"2024-10-14T12:39:37","modified_gmt":"2024-10-14T10:39:37","slug":"doswiadczenie","status":"publish","type":"page","link":"https:\/\/us.edu.pl\/centra-badawcze\/opmim\/doswiadczenie\/","title":{"rendered":"Nasze do\u015bwiadczenie"},"content":{"rendered":"<p>[vc_row][vc_column][vc_column_text][\/vc_column_text][\/vc_column][\/vc_row][vc_row][vc_column][vc_column_text][\/vc_column_text][\/vc_column][\/vc_row][vc_row][vc_column]\r\n                <div class=\"text-modules\">\r\n                    <div class=\"container\">\r\n                        <h3 class=\"page-title text__title\">Nasze do\u015bwiadczenie<\/h3>\r\n                        <div class=\"text-modules__content\"><p><span style=\"font-size: 12pt;\"><strong><span style=\"text-decoration: underline;\">POZYSKANE GRANTY<\/span><br \/>\n<\/strong><\/span><\/p>\n<p><span style=\"font-size: 12pt;\"><img class=\"wp-image-1538 entered lazyloaded\" src=\"https:\/\/us.edu.pl\/centra-badawcze\/opmim\/wp-content\/uploads\/sites\/56\/Bez-kategorii\/MECOG-CE_Logo_Standard_medium-300x127.png\" sizes=\"(max-width: 366px) 100vw, 366px\" srcset=\"https:\/\/us.edu.pl\/centra-badawcze\/opmim\/wp-content\/uploads\/sites\/56\/Bez-kategorii\/MECOG-CE_Logo_Standard_medium-300x127.png 300w, https:\/\/us.edu.pl\/centra-badawcze\/opmim\/wp-content\/uploads\/sites\/56\/Bez-kategorii\/MECOG-CE_Logo_Standard_medium-1024x435.png 1024w, https:\/\/us.edu.pl\/centra-badawcze\/opmim\/wp-content\/uploads\/sites\/56\/Bez-kategorii\/MECOG-CE_Logo_Standard_medium-768x326.png 768w, https:\/\/us.edu.pl\/centra-badawcze\/opmim\/wp-content\/uploads\/sites\/56\/Bez-kategorii\/MECOG-CE_Logo_Standard_medium-575x244.png 575w, https:\/\/us.edu.pl\/centra-badawcze\/opmim\/wp-content\/uploads\/sites\/56\/Bez-kategorii\/MECOG-CE_Logo_Standard_medium.png 1256w\" alt=\"Logo projektu MECOG-CE: Interreg Central Europe, Co-funded by the European Union\" width=\"366\" height=\"155\" data-lazy-srcset=\"https:\/\/us.edu.pl\/centra-badawcze\/opmim\/wp-content\/uploads\/sites\/56\/Bez-kategorii\/MECOG-CE_Logo_Standard_medium-300x127.png 300w, https:\/\/us.edu.pl\/centra-badawcze\/opmim\/wp-content\/uploads\/sites\/56\/Bez-kategorii\/MECOG-CE_Logo_Standard_medium-1024x435.png 1024w, https:\/\/us.edu.pl\/centra-badawcze\/opmim\/wp-content\/uploads\/sites\/56\/Bez-kategorii\/MECOG-CE_Logo_Standard_medium-768x326.png 768w, https:\/\/us.edu.pl\/centra-badawcze\/opmim\/wp-content\/uploads\/sites\/56\/Bez-kategorii\/MECOG-CE_Logo_Standard_medium-575x244.png 575w, https:\/\/us.edu.pl\/centra-badawcze\/opmim\/wp-content\/uploads\/sites\/56\/Bez-kategorii\/MECOG-CE_Logo_Standard_medium.png 1256w\" data-lazy-sizes=\"(max-width: 366px) 100vw, 366px\" data-lazy-src=\"https:\/\/us.edu.pl\/centra-badawcze\/opmim\/wp-content\/uploads\/sites\/56\/Bez-kategorii\/MECOG-CE_Logo_Standard_medium-300x127.png\" data-ll-status=\"loaded\" \/><\/span><\/p>\n<p><span style=\"font-size: 12pt;\"><strong>Mi\u0119dzynarodowy projekt pn. \u201cStrengthening metropolitan cooperation and governance in central Europe\u201d (MECOG-CE; Wzmacnianie wsp\u00f3\u0142pracy i metropolitalnego wsp\u00f3\u0142rz\u0105dzenia\u00a0 w Europie \u015arodkowej)<\/strong><\/span><\/p>\n<p><span style=\"font-size: 12pt;\"><strong>Projekt badawczy, finansowany z programu Interreg Europa \u015arodkowa 2021-2027<\/strong><\/span><\/p>\n<p><span style=\"font-size: 12pt;\"><strong>Okres realizacji<\/strong>: 1.04.2023-30.03.2026<\/span><\/p>\n<p><span style=\"font-size: 12pt;\"><strong>Kierownik projektu:<\/strong> <strong>dr hab. Robert Pyka prof. U\u015a<\/strong><\/span><\/p>\n<p><span style=\"font-size: 12pt;\"><strong>Cz\u0142onkowie zespo\u0142u badawczego<\/strong>: dr hab. Robert Pyka, prof. U\u015a, dr hab. Krzysztof Bierwiaczonek, prof. U\u015a, dr hab. Ma\u0142gorzata Suchacka, prof. U\u015a, dr Zuzanna Neuve-\u00c9glise<\/span><\/p>\n<p><span style=\"font-size: 12pt;\"><strong>Jednostka realizuj\u0105ca projekt w U\u015a<\/strong>: WNS, Instytut Socjologii<\/span><\/p>\n<p><span style=\"font-size: 12pt;\"><strong>Koordynator<\/strong>: Brno City Municipality, Czechy<\/span><\/p>\n<p><span style=\"font-size: 12pt;\"><strong>Warto\u015b\u0107 ca\u0142ego projektu: <\/strong>1\u00a0800\u00a0000 EUR<\/span><\/p>\n<p><span style=\"font-size: 12pt;\"><strong>Bud\u017cet dla U\u015a (100%): <\/strong>98 000 EUR<\/span><\/p>\n<p class=\"page-title text__title\"><span style=\"font-size: 12pt; color: #000000;\"><strong>Dofinansowanie dla U\u015a ze \u015brodk\u00f3w Bud\u017cetu Pa\u0144stwa w ramach programu Projekty Mi\u0119dzynarodowe Wsp\u00f3\u0142finansowane<\/strong> (umowa nr 5473\/Interreg CE 2021-2027\/2023\/2): <strong>80 043,00 z\u0142<\/strong><\/span><\/p>\n<p><span style=\"font-size: 12pt;\"><a href=\"https:\/\/us.edu.pl\/instytut\/is\/granty\/\"><strong>Wi\u0119cej informacji o projekcie &gt;&gt;&gt;<span id=\"more-603\"><\/span><\/strong><\/a><\/span><\/p>\n<p>&nbsp;<\/p>\n<p><span style=\"font-size: 12pt;\"><strong>Aktualno\u015bci projektu mo\u017cna \u015bledzi\u0107 na<\/strong>:<\/span><\/p>\n<p><span style=\"font-size: 12pt;\">\u2013 <a href=\"https:\/\/www.interreg-central.eu\/projects\/mecog-ce\/\" target=\"_blank\" rel=\"noopener\"><strong>oficjalnej stronie projektu w j\u0119zyku angielskim &gt;&gt;&gt;<\/strong>\u00a0<\/a><\/span><\/p>\n<p><span style=\"font-size: 12pt;\">\u2013 <a href=\"https:\/\/www.linkedin.com\/company\/mecog%E2%80%93ce\/?viewAsMember=true\" target=\"_blank\" rel=\"noopener\"><strong>portalu LinkedIn &gt;&gt;&gt;<\/strong><\/a><\/span><\/p>\n<p>&nbsp;<\/p>\n<p><strong><span style=\"text-decoration: underline;\"><span style=\"font-size: 12pt;\"><span style=\"font-size: 14pt;\">BADANIA ZREALIZOWANE NA ZLECENIE INSTYTUCJI ZEWN\u0118TRZNYCH<\/span><br \/>\n<\/span><\/span><br \/>\n<\/strong><\/p>\n<p><span style=\"font-size: 14pt;\"><strong><span style=\"color: #333399;\">2023-2024<\/span><\/strong><\/span><\/p>\n<ol>\n<li><span style=\"font-size: 12pt;\"><strong><em>Opracowanie Strategii rozwi\u0105zywania problem\u00f3w spo\u0142ecznych w powiecie miko\u0142owskim na lata 2024 \u2013 2033 wraz z diagnoz\u0105 lokalnych zagro\u017ce\u0144 <\/em>\u2013 <\/strong>kierownik projektu: dr Agata Zygmunt-Ziemianek, cz\u0142onkowie zespo\u0142u badawczego: dr Agata Zygmunt-Ziemianek, dr Ewa Le\u015bniak-Berek, prof. U\u015a, dr Witold Mandrysz \u2013 Uniwersytet \u015al\u0105ski<\/span><br \/>\n<span style=\"font-size: 12pt;\">Zamawiaj\u0105cy: Powiatowe Centrum Pomocy Rodzinie w Miko\u0142owie<\/span><\/li>\n<\/ol>\n<p><span style=\"font-size: 14pt; color: #333399;\"><strong>2023<\/strong><\/span><\/p>\n<ol>\n<li><span style=\"font-size: 12pt;\"><strong><em>Opracowanie Programu Rozwoju Pieczy Zast\u0119pczej w Powiecie Rybnickim na lata 2024-2026 oraz Powiatowego Programu Przeciwdzia\u0142ania Przemocy w Rodzinie oraz Ochrony Ofiar Przemocy w Rodzinie na lata 2024-2028 w Powiecie Rybnickim <\/em>\u2013 <\/strong>kierownik projektu: dr Agata Zygmunt-Ziemianek, cz\u0142onkowie zespo\u0142u badawczego: dr Agata Zygmunt-Ziemianek, dr Ewa Le\u015bniak-Berek, prof. U\u015a \u2013 Uniwersytet \u015al\u0105ski<\/span><br \/>\n<span style=\"font-size: 12pt;\">Zamawiaj\u0105cy: Powiatowe Centrum Pomocy Rodzinie w Rybniku<\/span><\/li>\n<\/ol>\n<p><strong><span style=\"font-size: 14pt; color: #333399;\">2022-2023<\/span><br \/>\n<\/strong><\/p>\n<ol>\n<li><span style=\"font-size: 12pt;\"><strong><em>Praca badawczo-rozwojowa dot. oczekiwa\u0144 mieszka\u0144c\u00f3w miasta Katowice wobec za\u0142o\u017ce\u0144 programowych Europejskiego Miasta Nauki Katowice 2024 <\/em>\u2013 <\/strong>kierownik projektu: dr hab. Krzysztof Bierwiaczonek, prof. U\u015a, cz\u0142onkowie zespo\u0142u badawczego: dr Agata Zygmunt-Ziemianek, dr Witold Mandrysz, dr hab. Robert Pyka, prof. U\u015a, dr hab. Edyta Sierka, dr hab. Andrzej Wo\u017anica, prof. U\u015a \u2013 Uniwersytet \u015al\u0105ski<\/span><br \/>\n<span style=\"font-size: 12pt;\">Zamawiaj\u0105cy: Urz\u0105d Miasta Katowice<\/span><\/li>\n<\/ol>\n<h6><span style=\"font-size: 14pt; color: #000080;\"><strong>2022<\/strong><\/span><\/h6>\n<ol>\n<li><span style=\"font-size: 12pt;\"><strong>Badanie w zakresie narz\u0119dzi i potencja\u0142u wsp\u00f3\u0142pracy miast i gmin G\u00f3rno\u015bl\u0105sko-Zag\u0142\u0119biowskiej Metropolii (GZM) z uczelniami wy\u017cszymi i jednostkami naukowymi znajduj\u0105cymi si\u0119 na obszarze GZM &#8211; <\/strong>kierownik projektu: dr Agata Zygmunt, cz\u0142onkowie zespo\u0142u badawczego: dr Andrzej G\u00f3rny, dr hab. Robert Pyka, prof. U\u015a, \u2013 Uniwersytet \u015al\u0105ski<\/span><br \/>\n<span style=\"font-size: 12pt;\">Zamawiaj\u0105cy: G\u00f3rno\u015bl\u0105sko-Zag\u0142\u0119biowska Metropolia<\/span><\/li>\n<li><span style=\"font-size: 12pt;\"><em><strong>Diagnoza \u015bl\u0105skiego ekosystemu startupowego &#8211; <\/strong><\/em>kierownik projektu: dr Grzegorz Gawron, cz\u0142onkowie zespo\u0142u badawczego:<em><strong><br \/>\n<\/strong><\/em>dr hab. Ma\u0142gorzata Suchacka prof. U\u015a, dr hab. Robert Pyka prof. U\u015a<em><strong><br \/>\n<\/strong><\/em><\/span><\/li>\n<li><span style=\"font-size: 12pt;\"><strong><em>Praca badawczo-rozwojowa dot. oczekiwa\u0144 mieszka\u0144c\u00f3w miasta Katowice wobec za\u0142o\u017ce\u0144 programowych Europejskiego Miasta Nauki Katowice 2024 <\/em>&#8211; <\/strong>kierownik projektu: dr hab. Krzysztof Bierwiaczonek, prof. U\u015a, cz\u0142onkowie zespo\u0142u badawczego: dr Agata Zygmunt-Ziemianek, dr Witold Mandrysz, dr hab. Robert Pyka, prof. U\u015a, dr hab. Edyta Sierka, dr hab. Andrzej Wo\u017anica, prof. U\u015a \u2013 Uniwersytet \u015al\u0105ski<\/span><br \/>\n<span style=\"font-size: 12pt;\">Zamawiaj\u0105cy: Urz\u0105d Miasta Katowice<\/span><\/li>\n<\/ol>\n<h6><span style=\"font-size: 14pt; color: #000080;\"><strong>2020-2021<\/strong><\/span><\/h6>\n<ol>\n<li><span style=\"font-size: 12pt;\"><strong><em>Wsparcie naukowo-strategiczne w ramach projektu pn. \u201eM\u0142odzi robi\u0105 Metropoli\u0119\u201d<\/em> &#8211; <\/strong>kierownik projektu: dr Natalia St\u0119pie\u0144-Lampa, cz\u0142onkowie zespo\u0142u badawczego: prof. dr hab. Ewa Jarosz, dr Marcin Gierczyk, dr Pawe\u0142 Grzywna, mgr Dagmara Dobosz \u2013 Uniwersytet \u015al\u0105ski<\/span><br \/>\n<span style=\"font-size: 12pt;\">Zamawiaj\u0105cy: G\u00f3rno\u015bl\u0105sko-Zag\u0142\u0119biowska Metropolia<\/span><\/li>\n<\/ol>\n<hr \/>\n<h6><span style=\"font-size: 14pt; color: #000080;\"><strong>2019<\/strong><\/span><\/h6>\n<ol>\n<li><span style=\"font-size: 12pt;\"><strong><em>Ocena jako\u015bci wsp\u00f3\u0142pracy Miasta Katowice z organizacjami pozarz\u0105dowymi<\/em><\/strong> \u2013 kierownik projektu: dr hab. K. Bierwiaczonek, prof. U\u015a, cz\u0142onkowie zespo\u0142u badawczego: dr hab. R. Pyka prof. U\u015a, dr hab. Z. Zaga\u0142a prof. U\u015a, dr A. Zygmunt \u2013 Uniwersytet \u015al\u0105ski<\/span><br \/>\n<span style=\"font-size: 12pt;\">Zamawiaj\u0105cy: Urz\u0105d Miasta Katowice<\/span><\/li>\n<\/ol>\n<hr \/>\n<h6><span style=\"font-size: 14pt;\"><strong><span style=\"color: #000080;\">2018<\/span><\/strong><span style=\"color: #000080;\">\u00a0<\/span><\/span><\/h6>\n<ol>\n<li><span style=\"font-size: 12pt;\"><strong><em>Katowicki sektor wydarze\u0144 kongresowo-biznesowych a rozw\u00f3j i wizerunek miasta<\/em><\/strong> \u2013 kierownik projektu: dr hab. R. Pyka, cz\u0142onkowie zespo\u0142u badawczego: dr hab. R. Muster, dr A. Zygmunt, dr \u0141. Trembaczowski \u2013 Uniwersytet \u015al\u0105ski<\/span><br \/>\n<span style=\"font-size: 12pt;\">Zamawiaj\u0105cy: Urz\u0105d Miasta Katowice<\/span><\/li>\n<li><span style=\"font-size: 12pt;\"><strong><em>Rola kultury i sektor\u00f3w kreatywnych w osi\u0105gni\u0119ciu cel\u00f3w Agendy ONZ na Rzecz Zr\u00f3wnowa\u017conego Rozwoju do 2030 jako efekt debat \u015brodowisk kreatywnych Katowic i Krakowa \u2013\u00a0<\/em><\/strong>kierownik projektu: dr hab. R. Pyka cz\u0142onkowie zespo\u0142u badawczego: dr hab. K. Bierwiaczonek, dr B. Lewicka, dr K. Ponikowska, dr hab. M. Suchacka, dr R. Cekiera, dr G. Gawron, dr \u0141. Trembaczowski \u2013 Uniwersytet \u015al\u0105ski<strong><em><br \/>\n<\/em><\/strong>Zamawiaj\u0105cy: Katowice Miasto Ogrod\u00f3w \u2013 Instytucja Kultury im. Krystyny Bochenek<\/span><\/li>\n<li><span style=\"font-size: 12pt;\"><strong><em>Badanie opinii m\u0142odzie\u017cy katowickich szk\u00f3\u0142 dotycz\u0105cej zainteresowania studiowaniem w Katowicach,\u00a0<\/em><\/strong><strong><em>II EDYCJA<\/em><\/strong><em>, \u00a0<\/em>kierownik projektu: dr A. Zygmunt, cz\u0142onkowie zespo\u0142u badawczego: dr. hab. R. Pyka, dr A. G\u00f3rny \u2013 Uniwersytet \u015al\u0105ski<\/span><br \/>\n<span style=\"font-size: 12pt;\">Zamawiaj\u0105cy: Urz\u0105d Miasta Katowice<\/span><\/li>\n<li><span style=\"font-size: 12pt;\"><strong><em>Przygotowanie opracowa\u0144 naukowych na temat form wsp\u00f3\u0142pracy, powi\u0105za\u0144 funkcjonalnych, zaawansowania proces\u00f3w urbanizacyjnych oraz opisu uk\u0142adu osadniczego i przestrzennego dla gmin: Miasteczko \u015al\u0105skie, Krupski M\u0142yn, Ornontowice, Orzesze, Toszek, Twor\u00f3g, Wielowie\u015b<\/em><\/strong>, kierownik projektu: dr hab. S. Sitek, cz\u0142onkowie zespo\u0142u badawczego: dr hab. El\u017cbieta Zuza\u0144ska-\u017by\u015bko, dr A. Socz\u00f3wka \u2013 Uniwersytet \u015al\u0105ski<\/span><br \/>\n<span style=\"font-size: 12pt;\">Zamawiaj\u0105cy: G\u00f3rno\u015bl\u0105sko-Zag\u0142\u0119biowska Metropolia<\/span><\/li>\n<li><span style=\"font-size: 12pt;\"><strong><em>Rekomendacje do regionalnej polityki miejskiej Wojew\u00f3dztwa \u015al\u0105skiego,\u00a0<\/em><\/strong>kierownik projektu: dr M. Baron, cz\u0142onkowie zespo\u0142u badawczego: dr hab. R. Pyka, prof. dr hab. F. Ku\u017anik, dr A. Zygmunt, dr \u0141. Trembaczowski, prof. dr hab. in\u017c. Z. Kami\u0144ski, dr hab. S. Sitek \u2013 Uniwersytet Ekonomiczny \/ Uniwersytet \u015al\u0105ski \/ Politechnika \u015al\u0105ska<\/span><br \/>\n<span style=\"font-size: 12pt;\">Zamawiaj\u0105cy: Urz\u0105d Marsza\u0142kowski Wojew\u00f3dztwa \u015al\u0105skiego<\/span><\/li>\n<\/ol>\n<hr \/>\n<h6><span style=\"font-size: 14pt;\"><strong><span style=\"color: #000080;\">2017<\/span><br \/>\n<\/strong><\/span><\/h6>\n<ol>\n<li><span style=\"font-size: 12pt;\"><strong><em>Udzia\u0142 w opracowaniu wniosku o rejestracj\u0119 Zwi\u0105zku Metropolitalnego w woj. \u015al\u0105skim\u00a0<\/em><\/strong>\u2013 kierownik projektu: dr hab. R. Pyka, cz\u0142onkowie zespo\u0142u badawczego: dr hab. K. Bierwiaczonek, dr A. G\u00f3rny, dr A. Zygmunt, dr hab. R. Muster, dr S. Sitek, dr hab. E. Sierka, dr hab. E. Zuza\u0144ska-\u017by\u015bko, dr A. Socz\u00f3wka \u2013 Uniwersytet \u015al\u0105ski, dr hab. A. Kuzior \u2013 Politechnika \u015al\u0105ska<\/span><br \/>\n<span style=\"font-size: 12pt;\">Zamawiaj\u0105cy: G\u00f3rno\u015bl\u0105ski Zwi\u0105zek Metropolitalny<\/span><\/li>\n<li><span style=\"font-size: 12pt;\"><em><strong>Badanie opinii m\u0142odzie\u017cy katowickich szk\u00f3\u0142 dotycz\u0105cej zainteresowania studiowaniem w Katowicach, I EDYCJA<\/strong><\/em><em>, \u00a0<\/em>kierownik projektu: dr A. Zygmunt, cz\u0142onkowie zespo\u0142u badawczego: dr. hab. R. Pyka, dr A. G\u00f3rny \u2013 Uniwersytet \u015al\u0105ski. Zamawiaj\u0105cy: Urz\u0105d Miasta Katowice<\/span><br \/>\n<span style=\"font-size: 12pt;\"><span style=\"font-size: 12pt;\">Zamawiaj\u0105cy: Urz\u0105d Miasta Katowice<\/span><\/span><\/li>\n<\/ol>\n<p>&nbsp;<\/p>\n<p><span style=\"font-size: 14pt;\"><strong><span style=\"text-decoration: underline;\">BADANIA W\u0141ASNE<\/span><\/strong><\/span><\/p>\n<h6><strong><span style=\"font-size: 14pt; color: #000080;\">2017<\/span><\/strong><\/h6>\n<p><a href=\"http:\/\/us.edu.pl\/centra-badawcze\/opmim\/wp-content\/uploads\/sites\/56\/Nieprzypisane\/RAPORT-Z-BADA\u0143-CZ\u0118\u015a\u0106-PIERWSZA_2017.pdf\" class=\"mtli_attachment mtli_pdf\" class=\"mtli_attachment mtli_pdf\" target=\"_blank\" rel=\"noopener noreferrer\"><strong><span style=\"font-size: 12pt;\">RAPORT Z BADA\u0143 CZ\u0118\u015a\u0106 PIERWSZA 2017 r. \u201eDzia\u0142alno\u015b\u0107 Obserwatorium Proces\u00f3w Miejskich i Metropolitalnych w opiniach prezydent\u00f3w i radnych miast nale\u017c\u0105cych do G\u00f3rno\u015bl\u0105skiego Zwi\u0105zku Metropolitalnego\u201d &gt;&gt;&gt;<\/span><\/strong><\/a><\/p>\n<p><a href=\"http:\/\/us.edu.pl\/centra-badawcze\/opmim\/wp-content\/uploads\/sites\/56\/Nieprzypisane\/RAPORT-Z-BADA\u0143-CZ\u0118\u015a\u0106-DRUGA_2017.pdf\" class=\"mtli_attachment mtli_pdf\" class=\"mtli_attachment mtli_pdf\" target=\"_blank\" rel=\"noopener noreferrer\"><strong><span style=\"font-size: 12pt;\"> RAPORT Z BADA\u0143 CZ\u0118\u015a\u0106 DRUGA 2017 r. \u00a0\u201eWsp\u00f3\u0142praca miast g\u00f3rno\u015bl\u0105skiego obszaru metropolitalnego w opiniach prezydent\u00f3w i radnych miast nale\u017c\u0105cych do G\u00f3rno\u015bl\u0105skiego Zwi\u0105zku Metropolitalnego\u201d &gt;&gt;&gt;<\/span><\/strong><\/a><\/p>\n<h6><span style=\"font-size: 12pt;\"><strong><a href=\"http:\/\/us.edu.pl\/centra-badawcze\/opmim\/wp-content\/uploads\/sites\/56\/Nieprzypisane\/Prezentacja-z-seminarium-inaguruj\u0105cego-Obserwatorium_04_04_2017.pdf\" class=\"mtli_attachment mtli_pdf\" class=\"mtli_attachment mtli_pdf\">Streszczenie wynik\u00f3w bada\u0144 OPMiM w formie prezentacji PPT 04.04.2017 r. &gt;&gt;&gt;<\/a><\/strong><\/span><\/h6>\n<p>\n<\/div>\r\n                    <\/div>\r\n                <\/div>[\/vc_column][\/vc_row][vc_row][vc_column][vc_column_text][\/vc_column_text][\/vc_column][\/vc_row][vc_row][vc_column][vc_column_text][\/vc_column_text][\/vc_column][\/vc_row][vc_row][vc_column][vc_column_text]<\/p>","protected":false},"excerpt":{"rendered":"<p>[vc_row][vc_column][vc_column_text][\/vc_column_text][\/vc_column][\/vc_row][vc_row][vc_column][vc_column_text][\/vc_column_text][\/vc_column][\/vc_row][vc_row][vc_column][\/vc_column][\/vc_row][vc_row][vc_column][vc_column_text][\/vc_column_text][\/vc_column][\/vc_row][vc_row][vc_column][vc_column_text][\/vc_column_text][\/vc_column][\/vc_row][vc_row][vc_column][vc_column_text] [&#8230;]<\/p>\n<p><a class=\"btn btn-secondary understrap-read-more-link\" href=\"https:\/\/us.edu.pl\/centra-badawcze\/opmim\/doswiadczenie\/\">Read More&#8230;<\/a><\/p>\n","protected":false},"author":24,"featured_media":0,"parent":0,"menu_order":0,"comment_status":"closed","ping_status":"closed","template":"","meta":{"_expiration-date-status":"","_expiration-date":0,"_expiration-date-type":"","_expiration-date-categories":[],"_expiration-date-options":[]},"acf":[],"_links":{"self":[{"href":"https:\/\/us.edu.pl\/centra-badawcze\/opmim\/wp-json\/wp\/v2\/pages\/85"}],"collection":[{"href":"https:\/\/us.edu.pl\/centra-badawcze\/opmim\/wp-json\/wp\/v2\/pages"}],"about":[{"href":"https:\/\/us.edu.pl\/centra-badawcze\/opmim\/wp-json\/wp\/v2\/types\/page"}],"author":[{"embeddable":true,"href":"https:\/\/us.edu.pl\/centra-badawcze\/opmim\/wp-json\/wp\/v2\/users\/24"}],"replies":[{"embeddable":true,"href":"https:\/\/us.edu.pl\/centra-badawcze\/opmim\/wp-json\/wp\/v2\/comments?post=85"}],"version-history":[{"count":10,"href":"https:\/\/us.edu.pl\/centra-badawcze\/opmim\/wp-json\/wp\/v2\/pages\/85\/revisions"}],"predecessor-version":[{"id":1846,"href":"https:\/\/us.edu.pl\/centra-badawcze\/opmim\/wp-json\/wp\/v2\/pages\/85\/revisions\/1846"}],"wp:attachment":[{"href":"https:\/\/us.edu.pl\/centra-badawcze\/opmim\/wp-json\/wp\/v2\/media?parent=85"}],"curies":[{"name":"wp","href":"https:\/\/api.w.org\/{rel}","templated":true}]}}