{"id":89,"date":"2020-11-18T12:31:28","date_gmt":"2020-11-18T11:31:28","guid":{"rendered":"http:\/\/us.edu.pl\/centra-badawcze\/opmim\/?page_id=89"},"modified":"2021-08-26T16:01:36","modified_gmt":"2021-08-26T14:01:36","slug":"zespoly-eksperckie","status":"publish","type":"page","link":"https:\/\/us.edu.pl\/centra-badawcze\/opmim\/zespoly-eksperckie\/","title":{"rendered":"Zespo\u0142y eksperckie"},"content":{"rendered":"<p>[vc_row][vc_column]\r\n                <div class=\"text-modules\">\r\n                    <div class=\"container\">\r\n                        <h3 class=\"page-title text__title\">Zespo\u0142y eksperckie<\/h3>\r\n                        <div class=\"text-modules__content\"><\/p>\n<h4><span style=\"font-size: 12pt;\"><strong>Szczeg\u00f3\u0142owa oferta naszych zespo\u0142\u00f3w badawczych wraz z wykazem ekspert\u00f3w i ich dokona\u0144 (kliknij na nazw\u0119 zespo\u0142u):<\/strong><\/span><\/h4>\n<p>&nbsp;<\/p>\n<p style=\"text-align: left;\"><span style=\"font-size: 14pt; color: #000080;\"><strong>PROCESY MIEJSKIE I METROPOLITALNE<\/strong><\/span><\/p>\n<p>&nbsp;<\/p>\n<hr \/>\n<p><span style=\"font-size: 12pt;\"><a href=\"https:\/\/us.edu.pl\/centra-badawcze\/opmim\/zespol-procesy-metropolizacji\/\" target=\"_blank\" rel=\"noopener noreferrer\"><strong>Zesp\u00f3\u0142 ds. metropolizacji i metropolitalnego wsp\u00f3\u0142rz\u0105dzenia<\/strong><\/a><\/span><br \/>\n<span style=\"font-size: 12pt;\"><strong>Koordynator:<\/strong>\u00a0<strong>dr hab. Robert Pyka, prof. U\u015a<\/strong><\/span><\/p>\n<p><span style=\"font-size: 12pt;\">robert.pyka@us.edu.pl<\/span><\/p>\n<hr \/>\n<p><span style=\"font-size: 12pt;\"><a href=\"https:\/\/us.edu.pl\/centra-badawcze\/opmim\/zespol-gospodarka-rynek-pracy\/\" target=\"_blank\" rel=\"noopener noreferrer\"><strong>Zesp\u00f3\u0142 ds. gospodarki, przedsi\u0119biorczo\u015bci i rynku pracy<\/strong><\/a><\/span><br \/>\n<span style=\"font-size: 12pt;\"><strong>Koordynator: dr hab. Adam Bartoszek, prof.\u00a0U\u015a<\/strong><\/span><\/p>\n<p><span style=\"font-size: 12pt;\">adam.bartoszek@us.edu.pl<\/span><\/p>\n<hr \/>\n<p><span style=\"font-size: 12pt;\"><a href=\"https:\/\/us.edu.pl\/centra-badawcze\/opmim\/zespol-ds-gospodarki-przestrzennej-i-obszarow-funkcjonalnych\/\" target=\"_blank\" rel=\"noopener noreferrer\"><strong>Zesp\u00f3\u0142 ds. gospodarki przestrzennej i obszar\u00f3w funkcjonalnych<\/strong><\/a><\/span><br \/>\n<span style=\"font-size: 12pt;\"><strong>Koordynator:\u00a0 dr hab. El\u017cbieta Zuza\u0144ska-\u017by\u015bko, prof. U\u015a<\/strong><\/span><\/p>\n<p><span style=\"font-size: 12pt;\">elzbieta.zuzanska-zysko@us.edu.pl<\/span><\/p>\n<hr \/>\n<p><span style=\"font-size: 12pt;\"><a href=\"https:\/\/us.edu.pl\/centra-badawcze\/opmim\/zespol-partycypacja-konsultacje-spoleczne\" target=\"_blank\" rel=\"noopener noreferrer\"><strong>Zesp\u00f3\u0142 ds. partycypacji, spo\u0142ecze\u0144stwa obywatelskiego i konsultacji spo\u0142ecznych<\/strong><\/a><\/span><br \/>\n<span style=\"font-size: 12pt;\"><strong>Koordynator: dr hab. Krzysztof Bierwiaczonek, \u00a0prof.\u00a0U\u015a<\/strong><\/span><\/p>\n<p><span style=\"font-size: 12pt;\">krzysztof.bierwiaczonek@us.edu.pl<\/span><\/p>\n<hr \/>\n<p><span style=\"font-size: 12pt;\"><a href=\"https:\/\/us.edu.pl\/centra-badawcze\/opmim\/zespol-analizy-dokumenty-strategiczne\" target=\"_blank\" rel=\"noopener noreferrer\"><strong>Zesp\u00f3\u0142 ds. analiz i dokument\u00f3w strategicznych<\/strong><\/a><\/span><br \/>\n<span style=\"font-size: 12pt;\"><strong>Koordynator: dr Grzegorz Gawron<\/strong><\/span><\/p>\n<p><span style=\"font-size: 12pt;\">grzegorz.gawron@us.edu.pl<\/span><\/p>\n<hr \/>\n<p><span style=\"font-size: 12pt;\"><a href=\"http:\/\/us.edu.pl\/centra-badawcze\/opmim\/zespol-rozwoj\/\" target=\"_blank\" rel=\"noopener noreferrer\"><strong>Zesp\u00f3\u0142 ds. programowania i monitorowania zr\u00f3wnowa\u017conego rozwoju regionu<\/strong><\/a><\/span><br \/>\n<span style=\"font-size: 12pt;\"><strong>Koordynator: dr hab. Aleksandra Kuzior, prof. P\u015a<\/strong><\/span><\/p>\n<p><span style=\"font-size: 12pt;\">aleksandra.kuzior@polsl.pl<\/span><\/p>\n<hr \/>\n<p><span style=\"font-size: 12pt;\"><a href=\"http:\/\/us.edu.pl\/centra-badawcze\/opmim\/zespol-kultura\/\" target=\"_blank\" rel=\"noopener noreferrer\"><strong>Zesp\u00f3\u0142 ds. bada\u0144 zjawisk i proces\u00f3w kulturowych<\/strong><\/a><\/span><br \/>\n<span style=\"font-size: 12pt;\"><strong>Koordynator: dr Andrzej G\u00f3rny<\/strong><\/span><\/p>\n<p><span style=\"font-size: 12pt;\">andrzej.gorny@us.edu.pl<\/span><\/p>\n<hr \/>\n<p><span style=\"font-size: 12pt;\"><strong><a href=\"https:\/\/us.edu.pl\/centra-badawcze\/opmim\/zespol-turystyka\/\" target=\"_blank\" rel=\"noopener noreferrer\">Zesp\u00f3\u0142 ds. turystyki<\/a><br \/>\nKoordynator: dr hab. S\u0142awomir Pytel, prof. U\u015a<\/strong><\/span><\/p>\n<p><span style=\"font-size: 12pt;\">slawomir.pytel@us.edu.pl<\/span><\/p>\n<hr \/>\n<p><span style=\"font-size: 12pt;\"><a href=\"http:\/\/us.edu.pl\/centra-badawcze\/opmim\/zespol-transport\/\" target=\"_blank\" rel=\"noopener noreferrer\"><strong>Zesp\u00f3\u0142 ds. transportu<\/strong><\/a><\/span><br \/>\n<span style=\"font-size: 12pt;\"><strong>Koordynator:\u00a0<\/strong><\/span><\/p>\n<p>&nbsp;<\/p>\n<p style=\"text-align: left;\"><span style=\"font-size: 14pt; color: #000080;\"><strong>REWITALIZACJA<\/strong><\/span><\/p>\n<p>&nbsp;<\/p>\n<p><a href=\"https:\/\/us.edu.pl\/centra-badawcze\/opmim\/zespol-ds-rewitalizacji\/\" target=\"_blank\" rel=\"noopener noreferrer\"><strong><span style=\"font-size: 12pt;\">Zesp\u00f3l ds. rewitalizacji<\/span><\/strong><\/a><\/p>\n<p><span style=\"font-size: 12pt;\"><strong>Koordynator: dr hab. S\u0142awomir Sitek<\/strong><\/span><\/p>\n<p><span style=\"font-size: 12pt;\">slawomir.sitek@us.edu.pl<\/span><\/p>\n<hr \/>\n<p><span style=\"font-size: 12pt;\"><a href=\"https:\/\/us.edu.pl\/centra-badawcze\/opmim\/zespol-ochrona-srodowiska\/\" target=\"_blank\" rel=\"noopener noreferrer\"><strong>Zesp\u00f3\u0142 ds. ochrony i kszta\u0142towania \u015brodowiska przyrodniczego<\/strong><\/a><\/span><\/p>\n<p><span style=\"font-size: 12pt;\"><strong>Koordynator: dr hab. Edyta Sierka<\/strong><\/span><\/p>\n<p><span style=\"font-size: 12pt;\">edyta.sierka@us.edu.pl<\/span><\/p>\n<p><span style=\"font-size: 12pt;\"><strong>Koordynator merytoryczny<\/strong>:\u00a0<strong>dr hab.\u00a0<\/strong><strong>Izabella Franiel<\/strong><\/span><\/p>\n<p><span style=\"font-size: 12pt;\">izabella.franiel@us.edu.pl<\/span><\/p>\n<hr \/>\n<p><span style=\"font-size: 12pt;\"><strong><a href=\"https:\/\/us.edu.pl\/centra-badawcze\/opmim\/centrum-innowacji-spolecznych\/\" target=\"_blank\" rel=\"noopener noreferrer\">Centrum Bada\u0144 Innowacji Spo\u0142ecznych<\/a><\/strong><\/span><\/p>\n<p><span style=\"font-size: 12pt;\"><strong>Kierownik Centrum: dr Witold Mandrysz<\/strong><\/span><\/p>\n<p><span style=\"font-size: 12pt;\">witold.mandrysz@us.edu.pl<\/span><\/p>\n<hr \/>\n<p><span style=\"font-size: 12pt;\"><a href=\"https:\/\/us.edu.pl\/centra-badawcze\/opmim\/zespol-demografia\/\" target=\"_blank\" rel=\"noopener noreferrer\"><strong>Zesp\u00f3\u0142 ds. analiz demograficznych i problem\u00f3w spo\u0142ecznych<\/strong><\/a><\/span><\/p>\n<p><span style=\"font-size: 12pt;\"><strong>Koordynator: dr Agata Zygmunt<\/strong><\/span><\/p>\n<p><span style=\"font-size: 12pt;\">agata.zygmunt@us.edu.pl<\/span><\/p>\n<hr \/>\n<p><span style=\"font-size: 12pt;\"><a href=\"https:\/\/us.edu.pl\/centra-badawcze\/opmim\/krajobrazy-miejskie\/\" target=\"_blank\" rel=\"noopener noreferrer\"><strong>Krajobrazy miejskie<\/strong><\/a><\/span><\/p>\n<p><span style=\"font-size: 12pt;\"><strong>Koordynator: dr hab. prof. U\u015a Urszula Myga-Pi\u0105tek<\/strong><\/span><\/p>\n<p><span style=\"font-size: 12pt;\">urszula.myga-piatek@us.edu.pl<\/span><\/p>\n<p>&nbsp;<\/p>\n<p style=\"text-align: left;\"><span style=\"font-size: 14pt; color: #000080;\"><strong>SMART CITY<\/strong><\/span><\/p>\n<p>&nbsp;<\/p>\n<p><strong><a href=\"https:\/\/us.edu.pl\/centra-badawcze\/opmim\/zespol-smart-city\/\" target=\"_blank\" rel=\"noopener noreferrer\"><span style=\"font-size: 12pt;\">Zesp\u00f3\u0142 ds. smarter city<\/span><\/a><br \/>\n<span style=\"font-size: 12pt;\">Koordynator: mgr in\u017c. Romuald Gacka<\/span><\/strong><\/p>\n<p><span style=\"font-size: 12pt;\">r.gacka@us.edu.pl<\/span><\/p>\n<p>&nbsp;<\/p>\n<p style=\"text-align: left;\"><span style=\"color: #000080; font-size: 12pt;\"><strong>INNE OBSZARY BADAWCZE<\/strong><\/span><\/p>\n<p>&nbsp;<\/p>\n<hr \/>\n<p><span style=\"font-size: 12pt;\"><a href=\"https:\/\/us.edu.pl\/centra-badawcze\/opmim\/zespol-administracja-etyka\/\" target=\"_blank\" rel=\"noopener noreferrer\"><strong>Zesp\u00f3\u0142 ds. jako\u015bci administracji, etyki i praworz\u0105dno\u015bci<\/strong><\/a><\/span><\/p>\n<p><span style=\"font-size: 12pt;\"><strong>Koordynator: dr hab. Waldemar Wojtasik, prof. U\u015a<\/strong><\/span><\/p>\n<p><span style=\"font-size: 12pt;\">waldemar.wojtasik@us.edu.pl<\/span><\/p>\n<hr \/>\n<p><span style=\"font-size: 12pt;\"><a href=\"https:\/\/us.edu.pl\/centra-badawcze\/opmim\/zespol-komunikacja-wizualna-design-sztuka\" target=\"_blank\" rel=\"noopener noreferrer\"><strong>Zesp\u00f3\u0142 ds. komunikacji wizualnej, designu i sztuki<\/strong><\/a><\/span><\/p>\n<p><span style=\"font-size: 12pt;\"><strong>Koordynator: dr \u0141ukasz Trembaczowski<\/strong><\/span><\/p>\n<p><span style=\"font-size: 12pt;\">lukasz.trembaczowski@us.edu.pl<\/span><\/p>\n<\/div>\r\n                    <\/div>\r\n                <\/div>[\/vc_column][\/vc_row][vc_row][vc_column][\/vc_column][\/vc_row]<\/p>","protected":false},"excerpt":{"rendered":"<p>[vc_row][vc_column][\/vc_column][\/vc_row][vc_row][vc_column][\/vc_column][\/vc_row] [&#8230;]<\/p>\n<p><a class=\"btn btn-secondary understrap-read-more-link\" href=\"https:\/\/us.edu.pl\/centra-badawcze\/opmim\/zespoly-eksperckie\/\">Read More&#8230;<\/a><\/p>\n","protected":false},"author":24,"featured_media":0,"parent":0,"menu_order":0,"comment_status":"closed","ping_status":"closed","template":"","meta":{"_expiration-date-status":"saved","_expiration-date":0,"_expiration-date-type":"","_expiration-date-categories":[],"_expiration-date-options":[]},"acf":[],"_links":{"self":[{"href":"https:\/\/us.edu.pl\/centra-badawcze\/opmim\/wp-json\/wp\/v2\/pages\/89"}],"collection":[{"href":"https:\/\/us.edu.pl\/centra-badawcze\/opmim\/wp-json\/wp\/v2\/pages"}],"about":[{"href":"https:\/\/us.edu.pl\/centra-badawcze\/opmim\/wp-json\/wp\/v2\/types\/page"}],"author":[{"embeddable":true,"href":"https:\/\/us.edu.pl\/centra-badawcze\/opmim\/wp-json\/wp\/v2\/users\/24"}],"replies":[{"embeddable":true,"href":"https:\/\/us.edu.pl\/centra-badawcze\/opmim\/wp-json\/wp\/v2\/comments?post=89"}],"version-history":[{"count":24,"href":"https:\/\/us.edu.pl\/centra-badawcze\/opmim\/wp-json\/wp\/v2\/pages\/89\/revisions"}],"predecessor-version":[{"id":1196,"href":"https:\/\/us.edu.pl\/centra-badawcze\/opmim\/wp-json\/wp\/v2\/pages\/89\/revisions\/1196"}],"wp:attachment":[{"href":"https:\/\/us.edu.pl\/centra-badawcze\/opmim\/wp-json\/wp\/v2\/media?parent=89"}],"curies":[{"name":"wp","href":"https:\/\/api.w.org\/{rel}","templated":true}]}}