{"id":379,"date":"2021-07-16T09:09:29","date_gmt":"2021-07-16T07:09:29","guid":{"rendered":"https:\/\/us.edu.pl\/centra-badawcze\/pccer\/?page_id=379"},"modified":"2022-11-24T14:31:16","modified_gmt":"2022-11-24T13:31:16","slug":"oferta-wspolpracy","status":"publish","type":"page","link":"https:\/\/us.edu.pl\/centra-badawcze\/pccer\/en\/oferta-wspolpracy\/","title":{"rendered":"cooperation offer"},"content":{"rendered":"<p>[vc_row el_class=&#8221;container&#8221;][vc_column][vc_raw_html el_class=&#8221;container&#8221;]JTNDaDIlMjBjbGFzcyUzRCUyMnBhZ2UtdGl0bGUlMjIlM0VDb29wZXJhdGlvbiUyMG9mZmVyJTNDJTJGaDIlM0U=[\/vc_raw_html]\r\n                <div class=\"text-modules\">\r\n                    <div class=\"container\">\r\n                        \r\n                        <div class=\"text-modules__content\"><p>The Center offers a wide range of cooperation in many research fields:<\/p>\n<\/div>\r\n                    <\/div>\r\n                <\/div>[\/vc_column][\/vc_row][vc_row el_class=&#8221;container&#8221;][vc_column][vc_row_inner content_placement=&#8221;top&#8221; el_class=&#8221;container&#8221;][vc_column_inner width=&#8221;1\/5&#8243;][\/vc_column_inner][vc_column_inner width=&#8221;4\/5&#8243;]\r\n                <div class=\"text-modules\">\r\n                    <div class=\"container\">\r\n                        \r\n                        <div class=\"text-modules__content\"><p><span style=\"color: #333333;\"><strong><span style=\"font-size: 18pt;\">botany<\/span><\/strong><\/span><\/p>\n<\/div>\r\n                    <\/div>\r\n                <\/div>[vc_separator align=&#8221;align_left&#8221; border_width=&#8221;4&#8243; el_width=&#8221;60&#8243; el_class=&#8221;container&#8221; css=&#8221;.vc_custom_1629694774286{margin-top: -20px !important;}&#8221;]\r\n                <div class=\"text-modules\">\r\n                    <div class=\"container\">\r\n                        \r\n                        <div class=\"text-modules__content\"><p><img class=\"alignnone wp-image-389\" src=\"https:\/\/us.edu.pl\/centra-badawcze\/pccer\/wp-content\/uploads\/sites\/64\/ikony-i-logo\/ikony-badania\/iconmonstr-leaf-1_szary.png\" alt=\"Szara ikona: li\u015b\u0107\" width=\"35\" height=\"35\" srcset=\"https:\/\/us.edu.pl\/centra-badawcze\/pccer\/wp-content\/uploads\/sites\/64\/ikony-i-logo\/ikony-badania\/iconmonstr-leaf-1_szary.png 400w, https:\/\/us.edu.pl\/centra-badawcze\/pccer\/wp-content\/uploads\/sites\/64\/ikony-i-logo\/ikony-badania\/iconmonstr-leaf-1_szary-150x150.png 150w\" sizes=\"(max-width: 35px) 100vw, 35px\" \/><\/p>\n<ol>\n<li>Analysis of changes in the chemical composition of cell walls (using immunohistochemical methods) under the influence of biotic and abiotic factors.<\/li>\n<li>Assessment of cell ultrastructure under the influence of environmental pollutants, including nanoparticles.<\/li>\n<li>Analysis of formation and regeneration of vascular tissue after wounding in the model plant <em>Arabidopsis thaliana<\/em>.<\/li>\n<li>Analysis of auxin canalized transport in Arabidopsis inflorescence stems under controllable experimental conditions.<\/li>\n<li style=\"list-style-type: none;\"><\/li>\n<\/ol>\n<p>\n<\/div>\r\n                    <\/div>\r\n                <\/div>[\/vc_column_inner][\/vc_row_inner][vc_row_inner][vc_column_inner][vc_separator][\/vc_column_inner][\/vc_row_inner][vc_row_inner content_placement=&#8221;top&#8221; el_class=&#8221;container&#8221;][vc_column_inner width=&#8221;1\/5&#8243;][\/vc_column_inner][vc_column_inner width=&#8221;4\/5&#8243;]\r\n                <div class=\"text-modules\">\r\n                    <div class=\"container\">\r\n                        \r\n                        <div class=\"text-modules__content\"><p><span style=\"color: #333333;\"><strong><span style=\"font-size: 18pt;\">climate changes<\/span><\/strong><\/span><\/p>\n<\/div>\r\n                    <\/div>\r\n                <\/div>[vc_separator align=&#8221;align_left&#8221; border_width=&#8221;4&#8243; el_width=&#8221;60&#8243; el_class=&#8221;container&#8221; css=&#8221;.vc_custom_1629694774286{margin-top: -20px !important;}&#8221;]\r\n                <div class=\"text-modules\">\r\n                    <div class=\"container\">\r\n                        \r\n                        <div class=\"text-modules__content\"><p><img class=\"alignnone wp-image-397\" src=\"https:\/\/us.edu.pl\/centra-badawcze\/pccer\/wp-content\/uploads\/sites\/64\/ikony-i-logo\/ikony-badania\/iconmonstr-globe-5_szary.png\" alt=\"Szara ikona: glob\" width=\"35\" height=\"35\" srcset=\"https:\/\/us.edu.pl\/centra-badawcze\/pccer\/wp-content\/uploads\/sites\/64\/ikony-i-logo\/ikony-badania\/iconmonstr-globe-5_szary.png 400w, https:\/\/us.edu.pl\/centra-badawcze\/pccer\/wp-content\/uploads\/sites\/64\/ikony-i-logo\/ikony-badania\/iconmonstr-globe-5_szary-150x150.png 150w\" sizes=\"(max-width: 35px) 100vw, 35px\" \/><\/p>\n<ol>\n<li>Analysis of current climate change and assessment of trends and variability in extreme weather conditions and their relationship with atmospheric circulation.<\/li>\n<li>Multifaceted studies of changes and factors controlling changes in atmospheric precipitation concerning its phase and types (rain, snow, etc.).<\/li>\n<li>Analysis of surface-based air temperature inversions in the urban environment under the background of weather conditions and its impact on air pollution.<\/li>\n<li>Dendrochronological reconstruction of climate change in various landscape zones (with particular emphasis on extreme events).<\/li>\n<\/ol>\n<p>\n<\/div>\r\n                    <\/div>\r\n                <\/div>[\/vc_column_inner][\/vc_row_inner][vc_row_inner][vc_column_inner][vc_separator][\/vc_column_inner][\/vc_row_inner][vc_row_inner content_placement=&#8221;top&#8221; el_class=&#8221;container&#8221;][vc_column_inner width=&#8221;1\/5&#8243;][\/vc_column_inner][vc_column_inner width=&#8221;4\/5&#8243;]\r\n                <div class=\"text-modules\">\r\n                    <div class=\"container\">\r\n                        \r\n                        <div class=\"text-modules__content\"><p><span style=\"color: #333333;\"><strong><span style=\"font-size: 18pt;\">dendrochronology<\/span><\/strong><\/span><\/p>\n<\/div>\r\n                    <\/div>\r\n                <\/div>[vc_separator align=&#8221;align_left&#8221; border_width=&#8221;4&#8243; el_width=&#8221;60&#8243; el_class=&#8221;container&#8221; css=&#8221;.vc_custom_1629694774286{margin-top: -20px !important;}&#8221;]\r\n                <div class=\"text-modules\">\r\n                    <div class=\"container\">\r\n                        \r\n                        <div class=\"text-modules__content\"><p><img class=\"alignnone wp-image-403\" src=\"https:\/\/us.edu.pl\/centra-badawcze\/pccer\/wp-content\/uploads\/sites\/64\/ikony-i-logo\/ikony-badania\/iconmonstr-tree-8_szary.png\" alt=\"Szara ikona: drzewo\" width=\"35\" height=\"35\" srcset=\"https:\/\/us.edu.pl\/centra-badawcze\/pccer\/wp-content\/uploads\/sites\/64\/ikony-i-logo\/ikony-badania\/iconmonstr-tree-8_szary.png 400w, https:\/\/us.edu.pl\/centra-badawcze\/pccer\/wp-content\/uploads\/sites\/64\/ikony-i-logo\/ikony-badania\/iconmonstr-tree-8_szary-150x150.png 150w\" sizes=\"(max-width: 35px) 100vw, 35px\" \/><\/p>\n<ol>\n<li>Spatial and temporal reconstruction of air pollution using the dendrochronological method.<\/li>\n<li>Dendrochronological dating of wood from historical and archaeological objects.<\/li>\n<li>Dendrochronological analysis of charcoal.<\/li>\n<\/ol>\n<p>\n<\/div>\r\n                    <\/div>\r\n                <\/div>[\/vc_column_inner][\/vc_row_inner][vc_row_inner][vc_column_inner][vc_separator][\/vc_column_inner][\/vc_row_inner][vc_row_inner content_placement=&#8221;top&#8221; el_class=&#8221;container&#8221;][vc_column_inner width=&#8221;1\/5&#8243;][\/vc_column_inner][vc_column_inner width=&#8221;4\/5&#8243;]\r\n                <div class=\"text-modules\">\r\n                    <div class=\"container\">\r\n                        \r\n                        <div class=\"text-modules__content\"><p><span style=\"color: #333333;\"><strong><span style=\"font-size: 18pt;\">geochemistry<\/span><\/strong><\/span><\/p>\n<\/div>\r\n                    <\/div>\r\n                <\/div>[vc_separator align=&#8221;align_left&#8221; border_width=&#8221;4&#8243; el_width=&#8221;60&#8243; el_class=&#8221;container&#8221; css=&#8221;.vc_custom_1629694774286{margin-top: -20px !important;}&#8221;]\r\n                <div class=\"text-modules\">\r\n                    <div class=\"container\">\r\n                        \r\n                        <div class=\"text-modules__content\"><p><img class=\"alignnone wp-image-409\" src=\"https:\/\/us.edu.pl\/centra-badawcze\/pccer\/wp-content\/uploads\/sites\/64\/ikony-i-logo\/ikony-badania\/iconmonstr-flask-7_goechemia_szary.png\" alt=\"Szara ikona: butelka z substancj\u0105 chemiczn\u0105\" width=\"35\" height=\"35\" srcset=\"https:\/\/us.edu.pl\/centra-badawcze\/pccer\/wp-content\/uploads\/sites\/64\/ikony-i-logo\/ikony-badania\/iconmonstr-flask-7_goechemia_szary.png 400w, https:\/\/us.edu.pl\/centra-badawcze\/pccer\/wp-content\/uploads\/sites\/64\/ikony-i-logo\/ikony-badania\/iconmonstr-flask-7_goechemia_szary-150x150.png 150w\" sizes=\"(max-width: 35px) 100vw, 35px\" \/><\/p>\n<ol>\n<li>Analysis and interpretation of organic compounds in sedimentary organic matter.<\/li>\n<li>Processes of initial pedogenesis and role of saccharides in soil formation.<\/li>\n<li>Polycyclic aromatic compounds in sedimentary rocks.<\/li>\n<li>Oil \u2013 source rocks and oil \u2013 oil correlation.<\/li>\n<li>Organic pollutants in aerosols and soil.<\/li>\n<\/ol>\n<p>\n<\/div>\r\n                    <\/div>\r\n                <\/div>[\/vc_column_inner][\/vc_row_inner][vc_row_inner][vc_column_inner][vc_separator][\/vc_column_inner][\/vc_row_inner][vc_row_inner content_placement=&#8221;top&#8221; el_class=&#8221;container&#8221;][vc_column_inner width=&#8221;1\/5&#8243;][\/vc_column_inner][vc_column_inner width=&#8221;4\/5&#8243;]\r\n                <div class=\"text-modules\">\r\n                    <div class=\"container\">\r\n                        \r\n                        <div class=\"text-modules__content\"><p><span style=\"color: #333333;\"><strong><span style=\"font-size: 18pt;\">natural hazard, geomorphology<\/span><\/strong><\/span><\/p>\n<\/div>\r\n                    <\/div>\r\n                <\/div>[vc_separator align=&#8221;align_left&#8221; border_width=&#8221;4&#8243; el_width=&#8221;60&#8243; el_class=&#8221;container&#8221; css=&#8221;.vc_custom_1629694774286{margin-top: -20px !important;}&#8221;]\r\n                <div class=\"text-modules\">\r\n                    <div class=\"container\">\r\n                        \r\n                        <div class=\"text-modules__content\"><p><img class=\"alignnone wp-image-405\" src=\"https:\/\/us.edu.pl\/centra-badawcze\/pccer\/wp-content\/uploads\/sites\/64\/ikony-i-logo\/ikony-badania\/iconmonstr-weather-94_geozagro\u017cenia_szary.png\" alt=\"Szara ikona: g\u00f3ra i osuwaj\u0105ce si\u0119 ska\u0142y\" width=\"35\" height=\"35\" srcset=\"https:\/\/us.edu.pl\/centra-badawcze\/pccer\/wp-content\/uploads\/sites\/64\/ikony-i-logo\/ikony-badania\/iconmonstr-weather-94_geozagro\u017cenia_szary.png 400w, https:\/\/us.edu.pl\/centra-badawcze\/pccer\/wp-content\/uploads\/sites\/64\/ikony-i-logo\/ikony-badania\/iconmonstr-weather-94_geozagro\u017cenia_szary-150x150.png 150w\" sizes=\"(max-width: 35px) 100vw, 35px\" \/><\/p>\n<ol>\n<li>Geohazard analysis of the frequency of mass movements using dendrochronological method<\/li>\n<li>Landslide hazard and risk assessment using dendrochronological method.<\/li>\n<li>Estimating the parameters of floods with the use of dendrochronology and 2D hydrodynamic model.<\/li>\n<li>Cover collapse risk assessment in karst areas with the use of geoinformation methods.<\/li>\n<\/ol>\n<p>\n<\/div>\r\n                    <\/div>\r\n                <\/div>[\/vc_column_inner][\/vc_row_inner][vc_row_inner][vc_column_inner][vc_separator][\/vc_column_inner][\/vc_row_inner][vc_row_inner content_placement=&#8221;top&#8221; el_class=&#8221;container&#8221;][vc_column_inner width=&#8221;1\/5&#8243;][\/vc_column_inner][vc_column_inner width=&#8221;4\/5&#8243;]\r\n                <div class=\"text-modules\">\r\n                    <div class=\"container\">\r\n                        \r\n                        <div class=\"text-modules__content\"><p><span style=\"color: #333333;\"><strong><span style=\"font-size: 18pt;\">palaeontology<\/span><\/strong><\/span><\/p>\n<\/div>\r\n                    <\/div>\r\n                <\/div>[vc_separator align=&#8221;align_left&#8221; border_width=&#8221;4&#8243; el_width=&#8221;60&#8243; el_class=&#8221;container&#8221; css=&#8221;.vc_custom_1629694774286{margin-top: -20px !important;}&#8221;]\r\n                <div class=\"text-modules\">\r\n                    <div class=\"container\">\r\n                        \r\n                        <div class=\"text-modules__content\"><p><img class=\"wp-image-410\" src=\"https:\/\/us.edu.pl\/centra-badawcze\/pccer\/wp-content\/uploads\/sites\/64\/ikony-i-logo\/ikony-badania\/fosil_skamielina_szary_flaticon.png\" alt=\"Szara ikona: skamielina, muszla \u015blimaka\" width=\"35\" height=\"35\" srcset=\"https:\/\/us.edu.pl\/centra-badawcze\/pccer\/wp-content\/uploads\/sites\/64\/ikony-i-logo\/ikony-badania\/fosil_skamielina_szary_flaticon.png 400w, https:\/\/us.edu.pl\/centra-badawcze\/pccer\/wp-content\/uploads\/sites\/64\/ikony-i-logo\/ikony-badania\/fosil_skamielina_szary_flaticon-150x150.png 150w\" sizes=\"(max-width: 35px) 100vw, 35px\" \/><\/p>\n<ol>\n<li>Occurrence, distribution and significance of wildfires during Palaeozoic and Mesozoic.<\/li>\n<li>Saccharides in Mesozoic and Cenozoic lignites and their preservation potential. Mid-Paleozoic Mass Extinctions and Biotic Crises.<\/li>\n<li>Oceanic anoxic events (especially Late Devonian and Early Carboniferous).<\/li>\n<li>Geochemistry of sedimentary rocks and palaeoecology.<\/li>\n<\/ol>\n<p>\n<\/div>\r\n                    <\/div>\r\n                <\/div>[\/vc_column_inner][\/vc_row_inner][vc_row_inner][vc_column_inner][vc_separator][\/vc_column_inner][\/vc_row_inner][vc_row_inner content_placement=&#8221;top&#8221; el_class=&#8221;container&#8221;][vc_column_inner width=&#8221;1\/5&#8243;][\/vc_column_inner][vc_column_inner width=&#8221;4\/5&#8243;]\r\n                <div class=\"text-modules\">\r\n                    <div class=\"container\">\r\n                        \r\n                        <div class=\"text-modules__content\"><p><span style=\"color: #333333;\"><strong><span style=\"font-size: 18pt;\">urbanization development<\/span><\/strong><\/span><\/p>\n<\/div>\r\n                    <\/div>\r\n                <\/div>[vc_separator align=&#8221;align_left&#8221; border_width=&#8221;4&#8243; el_width=&#8221;60&#8243; el_class=&#8221;container&#8221; css=&#8221;.vc_custom_1629694774286{margin-top: -20px !important;}&#8221;]\r\n                <div class=\"text-modules\">\r\n                    <div class=\"container\">\r\n                        \r\n                        <div class=\"text-modules__content\"><p><img class=\"alignnone wp-image-407\" src=\"https:\/\/us.edu.pl\/centra-badawcze\/pccer\/wp-content\/uploads\/sites\/64\/ikony-i-logo\/ikony-badania\/iconmonstr-building-26_fabryka_szary.png\" alt=\"Szara ikona: fabryka\" width=\"35\" height=\"35\" srcset=\"https:\/\/us.edu.pl\/centra-badawcze\/pccer\/wp-content\/uploads\/sites\/64\/ikony-i-logo\/ikony-badania\/iconmonstr-building-26_fabryka_szary.png 400w, https:\/\/us.edu.pl\/centra-badawcze\/pccer\/wp-content\/uploads\/sites\/64\/ikony-i-logo\/ikony-badania\/iconmonstr-building-26_fabryka_szary-150x150.png 150w\" sizes=\"(max-width: 35px) 100vw, 35px\" \/><\/p>\n<ol>\n<li>Analysis of the factors of settlement in geographical space.<\/li>\n<li>Urbanization development processes in a dynamic perspective.<\/li>\n<\/ol>\n<p>\n<\/div>\r\n                    <\/div>\r\n                <\/div>[\/vc_column_inner][\/vc_row_inner][vc_row_inner][vc_column_inner][vc_separator][\/vc_column_inner][\/vc_row_inner][\/vc_column][\/vc_row][vc_row][vc_column]\r\n                <div class=\"text-modules\">\r\n                    <div class=\"container\">\r\n                        \r\n                        <div class=\"text-modules__content\"><\/p>\n<div style=\"text-align: right;\"><span style=\"font-size: 9pt;\"><span style=\"color: #595959;\">Icons made by: <\/span><span style=\"color: #595959;\"><a style=\"color: #595959;\" title=\"Freepik\" href=\"https:\/\/www.freepik.com\">Freepik<\/a> from\u00a0<a style=\"color: #595959;\" title=\"Flaticon\" href=\"https:\/\/www.flaticon.com\/\">www.flaticon.com<\/a> &amp;\u00a0<\/span><span style=\"color: #595959;\"><a style=\"color: #595959;\" href=\"https:\/\/iconmonstr.com\/\">iconmonstr.com<\/a><\/span><\/span><\/div>\n<p>\n<\/div>\r\n                    <\/div>\r\n                <\/div>[\/vc_column][\/vc_row]<\/p>","protected":false},"excerpt":{"rendered":"<p>[vc_row el_class=&#8221;container&#8221;][vc_column][vc_raw_html el_class=&#8221;container&#8221;]JTNDaDIlMjBjbGFzcyUzRCUyMnBhZ2UtdGl0bGUlMjIlM0VDb29wZXJhdGlvbiUyMG9mZmVyJTNDJTJGaDIlM0U=[\/vc_raw_html][\/vc_column][\/vc_row][vc_row el_class=&#8221;container&#8221;][vc_column][vc_row_inner content_placement=&#8221;top&#8221; el_class=&#8221;container&#8221;][vc_column_inner width=&#8221;1\/5&#8243;][\/vc_column_inner][vc_column_inner width=&#8221;4\/5&#8243;][vc_separator align=&#8221;align_left&#8221; border_width=&#8221;4&#8243; el_width=&#8221;60&#8243; el_class=&#8221;container&#8221; css=&#8221;.vc_custom_1629694774286{margin-top: -20px !important;}&#8221;][\/vc_column_inner][\/vc_row_inner][vc_row_inner][vc_column_inner][vc_separator][\/vc_column_inner][\/vc_row_inner][vc_row_inner content_placement=&#8221;top&#8221; el_class=&#8221;container&#8221;][vc_column_inner width=&#8221;1\/5&#8243;][\/vc_column_inner][vc_column_inner width=&#8221;4\/5&#8243;][vc_separator align=&#8221;align_left&#8221; border_width=&#8221;4&#8243; el_width=&#8221;60&#8243; el_class=&#8221;container&#8221; css=&#8221;.vc_custom_1629694774286{margin-top: -20px !important;}&#8221;][\/vc_column_inner][\/vc_row_inner][vc_row_inner][vc_column_inner][vc_separator][\/vc_column_inner][\/vc_row_inner][vc_row_inner content_placement=&#8221;top&#8221; el_class=&#8221;container&#8221;][vc_column_inner width=&#8221;1\/5&#8243;][\/vc_column_inner][vc_column_inner width=&#8221;4\/5&#8243;][vc_separator align=&#8221;align_left&#8221; border_width=&#8221;4&#8243; el_width=&#8221;60&#8243; el_class=&#8221;container&#8221; css=&#8221;.vc_custom_1629694774286{margin-top: -20px !important;}&#8221;][\/vc_column_inner][\/vc_row_inner][vc_row_inner][vc_column_inner][vc_separator][\/vc_column_inner][\/vc_row_inner][vc_row_inner content_placement=&#8221;top&#8221; el_class=&#8221;container&#8221;][vc_column_inner width=&#8221;1\/5&#8243;][\/vc_column_inner][vc_column_inner width=&#8221;4\/5&#8243;][vc_separator align=&#8221;align_left&#8221; border_width=&#8221;4&#8243; el_width=&#8221;60&#8243; el_class=&#8221;container&#8221; css=&#8221;.vc_custom_1629694774286{margin-top: -20px !important;}&#8221;][\/vc_column_inner][\/vc_row_inner][vc_row_inner][vc_column_inner][vc_separator][\/vc_column_inner][\/vc_row_inner][vc_row_inner content_placement=&#8221;top&#8221; el_class=&#8221;container&#8221;][vc_column_inner width=&#8221;1\/5&#8243;][\/vc_column_inner][vc_column_inner width=&#8221;4\/5&#8243;][vc_separator align=&#8221;align_left&#8221; border_width=&#8221;4&#8243; el_width=&#8221;60&#8243; [&#8230;]<\/p>\n<p><a class=\"btn btn-secondary understrap-read-more-link\" href=\"https:\/\/us.edu.pl\/centra-badawcze\/pccer\/en\/oferta-wspolpracy\/\">Read More&#8230;<\/a><\/p>\n","protected":false},"author":26,"featured_media":453,"parent":0,"menu_order":0,"comment_status":"closed","ping_status":"closed","template":"page-templates\/page-with-sidebar.php","meta":{"_expiration-date-status":"","_expiration-date":0,"_expiration-date-type":"","_expiration-date-categories":[],"_expiration-date-options":[]},"acf":[],"_links":{"self":[{"href":"https:\/\/us.edu.pl\/centra-badawcze\/pccer\/en\/wp-json\/wp\/v2\/pages\/379"}],"collection":[{"href":"https:\/\/us.edu.pl\/centra-badawcze\/pccer\/en\/wp-json\/wp\/v2\/pages"}],"about":[{"href":"https:\/\/us.edu.pl\/centra-badawcze\/pccer\/en\/wp-json\/wp\/v2\/types\/page"}],"author":[{"embeddable":true,"href":"https:\/\/us.edu.pl\/centra-badawcze\/pccer\/en\/wp-json\/wp\/v2\/users\/26"}],"replies":[{"embeddable":true,"href":"https:\/\/us.edu.pl\/centra-badawcze\/pccer\/en\/wp-json\/wp\/v2\/comments?post=379"}],"version-history":[{"count":0,"href":"https:\/\/us.edu.pl\/centra-badawcze\/pccer\/en\/wp-json\/wp\/v2\/pages\/379\/revisions"}],"wp:featuredmedia":[{"embeddable":true,"href":"https:\/\/us.edu.pl\/centra-badawcze\/pccer\/en\/wp-json\/wp\/v2\/media\/453"}],"wp:attachment":[{"href":"https:\/\/us.edu.pl\/centra-badawcze\/pccer\/en\/wp-json\/wp\/v2\/media?parent=379"}],"curies":[{"name":"wp","href":"https:\/\/api.w.org\/{rel}","templated":true}]}}