{"id":379,"date":"2021-07-16T09:09:29","date_gmt":"2021-07-16T07:09:29","guid":{"rendered":"https:\/\/us.edu.pl\/centra-badawcze\/pccer\/?page_id=379"},"modified":"2022-11-24T14:31:16","modified_gmt":"2022-11-24T13:31:16","slug":"oferta-wspolpracy","status":"publish","type":"page","link":"https:\/\/us.edu.pl\/centra-badawcze\/pccer\/oferta-wspolpracy\/","title":{"rendered":"oferta wsp\u00f3\u0142pracy"},"content":{"rendered":"<p>[vc_row el_class=&#8221;container&#8221;][vc_column][vc_raw_html el_class=&#8221;container&#8221;]JTNDaDIlMjBjbGFzcyUzRCUyMnBhZ2UtdGl0bGUlMjIlM0VPZmVydGElMjB3c3AlQzMlQjMlQzUlODJwcmFjeSUzQyUyRmgyJTNF[\/vc_raw_html]\r\n                <div class=\"text-modules\">\r\n                    <div class=\"container\">\r\n                        \r\n                        <div class=\"text-modules__content\"><p>Centrum oferuje szerok\u0105 ofert\u0119 wsp\u00f3\u0142pracy na wielu polach badawczych:<\/p>\n<\/div>\r\n                    <\/div>\r\n                <\/div>[\/vc_column][\/vc_row][vc_row el_class=&#8221;container&#8221;][vc_column][vc_row_inner content_placement=&#8221;top&#8221; el_class=&#8221;container&#8221;][vc_column_inner width=&#8221;1\/5&#8243;][\/vc_column_inner][vc_column_inner width=&#8221;4\/5&#8243;]\r\n                <div class=\"text-modules\">\r\n                    <div class=\"container\">\r\n                        \r\n                        <div class=\"text-modules__content\"><p><span style=\"color: #333333;\"><strong><span style=\"font-size: 18pt;\">botanika\u00a0<\/span><\/strong><\/span><\/p>\n<\/div>\r\n                    <\/div>\r\n                <\/div>[vc_separator align=&#8221;align_left&#8221; border_width=&#8221;4&#8243; el_width=&#8221;60&#8243; el_class=&#8221;container&#8221; css=&#8221;.vc_custom_1629694774286{margin-top: -20px !important;}&#8221;]\r\n                <div class=\"text-modules\">\r\n                    <div class=\"container\">\r\n                        \r\n                        <div class=\"text-modules__content\"><p><img class=\"alignnone wp-image-389\" src=\"https:\/\/us.edu.pl\/centra-badawcze\/pccer\/wp-content\/uploads\/sites\/64\/ikony-i-logo\/ikony-badania\/iconmonstr-leaf-1_szary.png\" alt=\"Szara ikona: li\u015b\u0107\" width=\"35\" height=\"35\" srcset=\"https:\/\/us.edu.pl\/centra-badawcze\/pccer\/wp-content\/uploads\/sites\/64\/ikony-i-logo\/ikony-badania\/iconmonstr-leaf-1_szary.png 400w, https:\/\/us.edu.pl\/centra-badawcze\/pccer\/wp-content\/uploads\/sites\/64\/ikony-i-logo\/ikony-badania\/iconmonstr-leaf-1_szary-150x150.png 150w\" sizes=\"(max-width: 35px) 100vw, 35px\" \/><\/p>\n<ol>\n<li>Analiza zmian sk\u0142adu chemicznego \u015bcian kom\u00f3rkowych (z wykorzystaniem metod immunohistochemicznych) pod wp\u0142ywem czynnik\u00f3w biotycznych i abiotycznych.<\/li>\n<li>Ocena ultrastruktury kom\u00f3rek kom\u00f3rek pod wp\u0142ywem zanieczyszcze\u0144 \u015brodowiska, w tym nanocz\u0105stek<\/li>\n<li>Analiza powstawania i regeneracji tkanki waskularnej po zranieniu w modelowej ro\u015blinie <em>Arabidopsis thaliana<\/em>.<\/li>\n<li>Analiza skanalizowanego transportu auksyny w p\u0119dach kwiatostanowych <em>Arabidopsis<\/em> w kontrolowanych warunkach eksperymentalnych.<\/li>\n<\/ol>\n<p>\n<\/div>\r\n                    <\/div>\r\n                <\/div>[\/vc_column_inner][\/vc_row_inner][vc_row_inner][vc_column_inner][vc_separator][\/vc_column_inner][\/vc_row_inner][vc_row_inner content_placement=&#8221;top&#8221; el_class=&#8221;container&#8221;][vc_column_inner width=&#8221;1\/5&#8243;][\/vc_column_inner][vc_column_inner width=&#8221;4\/5&#8243;]\r\n                <div class=\"text-modules\">\r\n                    <div class=\"container\">\r\n                        \r\n                        <div class=\"text-modules__content\"><p><span style=\"color: #333333;\"><strong><span style=\"font-size: 18pt;\">zmiany klimatu<\/span><\/strong><\/span><\/p>\n<\/div>\r\n                    <\/div>\r\n                <\/div>[vc_separator align=&#8221;align_left&#8221; border_width=&#8221;4&#8243; el_width=&#8221;60&#8243; el_class=&#8221;container&#8221; css=&#8221;.vc_custom_1629694774286{margin-top: -20px !important;}&#8221;]\r\n                <div class=\"text-modules\">\r\n                    <div class=\"container\">\r\n                        \r\n                        <div class=\"text-modules__content\"><p><img class=\"alignnone wp-image-397\" src=\"https:\/\/us.edu.pl\/centra-badawcze\/pccer\/wp-content\/uploads\/sites\/64\/ikony-i-logo\/ikony-badania\/iconmonstr-globe-5_szary.png\" alt=\"Szara ikona: glob\" width=\"35\" height=\"35\" srcset=\"https:\/\/us.edu.pl\/centra-badawcze\/pccer\/wp-content\/uploads\/sites\/64\/ikony-i-logo\/ikony-badania\/iconmonstr-globe-5_szary.png 400w, https:\/\/us.edu.pl\/centra-badawcze\/pccer\/wp-content\/uploads\/sites\/64\/ikony-i-logo\/ikony-badania\/iconmonstr-globe-5_szary-150x150.png 150w\" sizes=\"(max-width: 35px) 100vw, 35px\" \/><\/p>\n<ol>\n<li>Analiza wsp\u00f3\u0142czesnych zmian klimatu oraz ocena trend\u00f3w i zmienno\u015bci ekstremalnych zjawisk pogodowych i ich zwi\u0105zki z cyrkulacj\u0105 atmosfery.<\/li>\n<li>Wieloaspektowe badania wyst\u0119powania zmian i czynnik\u00f3w steruj\u0105cych zmianami opad\u00f3w atmosferycznych z uwzgl\u0119dnieniem ich postaci i typ\u00f3w (deszcz, \u015bnieg, itd.).<\/li>\n<li>Analiza przyziemnych inwersji temperatury powietrza na tle warunk\u00f3w pogodowych i ich wp\u0142yw na zanieczyszczenia powietrza.<\/li>\n<li>Dendrochronologiczna rekonstrukcja zmian klimatu w r\u00f3\u017cnych strefach krajobrazowych (ze szczeg\u00f3lnym uwzgl\u0119dnieniem zdarze\u0144 ekstremalnych).<\/li>\n<\/ol>\n<p>\n<\/div>\r\n                    <\/div>\r\n                <\/div>[\/vc_column_inner][\/vc_row_inner][vc_row_inner][vc_column_inner][vc_separator][\/vc_column_inner][\/vc_row_inner][vc_row_inner content_placement=&#8221;top&#8221; el_class=&#8221;container&#8221;][vc_column_inner width=&#8221;1\/5&#8243;][\/vc_column_inner][vc_column_inner width=&#8221;4\/5&#8243;]\r\n                <div class=\"text-modules\">\r\n                    <div class=\"container\">\r\n                        \r\n                        <div class=\"text-modules__content\"><p><span style=\"color: #333333;\"><strong><span style=\"font-size: 18pt;\">dendrochronologia<\/span><\/strong><\/span><\/p>\n<\/div>\r\n                    <\/div>\r\n                <\/div>[vc_separator align=&#8221;align_left&#8221; border_width=&#8221;4&#8243; el_width=&#8221;60&#8243; el_class=&#8221;container&#8221; css=&#8221;.vc_custom_1629694774286{margin-top: -20px !important;}&#8221;]\r\n                <div class=\"text-modules\">\r\n                    <div class=\"container\">\r\n                        \r\n                        <div class=\"text-modules__content\"><p><img class=\"alignnone wp-image-403\" src=\"https:\/\/us.edu.pl\/centra-badawcze\/pccer\/wp-content\/uploads\/sites\/64\/ikony-i-logo\/ikony-badania\/iconmonstr-tree-8_szary.png\" alt=\"Szara ikona: drzewo\" width=\"35\" height=\"35\" srcset=\"https:\/\/us.edu.pl\/centra-badawcze\/pccer\/wp-content\/uploads\/sites\/64\/ikony-i-logo\/ikony-badania\/iconmonstr-tree-8_szary.png 400w, https:\/\/us.edu.pl\/centra-badawcze\/pccer\/wp-content\/uploads\/sites\/64\/ikony-i-logo\/ikony-badania\/iconmonstr-tree-8_szary-150x150.png 150w\" sizes=\"(max-width: 35px) 100vw, 35px\" \/><\/p>\n<ol>\n<li>Przestrzenna i czasowa rekonstrukcja zanieczyszczenia powietrza przy u\u017cyciu metody dendrochronologicznej.<\/li>\n<li>Dendrochronologiczne datowanie drewna z obiekt\u00f3w historycznych i archeologicznych.<\/li>\n<li>Dendrochronologiczna analiza w\u0119gli drzewnych.<\/li>\n<\/ol>\n<p>\n<\/div>\r\n                    <\/div>\r\n                <\/div>[\/vc_column_inner][\/vc_row_inner][vc_row_inner][vc_column_inner][vc_separator][\/vc_column_inner][\/vc_row_inner][vc_row_inner content_placement=&#8221;top&#8221; el_class=&#8221;container&#8221;][vc_column_inner width=&#8221;1\/5&#8243;][\/vc_column_inner][vc_column_inner width=&#8221;4\/5&#8243;]\r\n                <div class=\"text-modules\">\r\n                    <div class=\"container\">\r\n                        \r\n                        <div class=\"text-modules__content\"><p><span style=\"color: #333333;\"><strong><span style=\"font-size: 18pt;\">geochemia<\/span><\/strong><\/span><\/p>\n<\/div>\r\n                    <\/div>\r\n                <\/div>[vc_separator align=&#8221;align_left&#8221; border_width=&#8221;4&#8243; el_width=&#8221;60&#8243; el_class=&#8221;container&#8221; css=&#8221;.vc_custom_1629694774286{margin-top: -20px !important;}&#8221;]\r\n                <div class=\"text-modules\">\r\n                    <div class=\"container\">\r\n                        \r\n                        <div class=\"text-modules__content\"><p><img class=\"alignnone wp-image-409\" src=\"https:\/\/us.edu.pl\/centra-badawcze\/pccer\/wp-content\/uploads\/sites\/64\/ikony-i-logo\/ikony-badania\/iconmonstr-flask-7_goechemia_szary.png\" alt=\"Szara ikona: butelka z substancj\u0105 chemiczn\u0105\" width=\"35\" height=\"35\" srcset=\"https:\/\/us.edu.pl\/centra-badawcze\/pccer\/wp-content\/uploads\/sites\/64\/ikony-i-logo\/ikony-badania\/iconmonstr-flask-7_goechemia_szary.png 400w, https:\/\/us.edu.pl\/centra-badawcze\/pccer\/wp-content\/uploads\/sites\/64\/ikony-i-logo\/ikony-badania\/iconmonstr-flask-7_goechemia_szary-150x150.png 150w\" sizes=\"(max-width: 35px) 100vw, 35px\" \/><\/p>\n<ol>\n<li>Analiza i interpretacja zwi\u0105zk\u00f3w organicznych wyst\u0119puj\u0105cych w osadowej materii organicznej.<\/li>\n<li>Procesy pedogenezy inicjalnej i rola sacharyd\u00f3w w formowaniu gleby.<\/li>\n<li>Wielopier\u015bcieniowe zwi\u0105zki aromatyczne i ich wyst\u0119powanie w ska\u0142ach osadowych.<\/li>\n<li>Korelacja geochemiczna ropa \u2013 ska\u0142a \u017ar\u00f3d\u0142owa i ropa \u2013 ropa.<\/li>\n<li>Zanieczyszczenia organiczne w aerozolach i glebach.<\/li>\n<\/ol>\n<p>\n<\/div>\r\n                    <\/div>\r\n                <\/div>[\/vc_column_inner][\/vc_row_inner][vc_row_inner][vc_column_inner][vc_separator][\/vc_column_inner][\/vc_row_inner][vc_row_inner content_placement=&#8221;top&#8221; el_class=&#8221;container&#8221;][vc_column_inner width=&#8221;1\/5&#8243;][\/vc_column_inner][vc_column_inner width=&#8221;4\/5&#8243;]\r\n                <div class=\"text-modules\">\r\n                    <div class=\"container\">\r\n                        \r\n                        <div class=\"text-modules__content\"><p><span style=\"color: #333333;\"><strong><span style=\"font-size: 18pt;\">geozagro\u017cenia, geomorfologia<\/span><\/strong><\/span><\/p>\n<\/div>\r\n                    <\/div>\r\n                <\/div>[vc_separator align=&#8221;align_left&#8221; border_width=&#8221;4&#8243; el_width=&#8221;60&#8243; el_class=&#8221;container&#8221; css=&#8221;.vc_custom_1629694774286{margin-top: -20px !important;}&#8221;]\r\n                <div class=\"text-modules\">\r\n                    <div class=\"container\">\r\n                        \r\n                        <div class=\"text-modules__content\"><p><img class=\"alignnone wp-image-405\" src=\"https:\/\/us.edu.pl\/centra-badawcze\/pccer\/wp-content\/uploads\/sites\/64\/ikony-i-logo\/ikony-badania\/iconmonstr-weather-94_geozagro\u017cenia_szary.png\" alt=\"Szara ikona: g\u00f3ra i osuwaj\u0105ce si\u0119 ska\u0142y\" width=\"35\" height=\"35\" srcset=\"https:\/\/us.edu.pl\/centra-badawcze\/pccer\/wp-content\/uploads\/sites\/64\/ikony-i-logo\/ikony-badania\/iconmonstr-weather-94_geozagro\u017cenia_szary.png 400w, https:\/\/us.edu.pl\/centra-badawcze\/pccer\/wp-content\/uploads\/sites\/64\/ikony-i-logo\/ikony-badania\/iconmonstr-weather-94_geozagro\u017cenia_szary-150x150.png 150w\" sizes=\"(max-width: 35px) 100vw, 35px\" \/><\/p>\n<ol>\n<li>Geohazardowa analiza cz\u0119stotliwo\u015bci wyst\u0119powania ruch\u00f3w masowych metod\u0105 dendrochronologiczn\u0105.<\/li>\n<li>Ocena zagro\u017cenia wyst\u0105pieniem osuwania metod\u0105 dendrochronologiczn\u0105.<\/li>\n<li>Szacowanie parametr\u00f3w hydrologicznych powodzi z wykorzystaniem dendrochronologii i modelowania 2D.<\/li>\n<li>Ocena zagro\u017cenia powstawaniem indukowanych lej\u00f3w krasowych metodami geoinformacyjnymi.<\/li>\n<\/ol>\n<p>\n<\/div>\r\n                    <\/div>\r\n                <\/div>[\/vc_column_inner][\/vc_row_inner][vc_row_inner][vc_column_inner][vc_separator][\/vc_column_inner][\/vc_row_inner][vc_row_inner content_placement=&#8221;top&#8221; el_class=&#8221;container&#8221;][vc_column_inner width=&#8221;1\/5&#8243;][\/vc_column_inner][vc_column_inner width=&#8221;4\/5&#8243;]\r\n                <div class=\"text-modules\">\r\n                    <div class=\"container\">\r\n                        \r\n                        <div class=\"text-modules__content\"><p><span style=\"color: #333333;\"><strong><span style=\"font-size: 18pt;\">paleontologia <\/span><\/strong><\/span><\/p>\n<\/div>\r\n                    <\/div>\r\n                <\/div>[vc_separator align=&#8221;align_left&#8221; border_width=&#8221;4&#8243; el_width=&#8221;60&#8243; el_class=&#8221;container&#8221; css=&#8221;.vc_custom_1629694774286{margin-top: -20px !important;}&#8221;]\r\n                <div class=\"text-modules\">\r\n                    <div class=\"container\">\r\n                        \r\n                        <div class=\"text-modules__content\"><p><img class=\"wp-image-410\" src=\"https:\/\/us.edu.pl\/centra-badawcze\/pccer\/wp-content\/uploads\/sites\/64\/ikony-i-logo\/ikony-badania\/fosil_skamielina_szary_flaticon.png\" alt=\"Szara ikona: skamielina, muszla \u015blimaka\" width=\"35\" height=\"35\" srcset=\"https:\/\/us.edu.pl\/centra-badawcze\/pccer\/wp-content\/uploads\/sites\/64\/ikony-i-logo\/ikony-badania\/fosil_skamielina_szary_flaticon.png 400w, https:\/\/us.edu.pl\/centra-badawcze\/pccer\/wp-content\/uploads\/sites\/64\/ikony-i-logo\/ikony-badania\/fosil_skamielina_szary_flaticon-150x150.png 150w\" sizes=\"(max-width: 35px) 100vw, 35px\" \/><\/p>\n<ol>\n<li>Wyst\u0119powanie, rozmieszczenie i znaczenie po\u017car\u00f3w las\u00f3w w paleozoiku i mezozoiku.<\/li>\n<li>Cukry w mezozoicznych i kenozoicznych lignitach oraz szanse na ich przetrwanie w ska\u0142ach.<\/li>\n<li>\u015arodkowopaleozoiczne masowe wymierania i kryzysy biotyczne.<\/li>\n<li>Oceaniczne zdarzenia beztlenowe (szczeg\u00f3lnie p\u00f3\u017anodewo\u0144skie i wczesnokarbo\u0144skie). Geochemia ska\u0142 osadowych i paleoekologia.<\/li>\n<\/ol>\n<p>\n<\/div>\r\n                    <\/div>\r\n                <\/div>[\/vc_column_inner][\/vc_row_inner][vc_row_inner][vc_column_inner][vc_separator][\/vc_column_inner][\/vc_row_inner][vc_row_inner content_placement=&#8221;top&#8221; el_class=&#8221;container&#8221;][vc_column_inner width=&#8221;1\/5&#8243;][\/vc_column_inner][vc_column_inner width=&#8221;4\/5&#8243;]\r\n                <div class=\"text-modules\">\r\n                    <div class=\"container\">\r\n                        \r\n                        <div class=\"text-modules__content\"><p><span style=\"color: #333333;\"><strong><span style=\"font-size: 18pt;\">rozw\u00f3j urbanizacji<\/span><\/strong><\/span><\/p>\n<\/div>\r\n                    <\/div>\r\n                <\/div>[vc_separator align=&#8221;align_left&#8221; border_width=&#8221;4&#8243; el_width=&#8221;60&#8243; el_class=&#8221;container&#8221; css=&#8221;.vc_custom_1629694774286{margin-top: -20px !important;}&#8221;]\r\n                <div class=\"text-modules\">\r\n                    <div class=\"container\">\r\n                        \r\n                        <div class=\"text-modules__content\"><p><img class=\"alignnone wp-image-407\" src=\"https:\/\/us.edu.pl\/centra-badawcze\/pccer\/wp-content\/uploads\/sites\/64\/ikony-i-logo\/ikony-badania\/iconmonstr-building-26_fabryka_szary.png\" alt=\"Szara ikona: fabryka\" width=\"35\" height=\"35\" srcset=\"https:\/\/us.edu.pl\/centra-badawcze\/pccer\/wp-content\/uploads\/sites\/64\/ikony-i-logo\/ikony-badania\/iconmonstr-building-26_fabryka_szary.png 400w, https:\/\/us.edu.pl\/centra-badawcze\/pccer\/wp-content\/uploads\/sites\/64\/ikony-i-logo\/ikony-badania\/iconmonstr-building-26_fabryka_szary-150x150.png 150w\" sizes=\"(max-width: 35px) 100vw, 35px\" \/><\/p>\n<ol>\n<li>Analiza czynnik\u00f3w lokalizacji osadnictwa w przestrzeni geograficznej.<\/li>\n<li>Procesy rozwoju urbanizacji w perspektywie dynamicznej.<\/li>\n<\/ol>\n<p>\n<\/div>\r\n                    <\/div>\r\n                <\/div>[\/vc_column_inner][\/vc_row_inner][vc_row_inner][vc_column_inner][vc_separator][\/vc_column_inner][\/vc_row_inner][\/vc_column][\/vc_row][vc_row][vc_column]\r\n                <div class=\"text-modules\">\r\n                    <div class=\"container\">\r\n                        \r\n                        <div class=\"text-modules__content\"><\/p>\n<div style=\"text-align: right;\"><span style=\"font-size: 9pt; color: #595959;\">Ikony pochodz\u0105 z serwis\u00f3w: <\/span><span style=\"font-size: 10pt; color: #595959;\"><a style=\"color: #595959;\" title=\"Freepik\" href=\"https:\/\/www.freepik.com\">Freepik<\/a> z\u00a0<a style=\"color: #595959;\" title=\"Flaticon\" href=\"https:\/\/www.flaticon.com\/\">www.flaticon.com<\/a> oraz\u00a0<\/span><span style=\"font-size: 10pt; color: #595959;\"><a style=\"color: #595959;\" href=\"https:\/\/iconmonstr.com\/\">iconmonstr.com<\/a><\/span><\/div>\n<p>\n<\/div>\r\n                    <\/div>\r\n                <\/div>[\/vc_column][\/vc_row]<\/p>","protected":false},"excerpt":{"rendered":"<p>[vc_row el_class=&#8221;container&#8221;][vc_column][vc_raw_html el_class=&#8221;container&#8221;]JTNDaDIlMjBjbGFzcyUzRCUyMnBhZ2UtdGl0bGUlMjIlM0VPZmVydGElMjB3c3AlQzMlQjMlQzUlODJwcmFjeSUzQyUyRmgyJTNF[\/vc_raw_html][\/vc_column][\/vc_row][vc_row el_class=&#8221;container&#8221;][vc_column][vc_row_inner content_placement=&#8221;top&#8221; el_class=&#8221;container&#8221;][vc_column_inner width=&#8221;1\/5&#8243;][\/vc_column_inner][vc_column_inner width=&#8221;4\/5&#8243;][vc_separator align=&#8221;align_left&#8221; border_width=&#8221;4&#8243; el_width=&#8221;60&#8243; el_class=&#8221;container&#8221; css=&#8221;.vc_custom_1629694774286{margin-top: -20px !important;}&#8221;][\/vc_column_inner][\/vc_row_inner][vc_row_inner][vc_column_inner][vc_separator][\/vc_column_inner][\/vc_row_inner][vc_row_inner content_placement=&#8221;top&#8221; el_class=&#8221;container&#8221;][vc_column_inner width=&#8221;1\/5&#8243;][\/vc_column_inner][vc_column_inner width=&#8221;4\/5&#8243;][vc_separator align=&#8221;align_left&#8221; border_width=&#8221;4&#8243; el_width=&#8221;60&#8243; el_class=&#8221;container&#8221; css=&#8221;.vc_custom_1629694774286{margin-top: -20px !important;}&#8221;][\/vc_column_inner][\/vc_row_inner][vc_row_inner][vc_column_inner][vc_separator][\/vc_column_inner][\/vc_row_inner][vc_row_inner content_placement=&#8221;top&#8221; el_class=&#8221;container&#8221;][vc_column_inner width=&#8221;1\/5&#8243;][\/vc_column_inner][vc_column_inner width=&#8221;4\/5&#8243;][vc_separator align=&#8221;align_left&#8221; border_width=&#8221;4&#8243; el_width=&#8221;60&#8243; el_class=&#8221;container&#8221; css=&#8221;.vc_custom_1629694774286{margin-top: -20px !important;}&#8221;][\/vc_column_inner][\/vc_row_inner][vc_row_inner][vc_column_inner][vc_separator][\/vc_column_inner][\/vc_row_inner][vc_row_inner content_placement=&#8221;top&#8221; el_class=&#8221;container&#8221;][vc_column_inner width=&#8221;1\/5&#8243;][\/vc_column_inner][vc_column_inner width=&#8221;4\/5&#8243;][vc_separator align=&#8221;align_left&#8221; border_width=&#8221;4&#8243; el_width=&#8221;60&#8243; el_class=&#8221;container&#8221; css=&#8221;.vc_custom_1629694774286{margin-top: -20px !important;}&#8221;][\/vc_column_inner][\/vc_row_inner][vc_row_inner][vc_column_inner][vc_separator][\/vc_column_inner][\/vc_row_inner][vc_row_inner content_placement=&#8221;top&#8221; el_class=&#8221;container&#8221;][vc_column_inner width=&#8221;1\/5&#8243;][\/vc_column_inner][vc_column_inner width=&#8221;4\/5&#8243;][vc_separator align=&#8221;align_left&#8221; border_width=&#8221;4&#8243; el_width=&#8221;60&#8243; [&#8230;]<\/p>\n<p><a class=\"btn btn-secondary understrap-read-more-link\" href=\"https:\/\/us.edu.pl\/centra-badawcze\/pccer\/oferta-wspolpracy\/\">Read More&#8230;<\/a><\/p>\n","protected":false},"author":26,"featured_media":453,"parent":0,"menu_order":0,"comment_status":"closed","ping_status":"closed","template":"page-templates\/page-with-sidebar.php","meta":{"_expiration-date-status":"","_expiration-date":0,"_expiration-date-type":"","_expiration-date-categories":[],"_expiration-date-options":[]},"acf":[],"_links":{"self":[{"href":"https:\/\/us.edu.pl\/centra-badawcze\/pccer\/wp-json\/wp\/v2\/pages\/379"}],"collection":[{"href":"https:\/\/us.edu.pl\/centra-badawcze\/pccer\/wp-json\/wp\/v2\/pages"}],"about":[{"href":"https:\/\/us.edu.pl\/centra-badawcze\/pccer\/wp-json\/wp\/v2\/types\/page"}],"author":[{"embeddable":true,"href":"https:\/\/us.edu.pl\/centra-badawcze\/pccer\/wp-json\/wp\/v2\/users\/26"}],"replies":[{"embeddable":true,"href":"https:\/\/us.edu.pl\/centra-badawcze\/pccer\/wp-json\/wp\/v2\/comments?post=379"}],"version-history":[{"count":0,"href":"https:\/\/us.edu.pl\/centra-badawcze\/pccer\/wp-json\/wp\/v2\/pages\/379\/revisions"}],"wp:featuredmedia":[{"embeddable":true,"href":"https:\/\/us.edu.pl\/centra-badawcze\/pccer\/wp-json\/wp\/v2\/media\/453"}],"wp:attachment":[{"href":"https:\/\/us.edu.pl\/centra-badawcze\/pccer\/wp-json\/wp\/v2\/media?parent=379"}],"curies":[{"name":"wp","href":"https:\/\/api.w.org\/{rel}","templated":true}]}}