{"id":77,"date":"2021-07-02T14:30:15","date_gmt":"2021-07-02T12:30:15","guid":{"rendered":"https:\/\/us.edu.pl\/centra-badawcze\/pccer\/?page_id=77"},"modified":"2022-12-31T09:47:08","modified_gmt":"2022-12-31T08:47:08","slug":"misja-centrum","status":"publish","type":"page","link":"https:\/\/us.edu.pl\/centra-badawcze\/pccer\/misja-centrum\/","title":{"rendered":"misja Centrum"},"content":{"rendered":"<p>[vc_row el_class=&#8221;container&#8221;][vc_column][vc_custom_heading text=&#8221;Misja Centrum&#8221; font_container=&#8221;tag:h2|font_size:3rem|text_align:left|color:%23002a5e&#8221; google_fonts=&#8221;font_family:PT%20Sans%20Caption%3Aregular%2C700|font_style:700%20bold%20regular%3A700%3Anormal&#8221; el_class=&#8221;page-title&#8221;][\/vc_column][\/vc_row][vc_row css=&#8221;.vc_custom_1628778469357{background-position: center !important;background-repeat: no-repeat !important;background-size: contain !important;}&#8221; el_class=&#8221;container&#8221;][vc_column][vc_row_inner content_placement=&#8221;middle&#8221; el_class=&#8221;container&#8221;][vc_column_inner el_class=&#8221;container&#8221; width=&#8221;1\/12&#8243;][\/vc_column_inner][vc_column_inner width=&#8221;10\/12&#8243; css=&#8221;.vc_custom_1628778615098{border-left-width: 4px !important;padding-left: 10px !important;border-left-color: #81d742 !important;border-left-style: outset !important;border-radius: 4px !important;}&#8221;][vc_empty_space height=&#8221;15px&#8221;]\r\n                <div class=\"text-modules\">\r\n                    <div class=\"container\">\r\n                        \r\n                        <div class=\"text-modules__content\"><p>Centrum badawcze zosta\u0142o utworzone w celu prowadzenia bada\u0144 i projekt\u00f3w badawczych, wsp\u00f3lnie przez partner\u00f3w polskich i chi\u0144skich na terenie ca\u0142ego \u015bwiata.<\/p>\n<p>Misj\u0105 Centrum jest upowszechnianie wiedzy i technologii wypracowanych przez polskie i chi\u0144skie jednostki badawcze w celu redukcji g\u0142\u00f3wnych problem\u00f3w \u015brodowiskowych i zwi\u0105zanych z nimi problem\u00f3w spo\u0142ecznych.<\/p>\n<p>Badania oraz technologie opracowywane przez Centrum s\u0142u\u017c\u0105 mi\u0119dzy innymi do ograniczania negatywnych skutk\u00f3w zmian klimatycznych, racjonalnego planowania zabudowy w obszarach, gdzie wyst\u0119puje zagro\u017cenie ruchami masowymi i powodziami oraz ograniczania negatywnego wp\u0142ywu zanieczyszczenia powietrza na zdrowie ludzi.<\/p>\n<\/div>\r\n                    <\/div>\r\n                <\/div>[\/vc_column_inner][vc_column_inner width=&#8221;1\/12&#8243;][\/vc_column_inner][\/vc_row_inner][\/vc_column][\/vc_row]<\/p>","protected":false},"excerpt":{"rendered":"<p>[vc_row el_class=&#8221;container&#8221;][vc_column][vc_custom_heading text=&#8221;Misja Centrum&#8221; font_container=&#8221;tag:h2|font_size:3rem|text_align:left|color:%23002a5e&#8221; google_fonts=&#8221;font_family:PT%20Sans%20Caption%3Aregular%2C700|font_style:700%20bold%20regular%3A700%3Anormal&#8221; el_class=&#8221;page-title&#8221;][\/vc_column][\/vc_row][vc_row css=&#8221;.vc_custom_1628778469357{background-position: center !important;background-repeat: no-repeat !important;background-size: contain !important;}&#8221; el_class=&#8221;container&#8221;][vc_column][vc_row_inner content_placement=&#8221;middle&#8221; el_class=&#8221;container&#8221;][vc_column_inner el_class=&#8221;container&#8221; width=&#8221;1\/12&#8243;][\/vc_column_inner][vc_column_inner width=&#8221;10\/12&#8243; css=&#8221;.vc_custom_1628778615098{border-left-width: 4px !important;padding-left: 10px !important;border-left-color: #81d742 !important;border-left-style: outset !important;border-radius: 4px !important;}&#8221;][vc_empty_space height=&#8221;15px&#8221;][\/vc_column_inner][vc_column_inner width=&#8221;1\/12&#8243;][\/vc_column_inner][\/vc_row_inner][\/vc_column][\/vc_row] [&#8230;]<\/p>\n<p><a class=\"btn btn-secondary understrap-read-more-link\" href=\"https:\/\/us.edu.pl\/centra-badawcze\/pccer\/misja-centrum\/\">Read More&#8230;<\/a><\/p>\n","protected":false},"author":26,"featured_media":0,"parent":0,"menu_order":0,"comment_status":"closed","ping_status":"closed","template":"","meta":{"_expiration-date-status":"","_expiration-date":0,"_expiration-date-type":"","_expiration-date-categories":[],"_expiration-date-options":[]},"acf":[],"_links":{"self":[{"href":"https:\/\/us.edu.pl\/centra-badawcze\/pccer\/wp-json\/wp\/v2\/pages\/77"}],"collection":[{"href":"https:\/\/us.edu.pl\/centra-badawcze\/pccer\/wp-json\/wp\/v2\/pages"}],"about":[{"href":"https:\/\/us.edu.pl\/centra-badawcze\/pccer\/wp-json\/wp\/v2\/types\/page"}],"author":[{"embeddable":true,"href":"https:\/\/us.edu.pl\/centra-badawcze\/pccer\/wp-json\/wp\/v2\/users\/26"}],"replies":[{"embeddable":true,"href":"https:\/\/us.edu.pl\/centra-badawcze\/pccer\/wp-json\/wp\/v2\/comments?post=77"}],"version-history":[{"count":0,"href":"https:\/\/us.edu.pl\/centra-badawcze\/pccer\/wp-json\/wp\/v2\/pages\/77\/revisions"}],"wp:attachment":[{"href":"https:\/\/us.edu.pl\/centra-badawcze\/pccer\/wp-json\/wp\/v2\/media?parent=77"}],"curies":[{"name":"wp","href":"https:\/\/api.w.org\/{rel}","templated":true}]}}