{"id":60,"date":"2021-05-24T13:28:54","date_gmt":"2021-05-24T11:28:54","guid":{"rendered":"https:\/\/us.edu.pl\/centra-badawcze\/pccer\/?page_id=60"},"modified":"2022-12-31T10:54:08","modified_gmt":"2022-12-31T09:54:08","slug":"kontakt","status":"publish","type":"page","link":"https:\/\/us.edu.pl\/centra-badawcze\/pccer\/zh\/kontakt\/","title":{"rendered":"\u8054\u7cfb\u65b9\u5f0f"},"content":{"rendered":"<p>[vc_row][vc_column][vc_raw_html]JTNDaDIlMjBjbGFzcyUzRCUyMnBhZ2UtdGl0bGUlMjBjb250YWluZXIlMjIlM0UlRTglODElOTQlRTclQjMlQkIlRTYlOTYlQjklRTUlQkMlOEYlM0MlMkZoMiUzRQ==[\/vc_raw_html]\r\n                <div class=\"text-modules\">\r\n                    <div class=\"container\">\r\n                        \r\n                        <div class=\"text-modules__content\"><\/p>\n<h3><b>\u6ce2\u5170<\/b><\/h3>\n<p>\n<\/div>\r\n                    <\/div>\r\n                <\/div><div class=\"container\"><div class=\"separator\" style=\"background-color: #EBEBEB\"><\/div><\/div>[\/vc_column][\/vc_row][vc_row gap=&#8221;20&#8243; content_placement=&#8221;middle&#8221; el_class=&#8221;container&#8221;][vc_column width=&#8221;1\/3&#8243;]\r\n                <div class=\"text-modules\">\r\n                    <div class=\"container\">\r\n                        \r\n                        <div class=\"text-modules__content\"><\/p>\n<p><img class=\"size-full wp-image-533\" src=\"https:\/\/us.edu.pl\/centra-badawcze\/pccer\/wp-content\/uploads\/sites\/64\/obrazki-stron\/2019-12-13_fot.MJ-238-600x600.jpg\" alt=\"budynek Wydzia\u0142u Nauk Przyrodniczych Uniwersytetu \u015al\u0105skiego widziany z lotu ptaka\" width=\"100%\" height=\"auto\" srcset=\"https:\/\/us.edu.pl\/centra-badawcze\/pccer\/wp-content\/uploads\/sites\/64\/obrazki-stron\/2019-12-13_fot.MJ-238-600x600.jpg 600w, https:\/\/us.edu.pl\/centra-badawcze\/pccer\/wp-content\/uploads\/sites\/64\/obrazki-stron\/2019-12-13_fot.MJ-238-600x600-150x150.jpg 150w, https:\/\/us.edu.pl\/centra-badawcze\/pccer\/wp-content\/uploads\/sites\/64\/obrazki-stron\/2019-12-13_fot.MJ-238-600x600-575x575.jpg 575w\" sizes=\"(max-width: 600px) 100vw, 600px\" \/><\/p>\n<p>\n<\/div>\r\n                    <\/div>\r\n                <\/div>[\/vc_column][vc_column width=&#8221;2\/3&#8243;]\r\n                <div class=\"text-modules\">\r\n                    <div class=\"container\">\r\n                        \r\n                        <div class=\"text-modules__content\"><p><strong><span style=\"font-size: 14pt;\">\u4e2d\u6ce2\u73af\u5883\u8054\u5408\u7814\u7a76\u4e2d\u5fc3<\/span><\/strong><br \/>\n<span style=\"font-size: 10pt;\">\u897f\u91cc\u897f\u4e9a\u5927\u5b66\u81ea\u7136\u79d1\u5b66\u7cfb<\/span><\/p>\n<\/div>\r\n                    <\/div>\r\n                <\/div>\r\n                <div class=\"text-modules\">\r\n                    <div class=\"container\">\r\n                        \r\n                        <div class=\"text-modules__content\"><p>60 B\u0119dzi\u0144ska Street, 41-200 Sosnowiec <\/p>\n<\/div>\r\n                    <\/div>\r\n                <\/div>\r\n                <div class=\"text-modules\">\r\n                    <div class=\"container\">\r\n                        \r\n                        <div class=\"text-modules__content\"><p>\u7535\u8bdd: (+48) 32 3689515, (+48) 608588961<br \/>\n\u90ae\u7bb1: <a href=\"mailto:ireneusz.malik@us.edu.pl\">ireneusz.malik@us.edu.pl<\/a><\/p>\n<p>\u9879\u76ee\u7f16\u53f7: 634-019-71-34<\/p>\n<\/div>\r\n                    <\/div>\r\n                <\/div>[\/vc_column][\/vc_row][vc_row][vc_column]\r\n                <div class=\"text-modules\">\r\n                    <div class=\"container\">\r\n                        \r\n                        <div class=\"text-modules__content\"><\/p>\n<h3><strong>\u4e2d\u56fd<\/strong><\/h3>\n<p>\n<\/div>\r\n                    <\/div>\r\n                <\/div><div class=\"container\"><div class=\"separator\" style=\"background-color: #EBEBEB\"><\/div><\/div>[\/vc_column][\/vc_row][vc_row gap=&#8221;20&#8243; content_placement=&#8221;middle&#8221; el_class=&#8221;container&#8221;][vc_column width=&#8221;1\/3&#8243;][\/vc_column][vc_column width=&#8221;2\/3&#8243;]\r\n                <div class=\"text-modules\">\r\n                    <div class=\"container\">\r\n                        \r\n                        <div class=\"text-modules__content\"><p><strong><span style=\"font-size: 14pt;\"> \u4e2d\u6ce2\u73af\u5883\u8054\u5408\u7814\u7a76\u4e2d\u5fc3 <\/span><\/strong><br \/>\n<span style=\"font-size: 10pt;\">\u4e2d\u56fd\u79d1\u5b66\u9662\u65b0\u7586\u751f\u6001\u4e0e\u5730\u7406\u7814\u7a76\u6240<\/span><\/p>\n<\/div>\r\n                    <\/div>\r\n                <\/div>\r\n                <div class=\"text-modules\">\r\n                    <div class=\"container\">\r\n                        \r\n                        <div class=\"text-modules__content\"><p>\u4e2d\u56fd\u65b0\u7586\u4e4c\u9c81\u6728\u9f50\u5317\u4eac\u5357\u8def818\u53f7<\/p>\n<\/div>\r\n                    <\/div>\r\n                <\/div>\r\n                <div class=\"text-modules\">\r\n                    <div class=\"container\">\r\n                        \r\n                        <div class=\"text-modules__content\"><p>\u7535\u8bdd\uff1a(+86) 991 7827334, (+86) 991 7827340<br \/>\n\u90ae\u7bb1\uff1a<a href=\"mailto:hyzhang@ms.xjb.ac.cn\">hyzhang@ms.xjb.ac.cn<\/a><\/p>\n<\/div>\r\n                    <\/div>\r\n                <\/div>[\/vc_column][\/vc_row]<\/p>","protected":false},"excerpt":{"rendered":"<p>[vc_row][vc_column][vc_raw_html]JTNDaDIlMjBjbGFzcyUzRCU [&#8230;]<\/p>\n<p><a class=\"btn btn-secondary understrap-read-more-link\" href=\"https:\/\/us.edu.pl\/centra-badawcze\/pccer\/zh\/kontakt\/\">Read More&#8230;<\/a><\/p>\n","protected":false},"author":25,"featured_media":0,"parent":0,"menu_order":0,"comment_status":"closed","ping_status":"closed","template":"page-templates\/page-with-sidebar.php","meta":{"_expiration-date-status":"","_expiration-date":0,"_expiration-date-type":"","_expiration-date-categories":[],"_expiration-date-options":[]},"acf":[],"_links":{"self":[{"href":"https:\/\/us.edu.pl\/centra-badawcze\/pccer\/zh\/wp-json\/wp\/v2\/pages\/60"}],"collection":[{"href":"https:\/\/us.edu.pl\/centra-badawcze\/pccer\/zh\/wp-json\/wp\/v2\/pages"}],"about":[{"href":"https:\/\/us.edu.pl\/centra-badawcze\/pccer\/zh\/wp-json\/wp\/v2\/types\/page"}],"author":[{"embeddable":true,"href":"https:\/\/us.edu.pl\/centra-badawcze\/pccer\/zh\/wp-json\/wp\/v2\/users\/25"}],"replies":[{"embeddable":true,"href":"https:\/\/us.edu.pl\/centra-badawcze\/pccer\/zh\/wp-json\/wp\/v2\/comments?post=60"}],"version-history":[{"count":0,"href":"https:\/\/us.edu.pl\/centra-badawcze\/pccer\/zh\/wp-json\/wp\/v2\/pages\/60\/revisions"}],"wp:attachment":[{"href":"https:\/\/us.edu.pl\/centra-badawcze\/pccer\/zh\/wp-json\/wp\/v2\/media?parent=60"}],"curies":[{"name":"wp","href":"https:\/\/api.w.org\/{rel}","templated":true}]}}