{"id":304,"date":"2021-07-15T13:21:24","date_gmt":"2021-07-15T11:21:24","guid":{"rendered":"https:\/\/us.edu.pl\/centra-badawcze\/scw\/?page_id=304"},"modified":"2021-12-16T18:13:09","modified_gmt":"2021-12-16T17:13:09","slug":"publikacje-scw","status":"publish","type":"page","link":"https:\/\/us.edu.pl\/centra-badawcze\/scw\/en\/publikacje-scw\/","title":{"rendered":"publications"},"content":{"rendered":"<p>[vc_row el_class=&#8221;container&#8221;][vc_column]\r\n                <div class=\"text-modules\">\r\n                    <div class=\"container\">\r\n                        <h3 class=\"page-title text__title\">SWC | Publications<\/h3>\r\n                        <div class=\"text-modules__content\"><\/div>\r\n                    <\/div>\r\n                <\/div>[vc_empty_space height=&#8221;24px&#8221;][\/vc_column][\/vc_row][vc_row el_class=&#8221;container&#8221;][vc_column][\/vc_column][\/vc_row][vc_row el_class=&#8221;container&#8221;][vc_column width=&#8221;2\/3&#8243;]\r\n                <div class=\"text-modules\">\r\n                    <div class=\"container\">\r\n                        \r\n                        <div class=\"text-modules__content\"><p><small><span style=\"letter-spacing: 0.6mm; color: #333333; font-size: 130%; font-family: PT Sans Narrow;\"><strong>MONOGRAPHS OF THE SILESIAN WATER CENTRE<\/strong><\/span><\/small><\/p>\n<\/div>\r\n                    <\/div>\r\n                <\/div>[vc_empty_space height=&#8221;2px&#8221; css=&#8221;.vc_custom_1626347795334{margin-top: 0px !important;border-top-width: 0px !important;padding-top: 0px !important;background-color: #0070ba !important;}&#8221;][vc_empty_space height=&#8221;24px&#8221;]\r\n                <div class=\"text-modules\">\r\n                    <div class=\"container\">\r\n                        \r\n                        <div class=\"text-modules__content\"><p><strong><small><span style=\"letter-spacing: 0.4mm; color: #333333; font-size: 130%;\">VOL 1 | CURRENT PROBLEMS IN WATER MANAGEMENT<\/span><\/small><\/strong><\/p>\n<p><span style=\"color: #333333; font-family: PT Sans Narrow;\">2018. ISBN 978-83-61695-46-2<\/span><\/p>\n<\/div>\r\n                    <\/div>\r\n                <\/div>[vc_raw_html]JTNDZGl2JTIwc3R5bGUlM0QlMjJwb3NpdGlvbiUzQXJlbGF0aXZlJTNCcGFkZGluZy10b3AlM0FtYXglMjg2MCUyNSUyQzMyNnB4JTI5JTNCaGVpZ2h0JTNBMCUzQndpZHRoJTNBMTAwJTI1JTIyJTNFJTNDaWZyYW1lJTIwc2FuZGJveCUzRCUyMmFsbG93LXRvcC1uYXZpZ2F0aW9uJTIwYWxsb3ctdG9wLW5hdmlnYXRpb24tYnktdXNlci1hY3RpdmF0aW9uJTIwYWxsb3ctZG93bmxvYWRzJTIwYWxsb3ctc2NyaXB0cyUyMGFsbG93LXNhbWUtb3JpZ2luJTIwYWxsb3ctcG9wdXBzJTIwYWxsb3ctbW9kYWxzJTIwYWxsb3ctcG9wdXBzLXRvLWVzY2FwZS1zYW5kYm94JTIyJTIwYWxsb3dmdWxsc2NyZWVuJTNEJTIydHJ1ZSUyMiUyMHN0eWxlJTNEJTIycG9zaXRpb24lM0FhYnNvbHV0ZSUzQmJvcmRlciUzQW5vbmUlM0J3aWR0aCUzQTEwMCUyNSUzQmhlaWdodCUzQTEwMCUyNSUzQmxlZnQlM0EwJTNCcmlnaHQlM0EwJTNCdG9wJTNBMCUzQmJvdHRvbSUzQTAlM0IlMjIlMjBzcmMlM0QlMjJodHRwcyUzQSUyRiUyRmUuaXNzdXUuY29tJTJGZW1iZWQuaHRtbCUzRmQlM0RfY3dfbW9ub2dyYWZpYSUyNnUlM0R1bml3ZXJzeXRldHNsYXNraSUyMiUzRSUzQyUyRmlmcmFtZSUzRSUzQyUyRmRpdiUzRQ==[\/vc_raw_html]\r\n                <div class=\"text-modules\">\r\n                    <div class=\"container\">\r\n                        \r\n                        <div class=\"text-modules__content\"><\/p>\n<p style=\"text-align: right;\"><span style=\"color: #333333; font-size: small;\"><a href=\"https:\/\/us.edu.pl\/centra-badawcze\/scw\/wp-content\/uploads\/sites\/63\/Pliki\/\u015aCW-MONOGRAFIA-2.pdf\" class=\"mtli_attachment mtli_pdf\" class=\"mtli_attachment mtli_pdf\">Monograph &#8211; download PDF file<\/a><\/span><\/p>\n<p>\n<\/div>\r\n                    <\/div>\r\n                <\/div>[vc_empty_space height=&#8221;24px&#8221;]\r\n                <div class=\"text-modules\">\r\n                    <div class=\"container\">\r\n                        \r\n                        <div class=\"text-modules__content\"><p><small><span style=\"letter-spacing: 0.6mm; color: #333333; font-size: 130%; font-family: PT Sans Narrow;\"><strong>ARTICLES AND CHAPTERS<\/strong><\/span><\/small><\/p>\n<\/div>\r\n                    <\/div>\r\n                <\/div>[vc_empty_space height=&#8221;2px&#8221; css=&#8221;.vc_custom_1626347795334{margin-top: 0px !important;border-top-width: 0px !important;padding-top: 0px !important;background-color: #0070ba !important;}&#8221;][vc_empty_space height=&#8221;24px&#8221;]\r\n                <div class=\"text-modules\">\r\n                    <div class=\"container\">\r\n                        \r\n                        <div class=\"text-modules__content\"><\/p>\n<ol>\n<li>D. Absalon. 2018. Silesian Water Center. Goals, activities, perspectives. [In:] XXVIII Jurassic Symposium Man and nature of the Krak\u00f3w-Wielu\u0144 Upland. Protection of biodiversity in aquatic ecosystems. Landscape Parks Complex of the Silesian Voivodeship, B\u0119dzin, pp. 12-14, ISBN 978-83-937079-0-4.<br \/>\n<a href=\"https:\/\/www.researchgate.net\/publication\/328487619_Silesian_Water_Center_Goals_actions_perspectives_Slaskie_Centrum_Wody_Cele_dzialania_perspektywy\" target=\"_blank\" rel=\"noopener noreferrer\">https:\/\/www.researchgate.net<\/a><\/li>\n<li>A. Wo\u017anica, B. \u0141ozowski, A. Siudy, P. Migula, A. Zarychta, E. Ma\u0142kowski, A. Pasierbi\u0144ski, D. Absalon, S. Sitek, J. Czekaj, R. Ula\u0144czyk, \u0141. Pszczeli\u0144ski, W. Jarosz. 2017. Comprehensive renovation of the reservoir and its catchment area. Przegl\u0105d Komunalny, dodatek Komunalny Plus Ochrona i Rekultywacja Jezior 4\/2017:12-16, ISSN 1232-9126.<br \/>\n<a href=\"https:\/\/www.researchgate.net\/publication\/322253601_Kompleksowa_odnowa_jeziora_i_jego_zlewni_Comprehensive_restoration_of_the_lake_and_its_catchment_area\" target=\"_blank\" rel=\"noopener noreferrer\">https:\/\/www.researchgate.net<\/a><\/li>\n<li>A. Wo\u017anica, B. \u0141ozowski, R. Ula\u0144czyk, D. Absalon, S. Sitek, J. Czekaj, A. Siudy, P. Migula, \u0141. Pszczeli\u0144ski, W. Jarosz, A. Zarychta, E. Ma\u0142kowski, A. Pasierbi\u0144ski 2017. A multi-faceted approach to issues related to water quality in the reservoirs of the Upper Silesian Anthropogenic Lakeland on the example of Paprocany reservoir in Tychy. [In:] E. Sierka, A. Nadg\u00f3rska-Socha (Ed.). Current Problems of Environmental Protection. Condition Assessment, Resource Threats and Applied Technologies. Ed. Faculty of Biology and Environmental Protection University of Silesia in Katowice, Katowice, pp. 116-117, ISBN 978-83-939472-2-5.<br \/>\n<a href=\"http:\/\/scw.us.edu.pl\/images\/Aktualne_problemy_ochrony_srodowiska.pdf\" class=\"mtli_attachment mtli_pdf\" class=\"mtli_attachment mtli_pdf\">(Aktualne Problemy Ochrony \u015arodowiska PDF)<\/a><\/li>\n<li>A. Wo\u017anica, B. \u0141ozowski, R. Ula\u0144czyk, D. Absalon, S. Sitek, J. Czekaj, A. Siudy, P. Migula, \u0141. Pszczeli\u0144ski, W. Jarosz, A. Zarychta, E. Ma\u0142kowski, A. Pasierbi\u0144ski. 2017. Reclamation program for Paprocany reservoir and corrective actions in its catchment area as an example of a comprehensive approach to the problem of water quality in small reservoirs. [In:] R. Wi\u015bniewski (Ed.). Protection and reclamation of lakes. Ed. Polish Association of Sanitary Engineers and Technicians Office in Toru\u0144, Toru\u0144, pp. 169-180, ISBN 978-83-945245-2-4.<\/li>\n<\/ol>\n<p>\n<\/div>\r\n                    <\/div>\r\n                <\/div>[\/vc_column][vc_column width=&#8221;1\/3&#8243;]\r\n                <div class=\"text-modules\">\r\n                    <div class=\"container\">\r\n                        \r\n                        <div class=\"text-modules__content\"><\/p>\n<p style=\"text-align: center;\"><img class=\"wp-image-82 size-full alignright\" src=\"https:\/\/us.edu.pl\/centra-badawcze\/scw\/wp-content\/uploads\/sites\/63\/Grafiki\/logo-scw_2.png\" alt=\"znak graficzny w kolorze niebieskim przypominaj\u0105cy kropl\u0119 wody\" width=\"50%\" height=\"auto\" srcset=\"https:\/\/us.edu.pl\/centra-badawcze\/scw\/wp-content\/uploads\/sites\/63\/Grafiki\/logo-scw_2.png 662w, https:\/\/us.edu.pl\/centra-badawcze\/scw\/wp-content\/uploads\/sites\/63\/Grafiki\/logo-scw_2-279x300.png 279w, https:\/\/us.edu.pl\/centra-badawcze\/scw\/wp-content\/uploads\/sites\/63\/Grafiki\/logo-scw_2-535x575.png 535w\" sizes=\"(max-width: 662px) 100vw, 662px\" \/><\/p>\n<p>\n<\/div>\r\n                    <\/div>\r\n                <\/div>[\/vc_column][\/vc_row]<\/p>","protected":false},"excerpt":{"rendered":"<p>[vc_row el_class=&#8221;container&#8221;][vc_column][vc_empty_space height=&#8221;24px&#8221;][\/vc_column][\/vc_row][vc_row el_class=&#8221;container&#8221;][vc_column][\/vc_column][\/vc_row][vc_row el_class=&#8221;container&#8221;][vc_column width=&#8221;2\/3&#8243;][vc_empty_space height=&#8221;2px&#8221; css=&#8221;.vc_custom_1626347795334{margin-top: 0px !important;border-top-width: 0px !important;padding-top: 0px !important;background-color: #0070ba !important;}&#8221;][vc_empty_space height=&#8221;24px&#8221;][vc_raw_html]JTNDZGl2JTIwc3R5bGUlM0QlMjJwb3NpdGlvbiUzQXJlbGF0aXZlJTNCcGFkZGluZy10b3AlM0FtYXglMjg2MCUyNSUyQzMyNnB4JTI5JTNCaGVpZ2h0JTNBMCUzQndpZHRoJTNBMTAwJTI1JTIyJTNFJTNDaWZyYW1lJTIwc2FuZGJveCUzRCUyMmFsbG93LXRvcC1uYXZpZ2F0aW9uJTIwYWxsb3ctdG9wLW5hdmlnYXRpb24tYnktdXNlci1hY3RpdmF0aW9uJTIwYWxsb3ctZG93bmxvYWRzJTIwYWxsb3ctc2NyaXB0cyUyMGFsbG93LXNhbWUtb3JpZ2luJTIwYWxsb3ctcG9wdXBzJTIwYWxsb3ctbW9kYWxzJTIwYWxsb3ctcG9wdXBzLXRvLWVzY2FwZS1zYW5kYm94JTIyJTIwYWxsb3dmdWxsc2NyZWVuJTNEJTIydHJ1ZSUyMiUyMHN0eWxlJTNEJTIycG9zaXRpb24lM0FhYnNvbHV0ZSUzQmJvcmRlciUzQW5vbmUlM0J3aWR0aCUzQTEwMCUyNSUzQmhlaWdodCUzQTEwMCUyNSUzQmxlZnQlM0EwJTNCcmlnaHQlM0EwJTNCdG9wJTNBMCUzQmJvdHRvbSUzQTAlM0IlMjIlMjBzcmMlM0QlMjJodHRwcyUzQSUyRiUyRmUuaXNzdXUuY29tJTJGZW1iZWQuaHRtbCUzRmQlM0RfY3dfbW9ub2dyYWZpYSUyNnUlM0R1bml3ZXJzeXRldHNsYXNraSUyMiUzRSUzQyUyRmlmcmFtZSUzRSUzQyUyRmRpdiUzRQ==[\/vc_raw_html][vc_empty_space height=&#8221;24px&#8221;][vc_empty_space height=&#8221;2px&#8221; css=&#8221;.vc_custom_1626347795334{margin-top: 0px !important;border-top-width: 0px !important;padding-top: 0px !important;background-color: #0070ba !important;}&#8221;][vc_empty_space height=&#8221;24px&#8221;][\/vc_column][vc_column width=&#8221;1\/3&#8243;][\/vc_column][\/vc_row] [&#8230;]<\/p>\n<p><a class=\"btn btn-secondary understrap-read-more-link\" href=\"https:\/\/us.edu.pl\/centra-badawcze\/scw\/en\/publikacje-scw\/\">Read More&#8230;<\/a><\/p>\n","protected":false},"author":139,"featured_media":311,"parent":0,"menu_order":0,"comment_status":"closed","ping_status":"closed","template":"","meta":{"_expiration-date-status":"saved","_expiration-date":0,"_expiration-date-type":"","_expiration-date-categories":[],"_expiration-date-options":[]},"acf":[],"_links":{"self":[{"href":"https:\/\/us.edu.pl\/centra-badawcze\/scw\/en\/wp-json\/wp\/v2\/pages\/304"}],"collection":[{"href":"https:\/\/us.edu.pl\/centra-badawcze\/scw\/en\/wp-json\/wp\/v2\/pages"}],"about":[{"href":"https:\/\/us.edu.pl\/centra-badawcze\/scw\/en\/wp-json\/wp\/v2\/types\/page"}],"author":[{"embeddable":true,"href":"https:\/\/us.edu.pl\/centra-badawcze\/scw\/en\/wp-json\/wp\/v2\/users\/139"}],"replies":[{"embeddable":true,"href":"https:\/\/us.edu.pl\/centra-badawcze\/scw\/en\/wp-json\/wp\/v2\/comments?post=304"}],"version-history":[{"count":13,"href":"https:\/\/us.edu.pl\/centra-badawcze\/scw\/en\/wp-json\/wp\/v2\/pages\/304\/revisions"}],"predecessor-version":[{"id":505,"href":"https:\/\/us.edu.pl\/centra-badawcze\/scw\/en\/wp-json\/wp\/v2\/pages\/304\/revisions\/505"}],"wp:featuredmedia":[{"embeddable":true,"href":"https:\/\/us.edu.pl\/centra-badawcze\/scw\/en\/wp-json\/wp\/v2\/media\/311"}],"wp:attachment":[{"href":"https:\/\/us.edu.pl\/centra-badawcze\/scw\/en\/wp-json\/wp\/v2\/media?parent=304"}],"curies":[{"name":"wp","href":"https:\/\/api.w.org\/{rel}","templated":true}]}}