{"id":276,"date":"2021-07-14T15:43:21","date_gmt":"2021-07-14T13:43:21","guid":{"rendered":"https:\/\/us.edu.pl\/centra-badawcze\/scw\/?page_id=276"},"modified":"2021-12-16T17:57:01","modified_gmt":"2021-12-16T16:57:01","slug":"o-nas","status":"publish","type":"page","link":"https:\/\/us.edu.pl\/centra-badawcze\/scw\/o-nas\/","title":{"rendered":"o nas"},"content":{"rendered":"<p>[vc_row el_class=&#8221;container&#8221;][vc_column]\r\n                <div class=\"text-modules\">\r\n                    <div class=\"container\">\r\n                        <h3 class=\"page-title text__title\">\u015al\u0105skie Centrum Wody<\/h3>\r\n                        <div class=\"text-modules__content\"><\/div>\r\n                    <\/div>\r\n                <\/div>[\/vc_column][\/vc_row][vc_row el_class=&#8221;container&#8221;][vc_column width=&#8221;1\/3&#8243;]\r\n                <div class=\"text-modules\">\r\n                    <div class=\"container\">\r\n                        \r\n                        <div class=\"text-modules__content\"><\/p>\n<p style=\"text-align: center;\"><img class=\"alignnone wp-image-82 size-full\" src=\"https:\/\/us.edu.pl\/centra-badawcze\/scw\/wp-content\/uploads\/sites\/63\/Grafiki\/logo-scw_2.png\" alt=\"znak graficzny w kolorze niebieskim przypominaj\u0105cy kropl\u0119 wody\" width=\"60%\" height=\"auto\" srcset=\"https:\/\/us.edu.pl\/centra-badawcze\/scw\/wp-content\/uploads\/sites\/63\/Grafiki\/logo-scw_2.png 662w, https:\/\/us.edu.pl\/centra-badawcze\/scw\/wp-content\/uploads\/sites\/63\/Grafiki\/logo-scw_2-279x300.png 279w, https:\/\/us.edu.pl\/centra-badawcze\/scw\/wp-content\/uploads\/sites\/63\/Grafiki\/logo-scw_2-535x575.png 535w\" sizes=\"(max-width: 662px) 100vw, 662px\" \/><\/p>\n<p>\n<\/div>\r\n                    <\/div>\r\n                <\/div>[vc_empty_space height=&#8221;1px&#8221; css=&#8221;.vc_custom_1617196546385{background-color: #5b87a1 !important;}&#8221;]\r\n                <div class=\"text-modules\">\r\n                    <div class=\"container\">\r\n                        \r\n                        <div class=\"text-modules__content\"><\/p>\n<p style=\"text-align: right;\"><small><span style=\"letter-spacing: 2mm; color: #333333; font-size: 14pt;\">BADANIA <span style=\"color: #5b87a1;\">|<\/span><\/span><\/small><\/p>\n<p style=\"text-align: right;\"><small><span style=\"letter-spacing: 2mm; color: #333333; font-size: 10pt;\">EKSPERTYZY <span style=\"color: #5b87a1;\">|<\/span><\/span><\/small><\/p>\n<p style=\"text-align: right;\"><small><span style=\"letter-spacing: 2mm; color: #333333; font-size: 10pt;\">MONITORING <span style=\"color: #5b87a1;\">|<\/span><\/span><\/small><\/p>\n<p style=\"text-align: right;\"><small><span style=\"letter-spacing: 2mm; color: #333333; font-size: 10pt;\">REKULTYWACJA <span style=\"color: #5b87a1;\">|<\/span><\/span><\/small><\/p>\n<p>\n<\/div>\r\n                    <\/div>\r\n                <\/div>[\/vc_column][vc_column width=&#8221;2\/3&#8243;]\r\n                <div class=\"text-modules\">\r\n                    <div class=\"container\">\r\n                        \r\n                        <div class=\"text-modules__content\"><p>Pasj\u0105 i celem zespo\u0142u \u015al\u0105skiego Centrum Wody jest wieloaspektowe podej\u015bcie do zagadnie\u0144 wodnych w \u015brodowisku. Dzi\u0119ki niestandardowemu podej\u015bciu i innowacyjnym metodom badawczym \u015aCW od 2017 roku prowadzi badania nawodne, podwodne i podziemne, zar\u00f3wno w \u015brodowisku naturalnym zlewni akwen\u00f3w, jak i w \u015brodowisku wirtualnym tworzonych cyfrowo modeli.<\/p>\n<p>G\u0142\u00f3wnym obszarem dzia\u0142ania jest G\u00f3rno\u015bl\u0105skie Pojezierze Antropogeniczne z 16 000 zbiornik\u00f3w wodnych, ale Centrum rozwija r\u00f3wnie\u017c dzia\u0142alno\u015b\u0107 poza \u015al\u0105skiem, wychodz\u0105c naprzeciw wyzwaniom zwi\u0105zanym z dzia\u0142aniem cz\u0142owieka w skali lokalnej i globalnej.<\/p>\n<p>\u015aCW skupia specjalist\u00f3w z wielu dziedzin naukowych zwi\u0105zanych z gospodark\u0105 wodn\u0105, zw\u0142aszcza hydro-: geolog\u00f3w, biolog\u00f3w, geograf\u00f3w, ekolog\u00f3w, meteorolog\u00f3w, chemik\u00f3w i informatyk\u00f3w. Na styku dziedzin, tak\u017ce we wsp\u00f3\u0142pracy mi\u0119dzynarodowej, powstaj\u0105 opracowania, ekspertyzy i innowacyjne rozwi\u0105zania na potrzeby nauki, gospodarki i ochrony \u015brodowiska. Zesp\u00f3\u0142 \u015aCW zaprasza wszystkich, kt\u00f3rych zawodowo lub hobbystycznie interesuje woda: temat-rzeka.<\/p>\n<\/div>\r\n                    <\/div>\r\n                <\/div><div class=\"container\"><div class=\"separator\" style=\"background-color: #EBEBEB\"><\/div><\/div>\r\n                <div class=\"text-modules\">\r\n                    <div class=\"container\">\r\n                        \r\n                        <div class=\"text-modules__content\"><\/p>\n<h3><span style=\"color: #011535;\"><strong>Historia i zadania \u015aCW<\/strong><\/span><\/h3>\n<p>\u015al\u0105skie Centrum Wody Uniwersytetu \u015al\u0105skiego w Katowicach zosta\u0142o utworzone w 2017 roku jako mi\u0119dzywydzia\u0142owy zesp\u00f3\u0142 prowadz\u0105cy dzia\u0142alno\u015b\u0107 badawcz\u0105, rozwojow\u0105, wdro\u017ceniow\u0105, popularyzatorsk\u0105 i dydaktyczn\u0105 zwi\u0105zan\u0105 ze \u015brodowiskiem i gospodark\u0105 wodn\u0105. Za\u0142o\u017cycielami \u015aCW byli naukowcy zwi\u0105zani w\u00f3wczas z Wydzia\u0142em Biologii i Ochrony \u015arodowiska oraz Wydzia\u0142em Nauk o Ziemi (obecnie jest to Wydzia\u0142 Nauk Przyrodniczych U\u015a).<\/p>\n<p>Powstanie jednostki by\u0142o efektem realizacji i komercjalizacji projektu ZiZOZap realizowanego w ramach Europejskiego Funduszu Rozwoju Regionalnego (PO Innowacyjna Gospodarka). Funkcj\u0119 koordynatora i g\u0142\u00f3wnego wykonawcy pe\u0142ni\u0142 Uniwersytet \u015al\u0105ski.<\/p>\n<p>W pa\u017adzierniku 2019 roku, w ramach reorganizacji struktury uczelni, \u015aCW zosta\u0142o przekszta\u0142cone w centrum badawcze.<\/p>\n<p>Tematyka badawczo-dydaktyczna \u015aCW obejmuje liczne dziedziny nauki, szczeg\u00f3lnie zwi\u0105zane z fizycznymi, chemicznymi, biologicznymi i ekologicznymi aspektami w\u00f3d oraz potamologi\u0119, limnologi\u0119, hydrogeologi\u0119, hydrometeorologi\u0119, hydrochemi\u0119, hydrobiologi\u0119, chemometri\u0119, a tak\u017ce inne obszary dotycz\u0105ce w\u00f3d i \u015brodowiska.<\/p>\n<p>Jednym z najwa\u017cniejszych zada\u0144 centrum jest koordynacja interdyscyplinarnych bada\u0144 prowadzonych na Uniwersytecie \u015al\u0105skim oraz przez partner\u00f3w w obszarach zwi\u0105zanych ze \u015brodowiskiem wodnym.<\/p>\n<p>Cele, jakie stawia przed sob\u0105 zesp\u00f3\u0142 \u015aCW, to pozyskiwanie \u015brodk\u00f3w na badania i realizacja projekt\u00f3w naukowych. Centrum ma r\u00f3wnie\u017c \u0142\u0105czy\u0107 nauk\u0119 z gospodark\u0105 poprzez komercjalizacj\u0119 wynik\u00f3w bada\u0144 oraz wsp\u00f3\u0142prac\u0119 z ekspertami w zakresie opracowywania rozwi\u0105za\u0144 wspieraj\u0105cych gospodark\u0119 wodn\u0105.<\/p>\n<p>Cz\u0142onkowie centrum podejmuj\u0105 r\u00f3wnie\u017c dzia\u0142ania z zakresu dydaktyki. Inicjuj\u0105 nowe programy nauczania, uwzgl\u0119dniaj\u0105ce najnowsze osi\u0105gni\u0119cia badawcze i technologiczne, aktualne i przysz\u0142e wyzwania \u015brodowiskowe oraz unijne i krajowe uregulowania prawne. Wa\u017cnym zadaniem centrum ma by\u0107 dzia\u0142alno\u015b\u0107 edukacyjna zwi\u0105zana z realizowan\u0105 tematyk\u0105 badawcz\u0105 Uniwersytetu \u015al\u0105skiego w Katowicach oraz podmiot\u00f3w zewn\u0119trznych (w tym szk\u00f3\u0142). R\u00f3wnolegle z powo\u0142aniem \u015aCW utworzono Mi\u0119dzywydzia\u0142owe Ko\u0142o Naukowe \u201eElementum\u201d, dzia\u0142aj\u0105ce przy centrum, kt\u00f3re wspiera zespo\u0142y w trakcie prowadzenia bada\u0144. W ramach tej dzia\u0142alno\u015bci studenci zyskuj\u0105 nowe, cz\u0119sto unikalne, kompetencje w prowadzeniu bada\u0144, kt\u00f3rych wyniki s\u0105 wykorzystywane do przygotowania r\u00f3\u017cnorodnych opracowa\u0144 naukowych.<\/p>\n<p>Warto r\u00f3wnie\u017c doda\u0107, \u017ce zesp\u00f3\u0142 tworz\u0105cy \u015aCW ma du\u017ce do\u015bwiadczenie zwi\u0105zane z badaniami w\u00f3d zdobyte w trakcie realizacji projektu ZiZOZap na Zbiorniku Gocza\u0142kowickim, weryfikowane i wzbogacane w ramach dzia\u0142alno\u015bci badawczej podejmowanej w okresie utrzymania trwa\u0142o\u015bci projektu. By\u0142y to prace zlecane m.in. przez urz\u0119dy takich miast, jak Jaworzno (na zbiorniku Sosina) czy Tychy (na zbiorniku Paprocany) oraz ekspertyzy przygotowane dla Regionalnego Zarz\u0105du Gospodarki Wodnej w Gliwicach, dotycz\u0105ce oceny stanu w\u00f3d zlewni K\u0142odnicy.<\/p>\n<p>G\u0142\u00f3wnym obszarem dzia\u0142ania Centrum jest wojew\u00f3dztwo \u015bl\u0105skie, na obszarze kt\u00f3rego znajduje si\u0119 prawie 16 000 zbiornik\u00f3w wodnych o \u0142\u0105cznej powierzchni prawie 200 km<sup>2<\/sup>. Te zbiorniki tworz\u0105 jeden z silniej ujeziornionych obszar\u00f3w, nazwanych przez \u015bp. prof. Andrzeja Jankowskiego G\u00f3rno\u015bl\u0105skim Pojezierzem Antropogenicznym. Wiele z tych akwen\u00f3w to niezwykle cenne urbanistycznie zbiorniki \u015br\u00f3dmiejskie, p\u0142ytkie, o nieuregulowanej gospodarce wodnej, nara\u017cone na degradacj\u0119 i wymagaj\u0105ce racjonalnego zarz\u0105dzania. Centrum pragnie rozwija\u0107 swoj\u0105 dzia\u0142alno\u015b\u0107 r\u00f3wnie\u017c poza obszarem \u015al\u0105ska, wykorzystuj\u0105c zdobyte do\u015bwiadczenie do realizacji projekt\u00f3w w Polsce i za granic\u0105.<\/p>\n<p>\u015aCW zaprasza do wsp\u00f3\u0142pracy pracownik\u00f3w naukowych i dydaktycznych oraz zespo\u0142y badawcze i aplikacyjne zar\u00f3wno zwi\u0105zane z Uniwersytetem \u015al\u0105skim, jak i spoza uczelni.<\/p>\n<\/div>\r\n                    <\/div>\r\n                <\/div>[\/vc_column][\/vc_row]<\/p>","protected":false},"excerpt":{"rendered":"<p>[vc_row el_class=&#8221;container&#8221;][vc_column][\/vc_column][\/vc_row][vc_row el_class=&#8221;container&#8221;][vc_column width=&#8221;1\/3&#8243;][vc_empty_space height=&#8221;1px&#8221; css=&#8221;.vc_custom_1617196546385{background-color: #5b87a1 !important;}&#8221;][\/vc_column][vc_column width=&#8221;2\/3&#8243;][\/vc_column][\/vc_row] [&#8230;]<\/p>\n<p><a class=\"btn btn-secondary understrap-read-more-link\" href=\"https:\/\/us.edu.pl\/centra-badawcze\/scw\/o-nas\/\">Read More&#8230;<\/a><\/p>\n","protected":false},"author":139,"featured_media":0,"parent":0,"menu_order":0,"comment_status":"closed","ping_status":"closed","template":"","meta":{"_expiration-date-status":"saved","_expiration-date":0,"_expiration-date-type":"","_expiration-date-categories":[],"_expiration-date-options":[]},"acf":[],"_links":{"self":[{"href":"https:\/\/us.edu.pl\/centra-badawcze\/scw\/wp-json\/wp\/v2\/pages\/276"}],"collection":[{"href":"https:\/\/us.edu.pl\/centra-badawcze\/scw\/wp-json\/wp\/v2\/pages"}],"about":[{"href":"https:\/\/us.edu.pl\/centra-badawcze\/scw\/wp-json\/wp\/v2\/types\/page"}],"author":[{"embeddable":true,"href":"https:\/\/us.edu.pl\/centra-badawcze\/scw\/wp-json\/wp\/v2\/users\/139"}],"replies":[{"embeddable":true,"href":"https:\/\/us.edu.pl\/centra-badawcze\/scw\/wp-json\/wp\/v2\/comments?post=276"}],"version-history":[{"count":4,"href":"https:\/\/us.edu.pl\/centra-badawcze\/scw\/wp-json\/wp\/v2\/pages\/276\/revisions"}],"predecessor-version":[{"id":504,"href":"https:\/\/us.edu.pl\/centra-badawcze\/scw\/wp-json\/wp\/v2\/pages\/276\/revisions\/504"}],"wp:attachment":[{"href":"https:\/\/us.edu.pl\/centra-badawcze\/scw\/wp-json\/wp\/v2\/media?parent=276"}],"curies":[{"name":"wp","href":"https:\/\/api.w.org\/{rel}","templated":true}]}}