{"id":281,"date":"2021-07-14T16:31:35","date_gmt":"2021-07-14T14:31:35","guid":{"rendered":"https:\/\/us.edu.pl\/centra-badawcze\/scw\/?page_id=281"},"modified":"2025-09-17T10:54:12","modified_gmt":"2025-09-17T08:54:12","slug":"zespol","status":"publish","type":"page","link":"https:\/\/us.edu.pl\/centra-badawcze\/scw\/zespol\/","title":{"rendered":"zesp\u00f3\u0142"},"content":{"rendered":"<p>[vc_row][vc_column][vc_column_text][\/vc_column_text][\/vc_column][\/vc_row][vc_row][vc_column][vc_column_text][\/vc_column_text][\/vc_column][\/vc_row][vc_row el_class=&#8221;container&#8221;][vc_column]\r\n                <div class=\"text-modules\">\r\n                    <div class=\"container\">\r\n                        <h3 class=\"page-title text__title\">\u015aCW | zesp\u00f3\u0142<\/h3>\r\n                        <div class=\"text-modules__content\"><\/div>\r\n                    <\/div>\r\n                <\/div>[\/vc_column][\/vc_row][vc_row content_placement=&#8221;middle&#8221; el_class=&#8221;container&#8221;][vc_column width=&#8221;1\/4&#8243; el_class=&#8221;foto&#8221;]\r\n                <div class=\"text-modules\">\r\n                    <div class=\"container\">\r\n                        \r\n                        <div class=\"text-modules__content\"><p><img class=\"alignnone wp-image-284 size-full\" src=\"https:\/\/us.edu.pl\/centra-badawcze\/scw\/wp-content\/uploads\/sites\/63\/Zdj\u0119cia\/zesp\u00f3\u0142\/A.Wo\u017anica.jpg\" alt=\"Andrzej Wo\u017anica\" width=\"100%\" height=\"auto\" srcset=\"https:\/\/us.edu.pl\/centra-badawcze\/scw\/wp-content\/uploads\/sites\/63\/Zdj\u0119cia\/zesp\u00f3\u0142\/A.Wo\u017anica.jpg 500w, https:\/\/us.edu.pl\/centra-badawcze\/scw\/wp-content\/uploads\/sites\/63\/Zdj\u0119cia\/zesp\u00f3\u0142\/A.Wo\u017anica-150x150.jpg 150w\" sizes=\"(max-width: 500px) 100vw, 500px\" \/><\/p>\n<\/div>\r\n                    <\/div>\r\n                <\/div>[\/vc_column][vc_column width=&#8221;2\/4&#8243;]\r\n                <div class=\"text-modules\">\r\n                    <div class=\"container\">\r\n                        \r\n                        <div class=\"text-modules__content\"><p><span style=\"font-size: 80%;\">dr hab. <\/span><span style=\"font-size: 110%;\">ANDRZEJ WO\u0179NICA, <\/span><span style=\"font-size: 80%;\">prof. U\u015a <\/span><\/p>\n<hr \/>\n<p><small><span style=\"letter-spacing: 0.4mm; color: #333333; font-size: 100%;\">DYREKTOR \u015aL\u0104SKIEGO CENTRUM WODY<\/span><\/small><br \/>\n<small><span style=\"color: #011535; font-family: PT Sans Narrow;\">Wydzia\u0142 Nauk Przyrodniczych U\u015a<\/span><\/small><br \/>\n<a href=\"https:\/\/ab.us.edu.pl\/emp?id=31142\"><span style=\"font-size: 80%; color: #011535;\">kontakt<\/span><\/a><\/p>\n<p><a style=\"color: #333333;\" href=\"https:\/\/us.edu.pl\/centra-badawcze\/scw\/wp-content\/uploads\/sites\/63\/Pliki\/notki-bio\/Biogram_Andrzej-Wo\u017anica.pdf\" class=\"mtli_attachment mtli_pdf\" class=\"mtli_attachment mtli_pdf\"><span style=\"font-size: small;\">notka biograficzna<\/span><\/a><\/p>\n<\/div>\r\n                    <\/div>\r\n                <\/div>[\/vc_column][vc_column width=&#8221;1\/4&#8243; el_class=&#8221;foto&#8221;][\/vc_column][\/vc_row][vc_row el_class=&#8221;container&#8221;][vc_column][vc_empty_space height=&#8221;16px&#8221;][\/vc_column][\/vc_row][vc_row content_placement=&#8221;bottom&#8221; css=&#8221;.vc_custom_1621590311328{margin-top: 2px !important;border-top-width: 2px !important;padding-top: 2px !important;border-top-color: #000000 !important;}&#8221; el_class=&#8221;container linki&#8221;][vc_column width=&#8221;1\/4&#8243; el_class=&#8221;foto&#8221;]\r\n                <div class=\"text-modules\">\r\n                    <div class=\"container\">\r\n                        \r\n                        <div class=\"text-modules__content\"><p><img class=\"alignnone size-full wp-image-286\" src=\"https:\/\/us.edu.pl\/centra-badawcze\/scw\/wp-content\/uploads\/sites\/63\/Zdj\u0119cia\/zesp\u00f3\u0142\/D.Absalon.jpg\" alt=\"D.Absalon\" width=\"100%\" height=\"auto\" srcset=\"https:\/\/us.edu.pl\/centra-badawcze\/scw\/wp-content\/uploads\/sites\/63\/Zdj\u0119cia\/zesp\u00f3\u0142\/D.Absalon.jpg 500w, https:\/\/us.edu.pl\/centra-badawcze\/scw\/wp-content\/uploads\/sites\/63\/Zdj\u0119cia\/zesp\u00f3\u0142\/D.Absalon-150x150.jpg 150w\" sizes=\"(max-width: 500px) 100vw, 500px\" \/><\/p>\n<\/div>\r\n                    <\/div>\r\n                <\/div>[\/vc_column][vc_column width=&#8221;1\/4&#8243;]\r\n                <div class=\"text-modules\">\r\n                    <div class=\"container\">\r\n                        \r\n                        <div class=\"text-modules__content\"><p><span style=\"font-size: 80%;\">dr hab. <\/span><span style=\"font-size: 110%;\">DAMIAN ABSALON, <\/span><span style=\"font-size: 80%;\">prof. U\u015a <\/span><\/p>\n<hr \/>\n<p><small><span style=\"letter-spacing: 0.4mm; color: #333333; font-size: 100%;\">ZAST\u0118PCA DYREKTORA \u015aCW DS. NAUKOWYCH<\/span><\/small><br \/>\n<small><span style=\"color: #011535; font-family: PT Sans Narrow;\">Wydzia\u0142 Nauk Przyrodniczych U\u015a<\/span><\/small><br \/>\n<a href=\"https:\/\/ab.us.edu.pl\/emp?id=22\"><span style=\"font-size: 80%; color: #011535;\">kontakt<\/span><\/a><\/p>\n<p><a style=\"color: #333333;\" href=\"https:\/\/us.edu.pl\/centra-badawcze\/scw\/wp-content\/uploads\/sites\/63\/Pliki\/notki-bio\/Biogram_Damian-Absalon.pdf\" class=\"mtli_attachment mtli_pdf\" class=\"mtli_attachment mtli_pdf\"><span style=\"font-size: small;\">notka biograficzna<\/span><\/a><\/p>\n<\/div>\r\n                    <\/div>\r\n                <\/div>[\/vc_column][vc_column width=&#8221;1\/4&#8243; el_class=&#8221;foto&#8221;][\/vc_column][vc_column width=&#8221;1\/4&#8243;][\/vc_column][\/vc_row][vc_row content_placement=&#8221;bottom&#8221; css=&#8221;.vc_custom_1621588280627{margin-top: 2px !important;border-top-width: 2px !important;padding-top: 2px !important;border-top-color: #000000 !important;}&#8221; el_class=&#8221;container linki&#8221;][vc_column el_class=&#8221;foto&#8221;][vc_empty_space height=&#8221;16px&#8221;][\/vc_column][\/vc_row][vc_row content_placement=&#8221;bottom&#8221; css=&#8221;.vc_custom_1621588280627{margin-top: 2px !important;border-top-width: 2px !important;padding-top: 2px !important;border-top-color: #000000 !important;}&#8221; el_class=&#8221;container linki&#8221;][vc_column width=&#8221;1\/4&#8243; el_class=&#8221;foto&#8221;]\r\n                <div class=\"text-modules\">\r\n                    <div class=\"container\">\r\n                        \r\n                        <div class=\"text-modules__content\"><p><img class=\"alignnone size-full wp-image-282\" src=\"https:\/\/us.edu.pl\/centra-badawcze\/scw\/wp-content\/uploads\/sites\/63\/Zdj\u0119cia\/zesp\u00f3\u0142\/A.-Babczy\u0144ska.jpg\" alt=\"A. Babczy\u0144ska\" width=\"100%\" height=\"auto\" srcset=\"https:\/\/us.edu.pl\/centra-badawcze\/scw\/wp-content\/uploads\/sites\/63\/Zdj\u0119cia\/zesp\u00f3\u0142\/A.-Babczy\u0144ska.jpg 500w, https:\/\/us.edu.pl\/centra-badawcze\/scw\/wp-content\/uploads\/sites\/63\/Zdj\u0119cia\/zesp\u00f3\u0142\/A.-Babczy\u0144ska-150x150.jpg 150w\" sizes=\"(max-width: 500px) 100vw, 500px\" \/><\/p>\n<\/div>\r\n                    <\/div>\r\n                <\/div>[\/vc_column][vc_column width=&#8221;1\/4&#8243;]\r\n                <div class=\"text-modules\">\r\n                    <div class=\"container\">\r\n                        \r\n                        <div class=\"text-modules__content\"><p><span style=\"font-size: 80%;\">dr hab. <\/span><span style=\"font-size: 110%;\">AGNIESZKA BABCZY\u0143SKA, <\/span><span style=\"font-size: 80%;\">prof. U\u015a <\/span><\/p>\n<hr \/>\n<p><small><span style=\"color: #011535; font-family: PT Sans Narrow;\">Wydzia\u0142 Nauk Przyrodniczych U\u015a<\/span><\/small><br \/>\n<a href=\"https:\/\/ab.us.edu.pl\/emp?id=472\"><span style=\"font-size: 80%; color: #011535;\">kontakt<\/span><\/a><\/p>\n<\/div>\r\n                    <\/div>\r\n                <\/div>[\/vc_column][vc_column width=&#8221;1\/4&#8243; el_class=&#8221;foto&#8221;]\r\n                <div class=\"text-modules\">\r\n                    <div class=\"container\">\r\n                        \r\n                        <div class=\"text-modules__content\"><p><img class=\"alignnone size-full wp-image-288\" src=\"https:\/\/us.edu.pl\/centra-badawcze\/scw\/wp-content\/uploads\/sites\/63\/Zdj\u0119cia\/zesp\u00f3\u0142\/M.Krodkiewska.jpg\" alt=\"M. Krodkiewska\" width=\"100%\" height=\"auto\" srcset=\"https:\/\/us.edu.pl\/centra-badawcze\/scw\/wp-content\/uploads\/sites\/63\/Zdj\u0119cia\/zesp\u00f3\u0142\/M.Krodkiewska.jpg 500w, https:\/\/us.edu.pl\/centra-badawcze\/scw\/wp-content\/uploads\/sites\/63\/Zdj\u0119cia\/zesp\u00f3\u0142\/M.Krodkiewska-150x150.jpg 150w\" sizes=\"(max-width: 500px) 100vw, 500px\" \/><\/p>\n<\/div>\r\n                    <\/div>\r\n                <\/div>[\/vc_column][vc_column width=&#8221;1\/4&#8243;]\r\n                <div class=\"text-modules\">\r\n                    <div class=\"container\">\r\n                        \r\n                        <div class=\"text-modules__content\"><p><span style=\"font-size: 80%;\">dr hab. <\/span><span style=\"font-size: 110%;\">MARIOLA KRODKIEWSKA, <\/span><span style=\"font-size: 80%;\">prof. U\u015a <\/span><\/p>\n<hr \/>\n<p><small><span style=\"color: #011535; font-family: PT Sans Narrow;\">Wydzia\u0142 Nauk Przyrodniczych U\u015a<\/span><\/small><br \/>\n<a href=\"https:\/\/ab.us.edu.pl\/emp?id=13372\"><span style=\"font-size: 80%; color: #011535;\">kontakt<\/span><\/a><\/p>\n<p><a style=\"color: #333333;\" href=\"https:\/\/us.edu.pl\/centra-badawcze\/scw\/wp-content\/uploads\/sites\/63\/Pliki\/notki-bio\/Biogram_Mariola-Krodkiewska.pdf\" class=\"mtli_attachment mtli_pdf\" class=\"mtli_attachment mtli_pdf\"><span style=\"font-size: small;\">notka biograficzna<\/span><\/a><\/p>\n<\/div>\r\n                    <\/div>\r\n                <\/div>[\/vc_column][\/vc_row][vc_row content_placement=&#8221;bottom&#8221; css=&#8221;.vc_custom_1621588280627{margin-top: 2px !important;border-top-width: 2px !important;padding-top: 2px !important;border-top-color: #000000 !important;}&#8221; el_class=&#8221;container linki&#8221;][vc_column el_class=&#8221;foto&#8221;][vc_empty_space height=&#8221;16px&#8221;][\/vc_column][\/vc_row][vc_row content_placement=&#8221;bottom&#8221; css=&#8221;.vc_custom_1621588280627{margin-top: 2px !important;border-top-width: 2px !important;padding-top: 2px !important;border-top-color: #000000 !important;}&#8221; el_class=&#8221;container linki&#8221;][vc_column width=&#8221;1\/4&#8243; el_class=&#8221;foto&#8221;]\r\n                <div class=\"text-modules\">\r\n                    <div class=\"container\">\r\n                        \r\n                        <div class=\"text-modules__content\"><p><img class=\"alignnone size-full wp-image-287\" src=\"https:\/\/us.edu.pl\/centra-badawcze\/scw\/wp-content\/uploads\/sites\/63\/Zdj\u0119cia\/zesp\u00f3\u0142\/E.Sierka.jpg\" alt=\"E.Sierka\" width=\"100%\" height=\"auto\" srcset=\"https:\/\/us.edu.pl\/centra-badawcze\/scw\/wp-content\/uploads\/sites\/63\/Zdj\u0119cia\/zesp\u00f3\u0142\/E.Sierka.jpg 500w, https:\/\/us.edu.pl\/centra-badawcze\/scw\/wp-content\/uploads\/sites\/63\/Zdj\u0119cia\/zesp\u00f3\u0142\/E.Sierka-150x150.jpg 150w\" sizes=\"(max-width: 500px) 100vw, 500px\" \/><\/p>\n<\/div>\r\n                    <\/div>\r\n                <\/div>[\/vc_column][vc_column width=&#8221;1\/4&#8243;]\r\n                <div class=\"text-modules\">\r\n                    <div class=\"container\">\r\n                        \r\n                        <div class=\"text-modules__content\"><p><span style=\"font-size: 80%;\">dr hab. <\/span><span style=\"font-size: 110%;\">EDYTA SIERKA, <\/span><span style=\"font-size: 80%;\">prof. U\u015a <\/span><\/p>\n<hr \/>\n<p><small><span style=\"color: #011535; font-family: PT Sans Narrow;\">Wydzia\u0142 Nauk Przyrodniczych U\u015a<\/span><\/small><br \/>\n<small><span style=\"color: #011535; font-family: PT Sans Narrow;\">Dyrektor Kolegium Indywidualnych Studi\u00f3w Mi\u0119dzyobszarowych<\/span><\/small><br \/>\n<a href=\"https:\/\/ab.us.edu.pl\/emp?id=24582\"><span style=\"font-size: 80%; color: #011535;\">kontakt<\/span><\/a><\/p>\n<p><a style=\"color: #333333;\" href=\"https:\/\/us.edu.pl\/centra-badawcze\/scw\/wp-content\/uploads\/sites\/63\/Pliki\/notki-bio\/Biogram_Edyta-Sierka.pdf\" class=\"mtli_attachment mtli_pdf\" class=\"mtli_attachment mtli_pdf\"><span style=\"font-size: small;\">notka biograficzna<\/span><\/a><\/p>\n<\/div>\r\n                    <\/div>\r\n                <\/div>[\/vc_column][vc_column width=&#8221;1\/4&#8243; el_class=&#8221;foto&#8221;]\r\n                <div class=\"text-modules\">\r\n                    <div class=\"container\">\r\n                        \r\n                        <div class=\"text-modules__content\"><p><img class=\"alignnone size-full wp-image-291\" src=\"https:\/\/us.edu.pl\/centra-badawcze\/scw\/wp-content\/uploads\/sites\/63\/Zdj\u0119cia\/zesp\u00f3\u0142\/M.Matysik.jpg\" alt=\"M.Matysik\" width=\"100%\" height=\"auto\" srcset=\"https:\/\/us.edu.pl\/centra-badawcze\/scw\/wp-content\/uploads\/sites\/63\/Zdj\u0119cia\/zesp\u00f3\u0142\/M.Matysik.jpg 500w, https:\/\/us.edu.pl\/centra-badawcze\/scw\/wp-content\/uploads\/sites\/63\/Zdj\u0119cia\/zesp\u00f3\u0142\/M.Matysik-150x150.jpg 150w\" sizes=\"(max-width: 500px) 100vw, 500px\" \/><\/p>\n<\/div>\r\n                    <\/div>\r\n                <\/div>[\/vc_column][vc_column width=&#8221;1\/4&#8243;]\r\n                <div class=\"text-modules\">\r\n                    <div class=\"container\">\r\n                        \r\n                        <div class=\"text-modules__content\"><p><span style=\"font-size: 80%;\">dr hab. <\/span><span style=\"font-size: 110%;\">MAGDALENA MATYSIK<\/span><\/p>\n<hr \/>\n<p><small><span style=\"color: #011535; font-family: PT Sans Narrow;\">Wydzia\u0142 Nauk Przyrodniczych U\u015a<\/span><\/small><br \/>\n<a href=\"https:\/\/ab.us.edu.pl\/emp?id=16992\"><span style=\"font-size: 80%; color: #16992;\">kontakt<\/span><\/a><\/p>\n<p><a style=\"color: #333333;\" href=\"https:\/\/us.edu.pl\/centra-badawcze\/scw\/wp-content\/uploads\/sites\/63\/Pliki\/notki-bio\/Biogram_Magdalena-Matysik.pdf\" class=\"mtli_attachment mtli_pdf\" class=\"mtli_attachment mtli_pdf\"><span style=\"font-size: small;\">notka biograficzna<\/span><\/a><\/p>\n<\/div>\r\n                    <\/div>\r\n                <\/div>[\/vc_column][\/vc_row][vc_row content_placement=&#8221;bottom&#8221; css=&#8221;.vc_custom_1621588280627{margin-top: 2px !important;border-top-width: 2px !important;padding-top: 2px !important;border-top-color: #000000 !important;}&#8221; el_class=&#8221;container linki&#8221;][vc_column el_class=&#8221;foto&#8221;][vc_empty_space height=&#8221;16px&#8221;][\/vc_column][\/vc_row][vc_row content_placement=&#8221;bottom&#8221; css=&#8221;.vc_custom_1621588280627{margin-top: 2px !important;border-top-width: 2px !important;padding-top: 2px !important;border-top-color: #000000 !important;}&#8221; el_class=&#8221;container linki&#8221;][vc_column width=&#8221;1\/4&#8243; el_class=&#8221;foto&#8221;]\r\n                <div class=\"text-modules\">\r\n                    <div class=\"container\">\r\n                        \r\n                        <div class=\"text-modules__content\"><p><img class=\"alignnone size-full wp-image-289\" src=\"https:\/\/us.edu.pl\/centra-badawcze\/scw\/wp-content\/uploads\/sites\/63\/Zdj\u0119cia\/zesp\u00f3\u0142\/M.Krzy\u017cowski.jpg\" alt=\"M.Krzy\u017cowski\" width=\"100%\" height=\"auto\" srcset=\"https:\/\/us.edu.pl\/centra-badawcze\/scw\/wp-content\/uploads\/sites\/63\/Zdj\u0119cia\/zesp\u00f3\u0142\/M.Krzy\u017cowski.jpg 500w, https:\/\/us.edu.pl\/centra-badawcze\/scw\/wp-content\/uploads\/sites\/63\/Zdj\u0119cia\/zesp\u00f3\u0142\/M.Krzy\u017cowski-150x150.jpg 150w\" sizes=\"(max-width: 500px) 100vw, 500px\" \/><\/p>\n<\/div>\r\n                    <\/div>\r\n                <\/div>[\/vc_column][vc_column width=&#8221;1\/4&#8243;]\r\n                <div class=\"text-modules\">\r\n                    <div class=\"container\">\r\n                        \r\n                        <div class=\"text-modules__content\"><p><span style=\"font-size: 80%;\">dr <\/span><span style=\"font-size: 110%;\">MICHA\u0141 KRZY\u017bOWSKI<\/span><\/p>\n<hr \/>\n<p><small><span style=\"color: #011535; font-family: PT Sans Narrow;\">Wydzia\u0142 Nauk Przyrodniczych U\u015a<\/span><\/small><br \/>\n<a href=\"https:\/\/ab.us.edu.pl\/emp?id=65333\"><span style=\"font-size: 80%; color: #54803;\">kontakt<\/span><\/a><\/p>\n<\/div>\r\n                    <\/div>\r\n                <\/div>[\/vc_column][vc_column width=&#8221;1\/4&#8243; el_class=&#8221;foto&#8221;][\/vc_column][vc_column width=&#8221;1\/4&#8243;][\/vc_column][\/vc_row][vc_row][vc_column][vc_column_text][\/vc_column_text][\/vc_column][\/vc_row][vc_row][vc_column][vc_column_text][\/vc_column_text][\/vc_column][\/vc_row]<\/p>","protected":false},"excerpt":{"rendered":"<p>[vc_row][vc_column][vc_column_text][\/vc_column_text][\/vc_column][\/vc_row][vc_row][vc_column][vc_column_text][\/vc_column_text][\/vc_column][\/vc_row][vc_row el_class=&#8221;container&#8221;][vc_column][\/vc_column][\/vc_row][vc_row content_placement=&#8221;middle&#8221; el_class=&#8221;container&#8221;][vc_column width=&#8221;1\/4&#8243; el_class=&#8221;foto&#8221;][\/vc_column][vc_column width=&#8221;2\/4&#8243;][\/vc_column][vc_column width=&#8221;1\/4&#8243; el_class=&#8221;foto&#8221;][\/vc_column][\/vc_row][vc_row el_class=&#8221;container&#8221;][vc_column][vc_empty_space height=&#8221;16px&#8221;][\/vc_column][\/vc_row][vc_row content_placement=&#8221;bottom&#8221; css=&#8221;.vc_custom_1621590311328{margin-top: 2px !important;border-top-width: 2px !important;padding-top: 2px !important;border-top-color: #000000 !important;}&#8221; el_class=&#8221;container linki&#8221;][vc_column width=&#8221;1\/4&#8243; el_class=&#8221;foto&#8221;][\/vc_column][vc_column width=&#8221;1\/4&#8243;][\/vc_column][vc_column width=&#8221;1\/4&#8243; el_class=&#8221;foto&#8221;][\/vc_column][vc_column width=&#8221;1\/4&#8243;][\/vc_column][\/vc_row][vc_row content_placement=&#8221;bottom&#8221; css=&#8221;.vc_custom_1621588280627{margin-top: 2px !important;border-top-width: 2px !important;padding-top: 2px !important;border-top-color: #000000 !important;}&#8221; el_class=&#8221;container linki&#8221;][vc_column el_class=&#8221;foto&#8221;][vc_empty_space height=&#8221;16px&#8221;][\/vc_column][\/vc_row][vc_row content_placement=&#8221;bottom&#8221; css=&#8221;.vc_custom_1621588280627{margin-top: 2px !important;border-top-width: 2px !important;padding-top: 2px !important;border-top-color: #000000 !important;}&#8221; el_class=&#8221;container linki&#8221;][vc_column [&#8230;]<\/p>\n<p><a class=\"btn btn-secondary understrap-read-more-link\" href=\"https:\/\/us.edu.pl\/centra-badawcze\/scw\/zespol\/\">Read More&#8230;<\/a><\/p>\n","protected":false},"author":139,"featured_media":0,"parent":0,"menu_order":0,"comment_status":"closed","ping_status":"closed","template":"","meta":{"_expiration-date-status":"","_expiration-date":0,"_expiration-date-type":"","_expiration-date-categories":[],"_expiration-date-options":[]},"acf":[],"_links":{"self":[{"href":"https:\/\/us.edu.pl\/centra-badawcze\/scw\/wp-json\/wp\/v2\/pages\/281"}],"collection":[{"href":"https:\/\/us.edu.pl\/centra-badawcze\/scw\/wp-json\/wp\/v2\/pages"}],"about":[{"href":"https:\/\/us.edu.pl\/centra-badawcze\/scw\/wp-json\/wp\/v2\/types\/page"}],"author":[{"embeddable":true,"href":"https:\/\/us.edu.pl\/centra-badawcze\/scw\/wp-json\/wp\/v2\/users\/139"}],"replies":[{"embeddable":true,"href":"https:\/\/us.edu.pl\/centra-badawcze\/scw\/wp-json\/wp\/v2\/comments?post=281"}],"version-history":[{"count":10,"href":"https:\/\/us.edu.pl\/centra-badawcze\/scw\/wp-json\/wp\/v2\/pages\/281\/revisions"}],"predecessor-version":[{"id":1616,"href":"https:\/\/us.edu.pl\/centra-badawcze\/scw\/wp-json\/wp\/v2\/pages\/281\/revisions\/1616"}],"wp:attachment":[{"href":"https:\/\/us.edu.pl\/centra-badawcze\/scw\/wp-json\/wp\/v2\/media?parent=281"}],"curies":[{"name":"wp","href":"https:\/\/api.w.org\/{rel}","templated":true}]}}