{"id":348,"date":"2021-07-16T11:13:04","date_gmt":"2021-07-16T09:13:04","guid":{"rendered":"https:\/\/us.edu.pl\/centra-badawcze\/scw\/?page_id=348"},"modified":"2021-12-16T23:33:18","modified_gmt":"2021-12-16T22:33:18","slug":"kolo-naukowe","status":"publish","type":"page","link":"https:\/\/us.edu.pl\/centra-badawcze\/scw\/kolo-naukowe\/","title":{"rendered":"ko\u0142o naukowe"},"content":{"rendered":"<p>[vc_row el_class=&#8221;container&#8221;][vc_column]\r\n                <div class=\"text-modules\">\r\n                    <div class=\"container\">\r\n                        <h3 class=\"page-title text__title\">Ko\u0142o naukowe<\/h3>\r\n                        <div class=\"text-modules__content\"><\/div>\r\n                    <\/div>\r\n                <\/div>[\/vc_column][\/vc_row][vc_row el_class=&#8221;container&#8221;][vc_column width=&#8221;1\/3&#8243;]\r\n                <div class=\"text-modules\">\r\n                    <div class=\"container\">\r\n                        \r\n                        <div class=\"text-modules__content\"><\/p>\n<p style=\"text-align: right;\"><strong><small><span style=\"letter-spacing: 0.5mm; color: #011535; font-size: 12pt; font-family: PT Sans Narrow; font-weight: bolder;\">Mi\u0119dzywydzia\u0142owe<br \/>\nKo\u0142o<br \/>\nNaukowe<\/span><\/small><\/strong><\/p>\n<hr \/>\n<p style=\"text-align: right;\"><strong><small><span style=\"letter-spacing: 0.8mm; color: #9b132a; font-size: 16pt; font-family: PT Sans Narrow;\">\u201eELEMENTUM\u201d<\/span><\/small><\/strong><\/p>\n<p style=\"text-align: right;\"><strong><small><span style=\"letter-spacing: 0.3mm; color: #011535; font-size: 12pt; font-family: PT Sans Narrow; font-weight: bolder;\">dzia\u0142aj\u0105ce przy \u015aCW<\/span><\/small><\/strong><\/p>\n<p>\n<\/div>\r\n                    <\/div>\r\n                <\/div>[\/vc_column][vc_column width=&#8221;2\/3&#8243;]\r\n                <div class=\"text-modules\">\r\n                    <div class=\"container\">\r\n                        \r\n                        <div class=\"text-modules__content\"><p>G\u0142\u00f3wnym celem dzia\u0142alno\u015bci ko\u0142a naukowego jest przygotowanie student\u00f3w I i II stopnia Wydzia\u0142u Nauk Przyrodniczych oraz Wydzia\u0142u Nauk \u015acis\u0142ych i Technicznych Uniwersytetu \u015al\u0105skiego w Katowicach do pracy w interdyscyplinarnych zespo\u0142ach naukowych w zakresie zagadnie\u0144 zwi\u0105zanych z ekosystemami wodnymi.<\/p>\n<p>W prowadzonych badaniach skupiamy si\u0119 na zbiornikach wodnych maj\u0105cych znaczenie gospodarcze, przyrodnicze i rekreacyjne. Nasze badania obejmuj\u0105 analiz\u0119 akwen\u00f3w pod k\u0105tem parametr\u00f3w morfometrycznych, analiz\u0119 parametr\u00f3w fizyczno-chemicznych i biologicznych w\u00f3d, modelowanie numeryczne zbiornik\u00f3w, identyfikowanie problem\u00f3w napotkanych podczas eksploatacji zbiornik\u00f3w oraz proponowanie dzia\u0142a\u0144 maj\u0105cych na celu ich rozwi\u0105zanie.<\/p>\n<p>Studenci w ramach dzia\u0142alno\u015bci ko\u0142a maj\u0105 mo\u017cliwo\u015b\u0107 pracy w interdyscyplinarnym zespole pod okiem do\u015bwiadczonych pracownik\u00f3w naukowych, udzia\u0142u w badaniach terenowych ze szczeg\u00f3lnym uwzgl\u0119dnieniem zbiornik\u00f3w wodnych o du\u017cym znaczeniu dla spo\u0142eczno\u015bci lokalnych, gospodarki wodnej kraju oraz o szczeg\u00f3lnych walorach przyrodniczych. W ramach dzia\u0142alno\u015bci ko\u0142a studenci mog\u0105 uczestniczy\u0107 w licznych warsztatach naukowych oraz seminariach.<\/p>\n<p>Cz\u0142onkowie ko\u0142a uzyskaj\u0105 do\u015bwiadczenie w pracy w zespole, cenione na dzisiejszym rynku pracy, zapoznaj\u0105 si\u0119 z obs\u0142ug\u0105 specjalistycznego oprogramowania komputerowego oraz sprz\u0119tu terenowego i laboratoryjnego.<\/p>\n<\/div>\r\n                    <\/div>\r\n                <\/div>[\/vc_column][\/vc_row]<\/p>","protected":false},"excerpt":{"rendered":"<p>[vc_row el_class=&#8221;container&#8221;][vc_column][\/vc_column][\/vc_row][vc_row el_class=&#8221;container&#8221;][vc_column width=&#8221;1\/3&#8243;][\/vc_column][vc_column width=&#8221;2\/3&#8243;][\/vc_column][\/vc_row] [&#8230;]<\/p>\n<p><a class=\"btn btn-secondary understrap-read-more-link\" href=\"https:\/\/us.edu.pl\/centra-badawcze\/scw\/kolo-naukowe\/\">Read More&#8230;<\/a><\/p>\n","protected":false},"author":139,"featured_media":0,"parent":0,"menu_order":0,"comment_status":"closed","ping_status":"closed","template":"","meta":{"_expiration-date-status":"saved","_expiration-date":0,"_expiration-date-type":"","_expiration-date-categories":[],"_expiration-date-options":[]},"acf":[],"_links":{"self":[{"href":"https:\/\/us.edu.pl\/centra-badawcze\/scw\/wp-json\/wp\/v2\/pages\/348"}],"collection":[{"href":"https:\/\/us.edu.pl\/centra-badawcze\/scw\/wp-json\/wp\/v2\/pages"}],"about":[{"href":"https:\/\/us.edu.pl\/centra-badawcze\/scw\/wp-json\/wp\/v2\/types\/page"}],"author":[{"embeddable":true,"href":"https:\/\/us.edu.pl\/centra-badawcze\/scw\/wp-json\/wp\/v2\/users\/139"}],"replies":[{"embeddable":true,"href":"https:\/\/us.edu.pl\/centra-badawcze\/scw\/wp-json\/wp\/v2\/comments?post=348"}],"version-history":[{"count":4,"href":"https:\/\/us.edu.pl\/centra-badawcze\/scw\/wp-json\/wp\/v2\/pages\/348\/revisions"}],"predecessor-version":[{"id":506,"href":"https:\/\/us.edu.pl\/centra-badawcze\/scw\/wp-json\/wp\/v2\/pages\/348\/revisions\/506"}],"wp:attachment":[{"href":"https:\/\/us.edu.pl\/centra-badawcze\/scw\/wp-json\/wp\/v2\/media?parent=348"}],"curies":[{"name":"wp","href":"https:\/\/api.w.org\/{rel}","templated":true}]}}