{"id":930,"date":"2023-03-06T21:42:11","date_gmt":"2023-03-06T20:42:11","guid":{"rendered":"https:\/\/us.edu.pl\/centra-badawcze\/scw\/?page_id=930"},"modified":"2023-04-16T05:16:31","modified_gmt":"2023-04-16T03:16:31","slug":"konferencja-rzeka-odra-2022-co-wiemy-o-katastrofie-ekologicznej","status":"publish","type":"page","link":"https:\/\/us.edu.pl\/centra-badawcze\/scw\/konferencja-rzeka-odra-2022-co-wiemy-o-katastrofie-ekologicznej\/","title":{"rendered":"Konferencja &#8222;RZEKA ODRA 2022 \u2013 CO WIEMY O KATASTROFIE EKOLOGICZNEJ&#8221;"},"content":{"rendered":"<p>[vc_row][vc_column][vc_column_text][\/vc_column_text][\/vc_column][\/vc_row][vc_row][vc_column width=&#8221;2\/3&#8243;][vc_column_text]Szanowni Pa\u0144stwo,<br \/>\nserdecznie dzi\u0119kujemy za uczestnictwo w konferencji naukowo-technicznej, kt\u00f3ra odby\u0142a si\u0119 24 marca 2023 r., pt.:<\/p>\n<p style=\"text-align: center;\"><strong>\u201eRZEKA ODRA 2022 \u2013 CO WIEMY O KATASTROFIE EKOLOGICZNEJ\u201d<\/strong><\/p>\n<p><strong><img class=\"alignnone wp-image-798\" src=\"https:\/\/us.edu.pl\/centra-badawcze\/scw\/wp-content\/uploads\/sites\/63\/Grafiki\/\u015awiatowy-Dzie\u0144-Wody-600x185.png\" alt=\"\u015awiatowy Dzie\u0144 Wody\" width=\"354\" height=\"109\" srcset=\"https:\/\/us.edu.pl\/centra-badawcze\/scw\/wp-content\/uploads\/sites\/63\/Grafiki\/\u015awiatowy-Dzie\u0144-Wody-600x185.png 600w, https:\/\/us.edu.pl\/centra-badawcze\/scw\/wp-content\/uploads\/sites\/63\/Grafiki\/\u015awiatowy-Dzie\u0144-Wody-768x237.png 768w, https:\/\/us.edu.pl\/centra-badawcze\/scw\/wp-content\/uploads\/sites\/63\/Grafiki\/\u015awiatowy-Dzie\u0144-Wody-2000x618.png 2000w, https:\/\/us.edu.pl\/centra-badawcze\/scw\/wp-content\/uploads\/sites\/63\/Grafiki\/\u015awiatowy-Dzie\u0144-Wody-575x178.png 575w\" sizes=\"(max-width: 354px) 100vw, 354px\" \/><\/strong><\/p>\n<p><strong>MIEJSCE KONFERENCJI<br \/>\n<\/strong>Uniwersytet \u015al\u0105ski, Wydzia\u0142 Nauk Przyrodniczych<br \/>\nSosnowiec<br \/>\nul. B\u0119dzi\u0144ska 60<br \/>\nAula Mi\u0119dzywydzia\u0142owa<\/p>\n<p style=\"text-align: left;\"><strong><img class=\"alignnone wp-image-1030\" src=\"https:\/\/us.edu.pl\/centra-badawcze\/scw\/wp-content\/uploads\/sites\/63\/Zdjecia\/Odra-konferencja-grafika-2023-600x404.jpg\" alt=\"Zaproszenie na konferencj\u0119 Odra 2023 r.\" width=\"394\" height=\"265\" srcset=\"https:\/\/us.edu.pl\/centra-badawcze\/scw\/wp-content\/uploads\/sites\/63\/Zdjecia\/Odra-konferencja-grafika-2023-600x404.jpg 600w, https:\/\/us.edu.pl\/centra-badawcze\/scw\/wp-content\/uploads\/sites\/63\/Zdjecia\/Odra-konferencja-grafika-2023-768x517.jpg 768w, https:\/\/us.edu.pl\/centra-badawcze\/scw\/wp-content\/uploads\/sites\/63\/Zdjecia\/Odra-konferencja-grafika-2023-575x387.jpg 575w, https:\/\/us.edu.pl\/centra-badawcze\/scw\/wp-content\/uploads\/sites\/63\/Zdjecia\/Odra-konferencja-grafika-2023.jpg 916w\" sizes=\"(max-width: 394px) 100vw, 394px\" \/><\/strong><\/p>\n<p><a href=\"https:\/\/us.edu.pl\/centra-badawcze\/scw\/wp-content\/uploads\/sites\/63\/Pliki\/Konferencja-ODRA2022-program.pdf\" class=\"mtli_attachment mtli_pdf\" target=\"_blank\" rel=\"noopener\">FOLDER Z PROGRAMEM KONFERENCJI DO POBRANIA (PLIK PDF) &#8212;&gt;<\/a><\/p>\n<p style=\"text-align: left;\"><strong>PROGRAM KONFERENCJI<\/strong><\/p>\n<p style=\"text-align: left;\">9:00 \u2013 10:00 REJESTRACJA<br \/>\n10:00 \u2013 10:30<br \/>\nOtwarcie Konferencji. Przem\u00f3wienia okoliczno\u015bciowe:<br \/>\nRyszard Kozio\u0142ek \u2013 Jego Magnificencja Rektor Uniwersytetu \u015al\u0105skiego<br \/>\nKrzysztof Wo\u015b \u2013 Prezes Pa\u0144stwowego Gospodarstwa Wodnego Wody Polskie<\/p>\n<p>Podpisanie Porozumienia o wsp\u00f3\u0142pracy pomi\u0119dzy \u015al\u0105skim Centrum Wody a Centrum Badawczym Publicznego Prawa Konkurencji i Regulacji Sektorowych.<\/p>\n<p style=\"text-align: left;\">10:30 \u2013 10:50<br \/>\nPrezentacja wyprawy \u201eCzysta rzeka Odra \u2013 Why not?\u201d oraz bada\u0144 po kulminacji katastrofy ekologicznej<br \/>\nAnna Piotrowska (Fundacja Why Not), Andrzej Wo\u017anica, dr hab., prof. U\u015a (Uniwersytet \u015al\u0105ski w Katowicach)<\/p>\n<p style=\"text-align: left;\">10:50 \u2013 11:10<br \/>\nSytuacja hydrologiczna na rzece Odrze w lipcu i w pa\u017adzierniku 2022<br \/>\nDamian Absalon, dr hab., prof. U\u015a, Magdalena Matysik, dr hab. (Uniwersytet \u015al\u0105ski w Katowicach)<\/p>\n<p style=\"text-align: left;\">11:10 \u2013 11:30<br \/>\nJako\u015b\u0107 w\u00f3d rzeki Odry w \u015bwietle bada\u0144 terenowych i laboratoryjnych<br \/>\nAndrzej Wo\u017anica, dr hab., prof. U\u015a, Magdalena Matysik, dr hab., Damian Absalon, dr hab., prof. U\u015a (Uniwersytet \u015al\u0105ski w Katowicach)<\/p>\n<p style=\"text-align: left;\">11:30 \u2013 11:50<br \/>\nStan wiedzy o sytuacji w Odrze latem 2022 \u2013 wyniki raportu<br \/>\nAgnieszka Kolada, dr. hab., prof. IO\u015a-PIB (IO\u015a-PIB w Warszawie)<\/p>\n<p style=\"text-align: left;\">11:50 \u2013 12.20 PRZERWA<\/p>\n<p style=\"text-align: left;\">12:20 \u2013 12:40<br \/>\nJak analizowa\u0107 skutki zdarze\u0144 katastrofalnych dla oceny ich przyczyn<br \/>\nWanda Jarosz mgr in\u017c. (IETU Katowice), Magdalena Matysik, dr hab., Andrzej Wo\u017anica, dr hab., prof. U\u015a, Damian Absalon, dr hab., prof. U\u015a (Uniwersytet \u015al\u0105ski w Katowicach), Agnieszka Kolada, dr. hab., prof. IO\u015a-PIB (IO\u015a-PIB w Warszawie)<\/p>\n<p style=\"text-align: left;\">12:40 \u2013 13:00<br \/>\nKatastrofa ekologiczna \u2013 pr\u00f3ba oceny potencjalnych przyczyn zjawiska<br \/>\nAndrzej Wo\u017anica, dr hab., prof. U\u015a, Damian Absalon, dr hab., prof. U\u015a , Magdalena Matysik, dr hab. (Uniwersytet \u015al\u0105ski w Katowicach), Ma\u0142gorzata B\u0105k, dr hab., prof. USz (Uniwersytet Szczeci\u0144ski), Natalia Janczewska, mgr (Szko\u0142a Doktorska Uniwersytetu \u015al\u0105skiego w Katowicach, PGW Wody Polskie, RZGW w Gliwicach), Anna Cieplok dr, (Uniwersytet \u015al\u0105ski w Katowicach), Agnieszka Kolada, dr. hab., prof. IO\u015a-PIB, Agnieszka Pasztaleniec, dr. hab., prof. IO\u015a-PIB (IO\u015a PIB w Warszawie), Jerzy Karczewski, mgr, Marcin Lipowczan, dr (Uniwersytet \u015al\u0105ski w Katowicach)<\/p>\n<p style=\"text-align: left;\">13:00 \u2013 13:20<br \/>\nDetekcja zmian parametr\u00f3w hydrobiologicznych rzeki Odry w lipcu 2022 r. na podstawie pomiar\u00f3w bezpo\u015brednich oraz metod teledetekcyjnych<br \/>\nNatalia Janczewska, mgr (Szko\u0142a Doktorska Uniwersytetu \u015al\u0105skiego w Katowicach, PGW Wody Polskie, RZGW w Gliwicach), Magdalena Matysik, dr hab., Andrzej Wo\u017anica dr hab., prof. U\u015a, Damian Absalon, dr hab., prof. U\u015a (Uniwersytet \u015al\u0105ski w Katowicach)<\/p>\n<p style=\"text-align: left;\">13:20 \u2013 13:40<br \/>\nWybrane aspekty modelu regulacji systemu monitorowania wody<br \/>\nMiros\u0142aw Pawe\u0142czyk, dr hab., prof. U\u015a (Uniwersytet \u015al\u0105ski w Katowicach, Centrum Badawcze Publicznego Prawa Konkurencji i Regulacji Sektorowych), Przemys\u0142aw Winczewski, r.pr., Mariusz W\u0142\u00f3darz, r.pr. (Kancelaria Prawna Pawe\u0142czyk i Wsp\u00f3lnicy)<\/p>\n<p style=\"text-align: left;\">13:40 \u2013 14:00<br \/>\nThe phenomenon of the natural section of the Odra River (CHKO Pood\u0159\u00ed) in the urbanized landscape (Fenomen naturalnego odcinka Odry (CHKO Pood\u0159\u00ed) w krajobrazie zurbanizowanym)<br \/>\nRNDr. Jana Nov\u00e1kov\u00e1, Ph.D., doc. Ing. Barbara Stalmachov\u00e1, CSc. (VSB &#8211; Technical University of Ostrava)<\/p>\n<p style=\"text-align: left;\">14:00 \u2013 14:30 DYSKUSJA I PODSUMOWANIE<\/p>\n<p><strong>KOMITET NAUKOWY<br \/>\n<\/strong><\/p>\n<p>Damian Absalon, dr hab., prof. U\u015a \u2013 Uniwersytet \u015al\u0105ski w Katowicach \u2013 Przewodnicz\u0105cy<br \/>\nRenata Graf, dr hab., prof. UAM \u2013 Uniwersytet im. Adama Mickiewicza w Poznaniu<br \/>\nMicha\u0142 Habel, dr, prof. UKW \u2013 Uniwersytet Kazimierza Wielkiego w Bydgoszczy<br \/>\nAgnieszka Kolada, dr hab., prof. IO\u015a-PIB \u2013 Instytut Ochrony \u015arodowiska w Warszawie<br \/>\nMiros\u0142aw Kurz, dr \u2013 Dyrektor Regionalnego zarz\u0105du Gospodarki Wodnej w Gliwicach<br \/>\nMagdalena Matysik, dr hab. \u2013 Uniwersytet \u015al\u0105ski w Katowicach<br \/>\nEl\u017cbieta Nachlik, prof. dr hab. in\u017c. \u2013 Politechnika Krakowska<br \/>\nMiros\u0142aw Pawe\u0142czyk, dr hab., prof. U\u015a \u2013 Uniwersytet \u015al\u0105ski w Katowicach<br \/>\nKrzysztof Wo\u015b, dr \u2013 Prezes Pa\u0144stwowego Gospodarstwa Wodnego Wody Polskie<br \/>\nAndrzej Wo\u017anica, dr hab., prof. U\u015a \u2013 Uniwersytet \u015al\u0105ski w Katowicach<\/p>\n<p><strong>KOMITET ORGANIZACYJNY<\/strong><\/p>\n<p>Magdalena Matysik, dr hab. \u2013 Uniwersytet \u015al\u0105ski w Katowicach \u2013 Przewodnicz\u0105ca<br \/>\nAndrzej Wo\u017anica, dr hab., prof. U\u015a \u2013 Uniwersytet \u015al\u0105ski w Katowicach<br \/>\nPatrycja Stefa\u0144ska, mgr \u2013 Uniwersytet \u015al\u0105ski w Katowicach \u2013 Sekretarz<br \/>\nDamian Absalon, dr hab., prof. U\u015a \u2013 Uniwersytet \u015al\u0105ski w Katowicach<br \/>\nMarcin Libera, dr in\u017c.\u2013 Uniwersytet \u015al\u0105ski w Katowicach<br \/>\nBartosz \u0141ozowski, dr \u2013 Uniwersytet \u015al\u0105ski w Katowicach<br \/>\nMarian Rojek \u2013 Fundacja Why Not[\/vc_column_text][\/vc_column][vc_column width=&#8221;1\/3&#8243;][vc_column_text]<strong>ORGANIZATORZY:<br \/>\n<\/strong><a href=\"http:\/\/scw.us.edu.pl\" target=\"_blank\" rel=\"noopener noreferrer\"><img class=\"aligncenter wp-image-593 size-full\" src=\"https:\/\/us.edu.pl\/centra-badawcze\/scw\/wp-content\/uploads\/sites\/63\/Grafiki\/SCW_logo.png\" alt=\"\u015al\u0105skie Centrum Wody\" width=\"2426\" height=\"789\" srcset=\"https:\/\/us.edu.pl\/centra-badawcze\/scw\/wp-content\/uploads\/sites\/63\/Grafiki\/SCW_logo.png 2426w, https:\/\/us.edu.pl\/centra-badawcze\/scw\/wp-content\/uploads\/sites\/63\/Grafiki\/SCW_logo-600x195.png 600w, https:\/\/us.edu.pl\/centra-badawcze\/scw\/wp-content\/uploads\/sites\/63\/Grafiki\/SCW_logo-768x250.png 768w, https:\/\/us.edu.pl\/centra-badawcze\/scw\/wp-content\/uploads\/sites\/63\/Grafiki\/SCW_logo-2000x650.png 2000w, https:\/\/us.edu.pl\/centra-badawcze\/scw\/wp-content\/uploads\/sites\/63\/Grafiki\/SCW_logo-575x187.png 575w\" sizes=\"(max-width: 2426px) 100vw, 2426px\" \/><\/a><\/p>\n<p><strong><img class=\"alignnone size-medium wp-image-1001\" src=\"https:\/\/us.edu.pl\/centra-badawcze\/scw\/wp-content\/uploads\/sites\/63\/Grafiki\/CBPPKRS-1024x182-1-600x107.png\" alt=\"Centrum Badawcze Publicznego Prawa Konkurencji i Regulacji Sektorowych\" width=\"600\" height=\"107\" srcset=\"https:\/\/us.edu.pl\/centra-badawcze\/scw\/wp-content\/uploads\/sites\/63\/Grafiki\/CBPPKRS-1024x182-1-600x107.png 600w, https:\/\/us.edu.pl\/centra-badawcze\/scw\/wp-content\/uploads\/sites\/63\/Grafiki\/CBPPKRS-1024x182-1-768x137.png 768w, https:\/\/us.edu.pl\/centra-badawcze\/scw\/wp-content\/uploads\/sites\/63\/Grafiki\/CBPPKRS-1024x182-1-575x102.png 575w, https:\/\/us.edu.pl\/centra-badawcze\/scw\/wp-content\/uploads\/sites\/63\/Grafiki\/CBPPKRS-1024x182-1.png 1024w\" sizes=\"(max-width: 600px) 100vw, 600px\" \/><\/strong><\/p>\n<p>&nbsp;<\/p>\n<p><strong>PATRONAT HONOROWY:<br \/>\n<\/strong><\/p>\n<p style=\"text-align: center;\"><span style=\"color: #993300;\"><strong>Patronat JM Rektora Uniwersytetu \u015al\u0105skiego w Katowicach<\/strong><\/span><br \/>\n<span style=\"color: #993300;\"><strong>prof. dr hab. Ryszarda Kozio\u0142ka<\/strong><\/span><\/p>\n<p><strong><img class=\" wp-image-792 aligncenter\" src=\"https:\/\/us.edu.pl\/centra-badawcze\/scw\/wp-content\/uploads\/sites\/63\/Grafiki\/Patronat-JM-Rektora-600x139.jpg\" alt=\"Patronat JM Rektora\" width=\"522\" height=\"121\" srcset=\"https:\/\/us.edu.pl\/centra-badawcze\/scw\/wp-content\/uploads\/sites\/63\/Grafiki\/Patronat-JM-Rektora-600x139.jpg 600w, https:\/\/us.edu.pl\/centra-badawcze\/scw\/wp-content\/uploads\/sites\/63\/Grafiki\/Patronat-JM-Rektora-768x177.jpg 768w, https:\/\/us.edu.pl\/centra-badawcze\/scw\/wp-content\/uploads\/sites\/63\/Grafiki\/Patronat-JM-Rektora-575x133.jpg 575w, https:\/\/us.edu.pl\/centra-badawcze\/scw\/wp-content\/uploads\/sites\/63\/Grafiki\/Patronat-JM-Rektora.jpg 1520w\" sizes=\"(max-width: 522px) 100vw, 522px\" \/><\/strong><\/p>\n<p>&nbsp;<\/p>\n<p><strong>PATRONAT MEDIALNY:<\/strong><\/p>\n<p><a href=\"https:\/\/gazeta.us.edu.pl\/\" target=\"_blank\" rel=\"noopener noreferrer\"><img class=\"aligncenter wp-image-603 size-full\" src=\"https:\/\/us.edu.pl\/centra-badawcze\/scw\/wp-content\/uploads\/sites\/63\/Grafiki\/gazeta-uniwersytecka.png\" alt=\"Gazeta Uniwersytecka\" width=\"433\" height=\"115\" \/><\/a><\/p>\n<p>&nbsp;<\/p>\n<p>&nbsp;<\/p>\n<p>&nbsp;<\/p>\n<p><a href=\"https:\/\/us.edu.pl\/centra-badawcze\/scw\/wp-content\/uploads\/sites\/63\/Zdjecia\/plakat.jpg\"><img class=\"alignnone wp-image-1069 size-full\" src=\"https:\/\/us.edu.pl\/centra-badawcze\/scw\/wp-content\/uploads\/sites\/63\/Zdjecia\/plakat.jpg\" alt=\"Plakat konferencji Odra 2023 r.\" width=\"960\" height=\"1370\" srcset=\"https:\/\/us.edu.pl\/centra-badawcze\/scw\/wp-content\/uploads\/sites\/63\/Zdjecia\/plakat.jpg 960w, https:\/\/us.edu.pl\/centra-badawcze\/scw\/wp-content\/uploads\/sites\/63\/Zdjecia\/plakat-420x600.jpg 420w, https:\/\/us.edu.pl\/centra-badawcze\/scw\/wp-content\/uploads\/sites\/63\/Zdjecia\/plakat-718x1024.jpg 718w, https:\/\/us.edu.pl\/centra-badawcze\/scw\/wp-content\/uploads\/sites\/63\/Zdjecia\/plakat-768x1096.jpg 768w, https:\/\/us.edu.pl\/centra-badawcze\/scw\/wp-content\/uploads\/sites\/63\/Zdjecia\/plakat-403x575.jpg 403w\" sizes=\"(max-width: 960px) 100vw, 960px\" \/><\/a>[\/vc_column_text][\/vc_column][\/vc_row][vc_row][vc_column][vc_column_text][\/vc_column_text][\/vc_column][\/vc_row]<\/p>","protected":false},"excerpt":{"rendered":"<p>[vc_row][vc_column][vc_column_text][\/vc_column_text][\/vc_column][\/vc_row][vc_row][vc_column width=&#8221;2\/3&#8243;][vc_column_text]Szanowni Pa\u0144stwo, serdecznie dzi\u0119kujemy za uczestnictwo w konferencji naukowo-technicznej, kt\u00f3ra odby\u0142a si\u0119 24 marca 2023 r., pt.: \u201eRZEKA ODRA 2022 \u2013 CO WIEMY O KATASTROFIE EKOLOGICZNEJ\u201d MIEJSCE KONFERENCJI Uniwersytet \u015al\u0105ski, Wydzia\u0142 Nauk Przyrodniczych Sosnowiec ul. B\u0119dzi\u0144ska 60 Aula Mi\u0119dzywydzia\u0142owa FOLDER Z PROGRAMEM KONFERENCJI DO POBRANIA (PLIK PDF) &#8212;&gt; PROGRAM KONFERENCJI 9:00 \u2013 10:00 REJESTRACJA [&#8230;]<\/p>\n<p><a class=\"btn btn-secondary understrap-read-more-link\" href=\"https:\/\/us.edu.pl\/centra-badawcze\/scw\/konferencja-rzeka-odra-2022-co-wiemy-o-katastrofie-ekologicznej\/\">Read More&#8230;<\/a><\/p>\n","protected":false},"author":139,"featured_media":0,"parent":0,"menu_order":0,"comment_status":"closed","ping_status":"closed","template":"page-templates\/page-with-sidebar.php","meta":{"_expiration-date-status":"","_expiration-date":0,"_expiration-date-type":"","_expiration-date-categories":[],"_expiration-date-options":[]},"acf":[],"_links":{"self":[{"href":"https:\/\/us.edu.pl\/centra-badawcze\/scw\/wp-json\/wp\/v2\/pages\/930"}],"collection":[{"href":"https:\/\/us.edu.pl\/centra-badawcze\/scw\/wp-json\/wp\/v2\/pages"}],"about":[{"href":"https:\/\/us.edu.pl\/centra-badawcze\/scw\/wp-json\/wp\/v2\/types\/page"}],"author":[{"embeddable":true,"href":"https:\/\/us.edu.pl\/centra-badawcze\/scw\/wp-json\/wp\/v2\/users\/139"}],"replies":[{"embeddable":true,"href":"https:\/\/us.edu.pl\/centra-badawcze\/scw\/wp-json\/wp\/v2\/comments?post=930"}],"version-history":[{"count":10,"href":"https:\/\/us.edu.pl\/centra-badawcze\/scw\/wp-json\/wp\/v2\/pages\/930\/revisions"}],"predecessor-version":[{"id":1100,"href":"https:\/\/us.edu.pl\/centra-badawcze\/scw\/wp-json\/wp\/v2\/pages\/930\/revisions\/1100"}],"wp:attachment":[{"href":"https:\/\/us.edu.pl\/centra-badawcze\/scw\/wp-json\/wp\/v2\/media?parent=930"}],"curies":[{"name":"wp","href":"https:\/\/api.w.org\/{rel}","templated":true}]}}