{"id":338,"date":"2019-10-17T14:08:19","date_gmt":"2019-10-17T12:08:19","guid":{"rendered":"https:\/\/us.edu.pl\/doktorant\/?page_id=338"},"modified":"2025-12-10T10:26:58","modified_gmt":"2025-12-10T09:26:58","slug":"zarzad-kontakt","status":"publish","type":"page","link":"https:\/\/us.edu.pl\/doktorant\/en\/samorzad-doktorantow\/zarzad-kontakt\/","title":{"rendered":"Doctoral Student Government &#8211; Management Board &#8211; contact"},"content":{"rendered":"<p>[vc_row][vc_column]\r\n                <div class=\"text-modules\">\r\n                    <div class=\"container\">\r\n                        <h3 class=\"page-title text__title\">Composition of the University Council of Doctoral Student Government of the University of Silesia in Katowice<\/h3>\r\n                        <div class=\"text-modules__content\"><p><strong>Board of the University Doctoral Student Self-Government Council:<\/strong><\/p>\n<p class=\"v1pf0\"><span class=\"v1cf1\"><span style=\"font-size: 10.0pt; font-family: 'Verdana',sans-serif;\">Monika Lisiecka &#8211; Przewodnicz\u0105ca<\/span><\/span><\/p>\n<p class=\"v1pf0\"><span class=\"v1cf1\"><span style=\"font-size: 10.0pt; font-family: 'Verdana',sans-serif;\">Weronika Jab\u0142o\u0144ska &#8211; Zast\u0119pczyni Przewodnicz\u0105cej<\/span><\/span><\/p>\n<p class=\"v1pf0\"><span class=\"v1cf1\"><span style=\"font-size: 10.0pt; font-family: 'Verdana',sans-serif;\">Wiktoria Sikorska &#8211; Przewodnicz\u0105ca Komisji Prawnej<\/span><\/span><\/p>\n<p class=\"v1pf0\"><span class=\"v1cf1\"><span style=\"font-size: 10.0pt; font-family: 'Verdana',sans-serif;\">Denis Dudzi\u0144ski &#8211; Cz\u0142onek Komisji Prawnej<\/span><\/span><\/p>\n<p class=\"v1pf0\"><span class=\"v1cf1\"><span style=\"font-size: 10.0pt; font-family: 'Verdana',sans-serif;\">Rene Henry &#8211; Cz\u0142onkini Komisji Prawnej<\/span><\/span><\/p>\n<p><strong>Other URSD members:<\/strong><\/p>\n<p class=\"v1pf0\"><span class=\"v1cf0\"><span style=\"font-size: 10.0pt; font-family: 'Verdana',sans-serif;\">Sylwia Korzon<\/span><\/span><\/p>\n<p class=\"v1pf0\"><span class=\"v1cf1\"><span style=\"font-size: 10.0pt; font-family: 'Verdana',sans-serif;\">Gra\u017cyna Leja-Franczyk<\/span><\/span><\/p>\n<p class=\"v1pf0\"><span class=\"v1cf1\"><span style=\"font-size: 10.0pt; font-family: 'Verdana',sans-serif;\">Klaudia Nowak<\/span><\/span><\/p>\n<p class=\"v1pf0\"><span class=\"v1cf1\"><span style=\"font-size: 10.0pt; font-family: 'Verdana',sans-serif;\">Paulina Poloczek<\/span><\/span><\/p>\n<p class=\"v1pf0\"><span class=\"v1cf0\"><span style=\"font-size: 10.0pt; font-family: 'Verdana',sans-serif;\">Jan Szopa<\/span><\/span><\/p>\n<p class=\"v1pf0\"><span class=\"v1cf0\"><span style=\"font-size: 10.0pt; font-family: 'Verdana',sans-serif;\">Julia Zaj\u0105c<\/span><\/span><\/p>\n<p class=\"v1pf0\"><span class=\"v1cf0\"><span style=\"font-size: 10.0pt; font-family: 'Verdana',sans-serif;\">Klaudia \u017bubryk<\/span><\/span><\/p>\n<p>&nbsp;<\/p>\n<p>Please send all correspondence, information, questions, cooperation proposals etc. to the email address <a href=\"monika.lisiecka@us.edu.pl\">monika.lisiecka@us.edu.pl<\/a> or <a href=\"mailto:doktoranci@us.edu.pl\">doktoranci@us.edu.pl<\/a>.<\/p>\n<\/div>\r\n                    <\/div>\r\n                <\/div>[\/vc_column][\/vc_row]<\/p>","protected":false},"excerpt":{"rendered":"<p>[vc_row][vc_column][\/vc_column][\/vc_row] [&#8230;]<\/p>\n<p><a class=\"btn btn-secondary understrap-read-more-link\" href=\"https:\/\/us.edu.pl\/doktorant\/en\/samorzad-doktorantow\/zarzad-kontakt\/\">Read More&#8230;<\/a><\/p>\n","protected":false},"author":25,"featured_media":0,"parent":319,"menu_order":0,"comment_status":"closed","ping_status":"closed","template":"","meta":{"_expiration-date-status":"","_expiration-date":0,"_expiration-date-type":"","_expiration-date-categories":[],"_expiration-date-options":[]},"acf":[],"_links":{"self":[{"href":"https:\/\/us.edu.pl\/doktorant\/en\/wp-json\/wp\/v2\/pages\/338"}],"collection":[{"href":"https:\/\/us.edu.pl\/doktorant\/en\/wp-json\/wp\/v2\/pages"}],"about":[{"href":"https:\/\/us.edu.pl\/doktorant\/en\/wp-json\/wp\/v2\/types\/page"}],"author":[{"embeddable":true,"href":"https:\/\/us.edu.pl\/doktorant\/en\/wp-json\/wp\/v2\/users\/25"}],"replies":[{"embeddable":true,"href":"https:\/\/us.edu.pl\/doktorant\/en\/wp-json\/wp\/v2\/comments?post=338"}],"version-history":[{"count":1,"href":"https:\/\/us.edu.pl\/doktorant\/en\/wp-json\/wp\/v2\/pages\/338\/revisions"}],"predecessor-version":[{"id":9042,"href":"https:\/\/us.edu.pl\/doktorant\/en\/wp-json\/wp\/v2\/pages\/338\/revisions\/9042"}],"up":[{"embeddable":true,"href":"https:\/\/us.edu.pl\/doktorant\/en\/wp-json\/wp\/v2\/pages\/319"}],"wp:attachment":[{"href":"https:\/\/us.edu.pl\/doktorant\/en\/wp-json\/wp\/v2\/media?parent=338"}],"curies":[{"name":"wp","href":"https:\/\/api.w.org\/{rel}","templated":true}]}}