{"id":342,"date":"2019-10-17T14:13:31","date_gmt":"2019-10-17T12:13:31","guid":{"rendered":"https:\/\/us.edu.pl\/doktorant\/?page_id=342"},"modified":"2025-07-31T11:28:40","modified_gmt":"2025-07-31T09:28:40","slug":"akty-prawne","status":"publish","type":"page","link":"https:\/\/us.edu.pl\/doktorant\/en\/samorzad-doktorantow\/akty-prawne\/","title":{"rendered":"Law"},"content":{"rendered":"<p>[vc_row][vc_column]\r\n                <div class=\"text-modules\">\r\n                    <div class=\"container\">\r\n                        <h3 class=\"page-title text__title\">Doctoral Student Government \u2013 Law<\/h3>\r\n                        <div class=\"text-modules__content\"><p>Order of January 21, 2021 of the Rector of the University of Silesia on determining the compliance of the Regulations of the Doctoral Student Government of the University of Silesia in Katowice with the Act of July 20, 2018 &#8211; Law on Higher Education and Science and the Statute of the University of Silesia in Katowice.<\/p>\n<p>Link: <a href=\"https:\/\/aktyprawne.us.edu.pl\/d\/4994\/5\/?tc=104\">https:\/\/aktyprawne.us.edu.pl\/d\/4994\/5\/?tc=104<\/a><\/p>\n<p><a href=\"https:\/\/us.edu.pl\/doktorant\/wp-content\/uploads\/sites\/12\/Bez-kategorii\/Regulamin-Samorzadu-Doktorantow-Uniwersytetu-Slaskiego-w-Katowicach.pdf\" class=\"mtli_attachment mtli_pdf\" data-mtli=\"mtli_filesize15541kB\" class=\"mtli_attachment mtli_pdf\" data-mtli=\"mtli_filesize15541kB\">Regulamin Samorz\u0105du Doktorant\u00f3w Uniwersytetu \u015al\u0105skiego w Katowicach<\/a><\/p>\n<style type=\"text\/css\">a[data-mtli~=\"mtli_filesize15541kB\"]:after {content:\" (155.41 kB)\"}<\/style><\/div>\r\n                    <\/div>\r\n                <\/div>[\/vc_column][\/vc_row]<\/p>\n<style type=\"text\/css\">a[data-mtli~=\"mtli_filesize15541kB\"]:after {content:\" (155.41 kB)\"}<\/style>","protected":false},"excerpt":{"rendered":"<p>[vc_row][vc_column][\/vc_column][\/vc_row] [&#8230;]<\/p>\n<p><a class=\"btn btn-secondary understrap-read-more-link\" href=\"https:\/\/us.edu.pl\/doktorant\/en\/samorzad-doktorantow\/akty-prawne\/\">Read More&#8230;<\/a><\/p>\n","protected":false},"author":25,"featured_media":0,"parent":319,"menu_order":2,"comment_status":"closed","ping_status":"closed","template":"","meta":{"_expiration-date-status":"","_expiration-date":0,"_expiration-date-type":"","_expiration-date-categories":[],"_expiration-date-options":[]},"acf":[],"_links":{"self":[{"href":"https:\/\/us.edu.pl\/doktorant\/en\/wp-json\/wp\/v2\/pages\/342"}],"collection":[{"href":"https:\/\/us.edu.pl\/doktorant\/en\/wp-json\/wp\/v2\/pages"}],"about":[{"href":"https:\/\/us.edu.pl\/doktorant\/en\/wp-json\/wp\/v2\/types\/page"}],"author":[{"embeddable":true,"href":"https:\/\/us.edu.pl\/doktorant\/en\/wp-json\/wp\/v2\/users\/25"}],"replies":[{"embeddable":true,"href":"https:\/\/us.edu.pl\/doktorant\/en\/wp-json\/wp\/v2\/comments?post=342"}],"version-history":[{"count":0,"href":"https:\/\/us.edu.pl\/doktorant\/en\/wp-json\/wp\/v2\/pages\/342\/revisions"}],"up":[{"embeddable":true,"href":"https:\/\/us.edu.pl\/doktorant\/en\/wp-json\/wp\/v2\/pages\/319"}],"wp:attachment":[{"href":"https:\/\/us.edu.pl\/doktorant\/en\/wp-json\/wp\/v2\/media?parent=342"}],"curies":[{"name":"wp","href":"https:\/\/api.w.org\/{rel}","templated":true}]}}