{"id":357,"date":"2019-10-17T14:23:49","date_gmt":"2019-10-17T12:23:49","guid":{"rendered":"https:\/\/us.edu.pl\/doktorant\/?page_id=357"},"modified":"2026-03-04T09:31:12","modified_gmt":"2026-03-04T08:31:12","slug":"finansowanie-organizacji-doktoranckich","status":"publish","type":"page","link":"https:\/\/us.edu.pl\/doktorant\/en\/samorzad-doktorantow\/finansowanie-organizacji-doktoranckich\/","title":{"rendered":"Financing doctoral organizations"},"content":{"rendered":"<p>[vc_row][vc_column]\r\n                <div class=\"text-modules\">\r\n                    <div class=\"container\">\r\n                        <h3 class=\"page-title text__title\">Regulations for granting funds at the disposal of the University Council of Doctoral Student Government of the University of Silesia:<\/h3>\r\n                        <div class=\"text-modules__content\"><\/p>\n<p style=\"text-align: left;\"><strong>Funds at the Disposal of the URSD of the University of Silesia<\/strong><br \/>\nCalls for funding from resources remaining at the disposal of the Doctoral Students\u2019 Council of the University of Silesia in Katowice are held twice a year, in February and June. Doctoral organizations are eligible to apply for funding.<br \/>\nThe regulations for the allocation of funds and the required attachments are available below:<\/p>\n<p><a href=\"https:\/\/us.edu.pl\/doktorant\/wp-content\/uploads\/sites\/12\/Bez-kategorii\/regulamin-podzialu-srodkow-URSD-10.02.2026.pdf\" class=\"mtli_attachment mtli_pdf\" data-mtli=\"mtli_filesize13617kB\" class=\"mtli_attachment mtli_pdf\" data-mtli=\"mtli_filesize13617kB\">regulamin podzia\u0142u \u015brodk\u00f3w URSD 10.02.2026<\/a><\/p>\n<p><a href=\"https:\/\/us.edu.pl\/doktorant\/wp-content\/uploads\/sites\/12\/Bez-kategorii\/Application-regarding-the-funding.doc\" class=\"mtli_attachment mtli_doc\" data-mtli=\"mtli_filesize7250kB\" class=\"mtli_attachment mtli_doc\" data-mtli=\"mtli_filesize7250kB\">Application regarding the funding<\/a><\/p>\n<p>\n<style type=\"text\/css\">a[data-mtli~=\"mtli_filesize13617kB\"]:after {content:\" (136.17 kB)\"}a[data-mtli~=\"mtli_filesize7250kB\"]:after {content:\" (72.50 kB)\"}<\/style><\/div>\r\n                    <\/div>\r\n                <\/div>[\/vc_column][\/vc_row]<\/p>\n<style type=\"text\/css\">a[data-mtli~=\"mtli_filesize13617kB\"]:after {content:\" (136.17 kB)\"}a[data-mtli~=\"mtli_filesize2180kB\"]:after {content:\" (21.80 kB)\"}a[data-mtli~=\"mtli_filesize3250kB\"]:after {content:\" (32.50 kB)\"}a[data-mtli~=\"mtli_filesize1331kB\"]:after {content:\" (13.31 kB)\"}a[data-mtli~=\"mtli_filesize7250kB\"]:after {content:\" (72.50 kB)\"}<\/style>","protected":false},"excerpt":{"rendered":"<p>[vc_row][vc_column][\/vc_column][\/vc_row] [&#8230;]<\/p>\n<p><a class=\"btn btn-secondary understrap-read-more-link\" href=\"https:\/\/us.edu.pl\/doktorant\/en\/samorzad-doktorantow\/finansowanie-organizacji-doktoranckich\/\">Read More&#8230;<\/a><\/p>\n","protected":false},"author":25,"featured_media":0,"parent":319,"menu_order":6,"comment_status":"closed","ping_status":"closed","template":"","meta":{"_expiration-date-status":"","_expiration-date":0,"_expiration-date-type":"","_expiration-date-categories":[],"_expiration-date-options":[]},"acf":[],"_links":{"self":[{"href":"https:\/\/us.edu.pl\/doktorant\/en\/wp-json\/wp\/v2\/pages\/357"}],"collection":[{"href":"https:\/\/us.edu.pl\/doktorant\/en\/wp-json\/wp\/v2\/pages"}],"about":[{"href":"https:\/\/us.edu.pl\/doktorant\/en\/wp-json\/wp\/v2\/types\/page"}],"author":[{"embeddable":true,"href":"https:\/\/us.edu.pl\/doktorant\/en\/wp-json\/wp\/v2\/users\/25"}],"replies":[{"embeddable":true,"href":"https:\/\/us.edu.pl\/doktorant\/en\/wp-json\/wp\/v2\/comments?post=357"}],"version-history":[{"count":4,"href":"https:\/\/us.edu.pl\/doktorant\/en\/wp-json\/wp\/v2\/pages\/357\/revisions"}],"predecessor-version":[{"id":9077,"href":"https:\/\/us.edu.pl\/doktorant\/en\/wp-json\/wp\/v2\/pages\/357\/revisions\/9077"}],"up":[{"embeddable":true,"href":"https:\/\/us.edu.pl\/doktorant\/en\/wp-json\/wp\/v2\/pages\/319"}],"wp:attachment":[{"href":"https:\/\/us.edu.pl\/doktorant\/en\/wp-json\/wp\/v2\/media?parent=357"}],"curies":[{"name":"wp","href":"https:\/\/api.w.org\/{rel}","templated":true}]}}