{"id":5539,"date":"2020-04-30T12:26:56","date_gmt":"2020-04-30T10:26:56","guid":{"rendered":"https:\/\/us.edu.pl\/doktorant\/?page_id=5539"},"modified":"2020-04-30T12:33:42","modified_gmt":"2020-04-30T10:33:42","slug":"informacja-dla-doktorantow-studiow-doktoranckich-o-procedurze-przeprowadzania-egzaminow-w-formie-zdalnej","status":"publish","type":"page","link":"https:\/\/us.edu.pl\/doktorant\/en\/informacja-dla-doktorantow-studiow-doktoranckich-o-procedurze-przeprowadzania-egzaminow-w-formie-zdalnej\/","title":{"rendered":"(Polski) Informacja dla doktorant\u00f3w studi\u00f3w doktoranckich  o procedurze przeprowadzania egzamin\u00f3w  w formie zdalnej"},"content":{"rendered":"<p class=\"qtranxs-available-languages-message qtranxs-available-languages-message-en\">Sorry, this entry is only available in <a href=\"https:\/\/us.edu.pl\/doktorant\/pl\/wp-json\/wp\/v2\/pages\/5539\" class=\"qtranxs-available-language-link qtranxs-available-language-link-pl\" title=\"Polski\">Polish<\/a>.<\/p>","protected":false},"excerpt":{"rendered":"<p>Sorry, this entry is only available in Polish. [&#8230;]<\/p>\n<p><a class=\"btn btn-secondary understrap-read-more-link\" href=\"https:\/\/us.edu.pl\/doktorant\/en\/informacja-dla-doktorantow-studiow-doktoranckich-o-procedurze-przeprowadzania-egzaminow-w-formie-zdalnej\/\">Read More&#8230;<\/a><\/p>\n","protected":false},"author":24,"featured_media":0,"parent":0,"menu_order":0,"comment_status":"closed","ping_status":"closed","template":"","meta":{"_expiration-date-status":"saved","_expiration-date":0,"_expiration-date-type":"","_expiration-date-categories":[],"_expiration-date-options":[]},"acf":[],"_links":{"self":[{"href":"https:\/\/us.edu.pl\/doktorant\/en\/wp-json\/wp\/v2\/pages\/5539"}],"collection":[{"href":"https:\/\/us.edu.pl\/doktorant\/en\/wp-json\/wp\/v2\/pages"}],"about":[{"href":"https:\/\/us.edu.pl\/doktorant\/en\/wp-json\/wp\/v2\/types\/page"}],"author":[{"embeddable":true,"href":"https:\/\/us.edu.pl\/doktorant\/en\/wp-json\/wp\/v2\/users\/24"}],"replies":[{"embeddable":true,"href":"https:\/\/us.edu.pl\/doktorant\/en\/wp-json\/wp\/v2\/comments?post=5539"}],"version-history":[{"count":0,"href":"https:\/\/us.edu.pl\/doktorant\/en\/wp-json\/wp\/v2\/pages\/5539\/revisions"}],"wp:attachment":[{"href":"https:\/\/us.edu.pl\/doktorant\/en\/wp-json\/wp\/v2\/media?parent=5539"}],"curies":[{"name":"wp","href":"https:\/\/api.w.org\/{rel}","templated":true}]}}