{"id":1033,"date":"2019-10-29T20:53:08","date_gmt":"2019-10-29T19:53:08","guid":{"rendered":"https:\/\/us.edu.pl\/doktorant\/?page_id=1033"},"modified":"2020-12-10T14:03:08","modified_gmt":"2020-12-10T13:03:08","slug":"informacje-biezace","status":"publish","type":"page","link":"https:\/\/us.edu.pl\/doktorant\/studia-doktoranckie-rozpoczete-przed-1-pazdziernika-2019-r\/nauki-scisle-i-przyrodnicze-nauki-biologiczne\/informacje-biezace\/","title":{"rendered":"Informacje bie\u017c\u0105ce"},"content":{"rendered":"<p>[vc_row][vc_column]\r\n                <div class=\"text-modules\">\r\n                    <div class=\"container\">\r\n                        \r\n                        <div class=\"text-modules__content\"><p><a href=\"https:\/\/us.edu.pl\/doktorant\/wp-content\/uploads\/sites\/12\/Nieprzypisane\/III-IV-rok-harmonogram-2020_2021-1.pdf\" class=\"mtli_attachment mtli_pdf\" data-mtli=\"mtli_filesize109,42kB\" class=\"mtli_attachment mtli_pdf\" data-mtli=\"mtli_filesize109,42kB\">III-IV rok harmonogram 2020_2021<\/a><\/p>\n<hr \/>\n<p><strong>INFORMACJA DLA DOKTORANT\u00d3W STUDI\u00d3W DOKTORANCKICH<br \/>\nO PROCEDURZE PRZEPROWADZANIA EGZAMIN\u00d3W<br \/>\nW FORMIE ZDALNEJ<\/strong><\/p>\n<p>Doktoranci, kt\u00f3rzy wyra\u017caj\u0105 wol\u0119 przyst\u0105pienia do egzaminu w formie zdalnej powinni:<\/p>\n<ol>\n<li>przes\u0142a\u0107 drog\u0105 mailow\u0105 na adres <a href=\"mailto:zofia.kuglin@us.edu.pl\">zofia.kuglin@us.edu.pl<\/a>\u00a0skan (wzgl\u0119dnie zdj\u0119cie) w\u0142asnor\u0119cznie podpisanego podania o przeprowadzenie egzaminu w formie zdalnej.<\/li>\n<\/ol>\n<p>Przed przes\u0142aniem maila prosz\u0119 zapozna\u0107 si\u0119 z o\u015bwiadczeniami zawartymi w tre\u015bci podania oraz zweryfikowa\u0107 swoje techniczne mo\u017cliwo\u015bci wzi\u0119cia udzia\u0142u w zdalnym egzaminie.<\/p>\n<ol start=\"2\">\n<li>zwrotnie otrzymacie Pa\u0144stwo maila z sekretariatu studi\u00f3w doktoranckich z informacj\u0105 o uzyskaniu zgody na egzamin w formie zdalnej.<\/li>\n<\/ol>\n<p>Zaproszenie do platformy TEAMS, na kt\u00f3rej odb\u0119dzie si\u0119 egzamin, Doktorant otrzymuje od PRZEWODNICZ\u0104CEGO komisji egzaminacyjnej.<\/p>\n<p>PRZEBIEG EGZAMINU DYPLOMOWEGO<\/p>\n<ol>\n<li>O okre\u015blonej godzinie PRZEWODNICZ\u0104CY Komisji egzaminu rozpoczyna spotkanie on-line z wykorzystaniem platformy TEAMS.<\/li>\n<li>Pozostali cz\u0142onkowie komisji oraz DOKTORANT do\u0142\u0105czaj\u0105 do spotkania zdalnego \u2013 w\u0142\u0105czaj\u0105 kamery i mikrofony.<\/li>\n<li>PRZEWODNICZ\u0104CY Komisji informuje wszystkich uczestnik\u00f3w egzaminu o rejestracji jego przebiegu i w\u0142\u0105cza rejestrowanie spotkania Grupy na platformie TEAMS.<\/li>\n<li>PRZEWODNICZ\u0104CY komisji sprawdza to\u017csamo\u015b\u0107 studenta \u2013 poprzez weryfikacj\u0119 numeru indeksu oraz pokazanej przez studenta legitymacji studenckiej.<\/li>\n<li>PRZEWODNICZ\u0104CY komisji prowadzi egzamin.<\/li>\n<li>Po zako\u0144czeniu egzaminu PRZEWODNICZ\u0104CY prosi DOKTORANTA o opuszczenie Grupy TEAMS egzaminu.<\/li>\n<li>W cz\u0119\u015bci niejawnej cz\u0142onkowie Komisji omawiaj\u0105 przebieg egzaminu i ustalaj\u0105 oceny cz\u0105stkowe, a tak\u017ce ocen\u0119 ko\u0144cow\u0105 z egzaminu.<\/li>\n<li>PRZEWODNICZ\u0104CY komisji uzupe\u0142nia protok\u00f3\u0142 egzaminu.<\/li>\n<li>PRZEWODNICZ\u0104CY komisji zaprasza DOKTORANTA na spotkanie Grupy TEAMS egzaminu i informuje o ustalonym przez Komisj\u0119 wyniku egzaminu.<\/li>\n<li>PRZEWODNICZ\u0104CY komisji ko\u0144czy spotkanie Grupy Teams egzaminu, informuje uczestnik\u00f3w egzaminu o jego zako\u0144czeniu i o przerwaniu rejestracji.<\/li>\n<li>PRZEWODNICZ\u0104CY komisji przekazuje protok\u00f3\u0142 z egzaminu do sekretariatu studi\u00f3w doktoranckich.<\/li>\n<li><a href=\"https:\/\/us.edu.pl\/doktorant\/wp-content\/uploads\/sites\/12\/Nieprzypisane\/Podanie-o-przeprowadzenie-egzaminu-w-formie-zdalnej.docx\" class=\"mtli_attachment mtli_docx\" data-mtli=\"mtli_filesize53,44kB\" class=\"mtli_attachment mtli_docx\" data-mtli=\"mtli_filesize53,44kB\">Podanie o przeprowadzenie egzaminu w formie zdalnej<\/a><\/li>\n<\/ol>\n<hr \/>\n<p><em>Szanowni Pa\u0144stwo,<\/em><\/p>\n<p><em>w zwi\u0105zku z zaistnia\u0142\u0105 sytuacj\u0105, zgodnie z zalecenami, praca sekretariatu studi\u00f3w doktoranckich przesz\u0142a w <\/em><strong>tryb pracy zdalnej<\/strong><em>.<\/em><\/p>\n<p><strong>W razie ewentualnych problem\u00f3w, pyta\u0144, prosimy o kontakt mailowy: <\/strong><\/p>\n<p><a href=\"mailto:katarzyna.hupert-kocurek@us.edu.pl\">katarzyna.hupert-kocurek@us.edu.pl<\/a>, <a href=\"mailto:zofia.kuglin@us.edu.pl\">zofia.kuglin@us.edu.pl<\/a><\/p>\n<p>lub<strong> telefoniczny:<\/strong><\/p>\n<p>Zofia Kuglin<strong>\u00a0\u00a0 663\u00a0927 717<\/strong><\/p>\n<p>Mo\u017cecie Pa\u0144stwo r\u00f3wnie\u017c \u00a0kontaktowa\u0107 si\u0119 z <strong>biurem Szko\u0142y Doktorskiej<\/strong> (wszelkie informacje znajduj\u0105 si\u0119 na g\u0142\u00f3wnej stronie Uczelni,<strong> w zak\u0142adce Doktorant<\/strong>).<\/p>\n<p><em>Informacje o<\/em> formach realizacji <em><strong>zaj\u0119\u0107 dydaktycznych planowanych w semestrze letnim 2019\/2020<\/strong><\/em><em> znajdziecie Pa\u0144stwo w tabelce poni\u017cej.<\/em><\/p>\n<p><a href=\"https:\/\/us.edu.pl\/doktorant\/wp-content\/uploads\/sites\/12\/Nieprzypisane\/SD_IBBiOS_zajecia_2019_2020_tabela.pdf\" class=\"mtli_attachment mtli_pdf\" data-mtli=\"mtli_filesize201,38kB\" class=\"mtli_attachment mtli_pdf\" data-mtli=\"mtli_filesize201,38kB\">SD_IBBiOS_zajecia_2019_2020_tabela<\/a><\/p>\n<style type=\"text\/css\">a[data-mtli~=\"mtli_filesize109,42kB\"]:after {content:\" (109,42 kB)\"}a[data-mtli~=\"mtli_filesize53,44kB\"]:after {content:\" (53,44 kB)\"}a[data-mtli~=\"mtli_filesize201,38kB\"]:after {content:\" (201,38 kB)\"}<\/style><\/div>\r\n                    <\/div>\r\n                <\/div>[\/vc_column][\/vc_row]<\/p>\n<style type=\"text\/css\">a[data-mtli~=\"mtli_filesize109,42kB\"]:after {content:\" (109,42 kB)\"}a[data-mtli~=\"mtli_filesize53,44kB\"]:after {content:\" (53,44 kB)\"}a[data-mtli~=\"mtli_filesize201,38kB\"]:after {content:\" (201,38 kB)\"}<\/style>","protected":false},"excerpt":{"rendered":"<p>[vc_row][vc_column][\/vc_column][\/vc_row] [&#8230;]<\/p>\n<p><a class=\"btn btn-secondary understrap-read-more-link\" href=\"https:\/\/us.edu.pl\/doktorant\/studia-doktoranckie-rozpoczete-przed-1-pazdziernika-2019-r\/nauki-scisle-i-przyrodnicze-nauki-biologiczne\/informacje-biezace\/\">Read More&#8230;<\/a><\/p>\n","protected":false},"author":92,"featured_media":0,"parent":955,"menu_order":8,"comment_status":"closed","ping_status":"closed","template":"page-templates\/page-with-sidebar.php","meta":{"_expiration-date-status":"saved","_expiration-date":0,"_expiration-date-type":"","_expiration-date-categories":[],"_expiration-date-options":[]},"acf":[],"_links":{"self":[{"href":"https:\/\/us.edu.pl\/doktorant\/wp-json\/wp\/v2\/pages\/1033"}],"collection":[{"href":"https:\/\/us.edu.pl\/doktorant\/wp-json\/wp\/v2\/pages"}],"about":[{"href":"https:\/\/us.edu.pl\/doktorant\/wp-json\/wp\/v2\/types\/page"}],"author":[{"embeddable":true,"href":"https:\/\/us.edu.pl\/doktorant\/wp-json\/wp\/v2\/users\/92"}],"replies":[{"embeddable":true,"href":"https:\/\/us.edu.pl\/doktorant\/wp-json\/wp\/v2\/comments?post=1033"}],"version-history":[{"count":0,"href":"https:\/\/us.edu.pl\/doktorant\/wp-json\/wp\/v2\/pages\/1033\/revisions"}],"up":[{"embeddable":true,"href":"https:\/\/us.edu.pl\/doktorant\/wp-json\/wp\/v2\/pages\/955"}],"wp:attachment":[{"href":"https:\/\/us.edu.pl\/doktorant\/wp-json\/wp\/v2\/media?parent=1033"}],"curies":[{"name":"wp","href":"https:\/\/api.w.org\/{rel}","templated":true}]}}