{"id":1109,"date":"2019-10-29T22:24:00","date_gmt":"2019-10-29T21:24:00","guid":{"rendered":"https:\/\/us.edu.pl\/doktorant\/?page_id=1109"},"modified":"2020-04-22T14:51:01","modified_gmt":"2020-04-22T12:51:01","slug":"informacje-biezace","status":"publish","type":"page","link":"https:\/\/us.edu.pl\/doktorant\/studia-doktoranckie-rozpoczete-przed-1-pazdziernika-2019-r\/nauki-inzynieryjno-techniczne-informatyka-techniczna-i-telekomunikacja-inzynieria-materialowa\/informacje-biezace\/","title":{"rendered":"Informacje bie\u017c\u0105ce"},"content":{"rendered":"<p>[vc_row][vc_column]\r\n                <div class=\"text-modules\">\r\n                    <div class=\"container\">\r\n                        <h3 class=\"page-title text__title\">Informacje bie\u017c\u0105ce<\/h3>\r\n                        <div class=\"text-modules__content\"><p><em>Bie\u017c\u0105cy kontakt z dziekanatem zosta\u0142 ustalony na nast\u0119puj\u0105cych zasadach:<\/em><\/p>\n<p><u>Kontakt najlepiej drog\u0105 elektroniczn\u0105:<\/u><\/p>\n<p><a href=\"mailto:marta.michalska@us.edu.pl\">marta.michalska@us.edu.pl<\/a><\/p>\n<p>lub telefonicznie: 32 2691850 (w dziekanacie obowi\u0105zuj\u0105 dy\u017cury)<\/p>\n<hr \/>\n<p>Zaj\u0119cia na studiach doktoranckich \u2013 Informatyka:<\/p>\n<p>Informacja o zaj\u0119ciach w semestrze letnim 2019\/2020 na na studiach doktoranckich kierunku Informatyka Przedstawiciel ka\u017cdego roku powinien skontaktowa\u0107 si\u0119 z prowadz\u0105cymi w celu ustalenia szczeg\u00f3\u0142\u00f3w.<\/p>\n<p>Szczeg\u00f3\u0142y zaj\u0119\u0107 w pliku<\/p>\n<p><a href=\"https:\/\/us.edu.pl\/doktorant\/wp-content\/uploads\/sites\/12\/Nieprzypisane\/Informatyka-Zaj\u0119cia.pdf\" class=\"mtli_attachment mtli_pdf\" data-mtli=\"mtli_filesize183,27kB\" class=\"mtli_attachment mtli_pdf\" data-mtli=\"mtli_filesize183,27kB\">Informatyka-Zaj\u0119cia<\/a><\/p>\n<p>Kontakt z dziekanatem: najlepiej drog\u0105 elektroniczn\u0105: \u00a0<a href=\"mailto:marta.michalska@us.edu.pl\">marta.michalska@us.edu.pl<\/a><br \/>\nlub telefonicznie: 32 2691850 (w dziekanacie obowi\u0105zuj\u0105 dy\u017cury)<\/p>\n<style type=\"text\/css\">a[data-mtli~=\"mtli_filesize183,27kB\"]:after {content:\" (183,27 kB)\"}<\/style><\/div>\r\n                    <\/div>\r\n                <\/div>[\/vc_column][\/vc_row]<\/p>\n<style type=\"text\/css\">a[data-mtli~=\"mtli_filesize183,27kB\"]:after {content:\" (183,27 kB)\"}<\/style>","protected":false},"excerpt":{"rendered":"<p>[vc_row][vc_column][\/vc_column][\/vc_row] [&#8230;]<\/p>\n<p><a class=\"btn btn-secondary understrap-read-more-link\" href=\"https:\/\/us.edu.pl\/doktorant\/studia-doktoranckie-rozpoczete-przed-1-pazdziernika-2019-r\/nauki-inzynieryjno-techniczne-informatyka-techniczna-i-telekomunikacja-inzynieria-materialowa\/informacje-biezace\/\">Read More&#8230;<\/a><\/p>\n","protected":false},"author":92,"featured_media":0,"parent":1045,"menu_order":8,"comment_status":"closed","ping_status":"closed","template":"page-templates\/page-with-sidebar.php","meta":{"_expiration-date-status":"saved","_expiration-date":0,"_expiration-date-type":"","_expiration-date-categories":[],"_expiration-date-options":[]},"acf":[],"_links":{"self":[{"href":"https:\/\/us.edu.pl\/doktorant\/wp-json\/wp\/v2\/pages\/1109"}],"collection":[{"href":"https:\/\/us.edu.pl\/doktorant\/wp-json\/wp\/v2\/pages"}],"about":[{"href":"https:\/\/us.edu.pl\/doktorant\/wp-json\/wp\/v2\/types\/page"}],"author":[{"embeddable":true,"href":"https:\/\/us.edu.pl\/doktorant\/wp-json\/wp\/v2\/users\/92"}],"replies":[{"embeddable":true,"href":"https:\/\/us.edu.pl\/doktorant\/wp-json\/wp\/v2\/comments?post=1109"}],"version-history":[{"count":0,"href":"https:\/\/us.edu.pl\/doktorant\/wp-json\/wp\/v2\/pages\/1109\/revisions"}],"up":[{"embeddable":true,"href":"https:\/\/us.edu.pl\/doktorant\/wp-json\/wp\/v2\/pages\/1045"}],"wp:attachment":[{"href":"https:\/\/us.edu.pl\/doktorant\/wp-json\/wp\/v2\/media?parent=1109"}],"curies":[{"name":"wp","href":"https:\/\/api.w.org\/{rel}","templated":true}]}}