{"id":2057,"date":"2019-11-01T14:21:41","date_gmt":"2019-11-01T13:21:41","guid":{"rendered":"https:\/\/us.edu.pl\/doktorant\/?page_id=2057"},"modified":"2022-06-07T09:43:39","modified_gmt":"2022-06-07T07:43:39","slug":"nauki-humanistyczne-literaturoznawstwo-jezykoznawstwo-o-kulturze-i-religii-wydzial-humanistyczny","status":"publish","type":"page","link":"https:\/\/us.edu.pl\/doktorant\/studia-doktoranckie-rozpoczete-przed-1-pazdziernika-2019-r\/nauki-humanistyczne-literaturoznawstwo-jezykoznawstwo-o-kulturze-i-religii-wydzial-humanistyczny\/","title":{"rendered":"Nauki humanistyczne: literaturoznawstwo, j\u0119zykoznawstwo, o kulturze i religii, filozofia, historia. Wydzia\u0142 Humanistyczny"},"content":{"rendered":"<p>[vc_row][vc_column]\r\n                <div class=\"text-modules\">\r\n                    <div class=\"container\">\r\n                        <h3 class=\"page-title text__title\">Nauki humanistyczne: literaturoznawstwo, j\u0119zykoznawstwo, nauki o kulturze i religii, filozofia i historia. Wydzia\u0142 Humanistyczny<\/h3>\r\n                        <div class=\"text-modules__content\"><p>Studia doktoranckie na Wydziale Humanistycznym \u0142\u0105cz\u0105 dotychczasowe studia doktoranckie Wydzia\u0142u Filologicznego oraz studia doktoranckie Wydzia\u0142u Nauk Spo\u0142ecznych w zakresie filozofii i historii. Obs\u0142uga administracyjna doktorant\u00f3w pozostaje bez zmian, z wyj\u0105tkiem zmiany kierownika studi\u00f3w doktoranckich &#8211; zobacz: <a href=\"\/doktorant\/studia-doktoranckie-rozpoczete-przed-1-pazdziernika-2019-r\/nauki-humanistyczne-literaturoznawstwo-jezykoznawstwo-o-kulturze-i-religii-wydzial-humanistyczny\/kontakt\/\">Kontakt<\/a>.<\/p>\n<\/div>\r\n                    <\/div>\r\n                <\/div>[\/vc_column][\/vc_row]<\/p>","protected":false},"excerpt":{"rendered":"<p>[vc_row][vc_column][\/vc_column][\/vc_row] [&#8230;]<\/p>\n<p><a class=\"btn btn-secondary understrap-read-more-link\" href=\"https:\/\/us.edu.pl\/doktorant\/studia-doktoranckie-rozpoczete-przed-1-pazdziernika-2019-r\/nauki-humanistyczne-literaturoznawstwo-jezykoznawstwo-o-kulturze-i-religii-wydzial-humanistyczny\/\">Read More&#8230;<\/a><\/p>\n","protected":false},"author":92,"featured_media":0,"parent":501,"menu_order":0,"comment_status":"closed","ping_status":"closed","template":"page-templates\/page-with-sidebar.php","meta":{"_expiration-date-status":"","_expiration-date":0,"_expiration-date-type":"","_expiration-date-categories":[],"_expiration-date-options":[]},"acf":[],"_links":{"self":[{"href":"https:\/\/us.edu.pl\/doktorant\/wp-json\/wp\/v2\/pages\/2057"}],"collection":[{"href":"https:\/\/us.edu.pl\/doktorant\/wp-json\/wp\/v2\/pages"}],"about":[{"href":"https:\/\/us.edu.pl\/doktorant\/wp-json\/wp\/v2\/types\/page"}],"author":[{"embeddable":true,"href":"https:\/\/us.edu.pl\/doktorant\/wp-json\/wp\/v2\/users\/92"}],"replies":[{"embeddable":true,"href":"https:\/\/us.edu.pl\/doktorant\/wp-json\/wp\/v2\/comments?post=2057"}],"version-history":[{"count":0,"href":"https:\/\/us.edu.pl\/doktorant\/wp-json\/wp\/v2\/pages\/2057\/revisions"}],"up":[{"embeddable":true,"href":"https:\/\/us.edu.pl\/doktorant\/wp-json\/wp\/v2\/pages\/501"}],"wp:attachment":[{"href":"https:\/\/us.edu.pl\/doktorant\/wp-json\/wp\/v2\/media?parent=2057"}],"curies":[{"name":"wp","href":"https:\/\/api.w.org\/{rel}","templated":true}]}}