{"id":2091,"date":"2019-11-01T18:40:59","date_gmt":"2019-11-01T17:40:59","guid":{"rendered":"https:\/\/us.edu.pl\/doktorant\/?page_id=2091"},"modified":"2026-03-19T09:36:16","modified_gmt":"2026-03-19T08:36:16","slug":"kontakt","status":"publish","type":"page","link":"https:\/\/us.edu.pl\/doktorant\/studia-doktoranckie-rozpoczete-przed-1-pazdziernika-2019-r\/nauki-humanistyczne-literaturoznawstwo-jezykoznawstwo-o-kulturze-i-religii-wydzial-humanistyczny\/kontakt\/","title":{"rendered":"Kontakt"},"content":{"rendered":"<p>[vc_row][vc_column]\r\n                <div class=\"text-modules\">\r\n                    <div class=\"container\">\r\n                        \r\n                        <div class=\"text-modules__content\"><p>Uprzejmie informujemy, \u017ce studia zosta\u0142y wygaszone, a wszelkie zamieszczone informacje (w tym programy i opisy) maj\u0105 charakter archiwalny.<\/p>\n<\/div>\r\n                    <\/div>\r\n                <\/div>[vc_column_text]<strong><span style=\"font-size: 10.0pt;\">Administracyjna obs\u0142uga by\u0142ych doktorant\u00f3w studi\u00f3w doktoranckich (rozpocz\u0119tych przed 1.10.2019 r.)<\/span><\/strong><\/p>\n<p><span style=\"font-size: 10.0pt; font-family: 'Times New Roman',serif;\">mgr Karolina Konieczna-Montak<strong>\u00a0<\/strong><\/span><span style=\"font-size: 10.0pt; font-family: 'Times New Roman',serif;\"><strong> \u00a0 \u00a0 \u00a0 \u00a0 \u00a0 \u00a0 \u00a0 \u00a0 \u00a0 \u00a0 \u00a0 \u00a0 \u00a0 \u00a0 \u00a0 \u00a0 \u00a0 \u00a0 \u00a0 \u00a0 \u00a0 \u00a0 \u00a0 \u00a0 \u00a0\u00a0<\/strong><\/span><\/p>\n<p><span style=\"font-size: 10.0pt; font-family: 'Times New Roman',serif;\">e-mail:\u00a0<a href=\"mailto:karolina.konieczna@us.edu.pl\">karolina.konieczna@us.edu.pl<\/a>\u00a0<strong>\u00a0\u00a0\u00a0\u00a0\u00a0\u00a0\u00a0\u00a0\u00a0\u00a0\u00a0\u00a0\u00a0\u00a0\u00a0\u00a0\u00a0\u00a0\u00a0\u00a0\u00a0\u00a0\u00a0\u00a0\u00a0\u00a0\u00a0\u00a0\u00a0\u00a0\u00a0<\/strong>\u00a0 \u00a0 \u00a0 \u00a0 \u00a0 \u00a0 \u00a0\u00a0<b><br \/>\n<\/b>tel.: 32 364 09 65<br \/>\nSosnowiec, ul. Grota-Roweckiego 5, pok. 2.49<\/span><\/p>\n<p>[\/vc_column_text][\/vc_column][\/vc_row]<\/p>","protected":false},"excerpt":{"rendered":"<p>[vc_row][vc_column][vc_column_text]Administracyjna obs\u0142uga by\u0142ych doktorant\u00f3w studi\u00f3w doktoranckich (rozpocz\u0119tych przed 1.10.2019 r.) mgr Karolina Konieczna-Montak\u00a0 \u00a0 \u00a0 \u00a0 \u00a0 \u00a0 \u00a0 \u00a0 \u00a0 \u00a0 \u00a0 \u00a0 \u00a0 \u00a0 \u00a0 \u00a0 \u00a0 \u00a0 \u00a0 \u00a0 \u00a0 \u00a0 \u00a0 \u00a0 \u00a0 \u00a0\u00a0 e-mail:\u00a0karolina.konieczna@us.edu.pl\u00a0\u00a0\u00a0\u00a0\u00a0\u00a0\u00a0\u00a0\u00a0\u00a0\u00a0\u00a0\u00a0\u00a0\u00a0\u00a0\u00a0\u00a0\u00a0\u00a0\u00a0\u00a0\u00a0\u00a0\u00a0\u00a0\u00a0\u00a0\u00a0\u00a0\u00a0\u00a0\u00a0 \u00a0 \u00a0 \u00a0 \u00a0 \u00a0 \u00a0\u00a0 tel.: 32 364 09 65 Sosnowiec, ul. Grota-Roweckiego 5, pok. [&#8230;]<\/p>\n<p><a class=\"btn btn-secondary understrap-read-more-link\" href=\"https:\/\/us.edu.pl\/doktorant\/studia-doktoranckie-rozpoczete-przed-1-pazdziernika-2019-r\/nauki-humanistyczne-literaturoznawstwo-jezykoznawstwo-o-kulturze-i-religii-wydzial-humanistyczny\/kontakt\/\">Read More&#8230;<\/a><\/p>\n","protected":false},"author":92,"featured_media":0,"parent":2057,"menu_order":1,"comment_status":"closed","ping_status":"closed","template":"page-templates\/page-with-sidebar.php","meta":{"_expiration-date-status":"","_expiration-date":0,"_expiration-date-type":"","_expiration-date-categories":[],"_expiration-date-options":[]},"acf":[],"_links":{"self":[{"href":"https:\/\/us.edu.pl\/doktorant\/wp-json\/wp\/v2\/pages\/2091"}],"collection":[{"href":"https:\/\/us.edu.pl\/doktorant\/wp-json\/wp\/v2\/pages"}],"about":[{"href":"https:\/\/us.edu.pl\/doktorant\/wp-json\/wp\/v2\/types\/page"}],"author":[{"embeddable":true,"href":"https:\/\/us.edu.pl\/doktorant\/wp-json\/wp\/v2\/users\/92"}],"replies":[{"embeddable":true,"href":"https:\/\/us.edu.pl\/doktorant\/wp-json\/wp\/v2\/comments?post=2091"}],"version-history":[{"count":4,"href":"https:\/\/us.edu.pl\/doktorant\/wp-json\/wp\/v2\/pages\/2091\/revisions"}],"predecessor-version":[{"id":9107,"href":"https:\/\/us.edu.pl\/doktorant\/wp-json\/wp\/v2\/pages\/2091\/revisions\/9107"}],"up":[{"embeddable":true,"href":"https:\/\/us.edu.pl\/doktorant\/wp-json\/wp\/v2\/pages\/2057"}],"wp:attachment":[{"href":"https:\/\/us.edu.pl\/doktorant\/wp-json\/wp\/v2\/media?parent=2091"}],"curies":[{"name":"wp","href":"https:\/\/api.w.org\/{rel}","templated":true}]}}