{"id":2215,"date":"2019-11-01T19:06:29","date_gmt":"2019-11-01T18:06:29","guid":{"rendered":"https:\/\/us.edu.pl\/doktorant\/?page_id=2215"},"modified":"2023-10-09T16:37:19","modified_gmt":"2023-10-09T14:37:19","slug":"kryteria-stypendialne","status":"publish","type":"page","link":"https:\/\/us.edu.pl\/doktorant\/studia-doktoranckie-rozpoczete-przed-1-pazdziernika-2019-r\/nauki-humanistyczne-literaturoznawstwo-jezykoznawstwo-o-kulturze-i-religii-wydzial-humanistyczny\/kryteria-stypendialne\/","title":{"rendered":"Kryteria stypendialne"},"content":{"rendered":"<p>[vc_row][vc_column]\r\n                <div class=\"text-modules\">\r\n                    <div class=\"container\">\r\n                        <h3 class=\"page-title text__title\">Kryteria stypendialne<\/h3>\r\n                        <div class=\"text-modules__content\"><p>STYPENDIUM REKTORA 2023\/2024<\/p>\n<p>W zak\u0142adce\u00a0<a href=\"https:\/\/us.edu.pl\/student\/wsparcie-i-fundusze\/swiadczenia-stypendia-i-zapomoga\/stypendium-rektora\/\">https:\/\/us.edu.pl\/student\/wsparcie-i-fundusze\/swiadczenia-stypendia-i-zapomoga\/stypendium-rektora\/<\/a>\u00a0znajduj\u0105 si\u0119 informacje i wnioski dotycz\u0105ce Stypendium Rektora na rok akademicki 2023\/24.<\/p>\n<p><strong><span style=\"font-family: 'Calibri',sans-serif;\">Termin sk\u0142adania wniosk\u00f3w Stypendium Rektora mija 10 pa\u017adziernika 2023r.<\/span><\/strong><\/p>\n<p>Wnioski prosz\u0119 sk\u0142ada\u0107 do p. Ewy Stopki-Marek w pok. A\/6.16 w godzinach 9:00 \u2013 14:00.<\/p>\n<p>W razie jakichkolwiek w\u0105tpliwo\u015bci dotycz\u0105cych uzupe\u0142niania wniosku czy kryteri\u00f3w oceniania prosz\u0119 pisa\u0107 do Pani Kierownik Studi\u00f3w Doktoranckich: <a href=\"mailto:beata.pawletko@us.edu.pl\u00a0\">beata.pawletko@us.edu.pl\u00a0<\/a>.<\/p>\n<p>Wniosek o stypendium rektora dla doktorant\u00f3w jest za\u0142\u0105cznikiem nr 5 do Regulaminu. Znajd\u0105 go Pa\u0144stwo poni\u017cej:<\/p>\n<p><a href=\"https:\/\/us.edu.pl\/doktorant\/wp-content\/uploads\/sites\/12\/Bez-kategorii\/zalacznik-nr-5-do-Regulaminu-3.pdf\" class=\"mtli_attachment mtli_pdf\" data-mtli=\"mtli_filesize257,63kB\" class=\"mtli_attachment mtli_pdf\" data-mtli=\"mtli_filesize257,63kB\">za\u0142\u0105cznik nr 5 do Regulaminu (3)<\/a><\/p>\n<hr \/>\n<p>STYPENDIUM REKTORA 2022\/2023<\/p>\n<p>w zak\u0142adce\u00a0<a href=\"https:\/\/us.edu.pl\/student\/wsparcie-i-fundusze\/swiadczenia-stypendia-i-zapomoga\/stypendium-rektora\/\">https:\/\/us.edu.pl\/student\/wsparcie-i-fundusze\/swiadczenia-stypendia-i-zapomoga\/stypendium-rektora\/<\/a>\u00a0znajduj\u0105 si\u0119 informacje i wnioski dotycz\u0105ce Stypendium Rektora na rok akademicki 2022\/23.<\/p>\n<p><strong>Termin sk\u0142adania wniosk\u00f3w Stypendium Rektora mija 15 pa\u017adziernika 2022r.<\/strong><\/p>\n<p>W zwi\u0105zku z nieobecno\u015bci pani Marwiny Grolik (do 13.10.2022), prosz\u0119 wnioski sk\u0142ada\u0107 w pokoju B1\/27<\/p>\n<p>W razie jakichkolwiek w\u0105tpliwo\u015bci, dotycz\u0105cych uzupe\u0142niania wniosku czy kryteri\u00f3w oceniania prosz\u0119 pisa\u0107 do pani kierownik studi\u00f3w doktoranckich: <a href=\"mailto:beata.pawletko@us.edu.pl\u00a0\">beata.pawletko@us.edu.pl\u00a0<\/a><\/p>\n<hr \/>\n<p><strong>STYPENDIA DOKTORANCKIE<\/strong><\/p>\n<p>Termin sk\u0142adania wniosk\u00f3w o\u00a0stypendium doktoranckie up\u0142ywa\u00a0<strong>13 pa\u017adziernika<\/strong>\u00a02022 roku. We\u00a0wniosku o\u00a0stypendium doktoranckie doktorant uwzgl\u0119dnia dane z\u00a0ca\u0142ego przebiegu studi\u00f3w trzeciego stopnia, co oznacza, \u017ce\u00a0osi\u0105gni\u0119cia wskazane i\u00a0udokumentowane w\u00a0latach poprzednich nale\u017cy wprowadzi\u0107 do\u00a0wniosku bie\u017c\u0105cego. Mog\u0105 o\u00a0nie\u00a0wnioskowa\u0107 tak\u017ce doktoranci zatrudnieni na\u00a0Uniwersytecie \u015al\u0105skim.<\/p>\n<ul>\n<li><em>Kryteria przyznawania stypendium doktoranckiego Wydzia\u0142u Humanistycznego w\u00a0roku akademickim 2022\/2023<\/em><\/li>\n<li><a href=\"http:\/\/bip.us.edu.pl\/zarzadzenie-nr-542014\"><em>Zarz\u0105dzenie nr\u00a054\u00a0Rektora Uniwersytetu \u015al\u0105skiego w\u00a0Katowicach z\u00a0dnia 8\u00a0kwietnia 2014\u00a0r. w\u00a0sprawie ustalenia \u201eRegulaminu przyznawania zwi\u0119kszenia stypendium z\u00a0dotacji projako\u015bciowej w\u00a0Uniwersytecie \u015al\u0105skim w\u00a0Katowicach\u201d oraz\u00a0wytycznych w\u00a0sprawie zasad przyznawania stypendi\u00f3w doktoranckich w\u00a0Uniwersytecie \u015al\u0105skim w\u00a0Katowicach\u00a0<\/em><\/a><\/li>\n<li><em>Wniosek o\u00a0przyznanie stypendium doktoranckiego dla doktorant\u00f3w na 1. przed\u0142u\u017ceniu<\/em><\/li>\n<li><em>O\u015bwiadczenie doktoranta *<\/em><\/li>\n<\/ul>\n<ul style=\"list-style-type: circle;\">\n<li><strong><a href=\"https:\/\/us.edu.pl\/doktorant\/wp-content\/uploads\/sites\/12\/Bez-kategorii\/Kryteria-przyznawania-stypendium-doktoranckiego-Wydzialu-Humanistycznego-w-roku-akademickim-2021-2022.pdf\" class=\"mtli_attachment mtli_pdf\" data-mtli=\"mtli_filesize148,70kB\" class=\"mtli_attachment mtli_pdf\" data-mtli=\"mtli_filesize148,70kB\">Kryteria-przyznawania-stypendium-doktoranckiego-Wydzia\u0142u Humanistycznego-w-roku-akademickim-2021-2022<\/a><\/strong><\/li>\n<li><strong><a href=\"https:\/\/us.edu.pl\/doktorant\/wp-content\/uploads\/sites\/12\/Bez-kategorii\/wniosek_styp.-doktoranckie.pdf\" class=\"mtli_attachment mtli_pdf\" data-mtli=\"mtli_filesize300,49kB\" class=\"mtli_attachment mtli_pdf\" data-mtli=\"mtli_filesize300,49kB\">wniosek_styp.-doktoranckie<\/a><\/strong><\/li>\n<li><strong><a href=\"https:\/\/us.edu.pl\/doktorant\/wp-content\/uploads\/sites\/12\/Bez-kategorii\/oswiadczenie-doktoranta.pdf\" class=\"mtli_attachment mtli_pdf\" data-mtli=\"mtli_filesize173,32kB\" class=\"mtli_attachment mtli_pdf\" data-mtli=\"mtli_filesize173,32kB\">o\u015bwiadczenie-doktoranta<\/a><\/strong><\/li>\n<\/ul>\n<p><strong>STYPENDIA Z\u00a0DOTACJI PROJAKO\u015aCIOWEJ<\/strong><\/p>\n<p>Termin sk\u0142adania wniosk\u00f3w o\u00a0stypendium projako\u015bciowe up\u0142ywa\u00a0<strong>13 pa\u017adziernika<\/strong>\u00a02022 roku. We\u00a0wniosku o\u00a0stypendium projako\u015bciowe doktorant uwzgl\u0119dnia dane z\u00a0ubieg\u0142ego roku akademickiego.<\/p>\n<ul>\n<li><em>Kryteria przyznawania stypendium doktoranckiego Wydzia\u0142u Humanistycznego w\u00a0roku akademickim 2022\/2023\u00a0<\/em><\/li>\n<li><em><a href=\"http:\/\/bip.us.edu.pl\/zarzadzenie-nr-542014\">Zarz\u0105dzenie nr\u00a054\u00a0Rektora Uniwersytetu \u015al\u0105skiego w\u00a0Katowicach z\u00a0dnia 8\u00a0kwietnia 2014\u00a0r. w\u00a0sprawie ustalenia \u201eRegulaminu przyznawania zwi\u0119kszenia stypendium z\u00a0dotacji projako\u015bciowej w\u00a0Uniwersytecie \u015al\u0105skim w\u00a0Katowicach\u201d oraz\u00a0wytycznych w\u00a0sprawie zasad przyznawania stypendi\u00f3w doktoranckich w\u00a0Uniwersytecie \u015al\u0105skim w\u00a0Katowicach\u00a0<\/a><\/em><\/li>\n<li><em>Wniosek o\u00a0przyznanie zwi\u0119kszenia stypendium doktoranckiego z\u00a0dotacji podmiotowej na\u00a0dofinansowanie zada\u0144 projako\u015bciowych dla doktoranta na 1.przed\u0142u\u017ceniu<\/em><\/li>\n<li><em>O\u015bwiadczenie doktoranta *<\/em><\/li>\n<\/ul>\n<p><em>*jedno w przypadku z\u0142o\u017cenia obu wniosk\u00f3w<\/em><\/p>\n<ul style=\"list-style-type: circle;\">\n<li><a href=\"https:\/\/us.edu.pl\/doktorant\/wp-content\/uploads\/sites\/12\/Bez-kategorii\/Kryteria-przyznawania-stypendium-PROJAKOSCIOWE-Wydzialu-Humanistycznego-w-roku-akademickim-2021-2022.pdf\" class=\"mtli_attachment mtli_pdf\" data-mtli=\"mtli_filesize148,13kB\" class=\"mtli_attachment mtli_pdf\" data-mtli=\"mtli_filesize148,13kB\">Kryteria-przyznawania-stypendium-PROJAKOSCIOWE Wydzia\u0142u Humanistycznego-w-roku-akademickim-2021-2022<\/a><\/li>\n<li><a href=\"https:\/\/us.edu.pl\/doktorant\/wp-content\/uploads\/sites\/12\/Bez-kategorii\/wniosek_styp.-projakosciowe.pdf\" class=\"mtli_attachment mtli_pdf\" data-mtli=\"mtli_filesize299,06kB\" class=\"mtli_attachment mtli_pdf\" data-mtli=\"mtli_filesize299,06kB\">wniosek_styp.-projako\u015bciowe<\/a><\/li>\n<li><a href=\"https:\/\/us.edu.pl\/doktorant\/wp-content\/uploads\/sites\/12\/Bez-kategorii\/oswiadczenie-doktoranta-1.pdf\" class=\"mtli_attachment mtli_pdf\" data-mtli=\"mtli_filesize173,32kB\" class=\"mtli_attachment mtli_pdf\" data-mtli=\"mtli_filesize173,32kB\">o\u015bwiadczenie-doktoranta<\/a><\/li>\n<\/ul>\n<hr \/>\n<p style=\"margin-top: 0cm; background: white;\"><strong><span style=\"font-size: 13.0pt; font-family: 'Open Sans'; color: black;\">Stypendium Rektora 2021\/2022<\/span><\/strong><\/p>\n<p style=\"margin-top: 0cm; background: white;\"><strong><span style=\"font-size: 13.0pt; font-family: 'Open Sans'; color: black;\"><a href=\"https:\/\/us.edu.pl\/student\/wsparcie-i-fundusze\/swiadczenia-stypendia-i-zapomoga\/stypendium-rektora\/\"><span style=\"font-weight: normal;\">https:\/\/us.edu.pl\/student\/wsparcie-i-fundusze\/swiadczenia-stypendia-i-zapomoga\/stypendium-rektora\/<\/span><\/a> <\/span><\/strong><\/p>\n<p style=\"margin-top: 0cm; background: white;\"><strong><span style=\"font-size: 13.0pt; font-family: 'Open Sans'; color: black;\">W okresie od dnia 1 pa\u017adziernika 2019 r. do dnia 31 grudnia 2023 r. przepisy niniejszego regulaminu w zakresie przyznawania \u015bwiadcze\u0144 stosuje si\u0119 odpowiednio do doktorant\u00f3w, kt\u00f3rzy rozpocz\u0119li studia doktoranckie przed rokiem akademickim 2019\/2020.<\/span><\/strong><\/p>\n<p style=\"margin-top: 0cm; background: white; box-sizing: border-box; margin-bottom: 1rem; font-variant-ligatures: normal; font-variant-caps: normal; orphans: 2; widows: 2; -webkit-text-stroke-width: 0px; text-decoration-thickness: initial; text-decoration-style: initial; text-decoration-color: initial; word-spacing: 0px;\"><strong><span style=\"font-size: 13.0pt; font-family: 'Open Sans'; color: black;\">Szczeg\u00f3\u0142owe zasady przyznawania stypendium rektora dla doktorant\u00f3w okre\u015blaj\u0105 rozdzia\u0142 VI\u00a0oraz za\u0142\u0105czniki\u00a0<a href=\"http:\/\/bip.us.edu.pl\/sites\/bip.us.edu.pl\/files\/prawo\/zal202116504.pdf\" class=\"mtli_attachment mtli_pdf\" data-mtli=\"mtli_filesize36,44kB\" class=\"mtli_attachment mtli_pdf\" data-mtli=\"mtli_filesize36,44kB\"><span style=\"color: #002e5a;\">nr 4<\/span><\/a>,\u00a0<a href=\"http:\/\/bip.us.edu.pl\/sites\/bip.us.edu.pl\/files\/prawo\/zalacznik_nr_5_do_regulaminu_1.doc\" class=\"mtli_attachment mtli_doc\" data-mtli=\"mtli_filesize36,44kB\" class=\"mtli_attachment mtli_doc\" data-mtli=\"mtli_filesize36,44kB\"><span style=\"color: #002e5a;\">5<\/span><\/a>\u00a0i\u00a0<a href=\"http:\/\/bip.us.edu.pl\/sites\/bip.us.edu.pl\/files\/prawo\/zal202116506.pdf\" class=\"mtli_attachment mtli_pdf\" data-mtli=\"mtli_filesize36,44kB\" class=\"mtli_attachment mtli_pdf\" data-mtli=\"mtli_filesize36,44kB\"><span style=\"color: #002e5a;\">6<\/span><\/a>\u00a0do\u00a0<\/span><\/strong><span style=\"font-size: 13.0pt; font-family: 'Open Sans'; color: black;\"><a href=\"http:\/\/bip.us.edu.pl\/sites\/bip.us.edu.pl\/files\/prawo\/zal202116500.pdf\" class=\"mtli_attachment mtli_pdf\" data-mtli=\"mtli_filesize36,44kB\" class=\"mtli_attachment mtli_pdf\" data-mtli=\"mtli_filesize36,44kB\"><span style=\"color: #002e5a;\">Regulaminu<\/span><\/a><strong><span style=\"font-family: 'Open Sans';\">\u00a0.<\/span><\/strong><\/span><\/p>\n<p>&nbsp;<\/p>\n<hr \/>\n<p><strong>STYPENDIA DOKTORANCKIE<\/strong><\/p>\n<p>Termin sk\u0142adania wniosk\u00f3w o\u00a0stypendium doktoranckie up\u0142ywa <strong>14 pa\u017adziernika<\/strong>\u00a02021 roku. We\u00a0wniosku o\u00a0stypendium doktoranckie doktorant uwzgl\u0119dnia dane z\u00a0ca\u0142ego przebiegu studi\u00f3w trzeciego stopnia, co oznacza, \u017ce\u00a0osi\u0105gni\u0119cia wskazane i\u00a0udokumentowane w\u00a0latach poprzednich nale\u017cy wprowadzi\u0107 do\u00a0wniosku bie\u017c\u0105cego. Mog\u0105 o\u00a0nie\u00a0wnioskowa\u0107 tak\u017ce doktoranci zatrudnieni na\u00a0Uniwersytecie \u015al\u0105skim.<\/p>\n<ul>\n<li><em>Kryteria przyznawania stypendium doktoranckiego Wydzia\u0142u Humanistycznego w\u00a0roku akademickim 2020\/2021<\/em><\/li>\n<li><a href=\"http:\/\/bip.us.edu.pl\/zarzadzenie-nr-542014\"><em>Zarz\u0105dzenie nr\u00a054\u00a0Rektora Uniwersytetu \u015al\u0105skiego w\u00a0Katowicach z\u00a0dnia 8\u00a0kwietnia 2014\u00a0r. w\u00a0sprawie ustalenia \u201eRegulaminu przyznawania zwi\u0119kszenia stypendium z\u00a0dotacji projako\u015bciowej w\u00a0Uniwersytecie \u015al\u0105skim w\u00a0Katowicach\u201d oraz\u00a0wytycznych w\u00a0sprawie zasad przyznawania stypendi\u00f3w doktoranckich w\u00a0Uniwersytecie \u015al\u0105skim w\u00a0Katowicach\u00a0<\/em><\/a><\/li>\n<li><em>Wniosek o\u00a0przyznanie stypendium doktoranckiego dla doktorant\u00f3w III,IV roku<\/em> <em>i na 1.przed\u0142u\u017ceniu<\/em><\/li>\n<\/ul>\n<p><a href=\"https:\/\/us.edu.pl\/doktorant\/wp-content\/uploads\/sites\/12\/Nieprzypisane\/Kryteria-przyznawania-stypendium-doktoranckiego-Wydzia\u0139u-Humanistycznego-w-roku-akademickim-2021-2022.docx\" class=\"mtli_attachment mtli_docx\" data-mtli=\"mtli_filesize31,13kB\" class=\"mtli_attachment mtli_docx\" data-mtli=\"mtli_filesize31,13kB\">Kryteria-przyznawania-stypendium-doktoranckiego-Wydzia\u0139u-Humanistycznego-w-roku-akademickim-2021-2022<\/a><a href=\"https:\/\/us.edu.pl\/doktorant\/wp-content\/uploads\/sites\/12\/Nieprzypisane\/Kryteria-przyznawania-stypendium-doktoranckiego-Wydzia\u0139u-Humanistycznego-w-roku-akademickim-2021-2022-1.docx\" class=\"mtli_attachment mtli_docx\" data-mtli=\"mtli_filesize31,13kB\" class=\"mtli_attachment mtli_docx\" data-mtli=\"mtli_filesize31,13kB\">Kryteria-przyznawania-stypendium-doktoranckiego-Wydzia\u0139u-Humanistycznego-w-roku-akademickim-2021-2022<\/a><\/p>\n<p><a href=\"https:\/\/us.edu.pl\/doktorant\/wp-content\/uploads\/sites\/12\/Nieprzypisane\/wniosek_styp.-doktoranckie-21-22.doc\" class=\"mtli_attachment mtli_doc\" data-mtli=\"mtli_filesize88,50kB\" class=\"mtli_attachment mtli_doc\" data-mtli=\"mtli_filesize88,50kB\">wniosek_styp.-doktoranckie 21-22<\/a><\/p>\n<p><a href=\"https:\/\/us.edu.pl\/doktorant\/wp-content\/uploads\/sites\/12\/Nieprzypisane\/o\u015bwiadczenie-doktoranta.doc\" class=\"mtli_attachment mtli_doc\" data-mtli=\"mtli_filesize32,50kB\" class=\"mtli_attachment mtli_doc\" data-mtli=\"mtli_filesize32,50kB\">o\u015bwiadczenie doktoranta<\/a><\/p>\n<p><em>\u00a0<\/em><\/p>\n<p><strong>STYPENDIA Z\u00a0DOTACJI PROJAKO\u015aCIOWEJ<\/strong><\/p>\n<p>Termin sk\u0142adania wniosk\u00f3w o\u00a0stypendium projako\u015bciowe up\u0142ywa\u00a0<strong>14 pa\u017adziernika<\/strong>\u00a02021 roku. We\u00a0wniosku o\u00a0stypendium projako\u015bciowe doktorant uwzgl\u0119dnia dane z\u00a0ubieg\u0142ego roku akademickiego.<\/p>\n<ul>\n<li><em>Kryteria przyznawania stypendium doktoranckiego Wydzia\u0142u Humanistycznego w\u00a0roku akademickim 2019\/2020\u00a0<\/em><\/li>\n<li><em><a href=\"http:\/\/bip.us.edu.pl\/zarzadzenie-nr-542014\">Zarz\u0105dzenie nr\u00a054\u00a0Rektora Uniwersytetu \u015al\u0105skiego w\u00a0Katowicach z\u00a0dnia 8\u00a0kwietnia 2014\u00a0r. w\u00a0sprawie ustalenia \u201eRegulaminu przyznawania zwi\u0119kszenia stypendium z\u00a0dotacji projako\u015bciowej w\u00a0Uniwersytecie \u015al\u0105skim w\u00a0Katowicach\u201d oraz\u00a0wytycznych w\u00a0sprawie zasad przyznawania stypendi\u00f3w doktoranckich w\u00a0Uniwersytecie \u015al\u0105skim w\u00a0Katowicach\u00a0<\/a><\/em><\/li>\n<li><em>Wniosek o\u00a0przyznanie zwi\u0119kszenia stypendium doktoranckiego z\u00a0dotacji podmiotowej na\u00a0dofinansowanie zada\u0144 projako\u015bciowych dla doktoranta III i\u00a0IV roku\u00a0i na 1.przed\u0142u\u017ceniu<\/em><\/li>\n<\/ul>\n<p><a href=\"https:\/\/us.edu.pl\/doktorant\/wp-content\/uploads\/sites\/12\/Nieprzypisane\/Kryteria-przyznawania-stypendium-PROJAKO\u0139\u0161CIOWEGO-Wydzia\u0139u-Humanistycznego-w-roku-akademickim-2021-2022.docx\" class=\"mtli_attachment mtli_docx\" data-mtli=\"mtli_filesize30,93kB\" class=\"mtli_attachment mtli_docx\" data-mtli=\"mtli_filesize30,93kB\">Kryteria-przyznawania-stypendium-PROJAKO\u0139\u0161CIOWEGO-Wydzia\u0139u-Humanistycznego-w-roku-akademickim-2021-2022<\/a><\/p>\n<p><a href=\"https:\/\/us.edu.pl\/doktorant\/wp-content\/uploads\/sites\/12\/Nieprzypisane\/wniosek_styp.-projako\u015bciowe-21-22.doc\" class=\"mtli_attachment mtli_doc\" data-mtli=\"mtli_filesize88,50kB\" class=\"mtli_attachment mtli_doc\" data-mtli=\"mtli_filesize88,50kB\">wniosek_styp.-projako\u015bciowe 21-22<\/a><\/p>\n<p><a href=\"https:\/\/us.edu.pl\/doktorant\/wp-content\/uploads\/sites\/12\/Nieprzypisane\/o\u015bwiadczenie-doktoranta.doc\" class=\"mtli_attachment mtli_doc\" data-mtli=\"mtli_filesize32,50kB\" class=\"mtli_attachment mtli_doc\" data-mtli=\"mtli_filesize32,50kB\">o\u015bwiadczenie doktoranta<\/a><\/p>\n<hr \/>\n<p>Stypendium doktoranckie i projako\u015bciowe 2020\/2021 \u00a0<a href=\"https:\/\/us.edu.pl\/doktorant\/2020\/09\/10\/nabor-wnioskow-na-stypendia-doktoranckie-na-rok-akademicki-2020-2021-wydzial-humanistyczny-studia-doktoranckie\/\">https:\/\/us.edu.pl\/doktorant\/2020\/09\/10\/nabor-wnioskow-na-stypendia-doktoranckie-na-rok-akademicki-2020-2021-wydzial-humanistyczny-studia-doktoranckie\/<\/a><\/p>\n<p>Stypendium Rektora 2020\/2021 <a href=\"https:\/\/us.edu.pl\/student\/komunikaty\/zasady-oceniania-osiagniec-doktorantow-do-stypendium-rektora\/?fbclid=IwAR0IdjlRxM9L5qkL1VpDJsAJZlA73j09yXqpJTd0O22vpiEd-s-BRHonuz8\">https:\/\/us.edu.pl\/student\/komunikaty\/zasady-oceniania-osiagniec-doktorantow-do-stypendium-rektora\/?fbclid=IwAR0IdjlRxM9L5qkL1VpDJsAJZlA73j09yXqpJTd0O22vpiEd-s-BRHonuz8<\/a><\/p>\n<style type=\"text\/css\">a[data-mtli~=\"mtli_filesize257,63kB\"]:after {content:\" (257,63 kB)\"}a[data-mtli~=\"mtli_filesize148,70kB\"]:after {content:\" (148,70 kB)\"}a[data-mtli~=\"mtli_filesize300,49kB\"]:after {content:\" (300,49 kB)\"}a[data-mtli~=\"mtli_filesize173,32kB\"]:after {content:\" (173,32 kB)\"}a[data-mtli~=\"mtli_filesize148,13kB\"]:after {content:\" (148,13 kB)\"}a[data-mtli~=\"mtli_filesize299,06kB\"]:after {content:\" (299,06 kB)\"}a[data-mtli~=\"mtli_filesize36,44kB\"]:after {content:\" (36,44 kB)\"}a[data-mtli~=\"mtli_filesize31,13kB\"]:after {content:\" (31,13 kB)\"}a[data-mtli~=\"mtli_filesize88,50kB\"]:after {content:\" (88,50 kB)\"}a[data-mtli~=\"mtli_filesize32,50kB\"]:after {content:\" (32,50 kB)\"}a[data-mtli~=\"mtli_filesize30,93kB\"]:after {content:\" (30,93 kB)\"}<\/style><\/div>\r\n                    <\/div>\r\n                <\/div>[\/vc_column][\/vc_row]<\/p>\n<style type=\"text\/css\">a[data-mtli~=\"mtli_filesize257,63kB\"]:after {content:\" (257,63 kB)\"}a[data-mtli~=\"mtli_filesize148,70kB\"]:after {content:\" (148,70 kB)\"}a[data-mtli~=\"mtli_filesize300,49kB\"]:after {content:\" (300,49 kB)\"}a[data-mtli~=\"mtli_filesize173,32kB\"]:after {content:\" (173,32 kB)\"}a[data-mtli~=\"mtli_filesize148,13kB\"]:after {content:\" (148,13 kB)\"}a[data-mtli~=\"mtli_filesize299,06kB\"]:after {content:\" (299,06 kB)\"}a[data-mtli~=\"mtli_filesize36,44kB\"]:after {content:\" (36,44 kB)\"}a[data-mtli~=\"mtli_filesize31,13kB\"]:after {content:\" (31,13 kB)\"}a[data-mtli~=\"mtli_filesize88,50kB\"]:after {content:\" (88,50 kB)\"}a[data-mtli~=\"mtli_filesize32,50kB\"]:after {content:\" (32,50 kB)\"}a[data-mtli~=\"mtli_filesize30,93kB\"]:after {content:\" (30,93 kB)\"}<\/style>","protected":false},"excerpt":{"rendered":"<p>[vc_row][vc_column][\/vc_column][\/vc_row] [&#8230;]<\/p>\n<p><a class=\"btn btn-secondary understrap-read-more-link\" href=\"https:\/\/us.edu.pl\/doktorant\/studia-doktoranckie-rozpoczete-przed-1-pazdziernika-2019-r\/nauki-humanistyczne-literaturoznawstwo-jezykoznawstwo-o-kulturze-i-religii-wydzial-humanistyczny\/kryteria-stypendialne\/\">Read More&#8230;<\/a><\/p>\n","protected":false},"author":92,"featured_media":0,"parent":2057,"menu_order":6,"comment_status":"closed","ping_status":"closed","template":"page-templates\/page-with-sidebar.php","meta":{"_expiration-date-status":"","_expiration-date":0,"_expiration-date-type":"","_expiration-date-categories":[],"_expiration-date-options":[]},"acf":[],"_links":{"self":[{"href":"https:\/\/us.edu.pl\/doktorant\/wp-json\/wp\/v2\/pages\/2215"}],"collection":[{"href":"https:\/\/us.edu.pl\/doktorant\/wp-json\/wp\/v2\/pages"}],"about":[{"href":"https:\/\/us.edu.pl\/doktorant\/wp-json\/wp\/v2\/types\/page"}],"author":[{"embeddable":true,"href":"https:\/\/us.edu.pl\/doktorant\/wp-json\/wp\/v2\/users\/92"}],"replies":[{"embeddable":true,"href":"https:\/\/us.edu.pl\/doktorant\/wp-json\/wp\/v2\/comments?post=2215"}],"version-history":[{"count":0,"href":"https:\/\/us.edu.pl\/doktorant\/wp-json\/wp\/v2\/pages\/2215\/revisions"}],"up":[{"embeddable":true,"href":"https:\/\/us.edu.pl\/doktorant\/wp-json\/wp\/v2\/pages\/2057"}],"wp:attachment":[{"href":"https:\/\/us.edu.pl\/doktorant\/wp-json\/wp\/v2\/media?parent=2215"}],"curies":[{"name":"wp","href":"https:\/\/api.w.org\/{rel}","templated":true}]}}