{"id":2229,"date":"2019-11-01T19:08:13","date_gmt":"2019-11-01T18:08:13","guid":{"rendered":"https:\/\/us.edu.pl\/doktorant\/?page_id=2229"},"modified":"2022-09-13T12:29:28","modified_gmt":"2022-09-13T10:29:28","slug":"wzory-drukow","status":"publish","type":"page","link":"https:\/\/us.edu.pl\/doktorant\/studia-doktoranckie-rozpoczete-przed-1-pazdziernika-2019-r\/nauki-humanistyczne-literaturoznawstwo-jezykoznawstwo-o-kulturze-i-religii-wydzial-humanistyczny\/wzory-drukow\/","title":{"rendered":"Wzory druk\u00f3w"},"content":{"rendered":"<p>[vc_row][vc_column]\r\n                <div class=\"text-modules\">\r\n                    <div class=\"container\">\r\n                        <h3 class=\"page-title text__title\">Wzory druk\u00f3w<\/h3>\r\n                        <div class=\"text-modules__content\"><p><strong>Wykaz dokument\u00f3w wymaganych przy z\u0142o\u017ceniu pracy doktorskiej, w przewodach wszcz\u0119tych przed 1.10.2019 r.:<\/strong><\/p>\n<p><a href=\"https:\/\/us.edu.pl\/doktorant\/mobilnosc-rozwoj\/uzyskanie-stopnia-doktora\/studia-doktoranckie-doktoranci-ktorzy-maja-wszczety-przewod-doktorski\/\">https:\/\/us.edu.pl\/doktorant\/mobilnosc-rozwoj\/uzyskanie-stopnia-doktora\/studia-doktoranckie-doktoranci-ktorzy-maja-wszczety-przewod-doktorski\/<\/a><\/p>\n<p>&nbsp;<\/p>\n<ol>\n<li><strong>Przed wydrukowaniem i z\u0142o\u017ceniem pracy doktorskiej nale\u017cy<\/strong> wys\u0142a\u0107 e-mail na adres <a href=\"mailto:agnieszka.slanina@us.edu.pl\">agnieszka.slanina@us.edu.pl<\/a>\u00a0z danymi:<\/li>\n<\/ol>\n<p>&#8211; w jakim j\u0119zyku napisana zosta\u0142a rozprawa doktorska (np. polski)<\/p>\n<p>&#8211; temat rozprawy doktorskiej w j\u0119zyku polskim<\/p>\n<p>&#8211; temat rozprawy w j\u0119zyku angielskim<\/p>\n<p>&#8211; je\u017celi rozprawa zosta\u0142a napisana w innym ni\u017c\u00a0wymienione powy\u017cej j\u0119zyku &#8211; r\u00f3wnie\u017c temat rozprawy w j\u0119zyku rozprawy<\/p>\n<ol>\n<li>Nat\u0119pnie nale\u017cy zalogowa\u0107 si\u0119 na stronie <a href=\"http:\/\/www.apd.us.edu.pl\">www.apd.us.edu.pl<\/a>i <strong>wgra\u0107 do Archiwum Prac Dyplomowych plik rozprawy i uzupe\u0142ni\u0107 wymagane informacje<\/strong> zgodnie z instrukcj\u0105:<\/li>\n<\/ol>\n<p>DOKTORANT:<\/p>\n<p>UZUPE\u0141NIENIE INFORMACJI O PRACY[KROK NR 1]<\/p>\n<p>APD \u2192 zak\u0142adka MOJE PRACE \u2192\u00a0przej\u015bcie na stron\u0119 pracy\u2192 zak\u0142adka\u00a0Informacje o pracy<\/p>\n<p>Doktorant\u00a0uzupe\u0142nia:<\/p>\n<ul>\n<li>tytu\u0142 pracy w j\u0119zyku polskim\u00a0\u2013je\u017celi j\u0119zyk orygina\u0142u jest inny ni\u017c polski;<\/li>\n<li>tytu\u0142 pracy w j\u0119zyku angielskim\u00a0\u2013je\u017celi j\u0119zyk orygina\u0142u jest inny ni\u017c angielski;<\/li>\n<li>streszczenie pracy\u00a0w j\u0119zyku polskim\u2013w formie pliku PDF(max. 5 MB);<\/li>\n<li>streszczenie pracy w j\u0119zyku\u00a0angielskim\u00a0\u2013w formie pliku PDF(max. 5 MB);<\/li>\n<li>streszczenie pracy w j\u0119zyku orygina\u0142u\u00a0\u2013je\u017celi j\u0119zyk orygina\u0142u jest inny ni\u017c polskii angielski\u00a0-w formie pliku\u00a0PDF(max. 5 MB);<\/li>\n<li>s\u0142owa kluczowe w j\u0119zyku polskim;<\/li>\n<li>s\u0142owa kluczowe w j\u0119zyku\u00a0angielskim;<\/li>\n<li>s\u0142owa kluczowe w j\u0119zyku orygina\u0142u\u00a0\u2013je\u017celi j\u0119zyk orygina\u0142u jest inny ni\u017c polski;<\/li>\n<\/ul>\n<p>a\u00a0nast\u0119pnie przekazuje prac\u0119 do\u00a0kroku nr 2\u00a0-Przesy\u0142anie plik\u00f3w z prac\u0105.<\/p>\n<p>DOKTORANT:<\/p>\n<p>ZA\u0141\u0104CZENIE PLIKU ZPRAC\u0104[KROK NR 2]<\/p>\n<p>APD \u2192 zak\u0142adka MOJE PRACE \u2192 przej\u015bcie na stron\u0119 pracy \u2192 zak\u0142adka\u00a0Pliki<\/p>\n<p>Doktorant umieszcza w APD ostateczn\u0105 wersj\u0119 pracy.<\/p>\n<p>Doktorant\u00a0wgrywa plik z tre\u015bci\u0105 pracy a nast\u0119pnie przekazuje prac\u0119 do kroku nr 3\u00a0\u2013Akceptacja danych przez\u00a0promotora.<\/p>\n<p>Plik z prac\u0105 musi mie\u0107 nazw\u0119 pasuj\u0105c\u0105 do nast\u0119puj\u0105cego wzorca:[kod jednostki W1]-[rodzaj dyplomu PRD]-[numer albumu\u00a0doktoranta 8156\u00a0]-[rok\u00a0z\u0142o\u017cenia rozprawy]np.\u00a0<strong>W1-PDR-8156-2022<\/strong><\/p>\n<p>Plik z tre\u015bci\u0105 pracy mo\u017ce mie\u0107 maksymalnie 15 MB.<\/p>\n<p>Nast\u0119pnie\u00a0doktorant\u00a0przekazuje prac\u0119 do\u00a0kroku nr\u00a03\u2013Akceptacja danych.<\/p>\n<ol>\n<li><strong> Z\u0142o\u017cy\u0107 w Biurze Ewaluacji i Obs\u0142ugi Instytut\u00f3w &#8211; Awanse Naukowe (ul. Uniwersytecka 4, pok. B\/1.27):<\/strong><\/li>\n<\/ol>\n<ul>\n<li>praca doktorska w trzech egzemplarzach (jeden zbindowany i wydrukowany dwustronnie do archiwum, dwa dla recenzent\u00f3w)<\/li>\n<li>streszczenie rozprawy doktorskiej w j\u0119zyku polskim i angielskim zamieszczone w pracy<\/li>\n<li><a href=\"https:\/\/us.edu.pl\/doktorant\/wp-content\/uploads\/sites\/12\/2019\/12\/umowa_licencyjna2.pdf\" class=\"mtli_attachment mtli_pdf\" data-mtli=\"mtli_filesize209,47kB\" class=\"mtli_attachment mtli_pdf\" data-mtli=\"mtli_filesize209,47kB\">umowa licencyjna<\/a>\u00a0(trzy egzemplarze)<\/li>\n<li><a href=\"https:\/\/us.edu.pl\/doktorant\/wp-content\/uploads\/sites\/12\/2019\/12\/oswiadczenie-promotora-o-przyj%C4%99ciu-rozprawy-doktorskiej-spe%C5%82niaj%C4%85cej-wymagania-stawiane-rozprawom-naukowym.doc\" class=\"mtli_attachment mtli_doc\" class=\"mtli_attachment mtli_doc\">o\u015bwiadczenie promotora o przyj\u0119ciu rozprawy doktorskiej spe\u0142niaj\u0105cej wymagania stawiane rozprawom naukowym<\/a>\u00a0(podpisane przez promotora)<\/li>\n<li>raport antyplagiatowy z APD (wydrukowany i podpisany przez promotora)<\/li>\n<li><a href=\"https:\/\/us.edu.pl\/doktorant\/wp-content\/uploads\/sites\/12\/2019\/12\/o%C5%9Bwiadczenie-autora-o-oryginalno%C5%9Bci-pracy.doc\" class=\"mtli_attachment mtli_doc\" class=\"mtli_attachment mtli_doc\">o\u015bwiadczenie autora o oryginalno\u015bci pracy<\/a><\/li>\n<li><a href=\"https:\/\/us.edu.pl\/doktorant\/wp-content\/uploads\/sites\/12\/2019\/12\/sk%C5%82ad-komisji-egzaminacyjnej-z-dyscypliny-podstawowej-dyscypliny-dodatkowej.doc\" class=\"mtli_attachment mtli_doc\" class=\"mtli_attachment mtli_doc\">sk\u0142ad komisji egzaminacyjnej z dyscypliny podstawowej, dyscypliny dodatkowej<\/a>\u00a0&#8211; promotor<\/li>\n<li><a href=\"https:\/\/us.edu.pl\/doktorant\/wp-content\/uploads\/sites\/12\/2019\/12\/sk%C5%82ad-komisji-doktorskiej.doc\" class=\"mtli_attachment mtli_doc\" class=\"mtli_attachment mtli_doc\">sk\u0142ad komisji doktorskiej<\/a>\u00a0&#8211; promotor<\/li>\n<li>dokumenty niezb\u0119dne do zaliczenia IV roku (indeks, karta zaliczeniowa, sprawozdanie)<\/li>\n<\/ul>\n<hr \/>\n<p><strong>Druki niezb\u0119dne do uzyskania zaliczenia w roku akademickim 2021\/2022: <\/strong><\/p>\n<ul>\n<li><a href=\"https:\/\/us.edu.pl\/doktorant\/wp-content\/uploads\/sites\/12\/Nieprzypisane\/Karta-okresowych-osi%C4%85gni%C4%99%C4%87-doktoranta-002.doc\" class=\"mtli_attachment mtli_doc\" class=\"mtli_attachment mtli_doc\">Karta-okresowych-osi\u0105gni\u0119\u0107-doktoranta (002)<\/a><\/li>\n<li><a href=\"https:\/\/us.edu.pl\/doktorant\/wp-content\/uploads\/sites\/12\/Nieprzypisane\/protok%C3%B3%C5%82-hospitacji-2019-2020-1-1.docx\" class=\"mtli_attachment mtli_docx\" class=\"mtli_attachment mtli_docx\" data-mtli=\"mtli_filesize68,84kB\">protok\u00f3\u0142-hospitacji-2019-2020-1<\/a><\/li>\n<\/ul>\n<p>W roku akademickim 2021\/2022 dokumenty niezb\u0119dne do zaliczenia roku (indeks, kart\u0119 okresowych osi\u0105gni\u0119\u0107, przynajmniej jeden protok\u00f3\u0142 hospitacji, sprawozdanie doktoranta) nale\u017cy z\u0142o\u017cy\u0107 do 30 wrze\u015bnia 2022 r.<\/p>\n<hr \/>\n<p><strong>Druk wniosku o\u00a0przed\u0142u\u017cenie okresu odbywania studi\u00f3w:\u00a0<\/strong><\/p>\n<ul>\n<li><a href=\"https:\/\/us.edu.pl\/doktorant\/wp-content\/uploads\/sites\/12\/Nieprzypisane\/wniosek_dotyczacy-przedluzenia-okresu-odbywania-studiow-doktoranckich-badania.doc\" class=\"mtli_attachment mtli_doc\" data-mtli=\"mtli_filesize37,00kB\" class=\"mtli_attachment mtli_doc\" data-mtli=\"mtli_filesize37,00kB\" data-mtli=\"mtli_filesize37,00kB\">wniosek_dotyczacy-przedluzenia-okresu-odbywania-studiow-doktoranckich-badania<\/a><\/li>\n<\/ul>\n<p>W roku akademickim 2021\/2022 kompletne wnioski nale\u017cy z\u0142o\u017cy\u0107\u00a0<strong>nie p\u00f3\u017aniej ni\u017c\u00a020 wrze\u015bnia 2022 r.<\/strong><\/p>\n<p>Komplet dokument\u00f3w do przed\u0142u\u017cenia studi\u00f3w:<\/p>\n<ul>\n<li>wniosek<\/li>\n<li>opinia promotora do wniosku (dla doktoranta, kt\u00f3ry nie z\u0142o\u017cy\u0142 jeszcze rozprawy doktorskiej)<\/li>\n<li>karta zaliczeniowa z wpisem z godzin dydaktycznych (dla przed\u0142u\u017caj\u0105cych po raz pierwszy)<\/li>\n<li>sprawozdanie z roku akademickiego 2021\/2022 potwierdzone przez opiekuna naukowego\/promotora<\/li>\n<li>protok\u00f3\u0142 z hospitacji (przynajmniej jeden na rok)<\/li>\n<\/ul>\n<hr \/>\n<p><strong>Wykaz dokument\u00f3w wymaganych przy z\u0142o\u017ceniu pracy doktorskiej, w przewodach wszcz\u0119tych przed 1.10.2019 r.:<\/strong><\/p>\n<p><a href=\"https:\/\/us.edu.pl\/doktorant\/mobilnosc-rozwoj\/uzyskanie-stopnia-doktora\/studia-doktoranckie-doktoranci-ktorzy-maja-wszczety-przewod-doktorski\/\">https:\/\/us.edu.pl\/doktorant\/mobilnosc-rozwoj\/uzyskanie-stopnia-doktora\/studia-doktoranckie-doktoranci-ktorzy-maja-wszczety-przewod-doktorski\/<\/a><\/p>\n<ul>\n<li>praca doktorska w trzech egzemplarzach (w tym jeden zbindowany i wydrukowany dwustronnie)<\/li>\n<li>streszczenie rozprawy doktorskiej w j\u0119zyku polskim i angielskim zamieszczone w pracy<\/li>\n<li>praca doktorska oraz streszczenie pracy w wersji elektronicznej (CD\/DVD) zapisane w formacie pdf<\/li>\n<li><a href=\"https:\/\/us.edu.pl\/doktorant\/wp-content\/uploads\/sites\/12\/2019\/12\/umowa_licencyjna2.pdf\" class=\"mtli_attachment mtli_pdf\" data-mtli=\"mtli_filesize209,47kB\" class=\"mtli_attachment mtli_pdf\" data-mtli=\"mtli_filesize209,47kB\">umowa licencyjna<\/a> (trzy egzemplarze)<\/li>\n<li><a href=\"https:\/\/us.edu.pl\/doktorant\/wp-content\/uploads\/sites\/12\/2019\/12\/oswiadczenie-promotora-o-przyj\u0119ciu-rozprawy-doktorskiej-spe\u0142niaj\u0105cej-wymagania-stawiane-rozprawom-naukowym.doc\" class=\"mtli_attachment mtli_doc\" data-mtli=\"mtli_filesize28,00kB\" class=\"mtli_attachment mtli_doc\" data-mtli=\"mtli_filesize28,00kB\">o\u015bwiadczenie promotora o przyj\u0119ciu rozprawy doktorskiej spe\u0142niaj\u0105cej wymagania stawiane rozprawom naukowym<\/a><\/li>\n<li><a href=\"https:\/\/us.edu.pl\/doktorant\/wp-content\/uploads\/sites\/12\/2019\/12\/o\u015bwiadczenie-autora-o-oryginalno\u015bci-pracy.doc\" class=\"mtli_attachment mtli_doc\" data-mtli=\"mtli_filesize29,50kB\" class=\"mtli_attachment mtli_doc\" data-mtli=\"mtli_filesize29,50kB\">o\u015bwiadczenie autora o oryginalno\u015bci pracy<\/a><\/li>\n<li><a href=\"https:\/\/us.edu.pl\/doktorant\/wp-content\/uploads\/sites\/12\/2019\/12\/sk\u0142ad-komisji-egzaminacyjnej-z-dyscypliny-podstawowej-dyscypliny-dodatkowej.doc\" class=\"mtli_attachment mtli_doc\" data-mtli=\"mtli_filesize27,50kB\" class=\"mtli_attachment mtli_doc\" data-mtli=\"mtli_filesize27,50kB\">sk\u0142ad komisji egzaminacyjnej z dyscypliny podstawowej, dyscypliny dodatkowej<\/a><\/li>\n<li><a href=\"https:\/\/us.edu.pl\/doktorant\/wp-content\/uploads\/sites\/12\/2019\/12\/sk\u0142ad-komisji-doktorskiej.doc\" class=\"mtli_attachment mtli_doc\" data-mtli=\"mtli_filesize22,50kB\" class=\"mtli_attachment mtli_doc\" data-mtli=\"mtli_filesize22,50kB\">sk\u0142ad komisji doktorskiej<\/a><\/li>\n<li>dokumenty niezb\u0119dne do zaliczenia IV roku (indeks, karta zaliczeniowa, sprawozdanie)<\/li>\n<\/ul>\n<hr \/>\n<p><strong>Dokumenty wymagane do\u00a0z\u0142o\u017cenia po\u00a0nadaniu stopnia doktora, w przewodach wszcz\u0119tych przed 1.10.2019 r.<\/strong><\/p>\n<p><a href=\"https:\/\/us.edu.pl\/doktorant\/mobilnosc-rozwoj\/uzyskanie-stopnia-doktora\/studia-doktoranckie-doktoranci-ktorzy-maja-wszczety-przewod-doktorski\/\">https:\/\/us.edu.pl\/doktorant\/mobilnosc-rozwoj\/uzyskanie-stopnia-doktora\/studia-doktoranckie-doktoranci-ktorzy-maja-wszczety-przewod-doktorski\/<\/a><\/p>\n<ul>\n<li>informacja na temat wype\u0142niania dokument\u00f3w<\/li>\n<li>synaba<\/li>\n<li>za\u0142\u0105cznik do synaby<\/li>\n<li>zawiadomienie o nadaniu stopnia doktora<\/li>\n<\/ul>\n<p>\n<style type=\"text\/css\">a[data-mtli~=\"mtli_filesize209,47kB\"]:after {content:\" (209,47 kB)\"}a[data-mtli~=\"mtli_filesize37,00kB\"]:after {content:\" (37,00 kB)\"}a[data-mtli~=\"mtli_filesize28,00kB\"]:after {content:\" (28,00 kB)\"}a[data-mtli~=\"mtli_filesize29,50kB\"]:after {content:\" (29,50 kB)\"}a[data-mtli~=\"mtli_filesize27,50kB\"]:after {content:\" (27,50 kB)\"}a[data-mtli~=\"mtli_filesize22,50kB\"]:after {content:\" (22,50 kB)\"}<\/style><\/div>\r\n                    <\/div>\r\n                <\/div>[\/vc_column][\/vc_row]<\/p>\n<style type=\"text\/css\">a[data-mtli~=\"mtli_filesize209,47kB\"]:after {content:\" (209,47 kB)\"}a[data-mtli~=\"mtli_filesize37,00kB\"]:after {content:\" (37,00 kB)\"}a[data-mtli~=\"mtli_filesize28,00kB\"]:after {content:\" (28,00 kB)\"}a[data-mtli~=\"mtli_filesize29,50kB\"]:after {content:\" (29,50 kB)\"}a[data-mtli~=\"mtli_filesize27,50kB\"]:after {content:\" (27,50 kB)\"}a[data-mtli~=\"mtli_filesize22,50kB\"]:after {content:\" (22,50 kB)\"}<\/style>","protected":false},"excerpt":{"rendered":"<p>[vc_row][vc_column][\/vc_column][\/vc_row] [&#8230;]<\/p>\n<p><a class=\"btn btn-secondary understrap-read-more-link\" href=\"https:\/\/us.edu.pl\/doktorant\/studia-doktoranckie-rozpoczete-przed-1-pazdziernika-2019-r\/nauki-humanistyczne-literaturoznawstwo-jezykoznawstwo-o-kulturze-i-religii-wydzial-humanistyczny\/wzory-drukow\/\">Read More&#8230;<\/a><\/p>\n","protected":false},"author":92,"featured_media":0,"parent":2057,"menu_order":7,"comment_status":"closed","ping_status":"closed","template":"page-templates\/page-with-sidebar.php","meta":{"_expiration-date-status":"","_expiration-date":0,"_expiration-date-type":"","_expiration-date-categories":[],"_expiration-date-options":[]},"acf":[],"_links":{"self":[{"href":"https:\/\/us.edu.pl\/doktorant\/wp-json\/wp\/v2\/pages\/2229"}],"collection":[{"href":"https:\/\/us.edu.pl\/doktorant\/wp-json\/wp\/v2\/pages"}],"about":[{"href":"https:\/\/us.edu.pl\/doktorant\/wp-json\/wp\/v2\/types\/page"}],"author":[{"embeddable":true,"href":"https:\/\/us.edu.pl\/doktorant\/wp-json\/wp\/v2\/users\/92"}],"replies":[{"embeddable":true,"href":"https:\/\/us.edu.pl\/doktorant\/wp-json\/wp\/v2\/comments?post=2229"}],"version-history":[{"count":0,"href":"https:\/\/us.edu.pl\/doktorant\/wp-json\/wp\/v2\/pages\/2229\/revisions"}],"up":[{"embeddable":true,"href":"https:\/\/us.edu.pl\/doktorant\/wp-json\/wp\/v2\/pages\/2057"}],"wp:attachment":[{"href":"https:\/\/us.edu.pl\/doktorant\/wp-json\/wp\/v2\/media?parent=2229"}],"curies":[{"name":"wp","href":"https:\/\/api.w.org\/{rel}","templated":true}]}}