{"id":2382,"date":"2019-11-01T23:11:42","date_gmt":"2019-11-01T22:11:42","guid":{"rendered":"https:\/\/us.edu.pl\/doktorant\/?page_id=2382"},"modified":"2021-03-18T12:00:11","modified_gmt":"2021-03-18T11:00:11","slug":"stypendium-doktoranckie-na-studiach-doktoranckich","status":"publish","type":"page","link":"https:\/\/us.edu.pl\/doktorant\/stypendia-i-wsparcie\/stypendium-doktoranckie\/stypendium-doktoranckie-na-studiach-doktoranckich\/","title":{"rendered":"Stypendium doktoranckie na studiach doktoranckich"},"content":{"rendered":"<p>[vc_row][vc_column]\r\n                <div class=\"text-modules\">\r\n                    <div class=\"container\">\r\n                        <h3 class=\"page-title text__title\">Stypendium doktoranckie na studiach doktoranckich<\/h3>\r\n                        <div class=\"text-modules__content\"><\/p>\n<ol>\n<li>Zgodnie z\u00a0art. 285 ustawy z\u00a0dnia 3 lipca 2018 r. Przepisy wprowadzaj\u0105ce ustaw\u0119 \u2013 Prawo o\u00a0szkolnictwie wy\u017cszym i\u00a0nauce (Dz. U. 2018 poz. 1669) uczestnicy stacjonarnych studi\u00f3w doktoranckich rozpocz\u0119tych przed rokiem akademickim 2019\/2020 mog\u0105 otrzymywa\u0107 stypendium doktoranckie, o\u00a0kt\u00f3rym mowa w\u00a0art. 200 ust. 1 ustawy z\u00a0dnia 27 lipca 2005 r. Prawo o\u00a0szkolnictwie wy\u017cszym.<\/li>\n<li>Stypendium doktoranckie przyznawane jest na okres 12 miesi\u0119cy.<\/li>\n<li>W roku akademickim 2019\/2020 wysoko\u015b\u0107 miesi\u0119cznego stypendium doktoranckiego dla uczestnik\u00f3w studi\u00f3w doktoranckich w Uniwersytecie \u015al\u0105skim wynosi 1470 z\u0142.<\/li>\n<li>Stypendia doktoranckie otrzymywane przez doktorant\u00f3w, kt\u00f3rzy rozpocz\u0119li studia doktoranckie przed rokiem akademickim 2019\/2020, b\u0119d\u0105 w\u00a0dalszym ci\u0105gu zwolnione od podatku dochodowego od os\u00f3b fizycznych, a\u00a0tak\u017ce nie b\u0119d\u0105 pomniejszane o\u00a0sk\u0142adki na ubezpieczenie spo\u0142eczne.<\/li>\n<li>Szczeg\u00f3\u0142owe kryteria przyznawania stypendium doktoranckiego okre\u015blaj\u0105 rady jednostek organizacyjnych prowadz\u0105cych studia doktoranckie.<\/li>\n<li>Doktorantowi otrzymuj\u0105cemu stypendium doktoranckie, kt\u00f3ry uko\u0144czy\u0142 studia doktoranckie w\u202fterminie wcze\u015bniejszym ni\u017c okre\u015blony w\u202fprogramie tych studi\u00f3w oraz uzyska\u0142 wyr\u00f3\u017cniaj\u0105c\u0105 ocen\u0119 rozprawy doktorskiej, za okres pozosta\u0142y do terminu uko\u0144czenia studi\u00f3w doktoranckich okre\u015blonego w\u202fprogramie tych studi\u00f3w wyp\u0142aca si\u0119 \u015brodki finansowe w\u202fwysoko\u015bci stanowi\u0105cej iloczyn kwoty otrzymywanego miesi\u0119cznie stypendium doktoranckiego oraz liczby miesi\u0119cy, o\u202fkt\u00f3re zosta\u0142 skr\u00f3cony okres studi\u00f3w doktoranckich, nie d\u0142u\u017cszy jednak ni\u017c sze\u015b\u0107 miesi\u0119cy.<\/li>\n<li>W przypadku skre\u015blenia doktoranta z\u202flisty uczestnik\u00f3w studi\u00f3w doktoranckich zaprzestaje si\u0119 wyp\u0142aty stypendium doktoranckiego z\u202fpierwszym dniem miesi\u0105ca nast\u0119puj\u0105cego po miesi\u0105cu, w\u202fkt\u00f3rym decyzja o\u202fskre\u015bleniu sta\u0142a si\u0119 ostateczna.<\/li>\n<li>W przypadku uko\u0144czenia studi\u00f3w doktoranckich w\u202fterminie wcze\u015bniejszym ni\u017c okre\u015blony w\u202fprogramie tych studi\u00f3w i\u202fnieuzyskania wyr\u00f3\u017cniaj\u0105cej oceny rozprawy doktorskiej zaprzestaje si\u0119 wyp\u0142acania stypendium doktoranckiego z\u202fpierwszym dniem miesi\u0105ca nast\u0119puj\u0105cego po miesi\u0105cu, w\u202fkt\u00f3rym podj\u0119to uchwa\u0142\u0119 w\u202fsprawie nadania stopnia doktora.<\/li>\n<\/ol>\n<p>\n<\/div>\r\n                    <\/div>\r\n                <\/div>[\/vc_column][\/vc_row][vc_row][vc_column]\r\n                <div class=\"text-modules\">\r\n                    <div class=\"container\">\r\n                        <h3 class=\"page-title text__title\">Zwi\u0119kszenie stypendium doktoranckiego z dotacji projako\u015bciowej<\/h3>\r\n                        <div class=\"text-modules__content\"><\/p>\n<ol>\n<li>Zgodnie z\u00a0art. 286. ust. 1. ustawy z\u00a0dnia 3 lipca 2018 r. Przepisy wprowadzaj\u0105ce ustaw\u0119 \u2013 Prawo o\u00a0szkolnictwie wy\u017cszym i\u00a0nauce (Dz. U. poz. 1669) doktoranci, wyr\u00f3\u017cniaj\u0105cy si\u0119 w pracy naukowej i dydaktycznej, mog\u0105 otrzymywa\u0107 zwi\u0119kszenie stypendium doktoranckiego na zasadach dotychczasowych.<\/li>\n<li>Uprawnienie do otrzymywania zwi\u0119kszenia stypendium doktoranckiego przys\u0142uguje nie wi\u0119cej ni\u017c 30% najlepszych doktorant\u00f3w na poszczeg\u00f3lnych latach studi\u00f3w doktoranckich. Liczb\u0119 u\u0142amkow\u0105 zaokr\u0105gla si\u0119 w d\u00f3\u0142 do jedno\u015bci.<\/li>\n<li>Zwi\u0119kszenie stypendium doktoranckiego z\u202fdotacji projako\u015bciowej jest przyznawane na okres 12 miesi\u0119cy.<\/li>\n<li>Szczeg\u00f3\u0142owe zasady wy\u0142aniania uprawnionych do przyznania zwi\u0119kszenia stypendium doktoranckiego okre\u015blaj\u0105 rady jednostek organizacyjnych prowadz\u0105cych studia doktoranckie.<\/li>\n<li>W przypadku skre\u015blenia doktoranta z\u202flisty uczestnik\u00f3w studi\u00f3w doktoranckich zaprzestaje si\u0119 wyp\u0142aty zwi\u0119kszenia stypendium doktoranckiego z\u202fpierwszym dniem miesi\u0105ca nast\u0119puj\u0105cego po miesi\u0105cu, w\u202fkt\u00f3rym decyzja o\u202fskre\u015bleniu sta\u0142a si\u0119 ostateczna.<\/li>\n<\/ol>\n<p>\n<\/div>\r\n                    <\/div>\r\n                <\/div>[\/vc_column][\/vc_row]<\/p>","protected":false},"excerpt":{"rendered":"<p>[vc_row][vc_column][\/vc_column][\/vc_row][vc_row][vc_column][\/vc_column][\/vc_row] [&#8230;]<\/p>\n<p><a class=\"btn btn-secondary understrap-read-more-link\" href=\"https:\/\/us.edu.pl\/doktorant\/stypendia-i-wsparcie\/stypendium-doktoranckie\/stypendium-doktoranckie-na-studiach-doktoranckich\/\">Read More&#8230;<\/a><\/p>\n","protected":false},"author":42,"featured_media":0,"parent":362,"menu_order":0,"comment_status":"closed","ping_status":"closed","template":"","meta":{"_expiration-date-status":"saved","_expiration-date":0,"_expiration-date-type":"","_expiration-date-categories":[],"_expiration-date-options":[]},"acf":[],"_links":{"self":[{"href":"https:\/\/us.edu.pl\/doktorant\/wp-json\/wp\/v2\/pages\/2382"}],"collection":[{"href":"https:\/\/us.edu.pl\/doktorant\/wp-json\/wp\/v2\/pages"}],"about":[{"href":"https:\/\/us.edu.pl\/doktorant\/wp-json\/wp\/v2\/types\/page"}],"author":[{"embeddable":true,"href":"https:\/\/us.edu.pl\/doktorant\/wp-json\/wp\/v2\/users\/42"}],"replies":[{"embeddable":true,"href":"https:\/\/us.edu.pl\/doktorant\/wp-json\/wp\/v2\/comments?post=2382"}],"version-history":[{"count":0,"href":"https:\/\/us.edu.pl\/doktorant\/wp-json\/wp\/v2\/pages\/2382\/revisions"}],"up":[{"embeddable":true,"href":"https:\/\/us.edu.pl\/doktorant\/wp-json\/wp\/v2\/pages\/362"}],"wp:attachment":[{"href":"https:\/\/us.edu.pl\/doktorant\/wp-json\/wp\/v2\/media?parent=2382"}],"curies":[{"name":"wp","href":"https:\/\/api.w.org\/{rel}","templated":true}]}}