{"id":2492,"date":"2019-11-03T11:30:13","date_gmt":"2019-11-03T10:30:13","guid":{"rendered":"https:\/\/us.edu.pl\/doktorant\/?page_id=2492"},"modified":"2024-02-12T11:01:54","modified_gmt":"2024-02-12T10:01:54","slug":"kontakt","status":"publish","type":"page","link":"https:\/\/us.edu.pl\/doktorant\/studia-doktoranckie-rozpoczete-przed-1-pazdziernika-2019-r\/nauki-humanistyczne-humanistyka-bez-granic-wydzial-humanistyczny\/kontakt\/","title":{"rendered":"Kontakt"},"content":{"rendered":"<p>[vc_row][vc_column]\r\n                <div class=\"text-modules\">\r\n                    <div class=\"container\">\r\n                        <h3 class=\"page-title text__title\">Kontakt<\/h3>\r\n                        <div class=\"text-modules__content\"><p><strong><span style=\"font-size: 10.0pt;\">Sekretariat Studi\u00f3w Doktoranckich<\/span><\/strong><\/p>\n<p><span style=\"font-size: 10.0pt; font-family: 'Times New Roman',serif;\">mgr Mateusz G\u0119bka\u00a0<a href=\"mailto:mateusz.gebka@us.edu.pl\">mateusz.gebka@us.edu.pl<\/a>\u00a032 359 1854<br \/>\nKatowice, ul. Bankowa 11, pok. 16<b><br \/>\n<\/b>dy\u017cury w lokalizacji: Uniwersytecka 4, p. B1.24 pi\u0105tki w godz. 10.30 \u2013 12.00<\/span><\/p>\n<p><b><span style=\"font-size: 10.0pt; font-family: 'Times New Roman',serif;\"><br \/>\n<strong>Administracyjna obs\u0142uga post\u0119powa\u0144 w sprawie nadania stopnia doktora<\/strong><\/span><\/b><\/p>\n<p><span style=\"font-size: 10.0pt; font-family: 'Times New Roman',serif;\">mgr Karolina Konieczna-Montak<strong>\u00a0 \u00a0 \u00a0 \u00a0 \u00a0 \u00a0 \u00a0 \u00a0 \u00a0 \u00a0 \u00a0 \u00a0 \u00a0 \u00a0 \u00a0 \u00a0 \u00a0 \u00a0 \u00a0 \u00a0 \u00a0 \u00a0 \u00a0 \u00a0 \u00a0 \u00a0\u00a0<\/strong><\/span><\/p>\n<p><span style=\"font-size: 10.0pt; font-family: 'Times New Roman',serif;\">e-mail:\u00a0<a href=\"mailto:karolina.konieczna@us.edu.pl\">karolina.konieczna@us.edu.pl<\/a>\u00a0<strong>\u00a0\u00a0\u00a0\u00a0\u00a0\u00a0\u00a0\u00a0\u00a0\u00a0\u00a0\u00a0\u00a0\u00a0\u00a0\u00a0\u00a0\u00a0\u00a0\u00a0\u00a0\u00a0\u00a0\u00a0\u00a0\u00a0\u00a0\u00a0\u00a0\u00a0\u00a0<\/strong>\u00a0 \u00a0 \u00a0 \u00a0 \u00a0 \u00a0 \u00a0\u00a0<b><br \/>\n<\/b>tel.: 32 364 09 65<br \/>\nSosnowiec, ul. Grota-Roweckiego 5, pok. 2.49<\/span><\/p>\n<p><span style=\"font-size: 10.0pt; font-family: 'Times New Roman',serif;\">\u00a0<\/span><\/p>\n<p><span style=\"font-size: 10.0pt; font-family: 'Times New Roman',serif;\">dr Daria D\u0105browska-Gruchlik<\/span><\/p>\n<p style=\"margin-bottom: 12.0pt;\"><span style=\"font-size: 10.0pt; font-family: 'Times New Roman',serif;\">e-mail:\u00a0<a href=\"mailto:daria.dabrowska-gruchlik@us.edu.pl\">daria.dabrowska-gruchlik@us.edu.pl<\/a><a href=\"mailto:daria.dabrowska-gruchlik@us.edu.pl\"><br \/>\n<\/a>tel.: 32 364 08 23<br \/>\nSosnowiec, ul. Grota-Roweckiego 5, pok. 2.10\u00a0<\/span><\/p>\n<p><strong><span style=\"font-size: 10.0pt;\">Kierownik Studi\u00f3w Doktoranckich\u00a0<\/span><\/strong><\/p>\n<p><span style=\"font-size: 10.0pt; font-family: 'Times New Roman',serif;\">dr hab. Beata Pawletko, prof. U\u015a<\/span><\/p>\n<p><span style=\"font-size: 10.0pt; font-family: 'Times New Roman',serif;\">Dy\u017cur kierownika studi\u00f3w doktoranckich pe\u0142niony jest\u00a0<strong>w pi\u0105tki za po\u015brednictwem platformy TEAMS lub bezpo\u015brednio w siedzibie Wydzia\u0142u Humanistycznego,\u00a0<\/strong>ul. Uniwersytecka 4, pok\u00f3j B 1.23,<strong>\u00a0po wcze\u015bniejszym uzgodnieniu godziny\u00a0<\/strong>(terminy prosz\u0119 umawia\u0107 bezpo\u015brednio pod adresem\u00a0<a href=\"mailto:beata.pawletko@us.edu.pl\">beata.pawletko@us.edu.pl<\/a>).<\/span><\/p>\n<p>&nbsp;<\/p>\n<p>&nbsp;<\/p>\n<p>&nbsp;<\/p>\n<p>&nbsp;<\/p>\n<p><img class=\"aligncenter size-large wp-image-2773\" src=\"https:\/\/us.edu.pl\/doktorant\/wp-content\/uploads\/sites\/12\/2019\/11\/FE_POWER_poziom_pl-1_rgb-1024x132.png\" alt=\"Logotypy POWER, RP i UE\" width=\"640\" height=\"83\" srcset=\"https:\/\/us.edu.pl\/doktorant\/wp-content\/uploads\/sites\/12\/2019\/11\/FE_POWER_poziom_pl-1_rgb-1024x132.png 1024w, https:\/\/us.edu.pl\/doktorant\/wp-content\/uploads\/sites\/12\/2019\/11\/FE_POWER_poziom_pl-1_rgb-300x39.png 300w, https:\/\/us.edu.pl\/doktorant\/wp-content\/uploads\/sites\/12\/2019\/11\/FE_POWER_poziom_pl-1_rgb-768x99.png 768w\" sizes=\"(max-width: 640px) 100vw, 640px\" \/><\/p>\n<\/div>\r\n                    <\/div>\r\n                <\/div>[\/vc_column][\/vc_row]<\/p>","protected":false},"excerpt":{"rendered":"<p>[vc_row][vc_column][\/vc_column][\/vc_row] [&#8230;]<\/p>\n<p><a class=\"btn btn-secondary understrap-read-more-link\" href=\"https:\/\/us.edu.pl\/doktorant\/studia-doktoranckie-rozpoczete-przed-1-pazdziernika-2019-r\/nauki-humanistyczne-humanistyka-bez-granic-wydzial-humanistyczny\/kontakt\/\">Read More&#8230;<\/a><\/p>\n","protected":false},"author":92,"featured_media":0,"parent":2386,"menu_order":0,"comment_status":"closed","ping_status":"closed","template":"page-templates\/page-with-sidebar.php","meta":{"_expiration-date-status":"","_expiration-date":0,"_expiration-date-type":"","_expiration-date-categories":[],"_expiration-date-options":[]},"acf":[],"_links":{"self":[{"href":"https:\/\/us.edu.pl\/doktorant\/wp-json\/wp\/v2\/pages\/2492"}],"collection":[{"href":"https:\/\/us.edu.pl\/doktorant\/wp-json\/wp\/v2\/pages"}],"about":[{"href":"https:\/\/us.edu.pl\/doktorant\/wp-json\/wp\/v2\/types\/page"}],"author":[{"embeddable":true,"href":"https:\/\/us.edu.pl\/doktorant\/wp-json\/wp\/v2\/users\/92"}],"replies":[{"embeddable":true,"href":"https:\/\/us.edu.pl\/doktorant\/wp-json\/wp\/v2\/comments?post=2492"}],"version-history":[{"count":0,"href":"https:\/\/us.edu.pl\/doktorant\/wp-json\/wp\/v2\/pages\/2492\/revisions"}],"up":[{"embeddable":true,"href":"https:\/\/us.edu.pl\/doktorant\/wp-json\/wp\/v2\/pages\/2386"}],"wp:attachment":[{"href":"https:\/\/us.edu.pl\/doktorant\/wp-json\/wp\/v2\/media?parent=2492"}],"curies":[{"name":"wp","href":"https:\/\/api.w.org\/{rel}","templated":true}]}}