{"id":2957,"date":"2019-11-07T10:07:56","date_gmt":"2019-11-07T09:07:56","guid":{"rendered":"https:\/\/us.edu.pl\/doktorant\/?page_id=2957"},"modified":"2024-02-12T11:06:45","modified_gmt":"2024-02-12T10:06:45","slug":"informacje-biezace","status":"publish","type":"page","link":"https:\/\/us.edu.pl\/doktorant\/studia-doktoranckie-rozpoczete-przed-1-pazdziernika-2019-r\/nauki-humanistyczne-humanistyka-bez-granic-wydzial-humanistyczny\/informacje-biezace\/","title":{"rendered":"Informacje bie\u017c\u0105ce"},"content":{"rendered":"<p>[vc_row][vc_column]\r\n                <div class=\"text-modules\">\r\n                    <div class=\"container\">\r\n                        <h3 class=\"page-title text__title\">Informacje bie\u017c\u0105ce<\/h3>\r\n                        <div class=\"text-modules__content\"><p><strong><span style=\"font-size: 10.0pt;\">SZANOWNI PA\u0143STWO,<\/span><\/strong><\/p>\n<p><strong><span style=\"font-size: 10.0pt;\">POCZ\u0104WSZY OD DNIA 23 STYCZNIA 2024 ROKU UPRZEJMIE PROSIMY O KONTAKTOWANIE SI\u0118:<\/span><\/strong><\/p>\n<p><span style=\"font-size: 10.0pt; font-family: 'Times New Roman',serif;\">\u00a0<\/span><\/p>\n<p><span style=\"font-size: 10.0pt; font-family: 'Times New Roman',serif;\">\u2013\u00a0<strong>W SPRAWACH STUDI\u00d3W DOKTORANCKICH<\/strong>:<\/span><\/p>\n<p><strong><span style=\"font-size: 10.0pt;\">MGR MATEUSZ \u00a0G\u0118BKA<\/span><\/strong><\/p>\n<p><span style=\"font-size: 10.0pt; font-family: 'Times New Roman',serif;\">e-mail:\u00a0<a href=\"mailto:mateusz.gebka@us.edu.pl\"><strong><span style=\"color: blue;\">mateusz.gebka@us.edu.pl<\/span><\/strong><\/a><b><br \/>\n<strong>tel.: 32 359 18 54<\/strong><br \/>\n<strong>Katowice, ul. Bankowa 11, pok. 16<\/strong><\/b><\/span><\/p>\n<p><span style=\"font-size: 10.0pt; font-family: 'Times New Roman',serif;\">dy\u017cury w lokalizacji: Uniwersytecka 4, p. B1.24 pi\u0105tki w godz. 10.30 \u2013 12.00<\/span><\/p>\n<p><span style=\"font-size: 10.0pt; font-family: 'Times New Roman',serif;\">\u00a0<\/span><\/p>\n<p><span style=\"font-size: 10.0pt; font-family: 'Times New Roman',serif;\">\u2013\u00a0<strong>W SPRAWACH PRZEWOD\u00d3W\u00a0 I OBRON:<\/strong><\/span><\/p>\n<p><strong><span style=\"font-size: 10.0pt;\">MGR KAROLINA KONIECZNA-MONTAK:\u00a0 \u00a0 \u00a0 \u00a0 \u00a0 \u00a0 \u00a0 \u00a0 \u00a0 \u00a0 \u00a0 \u00a0 \u00a0 \u00a0 \u00a0 \u00a0 \u00a0 \u00a0 \u00a0 \u00a0 \u00a0 \u00a0 \u00a0 \u00a0 \u00a0 \u00a0 \u00a0<\/span><\/strong><\/p>\n<p><span style=\"font-size: 10.0pt; font-family: 'Times New Roman',serif;\">e-mail:\u00a0<a href=\"mailto:karolina.konieczna@us.edu.pl\"><strong><span style=\"color: blue;\">karolina.konieczna@us.edu.pl<\/span><\/strong><\/a><strong>\u00a0\u00a0\u00a0\u00a0\u00a0\u00a0\u00a0\u00a0\u00a0\u00a0\u00a0\u00a0\u00a0\u00a0\u00a0\u00a0\u00a0\u00a0\u00a0\u00a0\u00a0\u00a0\u00a0\u00a0\u00a0\u00a0\u00a0\u00a0\u00a0\u00a0\u00a0\u00a0<\/strong>\u00a0 \u00a0 \u00a0 \u00a0 \u00a0 \u00a0 \u00a0\u00a0<b><br \/>\n<strong>tel.: 32 364 09 65<\/strong><br \/>\n<strong>Sosnowiec, ul. Grota-Roweckiego 5, pok. 2.49<\/strong><\/b><\/span><\/p>\n<p><span style=\"font-size: 10.0pt; font-family: 'Times New Roman',serif;\">\u00a0<\/span><\/p>\n<p><strong><span style=\"font-size: 10.0pt;\">DR\u00a0 DARIA D\u0104BROWSKA-GRUCHLIK:<\/span><\/strong><\/p>\n<p><span style=\"font-size: 10.0pt; font-family: 'Times New Roman',serif;\">e-mail:\u00a0<a href=\"mailto:daria.dabrowska-gruchlik@us.edu.pl\"><strong><span style=\"color: blue;\">daria.dabrowska-gruchlik@us.edu.pl<\/span><\/strong><\/a><\/span><\/p>\n<p><strong><span style=\"font-size: 10.0pt;\">tel.: 32 364 08 23<\/span><\/strong><\/p>\n<p><strong><span style=\"font-size: 10.0pt;\">Sosnowiec, ul. Grota-Roweckiego 5, pok. 2.10\u00a0<\/span><\/strong><\/p>\n<hr \/>\n<p>Wyk\u0142ady profesora Dembi\u0144skiego:<\/p>\n<p>Egzystencjalizm <a href=\"https:\/\/uniwersytetslaski-my.sharepoint.com\/:f:\/g\/personal\/bogdan_dembinski_o365_us_edu_pl\/Ehu4YIy45o1EiEiLeZvYW80BaH8_NzcOsqkPssPCu-GVkg?e=x9EGky\">https:\/\/uniwersytetslaski-my.sharepoint.com\/:f:\/g\/personal\/bogdan_dembinski_o365_us_edu_pl\/Ehu4YIy45o1EiEiLeZvYW80BaH8_NzcOsqkPssPCu-GVkg?e=x9EGky<\/a><\/p>\n<hr \/>\n<p>Do Doktorant\u00f3w uczestnicz\u0105cych w zaj\u0119ciach z filozofii z prof. dr hab. Bogdanem Dembi\u0144skim<\/p>\n<p>Augustyn AM studia dokt. <a href=\"https:\/\/uniwersytetslaski-my.sharepoint.com\/:f:\/g\/personal\/bogdan_dembinski_o365_us_edu_pl\/EgEXpXPZgepFiMdIcgNtVDQBdFetMeGup0fHOcCbZxDjIQ?e=1EQN97\">https:\/\/uniwersytetslaski-my.sharepoint.com\/:f:\/g\/personal\/bogdan_dembinski_o365_us_edu_pl\/EgEXpXPZgepFiMdIcgNtVDQBdFetMeGup0fHOcCbZxDjIQ?e=1EQN97<\/a><\/p>\n<p>Arystyp Epikur DFC <a href=\"https:\/\/uniwersytetslaski-my.sharepoint.com\/:f:\/g\/personal\/bogdan_dembinski_o365_us_edu_pl\/EkfxQstUflhJnt3s7qjMhcYBha6UmeEYZWL5sTUQLIRTbg?e=acyTo9\">https:\/\/uniwersytetslaski-my.sharepoint.com\/:f:\/g\/personal\/bogdan_dembinski_o365_us_edu_pl\/EkfxQstUflhJnt3s7qjMhcYBha6UmeEYZWL5sTUQLIRTbg?e=acyTo9<\/a><\/p>\n<p>Kant AM stud. Dokt <a href=\"https:\/\/uniwersytetslaski-my.sharepoint.com\/:f:\/g\/personal\/bogdan_dembinski_o365_us_edu_pl\/EqimLuzcSrJAj487Z4NdOL0BBjcF32FKcF3c9Eb1nWEeoA?e=cL5Qx3\">https:\/\/uniwersytetslaski-my.sharepoint.com\/:f:\/g\/personal\/bogdan_dembinski_o365_us_edu_pl\/EqimLuzcSrJAj487Z4NdOL0BBjcF32FKcF3c9Eb1nWEeoA?e=cL5Qx3<\/a><\/p>\n<p>wyk\u0142ad AM stud.dokt. <a href=\"https:\/\/uniwersytetslaski-my.sharepoint.com\/:f:\/g\/personal\/bogdan_dembinski_o365_us_edu_pl\/EvHNuy5xO8ZNi-h3sMmrmXoBtoXPo9TnXPPf7b3R3ufD7g?e=YfPrwd\">https:\/\/uniwersytetslaski-my.sharepoint.com\/:f:\/g\/personal\/bogdan_dembinski_o365_us_edu_pl\/EvHNuy5xO8ZNi-h3sMmrmXoBtoXPo9TnXPPf7b3R3ufD7g?e=YfPrwd<\/a><\/p>\n<p>Antystenes DFC<a href=\"https:\/\/uniwersytetslaski-my.sharepoint.com\/:f:\/g\/personal\/bogdan_dembinski_o365_us_edu_pl\/Ep7XvasE11VHu--irj4DjooB9T1rllUq9BAcFH1BoAaoow?e=qJRz3u\">https:\/\/uniwersytetslaski-my.sharepoint.com\/:f:\/g\/personal\/bogdan_dembinski_o365_us_edu_pl\/Ep7XvasE11VHu&#8211;irj4DjooB9T1rllUq9BAcFH1BoAaoow?e=qJRz3u<\/a><\/p>\n<p><a href=\"https:\/\/uniwersytetslaski-my.sharepoint.com\/:f:\/g\/personal\/bogdan_dembinski_o365_us_edu_pl\/EoZk-OYmfqJMkJun6l75VlsBbTslUZRMA-WrKLIsBkYQig?e=6jeDXk\">https:\/\/uniwersytetslaski-my.sharepoint.com\/:f:\/g\/personal\/bogdan_dembinski_o365_us_edu_pl\/EoZk-OYmfqJMkJun6l75VlsBbTslUZRMA-WrKLIsBkYQig?e=6jeDXk<\/a><\/p>\n<p><em>Prosz\u0119 o ods\u0142uchanie wyk\u0142ad\u00f3w. Na ich podstawie, oraz jednego wyk\u0142adu, kt\u00f3ry odby\u0142 si\u0119 na pocz\u0105tku marca oraz zalecanej literatury prosz\u0119 o przygotowanie kr\u00f3tkiego eseju (max. 6000 znak\u00f3w)<\/em><\/p>\n<p><em>Temat: Przedstaw i uzasadnij wyb\u00f3r systemu filozoficznego, kt\u00f3ry wzbudzi\u0142 Twoje zainteresowanie.<\/em><\/p>\n<p><em>Prosz\u0119 o przes\u0142anie eseju na m\u00f3j adres: <a href=\"mailto:bogdan.dembinski@us.edu.pl\">bogdan.dembinski@us.edu.pl<\/a> do dnia 30.06.2020 (termin nieprzekraczalny)<\/em><\/p>\n<p><em>Prosz\u0119 poda\u0107 koniecznie nazw\u0119 studium doktoranckiego (humanistyka) oraz imi\u0119 i nazwisko. <\/em><\/p>\n<p><em>prof. dr hab. Bogdan Dembi\u0144ski<\/em><\/p>\n<p>&nbsp;<\/p>\n<hr \/>\n<p><em>Uwaga, zmiana dy\u017curu stacjonarnego<\/em><\/p>\n<p>Dy\u017cur stacjonarny:<\/p>\n<p><strong>Poniedzia\u0142ek<\/strong> 7.30 do 15.30 Sabina Str\u00f3zik<\/p>\n<p><strong>Czwartek<\/strong> 7.30 do 15.30 Agnieszka S\u0142anina<\/p>\n<p>Ka\u017cdorazow\u0105 wizyt\u0119 prosz\u0119 uzgodni\u0107 wcze\u015bniej e-mailowo lub telefonicznie.<\/p>\n<p>&nbsp;<\/p>\n<hr \/>\n<p>Szanowni Doktoranci,<\/p>\n<p><strong>uprzejmie prosz\u0119 by ka\u017cdy z Pa\u0144stwa sprawdzi\u0142, czy zosta\u0142 zalogowany w USOSie<\/strong> na przedmioty, kt\u00f3re zosta\u0142y przez Pa\u0144stwa wybrane.<\/p>\n<p>Je\u017celi nie widz\u0105 Pa\u0144stwo swojego nazwiska przy wybranym przedmiocie, prosz\u0119 w tej sprawie pisa\u0107 na adres: <a href=\"mailto:agnieszka.slanina@us.edu.pl\">agnieszka.slanina@us.edu.pl<\/a><\/p>\n<p>W poniedzia\u0142ek 23 marca br. listy doktorant\u00f3w zostan\u0105 przekazane wyk\u0142adowcom (<strong>prosz\u0119 sprawdzi\u0107 czy adres e-mail jest w USOSie aktualny<\/strong>).<\/p>\n<p>Poni\u017cej znajduj\u0105 si\u0119 pliki dla poszczeg\u00f3lnych przedmiot\u00f3w. Prosz\u0119 zapozna\u0107 si\u0119 z tre\u015bciami dotycz\u0105cymi wybranych przez siebie przedmiot\u00f3w:<\/p>\n<p><a href=\"https:\/\/us.edu.pl\/doktorant\/wp-content\/uploads\/sites\/12\/Nieprzypisane\/Filozofia-prof.-Bogdan-Dembi\u0144ski.doc\" class=\"mtli_attachment mtli_doc\" data-mtli=\"mtli_filesize22,50kB\" class=\"mtli_attachment mtli_doc\" data-mtli=\"mtli_filesize22,50kB\">Filozofia prof. Bogdan Dembi\u0144ski<\/a><\/p>\n<p><a href=\"https:\/\/us.edu.pl\/doktorant\/wp-content\/uploads\/sites\/12\/Nieprzypisane\/Kanony-Literackie-prof.-Piotr-Fast.docx\" class=\"mtli_attachment mtli_docx\" data-mtli=\"mtli_filesize12,77kB\" class=\"mtli_attachment mtli_docx\" data-mtli=\"mtli_filesize12,77kB\">Kanony Literackie prof. Piotr Fast<\/a><\/p>\n<p><a href=\"https:\/\/us.edu.pl\/doktorant\/wp-content\/uploads\/sites\/12\/Nieprzypisane\/Seminarium-doktorskie-1-prof.-Krzysztof-Wieczorek.doc\" class=\"mtli_attachment mtli_doc\" data-mtli=\"mtli_filesize35,00kB\" class=\"mtli_attachment mtli_doc\" data-mtli=\"mtli_filesize35,00kB\">Seminarium doktorskie 1 &#8211; prof. Krzysztof Wieczorek<\/a><\/p>\n<p><a href=\"https:\/\/us.edu.pl\/doktorant\/wp-content\/uploads\/sites\/12\/Nieprzypisane\/Seminarium-doktorskie-2-prof.-Krzysztof-Wieczorek.doc\" class=\"mtli_attachment mtli_doc\" data-mtli=\"mtli_filesize35,00kB\" class=\"mtli_attachment mtli_doc\" data-mtli=\"mtli_filesize35,00kB\">Seminarium doktorskie 2 &#8211; prof. Krzysztof Wieczorek<\/a><\/p>\n<p><a href=\"https:\/\/us.edu.pl\/doktorant\/wp-content\/uploads\/sites\/12\/Nieprzypisane\/Socjologia-prof.Tomasz-Nawrocki.docx\" class=\"mtli_attachment mtli_docx\" data-mtli=\"mtli_filesize13,77kB\" class=\"mtli_attachment mtli_docx\" data-mtli=\"mtli_filesize13,77kB\">Socjologia prof.Tomasz Nawrocki<\/a><\/p>\n<p><a href=\"https:\/\/us.edu.pl\/doktorant\/wp-content\/uploads\/sites\/12\/Nieprzypisane\/Spo\u0142eczno-polityczne-aspekty-kultury-najnowszej-dr-Aneta-G\u0142owacka.doc\" class=\"mtli_attachment mtli_doc\" data-mtli=\"mtli_filesize29,00kB\" class=\"mtli_attachment mtli_doc\" data-mtli=\"mtli_filesize29,00kB\">Spo\u0142eczno-polityczne aspekty kultury najnowszej dr Aneta G\u0142owacka<\/a><\/p>\n<p><a href=\"https:\/\/us.edu.pl\/doktorant\/wp-content\/uploads\/sites\/12\/Nieprzypisane\/Wsp\u00f3\u0142czesne-kierunki-filozoficzne-prof.-Krzysztof-Wieczorek.doc\" class=\"mtli_attachment mtli_doc\" data-mtli=\"mtli_filesize35,00kB\" class=\"mtli_attachment mtli_doc\" data-mtli=\"mtli_filesize35,00kB\">Wsp\u00f3\u0142czesne kierunki filozoficzne prof. Krzysztof Wieczorek<\/a><\/p>\n<p><a href=\"https:\/\/us.edu.pl\/doktorant\/wp-content\/uploads\/sites\/12\/Nieprzypisane\/Ekonomia-prof.-Piotr-Czerwi\u0144ski.doc\" class=\"mtli_attachment mtli_doc\" data-mtli=\"mtli_filesize35,00kB\" class=\"mtli_attachment mtli_doc\" data-mtli=\"mtli_filesize35,00kB\">Ekonomia prof. Piotr Czerwi\u0144ski<\/a><\/p>\n<p><a href=\"https:\/\/us.edu.pl\/doktorant\/wp-content\/uploads\/sites\/12\/Nieprzypisane\/Cywilizacja-europejska-1.pdf\" class=\"mtli_attachment mtli_pdf\" data-mtli=\"mtli_filesize515,98kB\" class=\"mtli_attachment mtli_pdf\" data-mtli=\"mtli_filesize515,98kB\">Cywilizacja europejska<\/a><\/p>\n<p>&nbsp;<\/p>\n<hr \/>\n<p><em>Szanowni Pa\u0144stwo, <\/em><\/p>\n<p><em>w zwi\u0105zku z zaistnia\u0142\u0105 sytuacj\u0105 praca sekretariatu studi\u00f3w doktoranckich przesz\u0142a w <strong>tryb pracy zdalnej<\/strong>.<\/em><\/p>\n<p><strong><em>Wszystkie sprawy za\u0142atwiamy za po\u015brednictwem poczty e mail,<\/em><\/strong><em> w standardowych godzinach pracy 7.30 do 15.30 od poniedzia\u0142ku do pi\u0105tku (<a href=\"mailto:agnieszka.slanina@us.edu.pl\">agnieszka.slanina@us.edu.pl<\/a>; <a href=\"mailto:sabina.strozik@us.edu.pl\">sabina.strozik@us.edu.pl<\/a> ) .<\/em><\/p>\n<p><em>Wyznaczono dy\u017cury stacjonarne pe\u0142nione w poniedzia\u0142ki i \u015brody, w tych dniach mog\u0105 Pa\u0144stwo r\u00f3wnie\u017c dzwoni\u0107 na numer 32 2009259.<\/em><\/p>\n<p><em>Na stacjonarny dy\u017cur mog\u0105 Pa\u0144stwo przyj\u015b\u0107 <strong>pod warunkiem ustalenia takiej wizyty wcze\u015bniej <\/strong>e-mailowo lub telefonicznie.<\/em><\/p>\n<p><em>O trybie i zasadach uczestniczenia w zaj\u0119ciach dydaktycznych, kt\u00f3re prowadzonej b\u0119d\u0105 od tej pory, do odwo\u0142ania, na odleg\u0142o\u015b\u0107 \u2013 poinformujemy Pa\u0144stwa wkr\u00f3tce.<\/em><\/p>\n<p>&nbsp;<\/p>\n<p>&nbsp;<\/p>\n<p>&nbsp;<\/p>\n<p>&nbsp;<\/p>\n<p>&nbsp;<\/p>\n<p>&nbsp;<\/p>\n<p><img class=\"aligncenter size-large wp-image-2773\" src=\"https:\/\/us.edu.pl\/doktorant\/wp-content\/uploads\/sites\/12\/2019\/11\/FE_POWER_poziom_pl-1_rgb-1024x132.png\" alt=\"Logotypy POWER, RP i UE\" width=\"640\" height=\"83\" srcset=\"https:\/\/us.edu.pl\/doktorant\/wp-content\/uploads\/sites\/12\/2019\/11\/FE_POWER_poziom_pl-1_rgb-1024x132.png 1024w, https:\/\/us.edu.pl\/doktorant\/wp-content\/uploads\/sites\/12\/2019\/11\/FE_POWER_poziom_pl-1_rgb-300x39.png 300w, https:\/\/us.edu.pl\/doktorant\/wp-content\/uploads\/sites\/12\/2019\/11\/FE_POWER_poziom_pl-1_rgb-768x99.png 768w\" sizes=\"(max-width: 640px) 100vw, 640px\" \/><\/p>\n<style type=\"text\/css\">a[data-mtli~=\"mtli_filesize22,50kB\"]:after {content:\" (22,50 kB)\"}a[data-mtli~=\"mtli_filesize12,77kB\"]:after {content:\" (12,77 kB)\"}a[data-mtli~=\"mtli_filesize35,00kB\"]:after {content:\" (35,00 kB)\"}a[data-mtli~=\"mtli_filesize13,77kB\"]:after {content:\" (13,77 kB)\"}a[data-mtli~=\"mtli_filesize29,00kB\"]:after {content:\" (29,00 kB)\"}a[data-mtli~=\"mtli_filesize515,98kB\"]:after {content:\" (515,98 kB)\"}<\/style><\/div>\r\n                    <\/div>\r\n                <\/div>[\/vc_column][\/vc_row]<\/p>\n<style type=\"text\/css\">a[data-mtli~=\"mtli_filesize22,50kB\"]:after {content:\" (22,50 kB)\"}a[data-mtli~=\"mtli_filesize12,77kB\"]:after {content:\" (12,77 kB)\"}a[data-mtli~=\"mtli_filesize35,00kB\"]:after {content:\" (35,00 kB)\"}a[data-mtli~=\"mtli_filesize13,77kB\"]:after {content:\" (13,77 kB)\"}a[data-mtli~=\"mtli_filesize29,00kB\"]:after {content:\" (29,00 kB)\"}a[data-mtli~=\"mtli_filesize515,98kB\"]:after {content:\" (515,98 kB)\"}<\/style>","protected":false},"excerpt":{"rendered":"<p>[vc_row][vc_column][\/vc_column][\/vc_row] [&#8230;]<\/p>\n<p><a class=\"btn btn-secondary understrap-read-more-link\" href=\"https:\/\/us.edu.pl\/doktorant\/studia-doktoranckie-rozpoczete-przed-1-pazdziernika-2019-r\/nauki-humanistyczne-humanistyka-bez-granic-wydzial-humanistyczny\/informacje-biezace\/\">Read More&#8230;<\/a><\/p>\n","protected":false},"author":42,"featured_media":0,"parent":2386,"menu_order":0,"comment_status":"closed","ping_status":"closed","template":"page-templates\/page-with-sidebar.php","meta":{"_expiration-date-status":"","_expiration-date":0,"_expiration-date-type":"","_expiration-date-categories":[],"_expiration-date-options":[]},"acf":[],"_links":{"self":[{"href":"https:\/\/us.edu.pl\/doktorant\/wp-json\/wp\/v2\/pages\/2957"}],"collection":[{"href":"https:\/\/us.edu.pl\/doktorant\/wp-json\/wp\/v2\/pages"}],"about":[{"href":"https:\/\/us.edu.pl\/doktorant\/wp-json\/wp\/v2\/types\/page"}],"author":[{"embeddable":true,"href":"https:\/\/us.edu.pl\/doktorant\/wp-json\/wp\/v2\/users\/42"}],"replies":[{"embeddable":true,"href":"https:\/\/us.edu.pl\/doktorant\/wp-json\/wp\/v2\/comments?post=2957"}],"version-history":[{"count":0,"href":"https:\/\/us.edu.pl\/doktorant\/wp-json\/wp\/v2\/pages\/2957\/revisions"}],"up":[{"embeddable":true,"href":"https:\/\/us.edu.pl\/doktorant\/wp-json\/wp\/v2\/pages\/2386"}],"wp:attachment":[{"href":"https:\/\/us.edu.pl\/doktorant\/wp-json\/wp\/v2\/media?parent=2957"}],"curies":[{"name":"wp","href":"https:\/\/api.w.org\/{rel}","templated":true}]}}