{"id":3033,"date":"2019-11-07T14:34:08","date_gmt":"2019-11-07T13:34:08","guid":{"rendered":"https:\/\/us.edu.pl\/doktorant\/?page_id=3033"},"modified":"2020-03-10T15:16:53","modified_gmt":"2020-03-10T14:16:53","slug":"tematy-prac-doktorskich","status":"publish","type":"page","link":"https:\/\/us.edu.pl\/doktorant\/studia-doktoranckie-rozpoczete-przed-1-pazdziernika-2019-r\/nauki-teologiczne-teologia-wydzial-teologiczny\/tematy-prac-doktorskich\/","title":{"rendered":"Tematy prac doktorskich"},"content":{"rendered":"<p>[vc_row][vc_column]\r\n                <div class=\"text-modules\">\r\n                    <div class=\"container\">\r\n                        <h3 class=\"page-title text__title\">Tematy prac doktorskich<\/h3>\r\n                        <div class=\"text-modules__content\"><p>Przewody doktorskie otwarte w ramach studi\u00f3w doktoranckich w dziedzinie nauk teologicznych:<\/p>\n<ol>\n<li>mgr lic. kan. Marcin Lamorski OFM, <em>Istota \u017cycia konsekrowanego oraz jego znaczenie dla Ko\u015bcio\u0142a i \u015bwiata. Studium liturgicznoteologiczne euchologii Mszy i Obrz\u0119d\u00f3w na dzie\u0144 profesji zakonnej w mszale i rytuale Paw\u0142a VI<\/em><\/li>\n<li>mgr lic. kan. Marek Domeradzki OP, <em>Zagadnienie poznania Chrystusa Zmartwychwsta\u0142ego w my\u015bli Geralda O&#8217;Collinsa SJ<\/em><\/li>\n<li>Mgr lic. kan. Daniel Gruszka, <em>Mi\u0142o\u015b\u0107 p\u0142ciowa jako motyw wiarygodno\u015bci chrze\u015bcija\u0144stwa w argumentacji agapetologicznej. Studium teologiczno-fundamentalne pism W. So\u0142owjowa, M. Bierdiajewa i P. Evdokimova<\/em><\/li>\n<li>Mgr lic. kan. Katarzyna Sto\u0142piec, <em>Integralny rozw\u00f3j cz\u0142owieka w uj\u0119ciu \u015bw. Jana XXIII<\/em><\/li>\n<li>Mgr lic. kan. Micha\u0142 Je\u017cewski, <em>Prawo naturalne a ekologia ludzka w argumentacji teologicznomoralnej Ko\u015bcio\u0142a posoborowego<\/em><\/li>\n<li>mgr lic. kan. \u0141ukasz Walaszek, <em>Wychowanie moralne w my\u015bli Benedykta XVI. Studium teologicznomoralne<\/em><\/li>\n<li>mgr lic. kan. Tomasz Samulnik OP, <em>Do\u015bwiadczenie a teologia. Studium przemian i rozwoju scientia fidei Josepha Ratzingera na podstawie Opera omnia<\/em><\/li>\n<li>Mgr lic. kan. Tomasz Piec, <em>Anty-konsumpcjonizm w perspektywie katolickiej nauki spo\u0142ecznej<\/em><\/li>\n<li>mgr lic. kan. Mateusz Dudkiewicz, <em>Prawda, apologia, misja. Pneumatyczna eklezjologia w pismach Romano Guardiniego<\/em><\/li>\n<li>mgr lic. kan. Rafa\u0142 Soroburski OP, <em>Przepowiadanie s\u0142owa Bo\u017cego w Prowincji Wniebowzi\u0119cia NMP Zakonu Braci Mniejszych w Polsce po Soborze Watyka\u0144skim II. Studium homiletyczne<\/em><\/li>\n<li>mgr lic. kan. Szymon Resiak, <em>Maksymiliana Sdralka wroc\u0142awska szko\u0142a historii Ko\u015bcio\u0142a<\/em><\/li>\n<li>Mgr lic. kan. Aleksander Rudziarczyk, <em>Teologicznoliteracka hermeneutyka Krzy\u017ca w pismach ksi\u0119dza Janusza Stanis\u0142awa Pasierba<\/em><\/li>\n<li>Mgr lic. kan. Krzysztof Abucewicz, <em>Ukrzy\u017cowany eros Ignacego Antioche\u0144skiego. Interpretacja w perspektywie historii recepcji<\/em><\/li>\n<li>mgr lic. kan. Przemys\u0142aw Szot, <em>Istota i teologiczna wymowa b\u0142ogos\u0142awie\u0144stwa na podstawie modlitw &#8222;super populum&#8221; okresu Wielkiego Postu w Mszale Paw\u0142a VI. Studium liturgiczno-teologiczne<\/em><\/li>\n<li>mgr lic. kan. B\u0142a\u017cej Ma\u0142olepszy, <em>Sens Krzy\u017ca Chrystusa w uj\u0119ciu Josepha Ratzingera\/Benedykta XVI. Uniwersalne znaczenie &#8211; wsp\u00f3\u0142czesny kontekst<\/em><\/li>\n<li>Mgr lic. kan. Andrzej Lwowski,<\/li>\n<li>Mgr lic. kan. Grzegorz Wio\u0144czyk, <em>Lektura tekstu mistycznego w kontek\u015bcie do\u015bwiadczenia wiary. Studium teologiczne w perspektywie hermeneutycznej<\/em><\/li>\n<li>Mgr lic. kan. Marta Giglok-Koz\u0142owska, <em>Rola przestrzennych schemat\u00f3w wyobra\u017ceniowych w opisie relacji chrze\u015bcijanin &#8211; Chrystus w Listach Ignacego Antioche\u0144skiego<\/em><\/li>\n<li>Mgr lic. kan. Anna Domaga\u0142a, <em>Powt\u00f3rzenia w greckim przek\u0142adzie Pie\u015bni nad pie\u015bniami<\/em><\/li>\n<li>Mgr lic. kan. Bartosz Bialik, <em>\u015al\u0105sk jako locus theologicus? Teologiczna interpretacja tetralogii gliwickiej Horsta Bienka<\/em><\/li>\n<li>Mgr lic. kan. Anna Kierzek, <em>Etyczny wymiar rynku farmaceutycznego w Polsce<\/em><\/li>\n<li>Mgr lic. kan. Anna Rz\u0119dkowska, <em>Naprotechnologia w uj\u0119ciu teologicznomoralnym<\/em><\/li>\n<li>mgr lic. kan. Daniel Starzyczny, <em>Ko\u015bci\u00f3\u0142 w nauczaniu rz\u0105dc\u00f3w (archi)diecezji katowickiej w latach 1925-2011<\/em><\/li>\n<li>mgr lic. kan. Krzysztof Zi\u0119ba, <em>Recepcja dekretu o ekumenizmie &#8222;Unitatis redintegratio&#8221; w diecezji bielsko-\u017cywieckiej w latach 1992-2013<\/em><\/li>\n<li>Mgr lic. kan. Jakub Szwarczy\u0144ski, <em>Soteriologiczne znaczenie pos\u0142usze\u0144stwa w uj\u0119ciu Josepha Ratzingera\/Benedykta XVI<\/em><\/li>\n<li>Mgr lic. kan. Maria Sikora, <em>Odkrywanie i realizacja to\u017csamo\u015bci cz\u0142owieka w nauczaniu Jana Paw\u0142a II i refleksji filozoficznej Leszka Ko\u0142akowskiego<\/em><\/li>\n<li>mgr lic. kan. Szymon Kiera, <em>Teologia Bo\u017cego mi\u0142osierdzia w uj\u0119ciu \u015bwi\u0119tej Teresy od Jezusa<\/em><\/li>\n<li>Mgr lic. kan. Aneta Kuberska-B\u0119bas, <em>Soborowy prze\u0142om w polskiej teologii dogmatycznej. Analiza por\u00f3wnawcza Wincentego Granata &#8222;Dogmatyki katolickiej&#8221; (1959-1967) i &#8222;Ku Bogu i cz\u0142owiekowi w Chrystusie&#8221; (1972-1974)<\/em><\/li>\n<li>mgr lic. kan. Marcin Wyl\u0119\u017cek, <em>Tw\u00f3rczo\u015b\u0107 organowa muzyk\u00f3w ko\u015bcielnych na G\u00f3rnym \u015al\u0105sku w XX wieku<\/em><\/li>\n<li>mgr lic. kan. Piotr Skrobol, <em>Relacja Stellvertretung &#8211; Inklusion w teologii Hansa Ursa von Balthasara<\/em><\/li>\n<li>mgr lic. kan. Bogdan Ko\u0142odziej, <em>Wsp\u00f3\u0142czesne pomoce kaznodziejskie w praktyce przepowiadania s\u0142owa Bo\u017cego. Studium homiletyczne<\/em><\/li>\n<li>mgr lic. kan. \u0141ukasz Kocima,<em> Uzdrowienia niewidomych w Ewangelii Marka. Studium egzegetyczno-teologiczne ram narracji o uczniach<\/em><\/li>\n<li>mgr lic. kan. Wojciech Samuel,<em> Egzorcyzmy Jezusa w Ewangelii Marka. Studium egzegetyczno-teologiczne<\/em><\/li>\n<li>mgr lic. kan. Sebastian Kreczma\u0144ski, <em>Mi\u0142osierdzie Bo\u017ce w tekstach euchologijnych zbioru liturgicznego z Werony. Studium liturgiczno-teologiczne<\/em><\/li>\n<li>Mgr lic. kan. Ludmi\u0142a Lach-Bartlik, <em>Ecclesia w Exposito in Canticum Canticorum Apponiusza<\/em><\/li>\n<\/ol>\n<p>\n<\/div>\r\n                    <\/div>\r\n                <\/div>[\/vc_column][\/vc_row]<\/p>","protected":false},"excerpt":{"rendered":"<p>[vc_row][vc_column][\/vc_column][\/vc_row] [&#8230;]<\/p>\n<p><a class=\"btn btn-secondary understrap-read-more-link\" href=\"https:\/\/us.edu.pl\/doktorant\/studia-doktoranckie-rozpoczete-przed-1-pazdziernika-2019-r\/nauki-teologiczne-teologia-wydzial-teologiczny\/tematy-prac-doktorskich\/\">Read More&#8230;<\/a><\/p>\n","protected":false},"author":92,"featured_media":0,"parent":2409,"menu_order":5,"comment_status":"closed","ping_status":"closed","template":"page-templates\/page-with-sidebar.php","meta":{"_expiration-date-status":"saved","_expiration-date":0,"_expiration-date-type":"","_expiration-date-categories":[],"_expiration-date-options":[]},"acf":[],"_links":{"self":[{"href":"https:\/\/us.edu.pl\/doktorant\/wp-json\/wp\/v2\/pages\/3033"}],"collection":[{"href":"https:\/\/us.edu.pl\/doktorant\/wp-json\/wp\/v2\/pages"}],"about":[{"href":"https:\/\/us.edu.pl\/doktorant\/wp-json\/wp\/v2\/types\/page"}],"author":[{"embeddable":true,"href":"https:\/\/us.edu.pl\/doktorant\/wp-json\/wp\/v2\/users\/92"}],"replies":[{"embeddable":true,"href":"https:\/\/us.edu.pl\/doktorant\/wp-json\/wp\/v2\/comments?post=3033"}],"version-history":[{"count":0,"href":"https:\/\/us.edu.pl\/doktorant\/wp-json\/wp\/v2\/pages\/3033\/revisions"}],"up":[{"embeddable":true,"href":"https:\/\/us.edu.pl\/doktorant\/wp-json\/wp\/v2\/pages\/2409"}],"wp:attachment":[{"href":"https:\/\/us.edu.pl\/doktorant\/wp-json\/wp\/v2\/media?parent=3033"}],"curies":[{"name":"wp","href":"https:\/\/api.w.org\/{rel}","templated":true}]}}