{"id":3174,"date":"2019-11-07T15:07:33","date_gmt":"2019-11-07T14:07:33","guid":{"rendered":"https:\/\/us.edu.pl\/doktorant\/?page_id=3174"},"modified":"2020-03-10T15:30:56","modified_gmt":"2020-03-10T14:30:56","slug":"kryteria-stypendialne","status":"publish","type":"page","link":"https:\/\/us.edu.pl\/doktorant\/studia-doktoranckie-rozpoczete-przed-1-pazdziernika-2019-r\/nauki-teologiczne-teologia-wydzial-teologiczny\/kryteria-stypendialne\/","title":{"rendered":"Kryteria stypendialne"},"content":{"rendered":"<p>[vc_row][vc_column]\r\n                <div class=\"text-modules\">\r\n                    <div class=\"container\">\r\n                        <h3 class=\"page-title text__title\">Kryteria stypendialne<\/h3>\r\n                        <div class=\"text-modules__content\"><p>Stypendium doktoranckie<\/p>\n<p>Stypendium doktoranckie mog\u0105 otrzyma\u0107 doktoranci realizuj\u0105cy terminowo program studi\u00f3w i wykazuj\u0105cy si\u0119 zaanga\u017cowaniem w prowadzeniu zaj\u0119\u0107 dydaktycznych w ramach praktyk zawodowych albo w realizacji bada\u0144 naukowych prowadzonych przez jednostk\u0119 organizacyjn\u0105 Uczelni, kt\u00f3rzy w roku akademickim poprzedzaj\u0105cym z\u0142o\u017cenie wniosku o przyznanie stypendium doktoranckiego wykazali si\u0119 post\u0119pami w pracy naukowej i w przygotowywaniu rozprawy doktorskiej (RMNiSW\u00a0 z dnia 9 sierpnia 2017r. <em>w sprawie studi\u00f3w doktoranckich i stypendi\u00f3w doktoranckich<\/em>).<\/p>\n<p>Doktoranci staraj\u0105cy si\u0119 o stypendium doktoranckie sk\u0142adaj\u0105 w sekretariacie wniosek wraz z uzasadnieniem skierowany do Kierownika studi\u00f3w doktoranckich.<\/p>\n<p>Wniosek powinien zawiera\u0107:<br \/>\n\u2013 dane osobowe wnioskodawcy (imi\u0119, nazwisko, numer PESEL, adres zamieszkania, rok studi\u00f3w),<\/p>\n<p>\u2013 opis post\u0119p\u00f3w w pracy naukowej,<\/p>\n<p>\u2013 opis post\u0119p\u00f3w w pracy nad rozpraw\u0105 doktorsk\u0105,<\/p>\n<p>\u2013 opini\u0119 opiekuna naukowego lub promotora,<br \/>\n\u2013 za\u015bwiadczenia potwierdzaj\u0105ce osi\u0105gni\u0119cia naukowo-dydaktyczne.<\/p>\n<p>Dotacja projako\u015bciowa<br \/>\nZwi\u0119kszenie stypendium doktoranckiego mog\u0105 otrzyma\u0107 doktoranci studi\u00f3w stacjonarnych wyr\u00f3\u017cniaj\u0105cy si\u0119 w pracy naukowej i dydaktycznej. Doktoranci staraj\u0105cy si\u0119 o zwi\u0119kszenie stypendium doktoranckiego sk\u0142adaj\u0105 w sekretariacie wniosek wraz z uzasadnieniem skierowany do Kierownika studi\u00f3w doktoranckich.<br \/>\nWniosek powinien zawiera\u0107:<br \/>\n\u2013 dane osobowe wnioskodawcy (imi\u0119, nazwisko, numer PESEL, adres zamieszkania, rok studi\u00f3w),<\/p>\n<p>\u2013 opis post\u0119p\u00f3w w pracy naukowej,<\/p>\n<p>\u2013 opis post\u0119p\u00f3w w pracy nad rozpraw\u0105 doktorsk\u0105,<\/p>\n<p>\u2013 opini\u0119 opiekuna naukowego lub promotora,<br \/>\n\u2013 za\u015bwiadczenia potwierdzaj\u0105ce osi\u0105gni\u0119cia naukowo-dydaktyczne.<\/p>\n<p>Wnioski mo\u017cna sk\u0142ada\u0107 do 20 wrze\u015bnia w godzinach pracy sekretariatu.<\/p>\n<p>Kryteria wydzia\u0142owe:<\/p>\n<p>Za\u0142\u0105cznik 5: 5.Teologia_stypendium doktoranckie i dotacja projako\u015bciowa<br \/>\n<a href=\"https:\/\/us.edu.pl\/doktorant\/wp-content\/uploads\/sites\/12\/Nieprzypisane\/Kryteria-przyznawania-stypendium-doktoranckiego-.pdf\" class=\"mtli_attachment mtli_pdf\" data-mtli=\"mtli_filesize251,01kB\" class=\"mtli_attachment mtli_pdf\" data-mtli=\"mtli_filesize251,01kB\">Kryteria przyznawania stypendium doktoranckiego<\/a><\/p>\n<p>\n<style type=\"text\/css\">a[data-mtli~=\"mtli_filesize251,01kB\"]:after {content:\" (251,01 kB)\"}<\/style><\/div>\r\n                    <\/div>\r\n                <\/div>[\/vc_column][\/vc_row]<\/p>\n<style type=\"text\/css\">a[data-mtli~=\"mtli_filesize251,01kB\"]:after {content:\" (251,01 kB)\"}<\/style>","protected":false},"excerpt":{"rendered":"<p>[vc_row][vc_column][\/vc_column][\/vc_row] [&#8230;]<\/p>\n<p><a class=\"btn btn-secondary understrap-read-more-link\" href=\"https:\/\/us.edu.pl\/doktorant\/studia-doktoranckie-rozpoczete-przed-1-pazdziernika-2019-r\/nauki-teologiczne-teologia-wydzial-teologiczny\/kryteria-stypendialne\/\">Read More&#8230;<\/a><\/p>\n","protected":false},"author":92,"featured_media":0,"parent":2409,"menu_order":6,"comment_status":"closed","ping_status":"closed","template":"page-templates\/page-with-sidebar.php","meta":{"_expiration-date-status":"saved","_expiration-date":0,"_expiration-date-type":"","_expiration-date-categories":[],"_expiration-date-options":[]},"acf":[],"_links":{"self":[{"href":"https:\/\/us.edu.pl\/doktorant\/wp-json\/wp\/v2\/pages\/3174"}],"collection":[{"href":"https:\/\/us.edu.pl\/doktorant\/wp-json\/wp\/v2\/pages"}],"about":[{"href":"https:\/\/us.edu.pl\/doktorant\/wp-json\/wp\/v2\/types\/page"}],"author":[{"embeddable":true,"href":"https:\/\/us.edu.pl\/doktorant\/wp-json\/wp\/v2\/users\/92"}],"replies":[{"embeddable":true,"href":"https:\/\/us.edu.pl\/doktorant\/wp-json\/wp\/v2\/comments?post=3174"}],"version-history":[{"count":0,"href":"https:\/\/us.edu.pl\/doktorant\/wp-json\/wp\/v2\/pages\/3174\/revisions"}],"up":[{"embeddable":true,"href":"https:\/\/us.edu.pl\/doktorant\/wp-json\/wp\/v2\/pages\/2409"}],"wp:attachment":[{"href":"https:\/\/us.edu.pl\/doktorant\/wp-json\/wp\/v2\/media?parent=3174"}],"curies":[{"name":"wp","href":"https:\/\/api.w.org\/{rel}","templated":true}]}}