{"id":3194,"date":"2019-11-07T15:09:49","date_gmt":"2019-11-07T14:09:49","guid":{"rendered":"https:\/\/us.edu.pl\/doktorant\/?page_id=3194"},"modified":"2020-05-26T13:44:00","modified_gmt":"2020-05-26T11:44:00","slug":"informacje-biezace","status":"publish","type":"page","link":"https:\/\/us.edu.pl\/doktorant\/studia-doktoranckie-rozpoczete-przed-1-pazdziernika-2019-r\/nauki-teologiczne-teologia-wydzial-teologiczny\/informacje-biezace\/","title":{"rendered":"Informacje bie\u017c\u0105ce"},"content":{"rendered":"<p>[vc_row][vc_column]\r\n                <div class=\"text-modules\">\r\n                    <div class=\"container\">\r\n                        <h3 class=\"page-title text__title\">Informacje bie\u017c\u0105ce<\/h3>\r\n                        <div class=\"text-modules__content\"><p>Zgodnie z Regulaminem studi\u00f3w doktoranckich w U\u015a okresem zaliczeniowym jest rok akademicki. Doktorant zalicza rok najp\u00f3\u017aniej do dnia 20 wrze\u015bnia 2020 r.<\/p>\n<p>W tym celu doktorant jest zobowi\u0105zany jest z\u0142o\u017cy\u0107 nast\u0119puj\u0105ce dokumenty:<\/p>\n<p>1) Uzupe\u0142nione i podpisane sprawozdanie z post\u0119p\u00f3w w pracy naukowej i dydaktycznej w roku akad. 2019\/2020 (wz\u00f3r sprawozdania w za\u0142\u0105czniku);<\/p>\n<p>2) Opini\u0119 opiekuna naukowego\/promotora o post\u0119pach w przygotowaniu rozprawy doktorskiej;<\/p>\n<p>3) Formularz hospitacji zaj\u0119\u0107 dydaktycznych:<\/p>\n<p>&#8211; prosz\u0119 wykaza\u0107 godziny hospitowane do 12 marca br.;<\/p>\n<p>&#8211; prosz\u0119 wykaza\u0107 godziny hospitowane zdalnie (potwierdzenie od prowadz\u0105cego zaj\u0119cia o wpisaniu si\u0119 do grupy zaj\u0119ciowej);<\/p>\n<p>&#8211; w przypadku niewystarczaj\u0105cej liczby godzin wymaganych do zaliczenia roku prosz\u0119 o z\u0142o\u017cenie deklaracji: \u201eZe wzgl\u0119du na stan epidemii godziny hospitacji przeniesione zosta\u0142y na nast\u0119pny rok akademicki\u201d.<\/p>\n<p>Wszystkie ww. dokumenty prosz\u0119 przes\u0142a\u0107 poczt\u0105 tradycyjn\u0105 na adres Wydzia\u0142u Teologicznego \u2013 ul. Jordana 18, 40-043 Katowice (dokumenty w\u0142asnor\u0119cznie podpisane) lub w formie skanu dokumentu (skan dokumentu z w\u0142asnor\u0119cznym podpisem) na adres mialowy:<\/p>\n<p><a href=\"mailto:ludmila.lach-bartlik@us.edu.pl\">ludmila.lach-bartlik@us.edu.pl<\/a><\/p>\n<p>Kwestia wpis\u00f3w w indeksach nie zosta\u0142a jeszcze uregulowana przez w\u0142adze Uczelni.<\/p>\n<p>Prosz\u0119 r\u00f3wnie\u017c o dopilnowanie, aby wyk\u0142adowcy wpisali Pa\u0144stwu oceny do elektronicznych protoko\u0142\u00f3w (USOS), na tej podstawie b\u0119d\u0105 Pa\u0144stwo rozliczani z roku akad. 2019\/2020.<\/p>\n<hr \/>\n<p>Informacje bie\u017c\u0105ce dost\u0119pne s\u0105 na stronie Wydzia\u0142u Teologicznego U\u015a<\/p>\n<p><a href=\"https:\/\/us.edu.pl\/wydzial\/wtl\/doktorant-wtl\/\">https:\/\/us.edu.pl\/wydzial\/wtl\/doktorant-wtl\/<\/a><\/p>\n<p>Od 16 marca br. do odwo\u0142ania, sekretariat studi\u00f3w doktoranckich WTL U\u015a funkcjonuje w trybie pracy zdalnej. Wszystkie bie\u017c\u0105ce problemy staramy si\u0119, w miar\u0119 mo\u017cliwo\u015bci, rozwi\u0105zywa\u0107 mailowo.<\/p>\n<p>Prosimy o komunikowanie si\u0119 z sekretariatem studi\u00f3w, we wszystkich sprawach (tok studi\u00f3w, USOS, stypendia, przew\u00f3d doktorski), poprzez imienny adres mailowy: <a href=\"mailto:ludmila.lach-bartlik@us.edu.pl\">ludmila.lach-bartlik@us.edu.pl<\/a><\/p>\n<p>Dydaktyka<\/p>\n<p>Mo\u017cliwie jak najwi\u0119ksza cz\u0119\u015b\u0107 zaj\u0119\u0107 semestru letniego prowadzona b\u0119dzie zdalnie! W zwi\u0105zku z decyzj\u0105 w\u0142adz naszego Uniwersytetu o przeniesieniu zaj\u0119\u0107 na platformy e-learningowe, pracownicy Wydzia\u0142u przygotuj\u0105 materia\u0142y\/e-kursy, z kt\u00f3rymi nale\u017cy si\u0119 zapozna\u0107 (dot. wyk\u0142ad\u00f3w zakresowych i Hermeneutyki). Wszystkie materia\u0142y zostan\u0105 przekazane doktorantom drog\u0105 elektroniczn\u0105. W sprawie seminari\u00f3w i konwersatorium nale\u017cy kontaktowa\u0107 si\u0119 bezpo\u015brednio z opiekunami\/promotorami.<\/p>\n<p>Nauka<\/p>\n<p>Biblioteka<\/p>\n<p>Od 17 marca 2020 r. Biblioteka Teologiczna, podobnie jak wszystkie oddzia\u0142y systemu biblioteczno-informacyjnego Uniwersytetu \u015al\u0105skiego, realizuje swoje zadania w trybie online. Szczeg\u00f3\u0142owe informacje na temat funkcjonowania systemu zamieszczone s\u0105 na stronie CINiB-y:<br \/>\n<a href=\"https:\/\/ciniba.edu.pl\/wiadomosci\/987992-funkcjonowanie-biblioteki\">https:\/\/ciniba.edu.pl\/wiadomosci\/987992-funkcjonowanie-biblioteki<\/a><br \/>\nJednocze\u015bnie w Bibliotece Teologicznej &#8211; codziennie od poniedzia\u0142ku do pi\u0105tku &#8211; dy\u017curuj\u0105 pracownicy, kt\u00f3rzy kontaktuj\u0105 si\u0119 z czytelnikami za po\u015brednictwem poczty elektronicznej oraz telefonu. Poni\u017cej dane kontaktowe:<br \/>\ntel.: 32 257 20 73, 32 257 20 59<br \/>\ne-mail: <a href=\"mailto:biblwtl@us.edu.pl\">biblwtl@us.edu.pl<\/a><\/p>\n<p>Awanse \u2013 przew\u00f3d doktorski<\/p>\n<p>Prosimy o wstrzymanie si\u0119 ze sk\u0142adaniem poda\u0144 do Rady Naukowej INT, tak\u017ce tych w zwi\u0105zku z awansami naukowymi. O planowanym wszcz\u0119ciu post\u0119powania w sprawie nadania stopnia doktora lub z\u0142o\u017ceniu pracy doktorskiej prosz\u0119 wcze\u015bniej poinformowa\u0107 sekretariat studi\u00f3w doktoranckich (<a href=\"mailto:ludmila.lach-bartlik@us.edu.pl\">ludmila.lach-bartlik@us.edu.pl<\/a>)<\/p>\n<p>Stypendia<\/p>\n<p>Stypendia doktoranckie i projako\u015bciowe, stypendia z funduszu \u015bwiadcze\u0144, widoczne s\u0105 w systemie USOS-web. Listy przygotowane zosta\u0142y na kwiecie\u0144 i maj, o ich wyp\u0142acie (termin) zadecyduje Dzia\u0142 Finansowy U\u015a.<\/p>\n<p>Prowadzenie zaj\u0119\u0107 dydaktycznych<\/p>\n<p>Do odwo\u0142ania zawieszony zostaje obowi\u0105zek hospitacji zaj\u0119\u0107 dydaktycznych oraz dy\u017cur\u00f3w \u2013 w formie kontaktowej.<\/p>\n<p>Doktoranci wsp\u00f3\u0142prowadz\u0105cy zaj\u0119cia dydaktyczne kontaktuj\u0105 si\u0119 z pracownikami merytorycznie odpowiedzialnymi za przypisany im modu\u0142 w celu ustalenia zasad wsp\u00f3\u0142pracy.<\/p>\n<p>Doktoranci\u00a0 prowadz\u0105cy zaj\u0119cia dydaktyczne samodzielnie, w miar\u0119 mo\u017cliwo\u015bci, prowadz\u0105 swoje zaj\u0119cia w spos\u00f3b bezkontaktowy. Podobnie jest z konsultacjami naukowymi. Za organizacj\u0119 \u201ezdalnej\u201d dydaktyki w Wydziale Teologicznym U\u015a odpowiedzialny jest Dyrektor kierunk\u00f3w: nauki o rodzinie i teologia \u2013 Ks. dr Maciej Basiuk (<a href=\"mailto:maciej.basiuk@us.edu.pl\">maciej.basiuk@us.edu.pl<\/a>).<\/p>\n<p>Terminy zaj\u0119\u0107 doktorant\u00f3w w semestrze letnim roku akademickiego 2019\/2020:<br \/>\nMarzec 2020: 3, 10, 17, 24<br \/>\nKwiecie\u0144 2020: 7, 21<br \/>\nMaj 2020: 5, 12, 26<br \/>\nCzerwiec 2020: 2<\/p>\n<p><strong>Lista wyk\u0142ad\u00f3w zakresowych w roku akad. 2019\/2020<\/strong>:<strong><br \/>\n<\/strong><u>Semestr zimowy<\/u><\/p>\n<ol>\n<li><em>Ponowo\u017cytno\u015b\u0107 obszarem\u00a0 badawczych\u00a0\u00a0 zainteresowa\u0144\u00a0 teologii\u00a0 (fundamentalnej) \u2013 <\/em>Ks. dr hab. S\u0142awomir Zieli\u0144ski<\/li>\n<li><em>Misja duszpasterska\u00a0\u00a0\u00a0 Ko\u015bcio\u0142a\u00a0 w\u00a0\u00a0\u00a0\u00a0 postmodernistycznym\u00a0\u00a0\u00a0 \u015bwiecie <\/em>\u2013 Ks. prof. dr hab. Ireneusz Celary<\/li>\n<\/ol>\n<p><u>Semestr letni<\/u><\/p>\n<ol>\n<li><em>Dialogi ekumeniczne &#8211; bilans historyczny \u2013 <\/em>Ks. prof. dr hab. J\u00f3zef Budniak<\/li>\n<li><em>Dojrza\u0142o\u015b\u0107 ludzka jako temat teologii dogmatycznej \u2013<\/em> Ks. dr hab. Jacek Kempa<\/li>\n<li><em>Historia jako\u00a0\u00a0\u00a0 wydarzenie,\u00a0\u00a0\u00a0 narracja\u00a0\u00a0 i\u00a0\u00a0 interpretacja\u00a0\u00a0\u00a0 w\u00a0\u00a0 teologii \u2013 <\/em>Ks. prof. dr hab. Artur Malina<\/li>\n<\/ol>\n<p>\n<\/div>\r\n                    <\/div>\r\n                <\/div>[\/vc_column][\/vc_row]<\/p>","protected":false},"excerpt":{"rendered":"<p>[vc_row][vc_column][\/vc_column][\/vc_row] [&#8230;]<\/p>\n<p><a class=\"btn btn-secondary understrap-read-more-link\" href=\"https:\/\/us.edu.pl\/doktorant\/studia-doktoranckie-rozpoczete-przed-1-pazdziernika-2019-r\/nauki-teologiczne-teologia-wydzial-teologiczny\/informacje-biezace\/\">Read More&#8230;<\/a><\/p>\n","protected":false},"author":92,"featured_media":0,"parent":2409,"menu_order":8,"comment_status":"closed","ping_status":"closed","template":"page-templates\/page-with-sidebar.php","meta":{"_expiration-date-status":"saved","_expiration-date":0,"_expiration-date-type":"","_expiration-date-categories":[],"_expiration-date-options":[]},"acf":[],"_links":{"self":[{"href":"https:\/\/us.edu.pl\/doktorant\/wp-json\/wp\/v2\/pages\/3194"}],"collection":[{"href":"https:\/\/us.edu.pl\/doktorant\/wp-json\/wp\/v2\/pages"}],"about":[{"href":"https:\/\/us.edu.pl\/doktorant\/wp-json\/wp\/v2\/types\/page"}],"author":[{"embeddable":true,"href":"https:\/\/us.edu.pl\/doktorant\/wp-json\/wp\/v2\/users\/92"}],"replies":[{"embeddable":true,"href":"https:\/\/us.edu.pl\/doktorant\/wp-json\/wp\/v2\/comments?post=3194"}],"version-history":[{"count":0,"href":"https:\/\/us.edu.pl\/doktorant\/wp-json\/wp\/v2\/pages\/3194\/revisions"}],"up":[{"embeddable":true,"href":"https:\/\/us.edu.pl\/doktorant\/wp-json\/wp\/v2\/pages\/2409"}],"wp:attachment":[{"href":"https:\/\/us.edu.pl\/doktorant\/wp-json\/wp\/v2\/media?parent=3194"}],"curies":[{"name":"wp","href":"https:\/\/api.w.org\/{rel}","templated":true}]}}