{"id":338,"date":"2019-10-17T14:08:19","date_gmt":"2019-10-17T12:08:19","guid":{"rendered":"https:\/\/us.edu.pl\/doktorant\/?page_id=338"},"modified":"2025-12-10T10:26:58","modified_gmt":"2025-12-10T09:26:58","slug":"zarzad-kontakt","status":"publish","type":"page","link":"https:\/\/us.edu.pl\/doktorant\/samorzad-doktorantow\/zarzad-kontakt\/","title":{"rendered":"Zarz\u0105d \u2013 kontakt"},"content":{"rendered":"<p>[vc_row][vc_column]\r\n                <div class=\"text-modules\">\r\n                    <div class=\"container\">\r\n                        <h3 class=\"page-title text__title\">Sk\u0142ad Uczelnianej Rady Samorz\u0105du Doktorant\u00f3w<\/h3>\r\n                        <div class=\"text-modules__content\"><p><strong>Zarz\u0105d Uczelnianej Rady Samorz\u0105du Doktorant\u00f3w:<\/strong><\/p>\n<p>Monika Lisiecka &#8211; Przewodnicz\u0105ca<\/p>\n<p>Weronika Jab\u0142o\u0144ska &#8211; Zast\u0119pczyni Przewodnicz\u0105cej<\/p>\n<p>Wiktoria Sikorska &#8211; Przewodnicz\u0105ca Komisji Prawnej<\/p>\n<p>Denis Dudzi\u0144ski &#8211; Cz\u0142onek Komisji Prawnej<\/p>\n<p>Rene Henry &#8211; Cz\u0142onkini Komisji Prawnej<\/p>\n<p><strong>Pozostali cz\u0142onkowie URSD:<\/strong><\/p>\n<p>Sylwia Korzon<\/p>\n<p>Gra\u017cyna Leja-Franczyk<\/p>\n<p>Klaudia Nowak<\/p>\n<p>Paulina Poloczek<\/p>\n<p>Jan Szopa<\/p>\n<p>Julia Zaj\u0105c<\/p>\n<p>Klaudia \u017bubryk<\/p>\n<p>Prosimy o przesy\u0142anie wszelkiej korespondencji, informacji, pyta\u0144, propozycji wsp\u00f3\u0142pracy itp. na jeden z poni\u017cszych adres\u00f3w e-mail:<\/p>\n<p><a href=\"mailto:doktoranci@us.edu.pl\">doktoranci@us.edu.pl<\/a><\/p>\n<p><a href=\"mailto:monika.lisiecka@us.edu.pl\">monika.lisiecka@us.edu.pl<\/a><\/p>\n<\/div>\r\n                    <\/div>\r\n                <\/div>[\/vc_column][\/vc_row]<\/p>","protected":false},"excerpt":{"rendered":"<p>[vc_row][vc_column][\/vc_column][\/vc_row] [&#8230;]<\/p>\n<p><a class=\"btn btn-secondary understrap-read-more-link\" href=\"https:\/\/us.edu.pl\/doktorant\/samorzad-doktorantow\/zarzad-kontakt\/\">Read More&#8230;<\/a><\/p>\n","protected":false},"author":25,"featured_media":0,"parent":319,"menu_order":0,"comment_status":"closed","ping_status":"closed","template":"","meta":{"_expiration-date-status":"","_expiration-date":0,"_expiration-date-type":"","_expiration-date-categories":[],"_expiration-date-options":[]},"acf":[],"_links":{"self":[{"href":"https:\/\/us.edu.pl\/doktorant\/wp-json\/wp\/v2\/pages\/338"}],"collection":[{"href":"https:\/\/us.edu.pl\/doktorant\/wp-json\/wp\/v2\/pages"}],"about":[{"href":"https:\/\/us.edu.pl\/doktorant\/wp-json\/wp\/v2\/types\/page"}],"author":[{"embeddable":true,"href":"https:\/\/us.edu.pl\/doktorant\/wp-json\/wp\/v2\/users\/25"}],"replies":[{"embeddable":true,"href":"https:\/\/us.edu.pl\/doktorant\/wp-json\/wp\/v2\/comments?post=338"}],"version-history":[{"count":1,"href":"https:\/\/us.edu.pl\/doktorant\/wp-json\/wp\/v2\/pages\/338\/revisions"}],"predecessor-version":[{"id":9042,"href":"https:\/\/us.edu.pl\/doktorant\/wp-json\/wp\/v2\/pages\/338\/revisions\/9042"}],"up":[{"embeddable":true,"href":"https:\/\/us.edu.pl\/doktorant\/wp-json\/wp\/v2\/pages\/319"}],"wp:attachment":[{"href":"https:\/\/us.edu.pl\/doktorant\/wp-json\/wp\/v2\/media?parent=338"}],"curies":[{"name":"wp","href":"https:\/\/api.w.org\/{rel}","templated":true}]}}