{"id":3399,"date":"2019-11-07T22:17:30","date_gmt":"2019-11-07T21:17:30","guid":{"rendered":"https:\/\/us.edu.pl\/doktorant\/?page_id=3399"},"modified":"2020-06-15T10:05:53","modified_gmt":"2020-06-15T08:05:53","slug":"informacje-biezace","status":"publish","type":"page","link":"https:\/\/us.edu.pl\/doktorant\/studia-doktoranckie-rozpoczete-przed-1-pazdziernika-2019-r\/sztuka-sztuki-plastyczne-i-konserwacja-dziel-sztuki-wydzial-sztuki-i-nauk-o-edukacji\/informacje-biezace\/","title":{"rendered":"Informacje bie\u017c\u0105ce"},"content":{"rendered":"<p>[vc_row][vc_column]\r\n                <div class=\"text-modules\">\r\n                    <div class=\"container\">\r\n                        <h3 class=\"page-title text__title\">Informacje bie\u017c\u0105ce<\/h3>\r\n                        <div class=\"text-modules__content\"><p>Regulamin post\u0119powania w sprawie nadania stopnia<\/p>\n<p><a href=\"https:\/\/us.edu.pl\/doktorant\/wp-content\/uploads\/sites\/12\/Nieprzypisane\/Regulamin-post\u0119powania-w-sprawie-nadania-stopnia-doktora-1.doc\" class=\"mtli_attachment mtli_doc\" data-mtli=\"mtli_filesize39,00kB\" class=\"mtli_attachment mtli_doc\" data-mtli=\"mtli_filesize39,00kB\">Regulamin post\u0119powania w sprawie nadania stopnia doktora (1)<\/a><\/p>\n<hr \/>\n<p>Szanowni Pa\u0144stwo,<\/p>\n<p>w zwi\u0105zku z zaistnia\u0142\u0105 sytuacj\u0105, zgodnie z zaleceniami nasza praca przesz\u0142a w tryb pracy zdalnej.<\/p>\n<p>W razie ewentualnych problem\u00f3w, pyta\u0144, prosimy o kontakt mailowy:<\/p>\n<p><a href=\"mailto:joanna.wowrzeczka@us.edu.pl\">joanna.wowrzeczka@us.edu.pl<\/a><\/p>\n<p>lub telefoniczny:<\/p>\n<p>dr hab.Joanna Wowrzeczka 607\u00a0051 752<\/p>\n<p>Mo\u017cecie Pa\u0144stwo r\u00f3wnie\u017c\u00a0 kontaktowa\u0107 si\u0119 z biurem Szko\u0142y Doktorskiej (wszelkie informacje znajduj\u0105 si\u0119 na g\u0142\u00f3wnej stronie Uczelni, w zak\u0142adce Doktorant).<\/p>\n<p>Informacje o formach realizacji zaj\u0119\u0107 dydaktycznych planowanych w semestrze letnim 2019\/2020 znajdziecie Pa\u0144stwo w tabelce poni\u017cej.<\/p>\n<p><a href=\"https:\/\/us.edu.pl\/doktorant\/wp-content\/uploads\/sites\/12\/Nieprzypisane\/zaj\u0119cia-online-Instytut-Sztuk-Plastycznych.pdf\" class=\"mtli_attachment mtli_pdf\" data-mtli=\"mtli_filesize177,84kB\" class=\"mtli_attachment mtli_pdf\" data-mtli=\"mtli_filesize177,84kB\">zaj\u0119cia online Instytut Sztuk Plastycznych<\/a><\/p>\n<style type=\"text\/css\">a[data-mtli~=\"mtli_filesize39,00kB\"]:after {content:\" (39,00 kB)\"}a[data-mtli~=\"mtli_filesize177,84kB\"]:after {content:\" (177,84 kB)\"}<\/style><\/div>\r\n                    <\/div>\r\n                <\/div>[\/vc_column][\/vc_row]<\/p>\n<style type=\"text\/css\">a[data-mtli~=\"mtli_filesize39,00kB\"]:after {content:\" (39,00 kB)\"}a[data-mtli~=\"mtli_filesize177,84kB\"]:after {content:\" (177,84 kB)\"}<\/style>","protected":false},"excerpt":{"rendered":"<p>[vc_row][vc_column][\/vc_column][\/vc_row] [&#8230;]<\/p>\n<p><a class=\"btn btn-secondary understrap-read-more-link\" href=\"https:\/\/us.edu.pl\/doktorant\/studia-doktoranckie-rozpoczete-przed-1-pazdziernika-2019-r\/sztuka-sztuki-plastyczne-i-konserwacja-dziel-sztuki-wydzial-sztuki-i-nauk-o-edukacji\/informacje-biezace\/\">Read More&#8230;<\/a><\/p>\n","protected":false},"author":92,"featured_media":0,"parent":2419,"menu_order":8,"comment_status":"closed","ping_status":"closed","template":"page-templates\/page-with-sidebar.php","meta":{"_expiration-date-status":"saved","_expiration-date":0,"_expiration-date-type":"","_expiration-date-categories":[],"_expiration-date-options":[]},"acf":[],"_links":{"self":[{"href":"https:\/\/us.edu.pl\/doktorant\/wp-json\/wp\/v2\/pages\/3399"}],"collection":[{"href":"https:\/\/us.edu.pl\/doktorant\/wp-json\/wp\/v2\/pages"}],"about":[{"href":"https:\/\/us.edu.pl\/doktorant\/wp-json\/wp\/v2\/types\/page"}],"author":[{"embeddable":true,"href":"https:\/\/us.edu.pl\/doktorant\/wp-json\/wp\/v2\/users\/92"}],"replies":[{"embeddable":true,"href":"https:\/\/us.edu.pl\/doktorant\/wp-json\/wp\/v2\/comments?post=3399"}],"version-history":[{"count":0,"href":"https:\/\/us.edu.pl\/doktorant\/wp-json\/wp\/v2\/pages\/3399\/revisions"}],"up":[{"embeddable":true,"href":"https:\/\/us.edu.pl\/doktorant\/wp-json\/wp\/v2\/pages\/2419"}],"wp:attachment":[{"href":"https:\/\/us.edu.pl\/doktorant\/wp-json\/wp\/v2\/media?parent=3399"}],"curies":[{"name":"wp","href":"https:\/\/api.w.org\/{rel}","templated":true}]}}