{"id":351,"date":"2019-10-17T14:22:02","date_gmt":"2019-10-17T12:22:02","guid":{"rendered":"https:\/\/us.edu.pl\/doktorant\/?page_id=351"},"modified":"2024-05-28T12:55:26","modified_gmt":"2024-05-28T10:55:26","slug":"dzialania-samorzadu","status":"publish","type":"page","link":"https:\/\/us.edu.pl\/doktorant\/samorzad-doktorantow\/dzialania-samorzadu\/","title":{"rendered":"Dzia\u0142ania samorz\u0105du"},"content":{"rendered":"<p>[vc_row][vc_column]\r\n                <div class=\"text-modules\">\r\n                    <div class=\"container\">\r\n                        \r\n                        <div class=\"text-modules__content\"><p>Komunikat Przewodnicz\u0105cego URSD<br \/>\nW zwi\u0105zku z up\u0142ywaj\u0105c\u0105 kadencj\u0105 komisji dyscyplinarnych URSD og\u0142asza nab\u00f3r zg\u0142osze\u0144 do<br \/>\nnast\u0119puj\u0105cych organ\u00f3w:<br \/>\n1. Uczelnianej Komisji Dyscyplinarnej do spraw Nauczycieli Akademickich-1 osoba<br \/>\n2. Komisji dyscyplinarnej dla doktorant\u00f3w-6 os\u00f3b<br \/>\n3. Odwo\u0142awczej komisji dyscyplinarnej dla doktorant\u00f3w-4 osoby<br \/>\nZg\u0142oszenia wskazuj\u0105ce komisj\u0119, do kt\u00f3rej si\u0119 aplikuje (istnieje mo\u017cliwo\u015b\u0107 zg\u0142oszenia si\u0119 do<br \/>\nwi\u0119cej ni\u017c jednej komisji) wraz z kr\u00f3tkim uzasadnieniem, prosz\u0119 przesy\u0142a\u0107 na adres<br \/>\nmichal.gebicki@us.edu.pl (DW doktoranci@us.edu.pl) do dnia 4 czerwca, do ko\u0144ca dnia<br \/>\nCommunication from the President of the URSD<br \/>\nIn view of the upcoming expiration of the term of the disciplinary committees, the URSD<br \/>\nannounces a call for applications for the following bodies:<br \/>\n1. the University Disciplinary Committee for Academic Teachers-1 person<br \/>\n2. the Disciplinary Committee for Doctoral Candidates-6 persons<br \/>\n3. the Disciplinary Appeals Board for Doctoral Candidates-4 persons.<br \/>\nPlease send your applications, indicating the committee to which you are applying to (it is<br \/>\npossible to apply to more than one committee) with a brief justification, to<br \/>\nmichal.gebicki@us.edu.pl (DW doktoranci@us.edu.pl) by 4 June, end of day<\/p>\n<hr \/>\n<p>Rada Samorz\u0105du Doktorant\u00f3w og\u0142asza wybory nowego przedstawiciela U\u015a do struktur T4E (Transform 4 Europe &#8211; <a href=\"http:\/\/www.transform4europe.eu\/\">http:\/\/www.transform4europe.eu\/<\/a>). Ch\u0119tnych prosimy o zg\u0142aszanie<br \/>\nkandydatur do 6.10.2022r. na maila <strong><a href=\"mailto:doktoranci@us.edu.pl\">doktoranci@us.edu.pl<\/a> <\/strong>wraz z kr\u00f3tk\u0105 notk\u0105 motywacyjn\u0105 (do\u015bwiadczenie, j\u0119zyki, kierunek studi\u00f3w), oraz kontaktem telefonicznym.<\/p>\n<p>Rada Samorz\u0105du Doktorant\u00f3w<\/p>\n<hr \/>\n<p>Szanowni Pa\u0144stwo,<\/p>\n<p>uprzejmie informuj\u0119, \u017ce na stronie internetowej Uniwersytetu zosta\u0142o opublikowane zarz\u0105dzenie nr 234 Rektora Uniwersytetu \u015al\u0105skiego w Katowicach z dnia 22 grudnia 2020 r. w sprawie stwierdzenia zgodno\u015bci zmian Regulaminu Samorz\u0105du Doktorant\u00f3w Uniwersytetu \u015al\u0105skiego w Katowicach z ustaw\u0105 z dnia 20 lipca 2018 r. &#8211; Prawo o szkolnictwie wy\u017cszymi nauce oraz statutem Uniwersytetu \u015al\u0105skiego w Katowicach.<\/p>\n<p><a href=\"http:\/\/bip.us.edu.pl\/zarzadzenie-nr-1192021\">http:\/\/bip.us.edu.pl\/zarzadzenie-nr-1192021<\/a><\/p>\n<p>&nbsp;<\/p>\n<hr \/>\n<p>Szkolenie z R i Pythona<\/p>\n<p>Uczelniana Rada Samorz\u0105du Doktorant\u00f3w wsp\u00f3\u0142pracuje obecnie z pracownikami kilku dzia\u0142\u00f3w administracji Uczelni (m.in. Dzia\u0142u HR, Dzia\u0142u Nauki) nad organizacj\u0105 dw\u00f3ch szkole\u0144 z programowania oraz analizy i wizualizacji danych. Szkolenia skierowane s\u0105 do doktorant\u00f3w z ka\u017cdej dyscypliny naukowej, niezale\u017cnie od obszaru naukowego. Szkolenie z R jest polecane szczeg\u00f3lnie doktorantom z obszar\u00f3w nauk humanistycznych i spo\u0142ecznych, kt\u00f3rzy prowadz\u0105 badania ilo\u015bciowe (cho\u0107 nie wy\u0142\u0105cznie, zach\u0119camy do zapis\u00f3w r\u00f3wnie\u017c doktorant\u00f3w nauk \u015bcis\u0142ych).<br \/>\nKa\u017cde z dw\u00f3ch szkole\u0144 b\u0119dzie trwa\u0107 4 dni (po 6 godzin) i odb\u0119dzie si\u0119 najprawdopodobniej w pierwszej po\u0142owie 2021 roku.<\/p>\n<p>Niniejsza ankieta ma na celu uzyskanie informacji dotycz\u0105cej zainteresowania szkoleniami z R i Pythona w\u015br\u00f3d doktorant\u00f3w. Po jej przeprowadzeniu mo\u017cna b\u0119dzie przewidzie\u0107 liczb\u0119 uczestnik\u00f3w szkolenia i dopasowa\u0107 liczb\u0119 szkole\u0144 do poziomu zainteresowania.<br \/>\nWype\u0142nienie niniejszej ankiety nie ma charakteru wi\u0105\u017c\u0105cego, ma jednak charakter deklaracyjny, tak wi\u0119c prosimy o przemy\u015blane zapisy.<\/p>\n<p><a href=\"https:\/\/docs.google.com\/forms\/d\/1V-zajvgqagyiCMF2lGTZraZ4QIY-a1CSgxjIc0ac6_A\/edit\">https:\/\/docs.google.com\/forms\/d\/1V-zajvgqagyiCMF2lGTZraZ4QIY-a1CSgxjIc0ac6_A\/edit<\/a><\/p>\n<p>!!! DOKTORANCI, KT\u00d3RZY WYPE\u0141NI\u0104 ANKIET\u0118 B\u0118D\u0104 MIE\u0106 PIERWSZE\u0143STWO PODCZAS OSTATECZNYCH ZAPIS\u00d3W NA SZKOLENIA !!!<\/p>\n<p>Ankieta b\u0119dzie aktywna do dn. 14.12.2020 r.&#8221;<\/p>\n<\/div>\r\n                    <\/div>\r\n                <\/div>[\/vc_column][\/vc_row]<\/p>","protected":false},"excerpt":{"rendered":"<p>[vc_row][vc_column][\/vc_column][\/vc_row] [&#8230;]<\/p>\n<p><a class=\"btn btn-secondary understrap-read-more-link\" href=\"https:\/\/us.edu.pl\/doktorant\/samorzad-doktorantow\/dzialania-samorzadu\/\">Read More&#8230;<\/a><\/p>\n","protected":false},"author":25,"featured_media":0,"parent":319,"menu_order":4,"comment_status":"closed","ping_status":"closed","template":"","meta":{"_expiration-date-status":"","_expiration-date":0,"_expiration-date-type":"","_expiration-date-categories":[],"_expiration-date-options":[]},"acf":[],"_links":{"self":[{"href":"https:\/\/us.edu.pl\/doktorant\/wp-json\/wp\/v2\/pages\/351"}],"collection":[{"href":"https:\/\/us.edu.pl\/doktorant\/wp-json\/wp\/v2\/pages"}],"about":[{"href":"https:\/\/us.edu.pl\/doktorant\/wp-json\/wp\/v2\/types\/page"}],"author":[{"embeddable":true,"href":"https:\/\/us.edu.pl\/doktorant\/wp-json\/wp\/v2\/users\/25"}],"replies":[{"embeddable":true,"href":"https:\/\/us.edu.pl\/doktorant\/wp-json\/wp\/v2\/comments?post=351"}],"version-history":[{"count":0,"href":"https:\/\/us.edu.pl\/doktorant\/wp-json\/wp\/v2\/pages\/351\/revisions"}],"up":[{"embeddable":true,"href":"https:\/\/us.edu.pl\/doktorant\/wp-json\/wp\/v2\/pages\/319"}],"wp:attachment":[{"href":"https:\/\/us.edu.pl\/doktorant\/wp-json\/wp\/v2\/media?parent=351"}],"curies":[{"name":"wp","href":"https:\/\/api.w.org\/{rel}","templated":true}]}}