{"id":357,"date":"2019-10-17T14:23:49","date_gmt":"2019-10-17T12:23:49","guid":{"rendered":"https:\/\/us.edu.pl\/doktorant\/?page_id=357"},"modified":"2026-03-04T09:31:12","modified_gmt":"2026-03-04T08:31:12","slug":"finansowanie-organizacji-doktoranckich","status":"publish","type":"page","link":"https:\/\/us.edu.pl\/doktorant\/samorzad-doktorantow\/finansowanie-organizacji-doktoranckich\/","title":{"rendered":"Finansowanie organizacji doktoranckich"},"content":{"rendered":"<p>[vc_row][vc_column]\r\n                <div class=\"text-modules\">\r\n                    <div class=\"container\">\r\n                        <h3 class=\"page-title text__title\">Finansowanie organizacji doktoranckich<\/h3>\r\n                        <div class=\"text-modules__content\"><\/p>\n<h2><strong>Zasady przyznawania \u015brodk\u00f3w pozostaj\u0105cych w dyspozycji URSD U\u015a<\/strong><\/h2>\n<p>Konkursy na dofinansowanie ze \u015brodk\u00f3w pozostaj\u0105cych w dyspozycji Samorz\u0105du Doktorant\u00f3w Uniwersytetu \u015al\u0105skiego w Katowicach\u00a0odbywaj\u0105 si\u0119 dwa razy do roku, w lutym i czerwcu. Wnioskowa\u0107 o dofinansowanie mog\u0105 organizacje doktoranckie.<\/p>\n<p>Regulamin podzia\u0142u \u015brodk\u00f3w oraz wymagane za\u0142\u0105czniki znajduj\u0105 si\u0119 poni\u017cej:<\/p>\n<p><a href=\"https:\/\/us.edu.pl\/doktorant\/wp-content\/uploads\/sites\/12\/Bez-kategorii\/regulamin-podzialu-srodkow-URSD-10.02.2026.pdf\" class=\"mtli_attachment mtli_pdf\" data-mtli=\"mtli_filesize136,17kB\" class=\"mtli_attachment mtli_pdf\" data-mtli=\"mtli_filesize136,17kB\">regulamin podzia\u0142u \u015brodk\u00f3w URSD 10.02.2026<\/a><\/p>\n<p><a href=\"https:\/\/us.edu.pl\/doktorant\/wp-content\/uploads\/sites\/12\/Bez-kategorii\/WNIOSEK-ORGANIZACJI-DOKTORANCKIEJ.docx\" class=\"mtli_attachment mtli_docx\" data-mtli=\"mtli_filesize21,80kB\" class=\"mtli_attachment mtli_docx\" data-mtli=\"mtli_filesize21,80kB\">WNIOSEK ORGANIZACJI DOKTORANCKIEJ<\/a><\/p>\n<p><a href=\"https:\/\/us.edu.pl\/doktorant\/wp-content\/uploads\/sites\/12\/Bez-kategorii\/SPRAWOZDANIE-FINANSOWE.doc\" class=\"mtli_attachment mtli_doc\" data-mtli=\"mtli_filesize32,50kB\" class=\"mtli_attachment mtli_doc\" data-mtli=\"mtli_filesize32,50kB\">SPRAWOZDANIE FINANSOWE<\/a><\/p>\n<p><a href=\"https:\/\/us.edu.pl\/doktorant\/wp-content\/uploads\/sites\/12\/Bez-kategorii\/OSWIADCZENIE-O-NIEWYKORZYSTANIU-SRODKOW.docx\" class=\"mtli_attachment mtli_docx\" data-mtli=\"mtli_filesize13,31kB\" class=\"mtli_attachment mtli_docx\" data-mtli=\"mtli_filesize13,31kB\">O\u015aWIADCZENIE O NIEWYKORZYSTANIU \u015aRODK\u00d3W<\/a><\/p>\n<style type=\"text\/css\">a[data-mtli~=\"mtli_filesize136,17kB\"]:after {content:\" (136,17 kB)\"}a[data-mtli~=\"mtli_filesize21,80kB\"]:after {content:\" (21,80 kB)\"}a[data-mtli~=\"mtli_filesize32,50kB\"]:after {content:\" (32,50 kB)\"}a[data-mtli~=\"mtli_filesize13,31kB\"]:after {content:\" (13,31 kB)\"}<\/style><\/div>\r\n                    <\/div>\r\n                <\/div>[\/vc_column][\/vc_row]<\/p>\n<style type=\"text\/css\">a[data-mtli~=\"mtli_filesize136,17kB\"]:after {content:\" (136,17 kB)\"}a[data-mtli~=\"mtli_filesize21,80kB\"]:after {content:\" (21,80 kB)\"}a[data-mtli~=\"mtli_filesize32,50kB\"]:after {content:\" (32,50 kB)\"}a[data-mtli~=\"mtli_filesize13,31kB\"]:after {content:\" (13,31 kB)\"}a[data-mtli~=\"mtli_filesize72,50kB\"]:after {content:\" (72,50 kB)\"}<\/style>","protected":false},"excerpt":{"rendered":"<p>[vc_row][vc_column][\/vc_column][\/vc_row] [&#8230;]<\/p>\n<p><a class=\"btn btn-secondary understrap-read-more-link\" href=\"https:\/\/us.edu.pl\/doktorant\/samorzad-doktorantow\/finansowanie-organizacji-doktoranckich\/\">Read More&#8230;<\/a><\/p>\n","protected":false},"author":25,"featured_media":0,"parent":319,"menu_order":6,"comment_status":"closed","ping_status":"closed","template":"","meta":{"_expiration-date-status":"","_expiration-date":0,"_expiration-date-type":"","_expiration-date-categories":[],"_expiration-date-options":[]},"acf":[],"_links":{"self":[{"href":"https:\/\/us.edu.pl\/doktorant\/wp-json\/wp\/v2\/pages\/357"}],"collection":[{"href":"https:\/\/us.edu.pl\/doktorant\/wp-json\/wp\/v2\/pages"}],"about":[{"href":"https:\/\/us.edu.pl\/doktorant\/wp-json\/wp\/v2\/types\/page"}],"author":[{"embeddable":true,"href":"https:\/\/us.edu.pl\/doktorant\/wp-json\/wp\/v2\/users\/25"}],"replies":[{"embeddable":true,"href":"https:\/\/us.edu.pl\/doktorant\/wp-json\/wp\/v2\/comments?post=357"}],"version-history":[{"count":4,"href":"https:\/\/us.edu.pl\/doktorant\/wp-json\/wp\/v2\/pages\/357\/revisions"}],"predecessor-version":[{"id":9077,"href":"https:\/\/us.edu.pl\/doktorant\/wp-json\/wp\/v2\/pages\/357\/revisions\/9077"}],"up":[{"embeddable":true,"href":"https:\/\/us.edu.pl\/doktorant\/wp-json\/wp\/v2\/pages\/319"}],"wp:attachment":[{"href":"https:\/\/us.edu.pl\/doktorant\/wp-json\/wp\/v2\/media?parent=357"}],"curies":[{"name":"wp","href":"https:\/\/api.w.org\/{rel}","templated":true}]}}