{"id":3580,"date":"2019-11-08T07:58:28","date_gmt":"2019-11-08T06:58:28","guid":{"rendered":"https:\/\/us.edu.pl\/doktorant\/?page_id=3580"},"modified":"2020-02-27T11:50:01","modified_gmt":"2020-02-27T10:50:01","slug":"informacje-biezace","status":"publish","type":"page","link":"https:\/\/us.edu.pl\/doktorant\/studia-doktoranckie-rozpoczete-przed-1-pazdziernika-2019-r\/nauki-spoleczne-nauki-o-polityce-i-administracji-nauki-socjologiczne-nauki-humanistyczne-filozofia-historia-wydzial-nauk-spolecznych\/informacje-biezace\/","title":{"rendered":"Informacje bie\u017c\u0105ce"},"content":{"rendered":"<p>[vc_row][vc_column]\r\n                <div class=\"text-modules\">\r\n                    <div class=\"container\">\r\n                        <h3 class=\"page-title text__title\">Informacje bie\u017c\u0105ce<\/h3>\r\n                        <div class=\"text-modules__content\"><\/p>\n<hr \/>\n<div class=\"\" data-block=\"true\" data-editor=\"egfjh\" data-offset-key=\"cs975-0-0\">\n<div class=\"_1mf _1mj\" data-offset-key=\"cs975-0-0\"><span data-offset-key=\"cs975-0-0\">Szanowni Pa\u0144stwo,<\/span><\/div>\n<\/div>\n<div class=\"\" data-block=\"true\" data-editor=\"egfjh\" data-offset-key=\"da4vf-0-0\">\n<div class=\"_1mf _1mj\" data-offset-key=\"da4vf-0-0\"><span data-offset-key=\"da4vf-0-0\">\u00a0<\/span><\/div>\n<\/div>\n<div class=\"\" data-block=\"true\" data-editor=\"egfjh\" data-offset-key=\"993jt-0-0\">\n<div class=\"_1mf _1mj\" data-offset-key=\"993jt-0-0\"><span data-offset-key=\"993jt-0-0\">poszukiwana osoba (<\/span><span data-offset-key=\"a9dvr-0-0\">kierunek socjologia lub psychologia) do prac w zespole naukowym w ramach mi\u0119dzynarodowego projektu badawczego finansowanego przez Narodowe Centrum Nauki (NCN). <\/span><\/div>\n<\/div>\n<div class=\"\" data-block=\"true\" data-editor=\"egfjh\" data-offset-key=\"64sda-0-0\">\n<div class=\"_1mf _1mj\" data-offset-key=\"64sda-0-0\"><span data-offset-key=\"64sda-0-0\">Projekt b\u0119dzie realizowany na Uniwersytecie Ekonomicznym w Katowicach, przewidziane wynagrodzenie za prac\u0119 w zespole badawczym wg. stawek NCN na podstawie umowy zlecenia (umo\u017cliwia dalsze pobieranie stypendium doktorskiego czy wynagrodzenia za prac\u0119 jako asystent).<\/span><\/div>\n<\/div>\n<div class=\"\" data-block=\"true\" data-editor=\"egfjh\" data-offset-key=\"653jv-0-0\">\n<div class=\"_1mf _1mj\" data-offset-key=\"653jv-0-0\"><span data-offset-key=\"653jv-0-0\">Szczeg\u00f3\u0142owe informacje u kierownika projektu dra hab. Marcina Komora, prof. UE (komor@ue.katowice.pl)<\/span><\/div>\n<\/div>\n<p>\n<\/div>\r\n                    <\/div>\r\n                <\/div>[\/vc_column][\/vc_row]<\/p>","protected":false},"excerpt":{"rendered":"<p>[vc_row][vc_column][\/vc_column][\/vc_row] [&#8230;]<\/p>\n<p><a class=\"btn btn-secondary understrap-read-more-link\" href=\"https:\/\/us.edu.pl\/doktorant\/studia-doktoranckie-rozpoczete-przed-1-pazdziernika-2019-r\/nauki-spoleczne-nauki-o-polityce-i-administracji-nauki-socjologiczne-nauki-humanistyczne-filozofia-historia-wydzial-nauk-spolecznych\/informacje-biezace\/\">Read More&#8230;<\/a><\/p>\n","protected":false},"author":92,"featured_media":0,"parent":2461,"menu_order":8,"comment_status":"closed","ping_status":"closed","template":"page-templates\/page-with-sidebar.php","meta":{"_expiration-date-status":"saved","_expiration-date":0,"_expiration-date-type":"","_expiration-date-categories":[],"_expiration-date-options":[]},"acf":[],"_links":{"self":[{"href":"https:\/\/us.edu.pl\/doktorant\/wp-json\/wp\/v2\/pages\/3580"}],"collection":[{"href":"https:\/\/us.edu.pl\/doktorant\/wp-json\/wp\/v2\/pages"}],"about":[{"href":"https:\/\/us.edu.pl\/doktorant\/wp-json\/wp\/v2\/types\/page"}],"author":[{"embeddable":true,"href":"https:\/\/us.edu.pl\/doktorant\/wp-json\/wp\/v2\/users\/92"}],"replies":[{"embeddable":true,"href":"https:\/\/us.edu.pl\/doktorant\/wp-json\/wp\/v2\/comments?post=3580"}],"version-history":[{"count":0,"href":"https:\/\/us.edu.pl\/doktorant\/wp-json\/wp\/v2\/pages\/3580\/revisions"}],"up":[{"embeddable":true,"href":"https:\/\/us.edu.pl\/doktorant\/wp-json\/wp\/v2\/pages\/2461"}],"wp:attachment":[{"href":"https:\/\/us.edu.pl\/doktorant\/wp-json\/wp\/v2\/media?parent=3580"}],"curies":[{"name":"wp","href":"https:\/\/api.w.org\/{rel}","templated":true}]}}