{"id":360,"date":"2019-10-17T14:26:50","date_gmt":"2019-10-17T12:26:50","guid":{"rendered":"https:\/\/us.edu.pl\/doktorant\/?page_id=360"},"modified":"2022-05-06T14:35:33","modified_gmt":"2022-05-06T12:35:33","slug":"stypendium-ministra","status":"publish","type":"page","link":"https:\/\/us.edu.pl\/doktorant\/stypendia-i-wsparcie\/stypendium-ministra\/","title":{"rendered":"Stypendium Ministra"},"content":{"rendered":"<p>[vc_row][vc_column]\r\n                <div class=\"text-modules\">\r\n                    <div class=\"container\">\r\n                        <h3 class=\"page-title text__title\">Stypendium Ministra Nauki i Szkolnictwa Wy\u017cszego dla wybitnych m\u0142odych naukowc\u00f3w<\/h3>\r\n                        <div class=\"text-modules__content\"><p>Pocz\u0105wszy od roku akademickiego 2019\/2020 nie ma osobnego Stypendium Ministra za wybitne osi\u0105gni\u0119cia dla doktorant\u00f3w. <strong>Doktoranci mog\u0105 za to ubiega\u0107 si\u0119 o Stypendium Ministra Nauki i Szkolnictwa Wy\u017cszego dla wybitnych m\u0142odych naukowc\u00f3w<\/strong>. Oznacza to, \u017ce doktoranci nie b\u0119d\u0105 ju\u017c konkurowa\u0107 tylko mi\u0119dzy sob\u0105, ale znajduj\u0105 si\u0119 w jednej grupie z nauczycielami akademickimi nie posiadaj\u0105cymi stopnia doktora i naukowcami, posiadaj\u0105cymi stopie\u0144 doktora, od uzyskania kt\u00f3rego nie up\u0142yn\u0119\u0142o 7 lat, kt\u00f3rzy s\u0105 zatrudnieni w podmiocie, o kt\u00f3rym mowa w art. 7 ust. 1 ww. Ustawy Prawo o Szkolnictwie Wy\u017cszym i Nauce, tj. m.in. w uczelni.<\/p>\n<p><span style=\"text-decoration: underline;\">Wymagania stawiane kandydatom do tego stypendium s\u0105 wysokie, ale za to <strong>stypendium mo\u017ce by\u0107 przyznane nawet na 3 lata a miesi\u0119czna wyp\u0142ata mo\u017ce si\u0119gn\u0105\u0107 nawet 5390 z\u0142<\/strong>.<\/span><\/p>\n<p><span style=\"text-decoration: underline;\"><strong>Wnioski o stypendia sk\u0142adane s\u0105 w maju ka\u017cdego roku, a w roku 2019 wyj\u0105tkowo przewiduje si\u0119 jeszcze dodatkowy termin na sk\u0142adanie wniosk\u00f3w &#8211; od 1 do 31 grudnia.<\/strong><\/span><\/p>\n<p>W pierwszym konkursie rozstrzygni\u0119tym we wrze\u015bniu 2019 r. przyznano 181 stypendi\u00f3w w kwocie 5390 z\u0142 na trzy lata. Z tego 13 stypendi\u00f3w przyznano doktorantom (i<a href=\"https:\/\/www.gov.pl\/web\/nauka\/ogloszenie-wynikow-konkursu-o-stypendia-dla-wybitnych-mlodych-naukowcow-2018\">nformacja na stronie MNiSW<\/a>).<\/p>\n<p>W konkursie brane s\u0105 pod uwag\u0119 osi\u0105gni\u0119cia z okresu czterech lat poprzedzaj\u0105cych rok z\u0142o\u017cenia wniosku. Uznawane osi\u0105gni\u0119cia:<\/p>\n<ol>\n<li>autorstwo lub wsp\u00f3\u0142autorstwo monografii naukowej lub rozdzia\u0142u w monografii naukowej wydanej przez wydawnictwo uj\u0119te w wykazie wydawnictw sporz\u0105dzonym zgodnie z przepisami wydanymi na podstawie art. 267 ust. 2 pkt 2 ustawy;<\/li>\n<li>autorstwo lub wsp\u00f3\u0142autorstwo artyku\u0142u naukowego opublikowanego w czasopi\u015bmie naukowym lub w recenzowanych materia\u0142ach z konferencji mi\u0119dzynarodowych, uj\u0119tych w wykazie tych czasopism i materia\u0142\u00f3w sporz\u0105dzonym zgodnie z przepisami wydanymi na podstawie art. 267 ust. 2 pkt 2 ustawy*;<\/li>\n<li>kierowanie projektem badawczym o wysokim poziomie innowacyjno\u015bci finansowanym w ramach konkursu og\u00f3lnokrajowego albo mi\u0119dzynarodowego;<\/li>\n<li>zastosowanie praktyczne wynik\u00f3w bada\u0144 naukowych lub prac rozwojowych, w tym zagraniczne zg\u0142oszenie patentowe, udzielony patent lub wdro\u017cenie wynik\u00f3w dzia\u0142alno\u015bci naukowej w innej formie;<\/li>\n<li>autorstwo i wyg\u0142oszenie referatu naukowego dotycz\u0105cego bada\u0144 naukowych o wysokim poziomie innowacyjno\u015bci na mi\u0119dzynarodowej konferencji naukowej o wysokim presti\u017cu;<\/li>\n<li>udzia\u0142 w mi\u0119dzynarodowym projekcie badawczym realizowanym z partnerem zagranicznym;<\/li>\n<li>odbycie zagranicznego sta\u017cu lub wizyty studyjnej, a w przypadku os\u00f3b, kt\u00f3re uko\u0144czy\u0142y studia doktoranckie za granic\u0105 \u2013 odbycie sta\u017cu lub wizyty studyjnej w Polsce;<\/li>\n<li>otrzymane stypendium zagraniczne;<\/li>\n<li>dzia\u0142alno\u015b\u0107 na rzecz upowszechniania wiedzy o dziedzictwie narodowym lub kulturowym w Polsce i za granic\u0105 \u2013 w przypadku dziedziny nauk humanistycznych, nauk teologicznych lub nauk spo\u0142ecznych;<\/li>\n<li>sta\u0142\u0105 wsp\u00f3\u0142prac\u0119 z presti\u017cow\u0105 zagraniczn\u0105 uczelni\u0105 lub zagraniczn\u0105 instytucj\u0105 naukow\u0105, w formie innej ni\u017c wymieniona w pkt 6\u20138;<\/li>\n<li>dzia\u0142anie tw\u00f3rcze w sztuce, w wyniku kt\u00f3rego powsta\u0142o dzie\u0142o artystyczne materialne lub niematerialne, w tym jego artystyczne wykonanie, stanowi\u0105ce wk\u0142ad w rozw\u00f3j kultury;<\/li>\n<li>uzyskanie nagrody indywidualnej lub znacz\u0105cy udzia\u0142 w powstaniu osi\u0105gni\u0119cia, za kt\u00f3re uzyskano nagrod\u0119 zespo\u0142ow\u0105 w konkursie, na przegl\u0105dzie lub festiwalu muzycznym, teatralnym, filmowym, plastycznym lub architektonicznym o wysokim presti\u017cu i o zasi\u0119gu mi\u0119dzynarodowym.<\/li>\n<\/ol>\n<p><em>* W roku 2019 jako znacz\u0105ce osi\u0105gni\u0119cie mo\u017ce zosta\u0107 przedstawione autorstwo lub wsp\u00f3\u0142autorstwo artyku\u0142u naukowego opublikowanego w czasopi\u015bmie naukowym uj\u0119tym w wykazie czasopism naukowych og\u0142oszonym przez ministra w\u0142a\u015bciwego do spraw nauki zgodnie z przepisami wydanymi na podstawie art. 44 ust. 2 ustawy z dnia 30 kwietnia 2010 r. o zasadach finansowania nauki (tj. dotychczasowy wykaz czasopism naukowych \u2013 cz\u0119\u015b\u0107 A, B i C).<\/em><\/p>\n<\/div>\r\n                    <\/div>\r\n                <\/div>[\/vc_column][\/vc_row][vc_row][vc_column]\r\n                <div class=\"tiles-section\" style=\"background: \">\r\n                    <div class=\"container\">\r\n                        <h3 class=\"page-title\"><\/h3>\r\n                        <div class=\"tiles tiles-2\">\r\n                            <a href=\"https:\/\/www.gov.pl\/web\/nauka\/stypendia-dla-mlodych-naukowcow\" class=\"tile tile_double justify-content-center\" style=\"background-color: #EBEBEB; font-weight: bold; color: #002E5A;  \">\r\n                                \r\n                                   \r\n                               \r\n                                <div class=\"tile__name\">Informacja i druki dotycz\u0105ce stypendium dla wybitnych m\u0142odych naukowc\u00f3w na stronie Ministerstwa Nauki i Szkolnictwa Wy\u017cszego<\/div>\r\n                            <\/a><\/div>\r\n                    <\/div>\r\n                <\/div>[\/vc_column][\/vc_row]<\/p>","protected":false},"excerpt":{"rendered":"<p>[vc_row][vc_column][\/vc_column][\/vc_row][vc_row][vc_column][\/vc_column][\/vc_row] [&#8230;]<\/p>\n<p><a class=\"btn btn-secondary understrap-read-more-link\" href=\"https:\/\/us.edu.pl\/doktorant\/stypendia-i-wsparcie\/stypendium-ministra\/\">Read More&#8230;<\/a><\/p>\n","protected":false},"author":25,"featured_media":0,"parent":324,"menu_order":0,"comment_status":"closed","ping_status":"closed","template":"","meta":{"_expiration-date-status":"saved","_expiration-date":0,"_expiration-date-type":"","_expiration-date-categories":[],"_expiration-date-options":[]},"acf":[],"_links":{"self":[{"href":"https:\/\/us.edu.pl\/doktorant\/wp-json\/wp\/v2\/pages\/360"}],"collection":[{"href":"https:\/\/us.edu.pl\/doktorant\/wp-json\/wp\/v2\/pages"}],"about":[{"href":"https:\/\/us.edu.pl\/doktorant\/wp-json\/wp\/v2\/types\/page"}],"author":[{"embeddable":true,"href":"https:\/\/us.edu.pl\/doktorant\/wp-json\/wp\/v2\/users\/25"}],"replies":[{"embeddable":true,"href":"https:\/\/us.edu.pl\/doktorant\/wp-json\/wp\/v2\/comments?post=360"}],"version-history":[{"count":0,"href":"https:\/\/us.edu.pl\/doktorant\/wp-json\/wp\/v2\/pages\/360\/revisions"}],"up":[{"embeddable":true,"href":"https:\/\/us.edu.pl\/doktorant\/wp-json\/wp\/v2\/pages\/324"}],"wp:attachment":[{"href":"https:\/\/us.edu.pl\/doktorant\/wp-json\/wp\/v2\/media?parent=360"}],"curies":[{"name":"wp","href":"https:\/\/api.w.org\/{rel}","templated":true}]}}