{"id":364,"date":"2019-10-17T14:28:22","date_gmt":"2019-10-17T12:28:22","guid":{"rendered":"https:\/\/us.edu.pl\/doktorant\/?page_id=364"},"modified":"2022-05-06T14:38:35","modified_gmt":"2022-05-06T12:38:35","slug":"pomoc-materialna","status":"publish","type":"page","link":"https:\/\/us.edu.pl\/doktorant\/stypendia-i-wsparcie\/pomoc-materialna\/","title":{"rendered":"Pomoc materialna"},"content":{"rendered":"<p>[vc_row][vc_column]\r\n                <div class=\"text-modules\">\r\n                    <div class=\"container\">\r\n                        \r\n                        <div class=\"text-modules__content\"><p><strong>Doktoranci w szko\u0142ach doktorskich<\/strong> nie s\u0105 obj\u0119ci pomoc\u0105 materialn\u0105 w rozumieniu Ustawy Prawo o Szkolnictwie Wy\u017cszym i Naukce.<\/p>\n<hr \/>\n<p><strong>Doktoranci na studiach doktoranckich<\/strong> rozpocz\u0119tych przed 1 pa\u017adziernika 2019 roku obj\u0119ci s\u0105 pomoc\u0105 materialn\u0105 na tych samych zasadach, co studenci studi\u00f3w I i II stopnia. W zwi\u0105zku z tym maj\u0105 prawo ubiega\u0107 si\u0119 o nast\u0119puj\u0105ce stypendia:<\/p>\n<ul>\n<li>stypendium socjalne<\/li>\n<li>stypendium dla os\u00f3b z niepe\u0142nosprawno\u015bci\u0105<\/li>\n<li>stypendium rektora<\/li>\n<li>zapomoga<\/li>\n<\/ul>\n<p>Informacje na temat wszystkich stypendi\u00f3w oraz odpowiednie wzory druk\u00f3w znale\u017a\u0107 mo\u017cna na stronie internetowej strefy Student.<\/p>\n<p>Indywidualne komunikaty udost\u0119pniane s\u0105 we Wiadomo\u015bciach strefy Doktorant i poni\u017cej.<\/p>\n<\/div>\r\n                    <\/div>\r\n                <\/div>\r\n                <div class=\"tiles-section\" style=\"background: \">\r\n                    <div class=\"container\">\r\n                        <h3 class=\"page-title\"><\/h3>\r\n                        <div class=\"tiles tiles-2\">\r\n                            <a href=\"\/student\/komunikaty\/zasady-oceniania-osiagniec-doktorantow-do-stypendium-rektora\/?fbclid=IwAR0IdjlRxM9L5qkL1VpDJsAJZlA73j09yXqpJTd0O22vpiEd-s-BRHonuz8\" class=\"tile tile_double justify-content-center\" style=\"background-color: #EBEBEB; font-weight: bold; color: #002E5A;  \">\r\n                                \r\n                                   \r\n                               \r\n                                <div class=\"tile__name\">Zasady oceniania osi\u0105gni\u0119\u0107 doktorant\u00f3w do stypendium rektora 2020\/2021<\/div>\r\n                            <\/a><\/div>\r\n                    <\/div>\r\n                <\/div>\r\n                <div class=\"tiles-section\" style=\"background: \">\r\n                    <div class=\"container\">\r\n                        <h3 class=\"page-title\"><\/h3>\r\n                        <div class=\"tiles tiles-2\">\r\n                            <a href=\"\/student\/wsparcie-i-fundusze\/swiadczenia-stypendia-i-zapomog\" class=\"tile tile_double justify-content-center\" style=\"background-color: #EBEBEB; font-weight: bold; color: #002E5A;  \">\r\n                                \r\n                                   \r\n                               \r\n                                <div class=\"tile__name\">Strefa student - pomoc materialna<\/div>\r\n                            <\/a><\/div>\r\n                    <\/div>\r\n                <\/div>[\/vc_column][\/vc_row]<\/p>","protected":false},"excerpt":{"rendered":"<p>[vc_row][vc_column][\/vc_column][\/vc_row] [&#8230;]<\/p>\n<p><a class=\"btn btn-secondary understrap-read-more-link\" href=\"https:\/\/us.edu.pl\/doktorant\/stypendia-i-wsparcie\/pomoc-materialna\/\">Read More&#8230;<\/a><\/p>\n","protected":false},"author":25,"featured_media":0,"parent":324,"menu_order":0,"comment_status":"closed","ping_status":"closed","template":"","meta":{"_expiration-date-status":"saved","_expiration-date":0,"_expiration-date-type":"","_expiration-date-categories":[],"_expiration-date-options":[]},"acf":[],"_links":{"self":[{"href":"https:\/\/us.edu.pl\/doktorant\/wp-json\/wp\/v2\/pages\/364"}],"collection":[{"href":"https:\/\/us.edu.pl\/doktorant\/wp-json\/wp\/v2\/pages"}],"about":[{"href":"https:\/\/us.edu.pl\/doktorant\/wp-json\/wp\/v2\/types\/page"}],"author":[{"embeddable":true,"href":"https:\/\/us.edu.pl\/doktorant\/wp-json\/wp\/v2\/users\/25"}],"replies":[{"embeddable":true,"href":"https:\/\/us.edu.pl\/doktorant\/wp-json\/wp\/v2\/comments?post=364"}],"version-history":[{"count":0,"href":"https:\/\/us.edu.pl\/doktorant\/wp-json\/wp\/v2\/pages\/364\/revisions"}],"up":[{"embeddable":true,"href":"https:\/\/us.edu.pl\/doktorant\/wp-json\/wp\/v2\/pages\/324"}],"wp:attachment":[{"href":"https:\/\/us.edu.pl\/doktorant\/wp-json\/wp\/v2\/media?parent=364"}],"curies":[{"name":"wp","href":"https:\/\/api.w.org\/{rel}","templated":true}]}}