{"id":368,"date":"2019-10-17T14:29:42","date_gmt":"2019-10-17T12:29:42","guid":{"rendered":"https:\/\/us.edu.pl\/doktorant\/?page_id=368"},"modified":"2022-05-06T14:39:32","modified_gmt":"2022-05-06T12:39:32","slug":"dostosowanie-do-specjalnych-potrzeb","status":"publish","type":"page","link":"https:\/\/us.edu.pl\/doktorant\/stypendia-i-wsparcie\/dostosowanie-do-specjalnych-potrzeb\/","title":{"rendered":"Dostosowanie do specjalnych potrzeb"},"content":{"rendered":"<p>[vc_row][vc_column]\r\n                <div class=\"text-modules\">\r\n                    <div class=\"container\">\r\n                        <h3 class=\"page-title text__title\">Dostosowanie do specjalnych potrzeb<\/h3>\r\n                        <div class=\"text-modules__content\"><\/p>\n<p style=\"text-align: left;\">Wsparcie dla os\u00f3b ze specjalnymi potrzebami edukacyjny koordynuje Centrum Obs\u0142ugi Studenta.<\/p>\n<p>Doktoranci podlegaj\u0105 tym samym zasadom co studenci z wyj\u0105tkiem tego, \u017ce doktorantom w szko\u0142ach doktorskich nie przys\u0142uguje pomoc materialna, w tym stypendium dla os\u00f3b z niepe\u0142nosprawno\u015bci\u0105. W zamian za to <strong>doktoranci w szko\u0142ach doktorskich posiadaj\u0105cy orzeczenie o niepe\u0142nosprawno\u015bci otrzymuj\u0105 stypendium doktoranckie podwy\u017cszone o 30 procent<\/strong>. Zobacz: <a href=\"\/doktorant\/strona-glowna\/stypendia-i-wsparcie\/stypendium-doktoranckie\/stypendium-doktoranckie-w-szkole-doktorskiej\/\">stypendium doktoranckie w szkole doktorskiej<\/a><\/p>\n<p>Zakres dostosowania procesu dydaktycznego i prowadzenia bada\u0144 naukowych dla os\u00f3b ze specjalnymi potrzebami edukacyjnymi reguluje Za\u0142\u0105cznik nr 1 do <a href=\"http:\/\/bip.us.edu.pl\/uchwala-nr-4092019\">Regulaminu Szko\u0142y Doktorskiej<\/a>\u00a0i analogicznie Za\u0142\u0105cznik nr 1 do <a href=\"http:\/\/bip.us.edu.pl\/uchwala-nr-3912019\">Regulaminu Mi\u0119dzynarodowej \u015arodowiskowej Szko\u0142y Doktorskiej<\/a>.<\/p>\n<\/div>\r\n                    <\/div>\r\n                <\/div>\r\n                <div class=\"tiles-section\" style=\"background: \">\r\n                    <div class=\"container\">\r\n                        <h3 class=\"page-title\"><\/h3>\r\n                        <div class=\"tiles tiles-2\">\r\n                            <a href=\"\/student\/wsparcie-i-fundusze-dostosowanie-do-specjalnych-potrzeb\/\" class=\"tile tile_double justify-content-center\" style=\"background-color: #002E5A; font-weight: ; color: #ffffff;  \">\r\n                                \r\n                                   \r\n                               \r\n                                <div class=\"tile__name\">Centrum Obs\u0142ugi Studenta <br>DOSTOSOWANIE DO SPECJALNYCH POTRZEB<\/div>\r\n                            <\/a><\/div>\r\n                    <\/div>\r\n                <\/div>[\/vc_column][\/vc_row]<\/p>","protected":false},"excerpt":{"rendered":"<p>[vc_row][vc_column][\/vc_column][\/vc_row] [&#8230;]<\/p>\n<p><a class=\"btn btn-secondary understrap-read-more-link\" href=\"https:\/\/us.edu.pl\/doktorant\/stypendia-i-wsparcie\/dostosowanie-do-specjalnych-potrzeb\/\">Read More&#8230;<\/a><\/p>\n","protected":false},"author":25,"featured_media":0,"parent":324,"menu_order":0,"comment_status":"closed","ping_status":"closed","template":"","meta":{"_expiration-date-status":"saved","_expiration-date":0,"_expiration-date-type":"","_expiration-date-categories":[],"_expiration-date-options":[]},"acf":[],"_links":{"self":[{"href":"https:\/\/us.edu.pl\/doktorant\/wp-json\/wp\/v2\/pages\/368"}],"collection":[{"href":"https:\/\/us.edu.pl\/doktorant\/wp-json\/wp\/v2\/pages"}],"about":[{"href":"https:\/\/us.edu.pl\/doktorant\/wp-json\/wp\/v2\/types\/page"}],"author":[{"embeddable":true,"href":"https:\/\/us.edu.pl\/doktorant\/wp-json\/wp\/v2\/users\/25"}],"replies":[{"embeddable":true,"href":"https:\/\/us.edu.pl\/doktorant\/wp-json\/wp\/v2\/comments?post=368"}],"version-history":[{"count":0,"href":"https:\/\/us.edu.pl\/doktorant\/wp-json\/wp\/v2\/pages\/368\/revisions"}],"up":[{"embeddable":true,"href":"https:\/\/us.edu.pl\/doktorant\/wp-json\/wp\/v2\/pages\/324"}],"wp:attachment":[{"href":"https:\/\/us.edu.pl\/doktorant\/wp-json\/wp\/v2\/media?parent=368"}],"curies":[{"name":"wp","href":"https:\/\/api.w.org\/{rel}","templated":true}]}}