{"id":370,"date":"2019-10-17T14:30:15","date_gmt":"2019-10-17T12:30:15","guid":{"rendered":"https:\/\/us.edu.pl\/doktorant\/?page_id=370"},"modified":"2022-05-06T14:41:04","modified_gmt":"2022-05-06T12:41:04","slug":"akademiki","status":"publish","type":"page","link":"https:\/\/us.edu.pl\/doktorant\/stypendia-i-wsparcie\/akademiki\/","title":{"rendered":"Akademiki"},"content":{"rendered":"<p>[vc_row][vc_column]\r\n                <div class=\"text-modules\">\r\n                    <div class=\"container\">\r\n                        \r\n                        <div class=\"text-modules__content\"><p>Doktoranci mog\u0105 korzysta\u0107 z dom\u00f3w studenckich na tych samych zasadach co studenci. Wniosek o przyznanie miejsca z\u0142o\u017cy\u0107 mo\u017cna w sekretariacie studi\u00f3w doktoranckich lub w szkole doktorskiej. Kandydaci do szko\u0142y doktorskiej tak\u017ce mog\u0105 wnioskowa\u0107 o miejsce w akademiki na czas trwania rekrutacji.<\/p>\n<p>Wszystkie najwa\u017cniejsze informacje, wzory druk\u00f3w i terminy znale\u017a\u0107 mo\u017cna w serwisie dla student\u00f3w.<\/p>\n<\/div>\r\n                    <\/div>\r\n                <\/div>\r\n                <div class=\"tiles-section\" style=\"background: \">\r\n                    <div class=\"container\">\r\n                        <h3 class=\"page-title\"><\/h3>\r\n                        <div class=\"tiles tiles-2\">\r\n                            <a href=\"\/student\/index\/akademiki-2\/\" class=\"tile tile_double justify-content-center\" style=\"background-color: #002E5A; font-weight: bold; color: #ffffff;  \">\r\n                                \r\n                                   \r\n                               \r\n                                <div class=\"tile__name\">Serwis student - AKADEMIKI<\/div>\r\n                            <\/a><\/div>\r\n                    <\/div>\r\n                <\/div>[\/vc_column][\/vc_row]<\/p>","protected":false},"excerpt":{"rendered":"<p>[vc_row][vc_column][\/vc_column][\/vc_row] [&#8230;]<\/p>\n<p><a class=\"btn btn-secondary understrap-read-more-link\" href=\"https:\/\/us.edu.pl\/doktorant\/stypendia-i-wsparcie\/akademiki\/\">Read More&#8230;<\/a><\/p>\n","protected":false},"author":25,"featured_media":0,"parent":324,"menu_order":0,"comment_status":"closed","ping_status":"closed","template":"","meta":{"_expiration-date-status":"saved","_expiration-date":0,"_expiration-date-type":"","_expiration-date-categories":[],"_expiration-date-options":[]},"acf":[],"_links":{"self":[{"href":"https:\/\/us.edu.pl\/doktorant\/wp-json\/wp\/v2\/pages\/370"}],"collection":[{"href":"https:\/\/us.edu.pl\/doktorant\/wp-json\/wp\/v2\/pages"}],"about":[{"href":"https:\/\/us.edu.pl\/doktorant\/wp-json\/wp\/v2\/types\/page"}],"author":[{"embeddable":true,"href":"https:\/\/us.edu.pl\/doktorant\/wp-json\/wp\/v2\/users\/25"}],"replies":[{"embeddable":true,"href":"https:\/\/us.edu.pl\/doktorant\/wp-json\/wp\/v2\/comments?post=370"}],"version-history":[{"count":0,"href":"https:\/\/us.edu.pl\/doktorant\/wp-json\/wp\/v2\/pages\/370\/revisions"}],"up":[{"embeddable":true,"href":"https:\/\/us.edu.pl\/doktorant\/wp-json\/wp\/v2\/pages\/324"}],"wp:attachment":[{"href":"https:\/\/us.edu.pl\/doktorant\/wp-json\/wp\/v2\/media?parent=370"}],"curies":[{"name":"wp","href":"https:\/\/api.w.org\/{rel}","templated":true}]}}