{"id":380,"date":"2019-10-17T15:08:22","date_gmt":"2019-10-17T13:08:22","guid":{"rendered":"https:\/\/us.edu.pl\/doktorant\/?page_id=380"},"modified":"2022-05-06T14:44:51","modified_gmt":"2022-05-06T12:44:51","slug":"program-most","status":"publish","type":"page","link":"https:\/\/us.edu.pl\/doktorant\/mobilnosc-rozwoj\/program-most\/","title":{"rendered":"Program MOST"},"content":{"rendered":"<p>[vc_row][vc_column]\r\n                <div class=\"text-modules\">\r\n                    <div class=\"container\">\r\n                        <h3 class=\"page-title text__title\">Program MOST<\/h3>\r\n                        <div class=\"text-modules__content\"><p>MOST to\u00a0program mobilno\u015bci student\u00f3w i\u00a0doktorant\u00f3w. Od\u00a01999\u00a0roku cieszy si\u0119 nies\u0142abn\u0105cym zainteresowaniem, umo\u017cliwiaj\u0105c studiowanie przez\u00a0semestr lub ca\u0142y rok akademicki na\u00a0jednym z\u00a0dwudziestu polskich Uniwersytet\u00f3w.<\/p>\n<p><strong>Udzia\u0142 w\u00a0programie jest bezp\u0142atny i\u00a0niezale\u017cny od\u00a0trybu studi\u00f3w. MOST daje mo\u017cliwo\u015b\u0107:<\/strong><\/p>\n<ul>\n<li>realizacji programu studi\u00f3w na\u00a0uczelni innej ni\u017c macierzysta;<\/li>\n<li>wyboru dodatkowych, zwi\u0105zanych z\u00a0zainteresowaniem doktorantki\/doktoranta zaj\u0119\u0107 dydaktycznych;<\/li>\n<li>nawi\u0105zania kontaktu ze\u00a0specjalistami w\u00a0danej dziedzinie, pracuj\u0105cymi na\u00a0uczelni innej ni\u017c macierzysta;<\/li>\n<li>korzystania z\u00a0ksi\u0119gozbioru innej uczelni, wykonywania kwerend bibliotecznych poza o\u015brodkiem macierzystym;<\/li>\n<li>prowadzenia bada\u0144 do\u00a0pracy seminaryjnej, magisterskiej, czy\u00a0dysertacji doktorskiej w\u00a0\u015brodowisku powi\u0105zanym z\u00a0przedmiotem analiz;<\/li>\n<li>nawi\u0105zania kontakt\u00f3w ze\u00a0\u015brodowiskiem naukowym innego wydzia\u0142u, instytutu, katedry, zespo\u0142u badawczego;<\/li>\n<li>wykazania si\u0119, tak\u017ce przed\u00a0przysz\u0142ym pracodawc\u0105, umiej\u0119tno\u015bci\u0105 adaptacji do\u00a0nowych warunk\u00f3w, mobilno\u015bci\u0105.<\/li>\n<\/ul>\n<p>&nbsp;<\/p>\n<p>Rekrutacja do programu dla doktorant\u00f3w po pierwszym roku kszta\u0142cenia odbywa si\u0119 drog\u0105 elektroniczn\u0105 \u2013 szczeg\u00f3\u0142owe informacje dost\u0119pne s\u0105 na stronie: <a href=\"https:\/\/most.uka.uw.edu.pl\/\">most.uka.uw.edu.pl<\/a>. Nab\u00f3r:<\/p>\n<ul>\n<li>na semestr zimowy i ca\u0142y rok akademicki \u2013 od 15 kwietnia do 15 maja,<\/li>\n<li>na semestr letni \u2013 od 31 pa\u017adziernika do 30 listopada.<\/li>\n<\/ul>\n<p>Administracyjne wsparcie w programie dla doktorant\u00f3w U\u015a zapewnia Dzia\u0142 Kszta\u0142cenia.<\/p>\n<\/div>\r\n                    <\/div>\r\n                <\/div>\r\n                <div class=\"title-with-link color-blue\" style=\"background: \">\r\n                    <div class=\"container\">\r\n                        <div class=\"title-with-link-container links-align-left\">\r\n                            <div class=\"title-with-link__title\"><span>Program Mobilno\u015bci Student\u00f3w i Doktorant\u00f3w<\/span><\/div>\r\n                            <a href=\"http:\/most.amu.edu.pl\/\" class=\"title-with-link__link\">Zobacz stron\u0119<\/a>\r\n                        <\/div>\r\n                    <\/div>\r\n                <\/div>\r\n            [\/vc_column][\/vc_row]<\/p>","protected":false},"excerpt":{"rendered":"<p>[vc_row][vc_column][\/vc_column][\/vc_row] [&#8230;]<\/p>\n<p><a class=\"btn btn-secondary understrap-read-more-link\" href=\"https:\/\/us.edu.pl\/doktorant\/mobilnosc-rozwoj\/program-most\/\">Read More&#8230;<\/a><\/p>\n","protected":false},"author":25,"featured_media":0,"parent":332,"menu_order":0,"comment_status":"closed","ping_status":"closed","template":"","meta":{"_expiration-date-status":"saved","_expiration-date":0,"_expiration-date-type":"","_expiration-date-categories":[],"_expiration-date-options":[]},"acf":[],"_links":{"self":[{"href":"https:\/\/us.edu.pl\/doktorant\/wp-json\/wp\/v2\/pages\/380"}],"collection":[{"href":"https:\/\/us.edu.pl\/doktorant\/wp-json\/wp\/v2\/pages"}],"about":[{"href":"https:\/\/us.edu.pl\/doktorant\/wp-json\/wp\/v2\/types\/page"}],"author":[{"embeddable":true,"href":"https:\/\/us.edu.pl\/doktorant\/wp-json\/wp\/v2\/users\/25"}],"replies":[{"embeddable":true,"href":"https:\/\/us.edu.pl\/doktorant\/wp-json\/wp\/v2\/comments?post=380"}],"version-history":[{"count":0,"href":"https:\/\/us.edu.pl\/doktorant\/wp-json\/wp\/v2\/pages\/380\/revisions"}],"up":[{"embeddable":true,"href":"https:\/\/us.edu.pl\/doktorant\/wp-json\/wp\/v2\/pages\/332"}],"wp:attachment":[{"href":"https:\/\/us.edu.pl\/doktorant\/wp-json\/wp\/v2\/media?parent=380"}],"curies":[{"name":"wp","href":"https:\/\/api.w.org\/{rel}","templated":true}]}}