{"id":382,"date":"2019-10-17T15:10:20","date_gmt":"2019-10-17T13:10:20","guid":{"rendered":"https:\/\/us.edu.pl\/doktorant\/?page_id=382"},"modified":"2026-03-05T10:30:47","modified_gmt":"2026-03-05T09:30:47","slug":"erasmus","status":"publish","type":"page","link":"https:\/\/us.edu.pl\/doktorant\/mobilnosc-rozwoj\/erasmus\/","title":{"rendered":"Erasmus+"},"content":{"rendered":"<p>[vc_row][vc_column]\r\n                <div class=\"text-modules\">\r\n                    <div class=\"container\">\r\n                        <h3 class=\"page-title text__title\">Erasmus+ dla doktorant\u00f3w<\/h3>\r\n                        <div class=\"text-modules__content\"><p>Kszta\u0142cenie\u00a0w ramach programu Erasmus+ mo\u017cna realizowa\u0107\u00a0w zagranicznej uczelni, z kt\u00f3r\u0105 Uniwersytet \u015al\u0105ski w Katowicach ma podpisan\u0105 umow\u0119 o wsp\u00f3\u0142pracy. W roku akademickim 2019\/2020 wyjazdy mo\u017cna realizowa\u0107 pomi\u0119dzy 1.06.2019 r. a 30.09.2020 r.<\/p>\n<p>Aby wzi\u0105\u0107 udzia\u0142 w programie Erasmus+ nale\u017cy:<\/p>\n<ol>\n<li>Zapozna\u0107 si\u0119 z og\u0142oszeniem o rekrutacji opublikowanym na stronach wydzia\u0142u.<\/li>\n<li>Wybra\u0107 zagraniczn\u0105 uczelni\u0119 partnersk\u0105 w celu odbycia studi\u00f3w.<\/li>\n<li>Sprawdzi\u0107 termin rekrutacji okre\u015blony przez wydzia\u0142.<\/li>\n<li>Z\u0142o\u017cy\u0107 wniosek aplikacyjny na wyjazd poprzez komponent \u201eWymiana studencka\u201d dost\u0119pny po zalogowaniu si\u0119 w serwisie USOSWeb.<\/li>\n<\/ol>\n<p>W ramach programu Erasmus+ mo\u017cna otrzyma\u0107 stypendium w wysoko\u015bci od 400 do 800 euro miesi\u0119cznie w zale\u017cno\u015bci od: kraju pobytu, rodzaju wyjazdu, sytuacji finansowej wyje\u017cd\u017caj\u0105cego doktoranta. Mo\u017cliwe jest uzyskanie dodatkowego wsparcia finansowego z uwagi na specjalne potrzeby zdrowotne doktoranta.<\/p>\n<p>Kszta\u0142cenie zrealizowane w ramach Erasmus+ w zagranicznej uczelni partnerskiej jest r\u00f3wnowa\u017cne z kszta\u0142ceniem w macierzystej uczelni wysy\u0142aj\u0105cej.Na stypendium programu Erasmus+ mo\u017cna wyjecha\u0107 wielokrotnie.<\/p>\n<\/div>\r\n                    <\/div>\r\n                <\/div>[\/vc_column][\/vc_row][vc_row][vc_column]\r\n                <div class=\"text-modules\">\r\n                    <div class=\"container\">\r\n                        \r\n                        <div class=\"text-modules__content\"><p>Doktoranci mog\u0105 uczestniczy\u0107 w programie Erasmus+ na takich samych zasadach jak studenci studi\u00f3w licencjackich i magisterskich, zgodnie z obowi\u0105zuj\u0105cymi zasadami programu. Oznacza to, \u017ce przys\u0142uguj\u0105 im te same prawa i obowi\u0105zki zwi\u0105zane z realizacj\u0105 i rozliczeniem mobilno\u015bci.<br \/>\nZach\u0119camy do odwiedzenia strony Biura Wymiany Mi\u0119dzynarodowej: \u00a0<a href=\"https:\/\/erasmus.us.edu.pl\/\">https:\/\/erasmus.us.edu.pl\/<\/a>.<\/p>\n<p><strong>Doktoranci mog\u0105 uczestniczy\u0107 w programie poprzez:\u00a0\u00a0\u00a0\u00a0\u00a0\u00a0\u00a0\u00a0\u00a0\u00a0 <\/strong><br \/>\na) wyjazdy d\u0142ugoterminowe (2-12 miesi\u0119cy):<br \/>\n&#8211; wyjazdy na studia SMS (Student Mobility for Studies)<br \/>\n&#8211; wyjazdy na praktyk\u0119 SMT (Student Mobility for Traineeships)<\/p>\n<ol>\n<li>b) wyjazdy kr\u00f3tkoterminowe SMS i SMT (5-30 dni)<strong>Celem wyjazdu mo\u017ce by\u0107 np.: <\/strong><br \/>\n&#8211; udzia\u0142 w zaj\u0119ciach na uczelni partnerskiej, z kt\u00f3r\u0105 Uniwersytet \u015al\u0105ski zawar\u0142 umow\u0119 mi\u0119dzyuczelnian\u0105 (lista dost\u0119pna w USOS -&gt; <em>dla student\u00f3w -&gt; wymiana studencka<\/em> -&gt; <em>oferta wyjazd\u00f3w<\/em>)<br \/>\n&#8211; udzia\u0142 w Blended Intensive Programme organizowanym przez uczelni\u0119, z kt\u00f3r\u0105 Uniwersytet \u015al\u0105ski zawar\u0142 umow\u0119 mi\u0119dzyuczelnian\u0105<br \/>\n&#8211; odbycie praktyki w dowolnej zagranicznej instytucji, np. przedsi\u0119biorstwie, plac\u00f3wce naukowo-badawczej, instytucji akademickiej, organizacji non-profit lub do innych instytucji (muzea, biblioteki, szpitale itp.), znajduj\u0105cej si\u0119 na terenie kraju uczestnicz\u0105cego w programie Erasmus+.Wa\u017cne: celem wyjazdu nie mo\u017ce by\u0107 udzia\u0142 w konferencji\/kwerenda biblioteczna;<br \/>\nnie mo\u017cna realizowa\u0107 praktyki w instytucjach Unii Europejskiej oraz instytucjach zarz\u0105dzaj\u0105cych unijnymi programami.<\/p>\n<p><strong>Kraje uczestnicz\u0105ce w programie:\u00a0\u00a0\u00a0\u00a0 <\/strong><br \/>\nGrupa 1:<\/li>\n<\/ol>\n<p>Austria, Belgia, Cypr, Czechy, Dania, Estonia, Finlandia, Francja, Grecja, Hiszpania, Irlandia, Islandia, Lichtenstein, Luksemburg, \u0141otwa, Malta, Niderlandy, Niemcy, Norwegia, Portugalia, S\u0142owacja, S\u0142owenia, Szwecja, W\u0142ochy<\/p>\n<p>Grupa 2:<\/p>\n<p>Bu\u0142garia, Chorwacja, Litwa, Macedonia P\u00f3\u0142nocna, Rumunia, Serbia, Turcja, W\u0119gry<\/p>\n<p><strong>Rekrutacja<\/strong><\/p>\n<p>W przypadku wyjazd\u00f3w d\u0142ugoterminowych SMS rekrutacja prowadzona jest w \u015bci\u015ble okre\u015blonych terminach na poszczeg\u00f3lnych Wydzia\u0142ach (zach\u0119camy do kontaktu z wydzia\u0142owymi koordynatorami ds. programu Erasmus+).<\/p>\n<p>W przypadku wyjazd\u00f3w kr\u00f3tkoterminowych SMS i SMT, jak i wyjazd\u00f3w d\u0142ugoterminowych SMT nab\u00f3r prowadzony jest w trybie ci\u0105g\u0142ym, ze wsparciem Szko\u0142y Doktorskiej.<\/p>\n<p>Informacj\u0119 o planowanym wyje\u017adzie kr\u00f3tkoterminowym nale\u017cy zg\u0142osi\u0107 do koordynatorki ds. umi\u0119dzynarodowienia w Szkole Doktorskiej w nast\u0119puj\u0105cych terminach:<\/p>\n<p>&#8211; dla mobilno\u015bci, kt\u00f3rych rozpocz\u0119cie planowane jest w semestrze zimowym \u2013 do 30 listopada.<\/p>\n<p>&#8211; dla mobilno\u015bci, kt\u00f3rych rozpocz\u0119cie planowane jest w semestrze letnim \u2013 do 31 marca.<\/p>\n<p>Informacje dotycz\u0105ce wyjazd\u00f3w SMS i SMT oraz wszystkie niezb\u0119dne dokumenty znajduj\u0105 si\u0119 na stronie:<a href=\"http:\/\/www.erasmus.us.edu.pl\/wyjazdy-studentow-i-doktorantow\/\">www.erasmus.us.edu.pl\/wyjazdy-studentow-i-doktorantow\/<\/a><\/p>\n<p>Zach\u0119camy do kontaktu z Koordynatork\u0105 ds. wsp\u00f3\u0142pracy mi\u0119dzynarodowej w Szkole Doktorskiej, dr Karolin\u0105 Pra\u017cmowsk\u0105-Marcinowsk\u0105: <a href=\"mailto:karolina.prazmowska-marcinowska@us.edu.pl\">karolina.prazmowska-marcinowska@us.edu.pl<\/a>.<\/p>\n<p>Wi\u0119cej informacji pod linkiem:<\/p>\n<p>https:\/\/erasmus.us.edu.pl\/<\/p>\n<\/div>\r\n                    <\/div>\r\n                <\/div>[\/vc_column][\/vc_row]<\/p>","protected":false},"excerpt":{"rendered":"<p>[vc_row][vc_column][\/vc_column][\/vc_row][vc_row][vc_column][\/vc_column][\/vc_row] [&#8230;]<\/p>\n<p><a class=\"btn btn-secondary understrap-read-more-link\" href=\"https:\/\/us.edu.pl\/doktorant\/mobilnosc-rozwoj\/erasmus\/\">Read More&#8230;<\/a><\/p>\n","protected":false},"author":25,"featured_media":0,"parent":332,"menu_order":0,"comment_status":"closed","ping_status":"closed","template":"","meta":{"_expiration-date-status":"","_expiration-date":0,"_expiration-date-type":"","_expiration-date-categories":[],"_expiration-date-options":[]},"acf":[],"_links":{"self":[{"href":"https:\/\/us.edu.pl\/doktorant\/wp-json\/wp\/v2\/pages\/382"}],"collection":[{"href":"https:\/\/us.edu.pl\/doktorant\/wp-json\/wp\/v2\/pages"}],"about":[{"href":"https:\/\/us.edu.pl\/doktorant\/wp-json\/wp\/v2\/types\/page"}],"author":[{"embeddable":true,"href":"https:\/\/us.edu.pl\/doktorant\/wp-json\/wp\/v2\/users\/25"}],"replies":[{"embeddable":true,"href":"https:\/\/us.edu.pl\/doktorant\/wp-json\/wp\/v2\/comments?post=382"}],"version-history":[{"count":4,"href":"https:\/\/us.edu.pl\/doktorant\/wp-json\/wp\/v2\/pages\/382\/revisions"}],"predecessor-version":[{"id":9080,"href":"https:\/\/us.edu.pl\/doktorant\/wp-json\/wp\/v2\/pages\/382\/revisions\/9080"}],"up":[{"embeddable":true,"href":"https:\/\/us.edu.pl\/doktorant\/wp-json\/wp\/v2\/pages\/332"}],"wp:attachment":[{"href":"https:\/\/us.edu.pl\/doktorant\/wp-json\/wp\/v2\/media?parent=382"}],"curies":[{"name":"wp","href":"https:\/\/api.w.org\/{rel}","templated":true}]}}