{"id":386,"date":"2019-10-17T15:11:16","date_gmt":"2019-10-17T13:11:16","guid":{"rendered":"https:\/\/us.edu.pl\/doktorant\/?page_id=386"},"modified":"2022-05-06T14:46:44","modified_gmt":"2022-05-06T12:46:44","slug":"granty-i-projekty","status":"publish","type":"page","link":"https:\/\/us.edu.pl\/doktorant\/mobilnosc-rozwoj\/granty-i-projekty\/","title":{"rendered":"Granty i projekty"},"content":{"rendered":"<p>[vc_row][vc_column]\r\n                <div class=\"text-modules\">\r\n                    <div class=\"container\">\r\n                        <h3 class=\"page-title text__title\">Granty i projekty<\/h3>\r\n                        <div class=\"text-modules__content\"><p>Granty ze \u015brodk\u00f3w zewn\u0119trznych s\u0105 sposobem na uzyskanie pe\u0142nego finansowania swoich bada\u0144 naukowych i dodatkowego wynagrodzenia. Uniwersytet \u015al\u0105ski wspiera swoich doktorant\u00f3w w pozyskiwaniu tych \u015brodk\u00f3w a tak\u017ce w ich obs\u0142udze administracyjnej. Je\u015bli jeste\u015b doktorantem na Uniwersytecie \u015al\u0105skim i szukasz wsparcia w pozyskaniu \u015brodk\u00f3w \u2013 skorzystaj z pomocy biura projekt\u00f3w na Twoim wydziale lub w <a href=\"\/szkola-doktorska\/\">Szkole Doktorskiej<\/a>.<\/p>\n<p><a href=\"https:\/\/us.edu.pl\/doktorant\/wp-content\/uploads\/sites\/12\/Nieprzypisane\/3d-Granty-i-projekty-infografika-granty.pdf\" class=\"mtli_attachment mtli_pdf\" data-mtli=\"mtli_filesize1,37MB\" class=\"mtli_attachment mtli_pdf\" data-mtli=\"mtli_filesize1,37MB\"><img class=\"alignnone wp-image-679\" src=\"https:\/\/us.edu.pl\/doktorant\/wp-content\/uploads\/sites\/12\/Nieprzypisane\/Granty-i-projekty-infografika-300x188.jpg\" alt=\"\" width=\"777\" height=\"487\" srcset=\"https:\/\/us.edu.pl\/doktorant\/wp-content\/uploads\/sites\/12\/Nieprzypisane\/Granty-i-projekty-infografika-300x188.jpg 300w, https:\/\/us.edu.pl\/doktorant\/wp-content\/uploads\/sites\/12\/Nieprzypisane\/Granty-i-projekty-infografika-768x480.jpg 768w, https:\/\/us.edu.pl\/doktorant\/wp-content\/uploads\/sites\/12\/Nieprzypisane\/Granty-i-projekty-infografika-1024x640.jpg 1024w\" sizes=\"(max-width: 777px) 100vw, 777px\" \/><\/a><\/p>\n<p><a href=\"https:\/\/us.edu.pl\/doktorant\/wp-content\/uploads\/sites\/12\/Nieprzypisane\/3d-Granty-i-projekty-infografika-granty.pdf\" class=\"mtli_attachment mtli_pdf\" data-mtli=\"mtli_filesize1,37MB\" class=\"mtli_attachment mtli_pdf\" data-mtli=\"mtli_filesize1,37MB\">Granty i projekty &#8211; infografika (PDF)<\/a><\/p>\n<p>&nbsp;<\/p>\n<h2>Wybrane \u017ar\u00f3d\u0142a finansowania bada\u0144 dla doktorant\u00f3w<\/h2>\n<p>&nbsp;<\/p>\n<h3><strong>Narodowe Centrum Nauki<\/strong><\/h3>\n<p>&nbsp;<\/p>\n<p><strong>PRELUDIUM<\/strong><\/p>\n<p>Konkurs przeznaczony dla os\u00f3b rozpoczynaj\u0105cych karier\u0119 naukow\u0105, nieposiadaj\u0105cych stopnia naukowego doktora. Doktoranci maj\u0105 mo\u017cliwo\u015b\u0107 samodzielnie poprowadzi\u0107 trwaj\u0105cy rok, dwa lub trzy lata projekt badawczy \u2013 mo\u017ce, ale nie musi by\u0107 on zwi\u0105zany z tematyk\u0105 rozprawy doktorskiej. Maksymalne finansowanie pojedynczego projektu mo\u017ce wynie\u015b\u0107 210 tys. z\u0142. Nab\u00f3r: do 15 czerwca i 15 grudnia danego roku. <strong>Najbli\u017cszy nab\u00f3r: PRELUDIUM 19 \u2013 od 16 marca do 16 czerwca 2020 r.<\/strong><\/p>\n<p>&nbsp;<\/p>\n<p><strong>ETIUDA<\/strong><\/p>\n<p>Konkurs na stypendium naukowe skierowany do os\u00f3b rozpoczynaj\u0105cych karier\u0119 naukow\u0105, nieposiadaj\u0105cych stopnia naukowego doktora, kt\u00f3re s\u0105 aktywne naukowo i maj\u0105 otwarty przew\u00f3d doktorski. Stypendium \u2013 4500 z\u0142 miesi\u0119cznie \u2013 przyznawane jest na 6 lub 12 miesi\u0119cy. Istotnym elementem stypendium jest sta\u017c zagraniczny w\u00a0wybranym o\u015brodku naukowym trwaj\u0105cy przynajmniej 3 miesi\u0105ce. Nab\u00f3r: do 15 marca danego roku.<\/p>\n<p><strong>Najbli\u017cszy nab\u00f3r: ETIUDA 8 \u2013 od 16 grudnia 2019 r. do 16 marca 2020 r.<\/strong><\/p>\n<p>&nbsp;<\/p>\n<h3><strong>Narodowa Agencja Wymiany Akademickiej<\/strong><\/h3>\n<p>&nbsp;<\/p>\n<p><strong>Program PROM &#8211; Mi\u0119dzynarodowa wymiana stypendialna doktorant\u00f3w i kadry akademickiej<\/strong><\/p>\n<p>Celem programu s\u0105 kr\u00f3tkoterminowe (od 5 do 30 dni) wyjazdy doktorant\u00f3w i kadry akademickiej za granic\u0119 oraz przyjazdy z zagranicy na polskie uczelnie. O finansowanie w programie ubiegaj\u0105 si\u0119 uczelnie. Uniwersytet \u015al\u0105ski uzyska\u0142 finansowanie w programie PROM. W ramach przyznanych \u015brodk\u00f3w 60 doktorant\u00f3w Uniwersytetu \u015al\u0105skiego b\u0119dzie mog\u0142o wyjecha\u0107 na badania, konferencje naukowe i kr\u00f3tkie formy kszta\u0142cenia, natomiast 20 doktorant\u00f3w i 20 m\u0142odych nauczycieli akademickich (do 40. roku \u017cycia) przyjedzie z zagranicznych instytucji do Katowic, Chorzowa, Sosnowca i Cieszyna. Do 11 grudnia 2019 r. trwa nab\u00f3r w module wyjazdy doktorant\u00f3w. Kolejne terminy b\u0119d\u0105 og\u0142aszane. Jednostk\u0105 odpowiedzialn\u0105 za realizacj\u0119 programu na Uniwersytecie \u015al\u0105skim jest <a href=\"\/szkola-doktorska\/\">Szko\u0142a Doktorska<\/a>.<\/p>\n<p>Wi\u0119cej informacji: <a href=\"\/szkola-doktorska\/prom\/\">www.us.edu.pl<\/a>.<\/p>\n<p>&nbsp;<\/p>\n<p><strong>Program im. Iwanowskiej<\/strong><\/p>\n<p>Celem programu jest zwi\u0119kszenie mobilno\u015bci mi\u0119dzynarodowej doktorant\u00f3w poprzez umo\u017cliwienie im prowadzenia bada\u0144 naukowych lub zaj\u0119\u0107 dydaktycznych w zagranicznych o\u015brodkach na ca\u0142ym \u015bwiecie. Wyjazdy trwaj\u0105ce od 6 do 12 miesi\u0119cy przewiduj\u0105 pobyt w uznanych o\u015brodkach naukowych oraz realizacj\u0119 projekt\u00f3w badawczych wsp\u00f3lnie z wybitnymi naukowcami z zagranicy. O udzia\u0142 w Programie im. Iwanowskiej mog\u0105 ubiega\u0107 si\u0119 osoby fizyczne przygotowuj\u0105ce rozpraw\u0119 doktorsk\u0105 bez ogranicze\u0144 w zakresie dziedziny nauki oraz sztuki.<\/p>\n<p>Program zapewnia finansowanie stypendium obejmuj\u0105cego koszty utrzymania zwi\u0105zane z pobytem w zagranicznym o\u015brodku goszcz\u0105cym oraz dodatek mobilno\u015bciowy. Kwota stypendium mo\u017ce by\u0107 podwy\u017cszona, je\u015bli w wyje\u017adzie uczestniczy ma\u0142\u017conek Beneficjenta oraz jego niepe\u0142noletnie dzieci, a w przypadku Beneficjenta z orzeczon\u0105 niepe\u0142nosprawno\u015bci\u0105 w stopniu znacznym lub umiarkowanym \u2013 opiekun.<\/p>\n<p>Szczeg\u00f3\u0142owe informacje: <a href=\"https:\/\/nawa.gov.pl\/naukowcy\/program-im-iwanowskiej\">nawa.gov.pl<\/a>.<\/p>\n<p>&nbsp;<\/p>\n<h3><strong>Ministerstwo Nauki i Szkolnictwa Wy\u017cszego<\/strong><\/h3>\n<p>&nbsp;<\/p>\n<p><strong>Stypendium Ministra Nauki Szkolnictwa Wy\u017cszego dla wybitnych m\u0142odych naukowc\u00f3w<\/strong><\/p>\n<p>Stypendium dla wybitnych m\u0142odych naukowc\u00f3w, w tym doktorant\u00f3w, wykazuj\u0105cych si\u0119 znacz\u0105cymi osi\u0105gni\u0119ciami w dzia\u0142alno\u015bci naukowej. Stypendium zast\u0105pi\u0142o wcze\u015bniejsze Stypendium MNiSW dla wybitnych doktorant\u00f3w.<\/p>\n<p><strong>Najbli\u017cszy nab\u00f3r: 1 grudnia \u2013 31 grudnia 2019 r.<\/strong><\/p>\n<p>Szczeg\u00f3\u0142owe informacje: <a href=\"https:\/\/www.gov.pl\/web\/nauka\/informacja-na-temat-stypendiow-ministra-nauki-i-szkolnictwa-wyzszego-dla-wybitnych-mlodych-naukowcow-w-2019-r\">www.gov.pl<\/a>.<\/p>\n<style type=\"text\/css\">a[data-mtli~=\"mtli_filesize1,37MB\"]:after {content:\" (1,37 MB)\"}<\/style><\/div>\r\n                    <\/div>\r\n                <\/div>[\/vc_column][\/vc_row]<\/p>\n<style type=\"text\/css\">a[data-mtli~=\"mtli_filesize1,37MB\"]:after {content:\" (1,37 MB)\"}<\/style>","protected":false},"excerpt":{"rendered":"<p>[vc_row][vc_column][\/vc_column][\/vc_row] [&#8230;]<\/p>\n<p><a class=\"btn btn-secondary understrap-read-more-link\" href=\"https:\/\/us.edu.pl\/doktorant\/mobilnosc-rozwoj\/granty-i-projekty\/\">Read More&#8230;<\/a><\/p>\n","protected":false},"author":25,"featured_media":0,"parent":332,"menu_order":0,"comment_status":"closed","ping_status":"closed","template":"","meta":{"_expiration-date-status":"saved","_expiration-date":0,"_expiration-date-type":"","_expiration-date-categories":[],"_expiration-date-options":[]},"acf":[],"_links":{"self":[{"href":"https:\/\/us.edu.pl\/doktorant\/wp-json\/wp\/v2\/pages\/386"}],"collection":[{"href":"https:\/\/us.edu.pl\/doktorant\/wp-json\/wp\/v2\/pages"}],"about":[{"href":"https:\/\/us.edu.pl\/doktorant\/wp-json\/wp\/v2\/types\/page"}],"author":[{"embeddable":true,"href":"https:\/\/us.edu.pl\/doktorant\/wp-json\/wp\/v2\/users\/25"}],"replies":[{"embeddable":true,"href":"https:\/\/us.edu.pl\/doktorant\/wp-json\/wp\/v2\/comments?post=386"}],"version-history":[{"count":0,"href":"https:\/\/us.edu.pl\/doktorant\/wp-json\/wp\/v2\/pages\/386\/revisions"}],"up":[{"embeddable":true,"href":"https:\/\/us.edu.pl\/doktorant\/wp-json\/wp\/v2\/pages\/332"}],"wp:attachment":[{"href":"https:\/\/us.edu.pl\/doktorant\/wp-json\/wp\/v2\/media?parent=386"}],"curies":[{"name":"wp","href":"https:\/\/api.w.org\/{rel}","templated":true}]}}