{"id":390,"date":"2019-10-17T15:12:46","date_gmt":"2019-10-17T13:12:46","guid":{"rendered":"https:\/\/us.edu.pl\/doktorant\/?page_id=390"},"modified":"2025-12-04T13:21:21","modified_gmt":"2025-12-04T12:21:21","slug":"konferencje-i-wyjazdy-zagraniczne","status":"publish","type":"page","link":"https:\/\/us.edu.pl\/doktorant\/mobilnosc-rozwoj\/konferencje-i-wyjazdy-zagraniczne\/","title":{"rendered":"Konferencje i wyjazdy zagraniczne"},"content":{"rendered":"<p>[vc_row][vc_column][vc_row_inner][vc_column_inner][\/vc_column_inner][\/vc_row_inner]\r\n                <div class=\"text-modules\">\r\n                    <div class=\"container\">\r\n                        <h3 class=\"page-title text__title\">Mobilno\u015b\u0107 mi\u0119dzynarodowa<\/h3>\r\n                        <div class=\"text-modules__content\"><\/div>\r\n                    <\/div>\r\n                <\/div>\r\n                <div class=\"tiles-section\" style=\"background: \">\r\n                    <div class=\"container\">\r\n                        <h3 class=\"page-title\"><\/h3>\r\n                        <div class=\"tiles tiles-2\">\r\n                            <a href=\"https:\/\/us.edu.pl\/doktorant\/mobilnosc-rozwoj\/konferencje-i-wyjazdy-zagraniczne\/wyjazdy-zagraniczne\/\" class=\"tile tile_ justify-content-center\" style=\"background-color: #002E5A; font-weight: ; color: #ffffff;  \">\r\n                                \r\n                                   \r\n                               \r\n                                <div class=\"tile__name\">Wyjazdy zagraniczne<\/div>\r\n                            <\/a>\r\n                            <a href=\"https:\/\/us.edu.pl\/doktorant\/mobilnosc-rozwoj\/konferencje-i-wyjazdy-zagraniczne\/dokumenty\/\" class=\"tile tile_ justify-content-center\" style=\"background-color: #ffffff; font-weight: ; color: #002E5A;  \">\r\n                                \r\n                                   \r\n                               \r\n                                <div class=\"tile__name\">Dokumenty<\/div>\r\n                            <\/a>\r\n                            <a href=\"https:\/\/us.edu.pl\/doktorant\/oplaty-za-konferencje-zagraniczne-on-line\/\" class=\"tile tile_ justify-content-center\" style=\"background-color: #EBEBEB; font-weight: ; color: #002E5A;  \">\r\n                                \r\n                                   \r\n                               \r\n                                <div class=\"tile__name\">Op\u0142aty za konferencje zagraniczne on-line<\/div>\r\n                            <\/a><\/div>\r\n                    <\/div>\r\n                <\/div>[\/vc_column][\/vc_row][vc_row][vc_column width=&#8221;1\/3&#8243;]\r\n                <div class=\"text-modules\">\r\n                    <div class=\"container\">\r\n                        \r\n                        <div class=\"text-modules__content\"><p><strong>Kontakt z Dzia\u0142em Mobilno\u015bci Mi\u0119dzynarodowych<\/strong><\/p>\n<p>Dzia\u0142 Mobilno\u015bci Mi\u0119dzynarodowych<br \/>\nBiuro Rozlicze\u0144 Mobilno\u015bci Mi\u0119dzynarodowych<br \/>\n40-007 Katowice, ul. Bankowa 12<br \/>\npi\u0119tro 3, pok\u00f3j 3.5<br \/>\ntel. 32 359 14 00; 32 359 18 68<br \/>\ne-mail:\u00a0<a href=\"mailto:brmm@us.edu.pl\">brmm@us.edu.pl<\/a><\/p>\n<p><span style=\"text-decoration: underline;\">Godziny otwarcia:<\/span><br \/>\nponiedzia\u0142ek \u2013 czwartek: 7:30 \u2013 12:00<br \/>\npi\u0105tek: zamkni\u0119te<\/p>\n<\/div>\r\n                    <\/div>\r\n                <\/div>[\/vc_column][vc_column width=&#8221;1\/3&#8243;][vc_btn title=&#8221;Kontakt w sprawie wyjazd\u00f3w Erasmus+&#8221; style=&#8221;custom&#8221; custom_background=&#8221;#002e5a&#8221; custom_text=&#8221;#ffffff&#8221; size=&#8221;lg&#8221; align=&#8221;center&#8221; button_block=&#8221;true&#8221; custom_onclick=&#8221;true&#8221; link=&#8221;url:https%3A%2F%2Ferasmus.us.edu.pl%2Fkontakt%2F&#8221;][vc_btn title=&#8221;Kontakt w szko\u0142ach doktorskich&#8221; style=&#8221;custom&#8221; custom_background=&#8221;#002e5a&#8221; custom_text=&#8221;#ffffff&#8221; size=&#8221;lg&#8221; align=&#8221;center&#8221; button_block=&#8221;true&#8221; custom_onclick=&#8221;true&#8221; link=&#8221;url:https%3A%2F%2Fus.edu.pl%2Fpracownik%2Fsprawy-miedzynarodowe%2Fmobilnosc-miedzynarodowa%2Fwyjazdy-zagraniczne%2Fkontakt-na-wydzialach%2F&#8221;][\/vc_column][vc_column width=&#8221;1\/3&#8243;][\/vc_column][\/vc_row]<\/p>","protected":false},"excerpt":{"rendered":"<p>[vc_row][vc_column][vc_row_inner][vc_column_inner][\/vc_column_inner][\/vc_row_inner][\/vc_column][\/vc_row][vc_row][vc_column width=&#8221;1\/3&#8243;][\/vc_column][vc_column width=&#8221;1\/3&#8243;][vc_btn title=&#8221;Kontakt w sprawie wyjazd\u00f3w Erasmus+&#8221; style=&#8221;custom&#8221; custom_background=&#8221;#002e5a&#8221; custom_text=&#8221;#ffffff&#8221; size=&#8221;lg&#8221; align=&#8221;center&#8221; button_block=&#8221;true&#8221; custom_onclick=&#8221;true&#8221; link=&#8221;url:https%3A%2F%2Ferasmus.us.edu.pl%2Fkontakt%2F&#8221;][vc_btn title=&#8221;Kontakt w szko\u0142ach doktorskich&#8221; style=&#8221;custom&#8221; custom_background=&#8221;#002e5a&#8221; custom_text=&#8221;#ffffff&#8221; size=&#8221;lg&#8221; align=&#8221;center&#8221; button_block=&#8221;true&#8221; custom_onclick=&#8221;true&#8221; link=&#8221;url:https%3A%2F%2Fus.edu.pl%2Fpracownik%2Fsprawy-miedzynarodowe%2Fmobilnosc-miedzynarodowa%2Fwyjazdy-zagraniczne%2Fkontakt-na-wydzialach%2F&#8221;][\/vc_column][vc_column width=&#8221;1\/3&#8243;][\/vc_column][\/vc_row] [&#8230;]<\/p>\n<p><a class=\"btn btn-secondary understrap-read-more-link\" href=\"https:\/\/us.edu.pl\/doktorant\/mobilnosc-rozwoj\/konferencje-i-wyjazdy-zagraniczne\/\">Read More&#8230;<\/a><\/p>\n","protected":false},"author":25,"featured_media":0,"parent":332,"menu_order":0,"comment_status":"closed","ping_status":"closed","template":"page-templates\/inner-page-with-bookmarks.php","meta":{"_expiration-date-status":"saved","_expiration-date":0,"_expiration-date-type":"","_expiration-date-categories":[],"_expiration-date-options":[]},"acf":[],"_links":{"self":[{"href":"https:\/\/us.edu.pl\/doktorant\/wp-json\/wp\/v2\/pages\/390"}],"collection":[{"href":"https:\/\/us.edu.pl\/doktorant\/wp-json\/wp\/v2\/pages"}],"about":[{"href":"https:\/\/us.edu.pl\/doktorant\/wp-json\/wp\/v2\/types\/page"}],"author":[{"embeddable":true,"href":"https:\/\/us.edu.pl\/doktorant\/wp-json\/wp\/v2\/users\/25"}],"replies":[{"embeddable":true,"href":"https:\/\/us.edu.pl\/doktorant\/wp-json\/wp\/v2\/comments?post=390"}],"version-history":[{"count":8,"href":"https:\/\/us.edu.pl\/doktorant\/wp-json\/wp\/v2\/pages\/390\/revisions"}],"predecessor-version":[{"id":9028,"href":"https:\/\/us.edu.pl\/doktorant\/wp-json\/wp\/v2\/pages\/390\/revisions\/9028"}],"up":[{"embeddable":true,"href":"https:\/\/us.edu.pl\/doktorant\/wp-json\/wp\/v2\/pages\/332"}],"wp:attachment":[{"href":"https:\/\/us.edu.pl\/doktorant\/wp-json\/wp\/v2\/media?parent=390"}],"curies":[{"name":"wp","href":"https:\/\/api.w.org\/{rel}","templated":true}]}}