{"id":392,"date":"2019-10-17T15:13:23","date_gmt":"2019-10-17T13:13:23","guid":{"rendered":"https:\/\/us.edu.pl\/doktorant\/?page_id=392"},"modified":"2019-10-21T11:35:35","modified_gmt":"2019-10-21T09:35:35","slug":"szkolenia-kursy","status":"publish","type":"page","link":"https:\/\/us.edu.pl\/doktorant\/mobilnosc-rozwoj\/szkolenia-kursy\/","title":{"rendered":"Szkolenia, kursy"},"content":{"rendered":"<p>[vc_row][vc_column]\r\n                <div class=\"text-modules\">\r\n                    <div class=\"container\">\r\n                        <h3 class=\"page-title text__title\">Szkolenia i kursy<\/h3>\r\n                        <div class=\"text-modules__content\"><p>Szkolenia i kursy dla doktorant\u00f3w organizowane s\u0105 zwykle ze \u015brodk\u00f3w r\u00f3\u017cnych program\u00f3w krajowych i strukturalnych. Istotnym \u017ar\u00f3d\u0142em szkole\u0144 w zakresie zagadnie\u0144 zwi\u0105zanych z rynkiem pracy i szeroko rozumianych umiej\u0119tno\u015bci \u201emi\u0119kkich\u201d jest <a href=\"http:\/\/www.bk.us.edu.pl\/\">Biuro Karier<\/a>.<\/p>\n<\/div>\r\n                    <\/div>\r\n                <\/div>[\/vc_column][\/vc_row]<\/p>","protected":false},"excerpt":{"rendered":"<p>[vc_row][vc_column][\/vc_column][\/vc_row] [&#8230;]<\/p>\n<p><a class=\"btn btn-secondary understrap-read-more-link\" href=\"https:\/\/us.edu.pl\/doktorant\/mobilnosc-rozwoj\/szkolenia-kursy\/\">Read More&#8230;<\/a><\/p>\n","protected":false},"author":25,"featured_media":0,"parent":332,"menu_order":0,"comment_status":"closed","ping_status":"closed","template":"","meta":{"_expiration-date-status":"","_expiration-date":0,"_expiration-date-type":"","_expiration-date-categories":[],"_expiration-date-options":[]},"acf":[],"_links":{"self":[{"href":"https:\/\/us.edu.pl\/doktorant\/wp-json\/wp\/v2\/pages\/392"}],"collection":[{"href":"https:\/\/us.edu.pl\/doktorant\/wp-json\/wp\/v2\/pages"}],"about":[{"href":"https:\/\/us.edu.pl\/doktorant\/wp-json\/wp\/v2\/types\/page"}],"author":[{"embeddable":true,"href":"https:\/\/us.edu.pl\/doktorant\/wp-json\/wp\/v2\/users\/25"}],"replies":[{"embeddable":true,"href":"https:\/\/us.edu.pl\/doktorant\/wp-json\/wp\/v2\/comments?post=392"}],"version-history":[{"count":0,"href":"https:\/\/us.edu.pl\/doktorant\/wp-json\/wp\/v2\/pages\/392\/revisions"}],"up":[{"embeddable":true,"href":"https:\/\/us.edu.pl\/doktorant\/wp-json\/wp\/v2\/pages\/332"}],"wp:attachment":[{"href":"https:\/\/us.edu.pl\/doktorant\/wp-json\/wp\/v2\/media?parent=392"}],"curies":[{"name":"wp","href":"https:\/\/api.w.org\/{rel}","templated":true}]}}