{"id":401,"date":"2019-10-17T15:16:55","date_gmt":"2019-10-17T13:16:55","guid":{"rendered":"https:\/\/us.edu.pl\/doktorant\/?page_id=401"},"modified":"2022-05-06T14:42:02","modified_gmt":"2022-05-06T12:42:02","slug":"uzyskanie-stopnia-doktora","status":"publish","type":"page","link":"https:\/\/us.edu.pl\/doktorant\/mobilnosc-rozwoj\/uzyskanie-stopnia-doktora\/","title":{"rendered":"Uzyskanie stopnia doktora"},"content":{"rendered":"<p>[vc_row][vc_column]\r\n                <div class=\"text-modules\">\r\n                    <div class=\"container\">\r\n                        <h3 class=\"page-title text__title\">Uzyskanie stopnia doktora po wej\u015bciu w \u017cycie Ustawy 2.0<\/h3>\r\n                        <div class=\"text-modules__content\"><p>Szanowni Pa\u0144stwo,<\/p>\n<p>informujemy, \u017ce na mocy art. 35 ustawy z dnia 14 maja 2020 r. o zmianie niekt\u00f3rych ustaw w zakresie dzia\u0142a\u0144 os\u0142onowych w zwi\u0105zku z rozprzestrzenianiem si\u0119 wirusa SARS-CoV-2 (Dz. U. z 2020 r. poz. 875), zmianie uleg\u0142o dotychczasowe brzmienie art. 179 ust. 4 ustawy z dnia 3 lipca 2018 r. Przepisy wprowadzaj\u0105ce ustaw\u0119 \u2013 Prawo o szkolnictwie wy\u017cszym i nauce (Dz. U. z 2018 r. poz. 1669 z p\u00f3\u017an. zm.).<\/p>\n<p>Art. 35. W ustawie z dnia 3 lipca 2018 r. \u2013 Przepisy wprowadzaj\u0105ce ustaw\u0119 \u2013 Prawo o szkolnictwie wy\u017cszym<br \/>\ni nauce (Dz. U. poz. 1669, z 2019 r. poz. 39 i 534 oraz z 2020 r. poz. 695) w art. 179:<br \/>\n1) ust. 4 otrzymuje brzmienie:<br \/>\n\u201e4. Post\u0119powania, o kt\u00f3rych mowa w ust. 1 i 2, oraz przewody doktorskie, niezako\u0144czone do dnia <strong>31 grudnia<\/strong><br \/>\n<strong>2022 r<\/strong>., odpowiednio umarza si\u0119 albo zamyka si\u0119.\u201d;<\/p>\n<hr \/>\n<p>Procedura uzyskania stopnia doktora zasadniczo zmieni\u0142a si\u0119 wraz z wej\u015bciem w \u017cycie Ustawy Prawo o Szkolnictwie Wy\u017cszym i Nauce. W obecnej sytuacji prawnej jest kilka r\u00f3wnoleg\u0142ych \u015bcie\u017cek, kt\u00f3rymi dotrze\u0107 mo\u017cna do celu, jakim jest stopie\u0144 naukowy. Wszyscy kandydaci na doktor\u00f3w stawa\u0107 b\u0119d\u0105 przed nowymi organami uprawnionymi do przyznawania stopnia doktora, czyli przed radami naukowymi instytut\u00f3w lub przed komisj\u0105 interdyscyplinarn\u0105. Zanim jednak stan\u0105 przed t\u0105 komisj\u0105, przejd\u0105 bardzo r\u00f3\u017cne \u015bcie\u017cki.<\/p>\n<p>Osoby, kt\u00f3re rozpocz\u0119\u0142y przygotowywanie pracy doktorskiej przed 1 pa\u017adziernika 2019 roku cz\u0119\u015bciowo lub w ca\u0142o\u015bci podlegaj\u0105 nowej procedurze. Ci doktoranci, kt\u00f3rzy otworzyli wcze\u015bniej przew\u00f3d doktorski, teraz mog\u0105 go doko\u0144czy\u0107, ale nie p\u00f3\u017aniej ni\u017c do 31 grudnia 2022 roku. Po tym dniu wszystkie niedoko\u0144czone przewody b\u0119d\u0105 z mocy ustawy zamkni\u0119te. Nie oznacza to jednak przekre\u015blenia dotychczasowych stara\u0144, a tylko przej\u015bcia do nowego trybu, co w du\u017cej mierze oznacza zmian\u0119 procedur i wymaga\u0144, a nie zatrzymanie biegu pracy naukowej. Natomiast osoby, kt\u00f3re na studiach doktoranckich rozpocz\u0119tych przed 1 pa\u017adziernika 2019 roku nie otworzy\u0142y przewodu oraz te osoby, kt\u00f3re chc\u0105 uzyska\u0107 stopie\u0144 w trybie eksternistycznym (zwanym kiedy\u015b &#8222;doktorantem z wolnej stopy&#8221;) zasadniczo podlegaj\u0105 tej samej procedurze, co doktoranci w szko\u0142ach doktorskich otwartych po wej\u015bciu w \u017cycie Ustawy 2.0. R\u00f3\u017cnica widoczna jest tylko na pierwszych etapach, przede wszystkim przy powo\u0142ywaniu promotora.<\/p>\n<\/div>\r\n                    <\/div>\r\n                <\/div>\r\n                <div class=\"tiles-section\" style=\"background: \">\r\n                    <div class=\"container\">\r\n                        <h3 class=\"page-title\">Tryby uzyskania stopnia doktora<\/h3>\r\n                        <div class=\"tiles tiles-4\">\r\n                            <a href=\"\/doktorant\/mobilnosc-rozwoj\/uzyskanie-stopnia-doktora\/doktoranci-szkol-doktorskich\/\" class=\"tile tile_ justify-content-center\" style=\"background-color: #ffffff; font-weight: ; color: #002E5A;  \">\r\n                                \r\n                                   \r\n                               \r\n                                <div class=\"tile__name\">Doktoranci szk\u00f3\u0142 doktorskich<\/div>\r\n                            <\/a>\r\n                            <a href=\"\/doktorant\/mobilnosc-rozwoj\/uzyskanie-stopnia-doktora\/tryb-eksternistyczny\/\" class=\"tile tile_ justify-content-center\" style=\"background-color: #ffffff; font-weight: ; color: #002E5A;  \">\r\n                                \r\n                                   \r\n                               \r\n                                <div class=\"tile__name\">Tryb eksternistyczny<\/div>\r\n                            <\/a>\r\n                            <a href=\"\/doktorant\/mobilnosc-rozwoj\/uzyskanie-stopnia-doktora\/studia-doktoranckie-doktoranci-bez-wszczetego-przewodu-doktorskiego\/\" class=\"tile tile_ justify-content-center\" style=\"background-color: #ffffff; font-weight: ; color: #002E5A;  \">\r\n                                \r\n                                   \r\n                               \r\n                                <div class=\"tile__name\">Studia doktoranckie \u2013 doktoranci bez wszcz\u0119tego przewodu doktorskiego<\/div>\r\n                            <\/a>\r\n                            <a href=\"\/doktorant\/mobilnosc-rozwoj\/uzyskanie-stopnia-doktora\/studia-doktoranckie-doktoranci-ktorzy-maja-wszczety-przewod-doktorski\/\" class=\"tile tile_ justify-content-center\" style=\"background-color: #ffffff; font-weight: ; color: #002E5A;  \">\r\n                                \r\n                                   \r\n                               \r\n                                <div class=\"tile__name\">Studia doktoranckie \u2013 doktoranci, kt\u00f3rzy maj\u0105 wszcz\u0119ty przew\u00f3d doktorski<\/div>\r\n                            <\/a><\/div>\r\n                    <\/div>\r\n                <\/div>[\/vc_column][\/vc_row]<\/p>","protected":false},"excerpt":{"rendered":"<p>[vc_row][vc_column][\/vc_column][\/vc_row] [&#8230;]<\/p>\n<p><a class=\"btn btn-secondary understrap-read-more-link\" href=\"https:\/\/us.edu.pl\/doktorant\/mobilnosc-rozwoj\/uzyskanie-stopnia-doktora\/\">Read More&#8230;<\/a><\/p>\n","protected":false},"author":25,"featured_media":0,"parent":332,"menu_order":0,"comment_status":"closed","ping_status":"closed","template":"","meta":{"_expiration-date-status":"saved","_expiration-date":0,"_expiration-date-type":"","_expiration-date-categories":[],"_expiration-date-options":[]},"acf":[],"_links":{"self":[{"href":"https:\/\/us.edu.pl\/doktorant\/wp-json\/wp\/v2\/pages\/401"}],"collection":[{"href":"https:\/\/us.edu.pl\/doktorant\/wp-json\/wp\/v2\/pages"}],"about":[{"href":"https:\/\/us.edu.pl\/doktorant\/wp-json\/wp\/v2\/types\/page"}],"author":[{"embeddable":true,"href":"https:\/\/us.edu.pl\/doktorant\/wp-json\/wp\/v2\/users\/25"}],"replies":[{"embeddable":true,"href":"https:\/\/us.edu.pl\/doktorant\/wp-json\/wp\/v2\/comments?post=401"}],"version-history":[{"count":0,"href":"https:\/\/us.edu.pl\/doktorant\/wp-json\/wp\/v2\/pages\/401\/revisions"}],"up":[{"embeddable":true,"href":"https:\/\/us.edu.pl\/doktorant\/wp-json\/wp\/v2\/pages\/332"}],"wp:attachment":[{"href":"https:\/\/us.edu.pl\/doktorant\/wp-json\/wp\/v2\/media?parent=401"}],"curies":[{"name":"wp","href":"https:\/\/api.w.org\/{rel}","templated":true}]}}