{"id":408,"date":"2019-10-17T15:19:11","date_gmt":"2019-10-17T13:19:11","guid":{"rendered":"https:\/\/us.edu.pl\/doktorant\/?page_id=408"},"modified":"2022-05-06T15:02:15","modified_gmt":"2022-05-06T13:02:15","slug":"identyfikator-orcid","status":"publish","type":"page","link":"https:\/\/us.edu.pl\/doktorant\/mobilnosc-rozwoj\/identyfikator-orcid\/","title":{"rendered":"Identyfikator ORCID"},"content":{"rendered":"<p>[vc_row][vc_column]\r\n                <div class=\"text-modules\">\r\n                    <div class=\"container\">\r\n                        \r\n                        <div class=\"text-modules__content\"><p>Indentyfikator ORCID to opis danego naukowca i przypisane do niego jego prac, projekt\u00f3w i grant\u00f3w. Pozwala naukowcom na ca\u0142ym \u015bwiecie jednoznacznie przypisa\u0107 osi\u0105gni\u0119cia naukowe do naukowca. Zgodnie z obowi\u0105zuj\u0105cymi przepisami wewn\u0119trznymi na Uniwersytecie \u015al\u0105skim, ka\u017cdy pracownik naukowy i doktorant ma posiada\u0107 identyfikator ORCID.<\/p>\n<p>&nbsp;<\/p>\n<h3><strong>Jak za\u0142o\u017cy\u0107 ORCID<\/strong><\/h3>\n<p>&nbsp;<\/p>\n<p>Zak\u0142adanie profilu jest bardzo proste. Wystarczy wej\u015b\u0107 na adres: <a href=\"https:\/\/orcid.org\/register\">https:\/\/orcid.org\/register<\/a> i stworzy\u0107 sw\u00f3j identyfikator. Nast\u0119pnie nale\u017cy wej\u015b\u0107 na sw\u00f3j profil w SCOPUSie oraz ResearcherID i po\u0142\u0105czy\u0107 je z ORCIDem. W\u00f3wczas pozostanie ju\u017c tylko pos\u0142ugiwanie si\u0119 ORCIDem.<br \/>\nOstatnim krokiem jest przekazanie informacji o tym do Biblioteki Uniwersytetu \u015al\u0105skiego. Wi\u0119cej informacji ze strony CINiBA: <a href=\"https:\/\/www.ciniba.edu.pl\/dla-nauki\/1201-uniwersytet-slaski\/987803-mi-orcid\">https:\/\/www.ciniba.edu.pl\/dla-nauki\/1201-uniwersytet-slaski\/987803-mi-orcid<\/a>.<\/p>\n<\/div>\r\n                    <\/div>\r\n                <\/div>[\/vc_column][\/vc_row]<\/p>","protected":false},"excerpt":{"rendered":"<p>[vc_row][vc_column][\/vc_column][\/vc_row] [&#8230;]<\/p>\n<p><a class=\"btn btn-secondary understrap-read-more-link\" href=\"https:\/\/us.edu.pl\/doktorant\/mobilnosc-rozwoj\/identyfikator-orcid\/\">Read More&#8230;<\/a><\/p>\n","protected":false},"author":25,"featured_media":0,"parent":332,"menu_order":0,"comment_status":"closed","ping_status":"closed","template":"","meta":{"_expiration-date-status":"saved","_expiration-date":0,"_expiration-date-type":"","_expiration-date-categories":[],"_expiration-date-options":[]},"acf":[],"_links":{"self":[{"href":"https:\/\/us.edu.pl\/doktorant\/wp-json\/wp\/v2\/pages\/408"}],"collection":[{"href":"https:\/\/us.edu.pl\/doktorant\/wp-json\/wp\/v2\/pages"}],"about":[{"href":"https:\/\/us.edu.pl\/doktorant\/wp-json\/wp\/v2\/types\/page"}],"author":[{"embeddable":true,"href":"https:\/\/us.edu.pl\/doktorant\/wp-json\/wp\/v2\/users\/25"}],"replies":[{"embeddable":true,"href":"https:\/\/us.edu.pl\/doktorant\/wp-json\/wp\/v2\/comments?post=408"}],"version-history":[{"count":0,"href":"https:\/\/us.edu.pl\/doktorant\/wp-json\/wp\/v2\/pages\/408\/revisions"}],"up":[{"embeddable":true,"href":"https:\/\/us.edu.pl\/doktorant\/wp-json\/wp\/v2\/pages\/332"}],"wp:attachment":[{"href":"https:\/\/us.edu.pl\/doktorant\/wp-json\/wp\/v2\/media?parent=408"}],"curies":[{"name":"wp","href":"https:\/\/api.w.org\/{rel}","templated":true}]}}