{"id":4550,"date":"2020-03-10T15:46:34","date_gmt":"2020-03-10T14:46:34","guid":{"rendered":"https:\/\/us.edu.pl\/doktorant\/?page_id=4550"},"modified":"2020-03-10T15:57:22","modified_gmt":"2020-03-10T14:57:22","slug":"lincencjat-kanoniczny","status":"publish","type":"page","link":"https:\/\/us.edu.pl\/doktorant\/studia-doktoranckie-rozpoczete-przed-1-pazdziernika-2019-r\/nauki-teologiczne-teologia-wydzial-teologiczny\/lincencjat-kanoniczny\/","title":{"rendered":"Lincencjat kanoniczny"},"content":{"rendered":"<p>[vc_row][vc_column]\r\n                <div class=\"text-modules\">\r\n                    <div class=\"container\">\r\n                        \r\n                        <div class=\"text-modules__content\"><p><strong>LICENCJAT KANONICZNY \u2013 SZKO\u0141A DOKTORSKA<\/strong><\/p>\n<p><strong>\u00a0<\/strong>Zgodnie z Konstytucj\u0105 Apostolsk\u0105<em>\u00a0Veritatis gaudium <\/em>z dnia <em>27 grudnia 2017 r. <\/em>art. 49 \u00a71 warunkiem otwarcia przewodu doktorskiego z nauk teologicznych jest uzyskanie ko\u015bcielnego stopnia naukowego\u00a0<em>licentia in sacra theologia <\/em>(licencjat kanoniczny).<\/p>\n<p>Do uzyskania stopnia licencjata kanonicznego z teologii w ramach Szko\u0142y Doktorskiej U\u015a konieczne jest spe\u0142nienie nast\u0119puj\u0105cych warunk\u00f3w:<\/p>\n<ol>\n<li><strong><em>Pozytywny wynik oceny \u015br\u00f3dokresowej<\/em><\/strong> wystawianej przez komisj\u0119 ewaluacyjn\u0105 (\u00a7 17 Regulaminu Szko\u0142y Doktorskiej w Uniwersytecie \u015al\u0105skim w Katowicach);<\/li>\n<li>Zaliczanie <strong><em>trzech wyk\u0142ad\u00f3w monograficznych<\/em><\/strong>, dost\u0119pnych w ramach studi\u00f3w magisterskich w Wydziale Teologicznym U\u015a;<\/li>\n<li><strong><em>Artyku\u0142 naukowy\/monografia naukowa\/rozdzia\u0142 w monografii naukowej <\/em><\/strong>(zgodnie z\u00a0art. 186 ust. 1 pkt 3 lit. a lub lit. b Ustawy z dnia 20 lipca 2018 r. <em>Prawo o szkolnictwie wy\u017cszym i nauce<\/em>):<\/li>\n<\/ol>\n<ul>\n<li><strong><em>artyku\u0142 naukowy<\/em><\/strong> opublikowany w czasopi\u015bmie naukowym lub w\u00a0recenzowanych materia\u0142ach z konferencji mi\u0119dzynarodowej, kt\u00f3re w roku opublikowania artyku\u0142u w ostatecznej formie by\u0142y uj\u0119te w wykazie sporz\u0105dzonym zgodnie z przepisami wydanymi na podstawie art. 267 ust. 2 pkt 2 ww. ustawy;<\/li>\n<li><strong><em>monografia naukowa<\/em><\/strong> wydana przez wydawnictwo, kt\u00f3re w roku opublikowania monografii w ostatecznej formie by\u0142o uj\u0119te w wykazie sporz\u0105dzonym zgodnie z przepisami wydanymi na podstawie art. 267 ust. 2 pkt 2 ww. ustawy, <strong><em>albo rozdzia\u0142 w takiej monografii<\/em><\/strong>;<\/li>\n<\/ul>\n<ol start=\"4\">\n<li><strong><em>Pozytywny wynik egzaminu licencjackiego<\/em><\/strong> z tez specjalistycznych, przygotowanych przez promotora i zatwierdzonych przez rad\u0119 naukow\u0105 INT.<\/li>\n<\/ol>\n<p><strong>Procedura uzyskania stopnia licencjata kanonicznego z teologii<br \/>\nw ramach Szko\u0142y Doktorskiej U\u015a:<\/strong><\/p>\n<ol>\n<li><strong><em>Napisanie artyku\u0142u naukowego<\/em>\/<em>monografii<\/em><\/strong>\/<strong><em>rozdzia\u0142u w monografii<\/em><\/strong> z zakresu teologii, zgodnie z wymaganiami art. 186 ust. 1 pkt 3 lit. a lub b Ustawy z dnia 20 lipca 2018 r. <em>Prawo o szkolnictwie wy\u017cszym i nauce<\/em>;<\/li>\n<li>Uzyskanie <strong><em>co najmniej potwierdzenia o przyj\u0119ciu do druku<\/em><\/strong> artyku\u0142u naukowego\/monografii\/rozdzia\u0142u w monografii;<\/li>\n<li><strong><em>Z\u0142o\u017cenie tekstu artyku\u0142u naukowego<\/em>\/<\/strong> <strong><em>monografii<\/em><\/strong>\/ <strong><em>rozdzia\u0142u w monografii<\/em><\/strong>, ju\u017c opublikowanego b\u0105d\u017a przyj\u0119tego do druku, w sekretariacie studi\u00f3w doktoranckich w\u00a0Wydziale Teologicznym, podpisanego przez opiekuna naukowego;<\/li>\n<li>Wyznaczenie przez Dziekana Wydzia\u0142u Teologicznego <strong><em>dw\u00f3ch recenzent\u00f3w<\/em><\/strong> artyku\u0142u naukowego\/monografii\/rozdzia\u0142u w monografii: promotora oraz samodzielnego pracownika Wydzia\u0142u Teologicznego;<\/li>\n<li><strong><em>Podej\u015bcie do egzaminu licencjackiego<\/em><\/strong>, po otrzymaniu pozytywnych recenzji artyku\u0142u naukowego, uzyskaniu pozytywnego wyniku oceny \u015br\u00f3dokresowej oraz zaliczeniu 3 wyk\u0142ad\u00f3w monograficznych (na zasadach obowi\u0105zuj\u0105cych student\u00f3w Wydzia\u0142u Teologicznego U\u015a).<\/li>\n<\/ol>\n<p>Ocena z egzaminu licencjackiego:<\/p>\n<ul>\n<li><strong>bardzo dobry<\/strong> \u2014 5,0<\/li>\n<li><strong>dobry plus<\/strong> \u2014 4,5<\/li>\n<li><strong>dobry<\/strong> \u2014 4,0<\/li>\n<li><strong>dostateczny plus<\/strong> \u2014 3,5<\/li>\n<li><strong>dostateczny<\/strong> \u2014 3,0<\/li>\n<li><strong>niedostateczny<\/strong> \u2014 2,0<\/li>\n<\/ul>\n<p><strong>Ocena na dyplomie stanowi sum\u0119 ocen:<\/strong><\/p>\n<p>1\/2 oceny \u2013 ocena z pracy licencjackiej (\u015brednia z oceny promotora i recenzenta)<\/p>\n<p>1\/2 oceny \u2013 ocena z egzaminu licencjackiego<\/p>\n<ul>\n<li><strong>valde bene<\/strong> \u2014 \u015brednia (og\u00f3lny wynik) 4,51\u20135,00<\/li>\n<li><strong>bene<\/strong> \u2014 \u015brednia (og\u00f3lny wynik) 3,51\u20134,50<\/li>\n<\/ul>\n<p><strong>LICENCJAT KANONICZNY \u2013 STUDIA DOKTORANCKIE<\/strong><\/p>\n<p>Procedura zmierzaj\u0105ca do uzyskania licencjatu kanonicznego z teologii w ramach studi\u00f3w doktoranckich, prowadzonych w Wydziale Teologicznym U\u015a, <u>od roku akad. 2019\/2020.<\/u><\/p>\n<ol>\n<li><strong><em>Napisanie artyku\u0142u naukowego<\/em>\/<em>monografii<\/em><\/strong>\/<strong><em>rozdzia\u0142u w monografii<\/em><\/strong> z zakresu teologii, zgodnie z wymaganiami art. 186 ust. 1 pkt 3 lit. a lub b Ustawy z dnia 20 lipca 2018 r. <em>Prawo o szkolnictwie wy\u017cszym i nauce<\/em>;<\/li>\n<\/ol>\n<ul>\n<li><strong><em>artyku\u0142 naukowy<\/em><\/strong> opublikowany w czasopi\u015bmie naukowym lub w recenzowanych materia\u0142ach z konferencji mi\u0119dzynarodowej, kt\u00f3re w roku opublikowania artyku\u0142u w\u00a0ostatecznej formie by\u0142y uj\u0119te w wykazie sporz\u0105dzonym zgodnie z przepisami wydanymi na podstawie art. 267 ust. 2 pkt 2 ww. ustawy;<\/li>\n<li><strong><em>monografia naukowa<\/em><\/strong> wydana przez wydawnictwo, kt\u00f3re w roku opublikowania monografii w ostatecznej formie by\u0142o uj\u0119te w wykazie sporz\u0105dzonym zgodnie z\u00a0przepisami wydanymi na podstawie art. 267 ust. 2 pkt 2 ww. ustawy, <strong><em>albo rozdzia\u0142 w\u00a0takiej monografii<\/em><\/strong>;<\/li>\n<\/ul>\n<ol start=\"2\">\n<li>Uzyskanie <strong><em>co najmniej potwierdzenia o przyj\u0119ciu do druku<\/em><\/strong> artyku\u0142u naukowego\/monografii\/rozdzia\u0142u w monografii;<\/li>\n<li><strong><em>Z\u0142o\u017cenie tekstu artyku\u0142u naukowego<\/em>\/<em>monografii<\/em><\/strong>\/<strong><em>rozdzia\u0142u w monografii<\/em><\/strong>, ju\u017c opublikowanego b\u0105d\u017a przyj\u0119tego do druku, w sekretariacie studi\u00f3w doktoranckich w Wydziale Teologicznym, podpisanego przez opiekuna naukowego;<\/li>\n<li>Wyznaczenie przez Dziekana Wydzia\u0142u Teologicznego <strong><em>dw\u00f3ch recenzent\u00f3w<\/em><\/strong> artyku\u0142u naukowego\/monografii\/rozdzia\u0142u w monografii: promotora oraz samodzielnego pracownika Wydzia\u0142u Teologicznego;<\/li>\n<li>Podej\u015bcie do egzaminu licencjackiego po otrzymaniu pozytywnych recenzji opracowania naukowego oraz uzyskaniu wszystkich zalicze\u0144 z modu\u0142\u00f3w przewidzianych na I i II roku studi\u00f3w doktoranckich.<\/li>\n<\/ol>\n<p>\n<\/div>\r\n                    <\/div>\r\n                <\/div>[\/vc_column][\/vc_row]<\/p>","protected":false},"excerpt":{"rendered":"<p>[vc_row][vc_column][\/vc_column][\/vc_row] [&#8230;]<\/p>\n<p><a class=\"btn btn-secondary understrap-read-more-link\" href=\"https:\/\/us.edu.pl\/doktorant\/studia-doktoranckie-rozpoczete-przed-1-pazdziernika-2019-r\/nauki-teologiczne-teologia-wydzial-teologiczny\/lincencjat-kanoniczny\/\">Read More&#8230;<\/a><\/p>\n","protected":false},"author":205,"featured_media":0,"parent":2409,"menu_order":0,"comment_status":"closed","ping_status":"closed","template":"page-templates\/page-with-sidebar.php","meta":{"_expiration-date-status":"saved","_expiration-date":0,"_expiration-date-type":"","_expiration-date-categories":[],"_expiration-date-options":[]},"acf":[],"_links":{"self":[{"href":"https:\/\/us.edu.pl\/doktorant\/wp-json\/wp\/v2\/pages\/4550"}],"collection":[{"href":"https:\/\/us.edu.pl\/doktorant\/wp-json\/wp\/v2\/pages"}],"about":[{"href":"https:\/\/us.edu.pl\/doktorant\/wp-json\/wp\/v2\/types\/page"}],"author":[{"embeddable":true,"href":"https:\/\/us.edu.pl\/doktorant\/wp-json\/wp\/v2\/users\/205"}],"replies":[{"embeddable":true,"href":"https:\/\/us.edu.pl\/doktorant\/wp-json\/wp\/v2\/comments?post=4550"}],"version-history":[{"count":0,"href":"https:\/\/us.edu.pl\/doktorant\/wp-json\/wp\/v2\/pages\/4550\/revisions"}],"up":[{"embeddable":true,"href":"https:\/\/us.edu.pl\/doktorant\/wp-json\/wp\/v2\/pages\/2409"}],"wp:attachment":[{"href":"https:\/\/us.edu.pl\/doktorant\/wp-json\/wp\/v2\/media?parent=4550"}],"curies":[{"name":"wp","href":"https:\/\/api.w.org\/{rel}","templated":true}]}}