{"id":501,"date":"2019-10-21T11:40:08","date_gmt":"2019-10-21T09:40:08","guid":{"rendered":"https:\/\/us.edu.pl\/doktorant\/?page_id=501"},"modified":"2026-05-04T10:34:44","modified_gmt":"2026-05-04T08:34:44","slug":"studia-doktoranckie-rozpoczete-przed-1-pazdziernika-2019-r","status":"publish","type":"page","link":"https:\/\/us.edu.pl\/doktorant\/studia-doktoranckie-rozpoczete-przed-1-pazdziernika-2019-r\/","title":{"rendered":"Studia doktoranckie rozpocz\u0119te przed 1 pa\u017adziernika 2019 r."},"content":{"rendered":"<p>[vc_row][vc_column]\r\n                <div class=\"text-modules\">\r\n                    <div class=\"container\">\r\n                        \r\n                        <div class=\"text-modules__content\"><p>STRONA ARCHIWALNA<\/p>\n<p>Studia doktoranckie zosta\u0142y wygaszone 31 grudnia 2024 roku. Obecnie kszta\u0142cenie doktorant\u00f3w odbywa si\u0119 w trybie szko\u0142y doktorskiej &#8211; zobacz:<\/p>\n<p>Szko\u0142a Doktorska, Mi\u0119dzynarodowa \u015arodowiskowa Szko\u0142a Doktorska.<\/p>\n<p>Osoby, kt\u00f3re kszta\u0142ci\u0142y si\u0119 na wygaszonych studiach doktoranckich i chc\u0105 pozyska\u0107 za\u015bwiadczenia lub inne dokumenty i dane zwi\u0105zane z tym kszta\u0142ceniem powinny skontaktowa\u0107 si\u0119 z wydzia\u0142em, na kt\u00f3rym odbywa\u0142o si\u0119 kszta\u0142cenie (dane kontaktowe poni\u017cej).<\/p>\n<\/div>\r\n                    <\/div>\r\n                <\/div>\r\n                <div class=\"tiles-section\" style=\"background: \">\r\n                    <div class=\"container\">\r\n                        <div class=\"tiles tiles-4\">\r\n\r\n                            <a href=\"https:\/\/us.edu.pl\/doktorant\/informacja-dla-doktorantow-studiow-doktoranckich-o-procedurze-przeprowadzania-egzaminow-w-formie-zdalnej\/\" class=\"tile tile_info\" style=\"background-color: #EBEBEB; border: 0 \">\r\n                                 <div class=\"tile_info__title\">Informacja dla doktorant\u00f3w studi\u00f3w doktoranckich o procedurze przeprowadzania egzamin\u00f3w w formie zdalnej<\/div>\r\n                                \r\n                            <\/a><\/div>\r\n                    <\/div>\r\n                <\/div>\r\n                <div class=\"tiles-section\" style=\"background: \">\r\n                    <div class=\"container\">\r\n                        <div class=\"tiles tiles-4\">\r\n\r\n                            <a href=\"https:\/\/us.edu.pl\/doktorant\/studia-doktoranckie-rozpoczete-przed-1-pazdziernika-2019-r\/nauki-humanistyczne-literaturoznawstwo-jezykoznawstwo-o-kulturze-i-religii-wydzial-humanistyczny\/\" class=\"tile tile_info\" style=\"background-color: #EBEBEB; border: 0 \">\r\n                                 <div class=\"tile_info__title\">Nauki humanistyczne: <\/div>\r\n                                <div class=\"tile_info__subtitle\">\u2013 literaturoznawstwo<br>\u2013 j\u0119zykoznawstwo<br>\u2013 nauki o kulturze i religii<br>\u2013 filozofia<br>\u2013 historia<br><br>Wydzia\u0142 Humanistyczny<\/div>\r\n                            <\/a>\r\n\r\n                            <a href=\"https:\/\/us.edu.pl\/doktorant\/studia-doktoranckie-rozpoczete-przed-1-pazdziernika-2019-r\/nauki-humanistyczne-humanistyka-bez-granic-wydzial-humanistyczny\/\" class=\"tile tile_info\" style=\"background-color: #EBEBEB; border: 0 \">\r\n                                 <div class=\"tile_info__title\">Nauki humanistyczne: <\/div>\r\n                                <div class=\"tile_info__subtitle\">\u2013 Humanistyka bez granic<br><br>Wydzia\u0142 Humanistyczny<\/div>\r\n                            <\/a>\r\n\r\n                            <a href=\"https:\/\/us.edu.pl\/doktorant\/studia-doktoranckie-rozpoczete-przed-1-pazdziernika-2019-r\/nauki-teologiczne-teologia-wydzial-teologiczny\/\" class=\"tile tile_info\" style=\"background-color: #EBEBEB; border: 0 \">\r\n                                 <div class=\"tile_info__title\">Nauki teologiczne: <\/div>\r\n                                <div class=\"tile_info__subtitle\">\u2013 teologia<br><br>Wydzia\u0142 Teologiczny<\/div>\r\n                            <\/a>\r\n\r\n                            <a href=\"https:\/\/us.edu.pl\/doktorant\/studia-doktoranckie-rozpoczete-przed-1-pazdziernika-2019-r\/sztuka-sztuki-plastyczne-i-konserwacja-dziel-sztuki-wydzial-sztuki-i-nauk-o-edukacji\/\" class=\"tile tile_info\" style=\"background-color: #EBEBEB; border: 0 \">\r\n                                 <div class=\"tile_info__title\">Sztuka: <\/div>\r\n                                <div class=\"tile_info__subtitle\">\u2013 sztuki plastyczne i konserwacja dzie\u0142 sztuki<br><br>Wydzia\u0142 Sztuki i Nauk o Edukacji<\/div>\r\n                            <\/a>\r\n\r\n                            <a href=\"https:\/\/us.edu.pl\/doktorant\/studia-doktoranckie-rozpoczete-przed-1-pazdziernika-2019-r\/nauki-scisle-i-przyrodnicze-nauki-o-ziemi-i-srodowisku\/\" class=\"tile tile_info\" style=\"background-color: #EBEBEB; border: 0 \">\r\n                                 <div class=\"tile_info__title\">Nauki \u015bcis\u0142e i przyrodnicze:  <\/div>\r\n                                <div class=\"tile_info__subtitle\">\u2013 nauki o Ziemi i \u015brodowisku<br><br>Wydzia\u0142 Nauk Przyrodniczych<\/div>\r\n                            <\/a>\r\n\r\n                            <a href=\"https:\/\/us.edu.pl\/doktorant\/studia-doktoranckie-rozpoczete-przed-1-pazdziernika-2019-r\/nauki-scisle-i-przyrodnicze-nauki-biologiczne\/\" class=\"tile tile_info\" style=\"background-color: #EBEBEB; border: 0 \">\r\n                                 <div class=\"tile_info__title\">Nauki \u015bcis\u0142e i przyrodnicze:  <\/div>\r\n                                <div class=\"tile_info__subtitle\">\u2013 nauki biologiczne<br><br>Wydzia\u0142 Nauk Przyrodniczych<\/div>\r\n                            <\/a>\r\n\r\n                            <a href=\"\/doktorant\/studia-doktoranckie-rozpoczete-przed-1-pazdziernika-2019-r\/nauki-scisle-i-przyrodnicze-matematyka-nauki-fizyczne-nauki-chemiczne\/\" class=\"tile tile_info\" style=\"background-color: #EBEBEB; border: 0 \">\r\n                                 <div class=\"tile_info__title\">Nauki \u015bcis\u0142e i przyrodnicze:  <\/div>\r\n                                <div class=\"tile_info__subtitle\">\u2013 matematyka<br>\u2013 nauki fizyczne<br>\u2013 nauki chemiczne<br><br>Wydzia\u0142 Nauk \u015acis\u0142ych i Technicznych<\/div>\r\n                            <\/a>\r\n\r\n                            <a href=\"https:\/\/us.edu.pl\/doktorant\/studia-doktoranckie-rozpoczete-przed-1-pazdziernika-2019-r\/nauki-inzynieryjno-techniczne-informatyka-techniczna-i-telekomunikacja-inzynieria-materialowa\/\" class=\"tile tile_info\" style=\"background-color: #EBEBEB; border: 0 \">\r\n                                 <div class=\"tile_info__title\">Nauki in\u017cynieryjno-techniczne: <\/div>\r\n                                <div class=\"tile_info__subtitle\">\u2013 informatyka techniczna i telekomunikacja<br>\u2013 in\u017cynieria materia\u0142owa<br><br>Wydzia\u0142 Nauk \u015acis\u0142ych i Technicznych<\/div>\r\n                            <\/a>\r\n\r\n                            <a href=\"https:\/\/us.edu.pl\/doktorant\/studia-doktoranckie-rozpoczete-przed-1-pazdziernika-2019-r\/nauki-spoleczne-pedagogika-wydzial-sztuki-i-nauk-o-edukacji\/\" class=\"tile tile_info\" style=\"background-color: #EBEBEB; border: 0 \">\r\n                                 <div class=\"tile_info__title\">Nauki spo\u0142eczne: <\/div>\r\n                                <div class=\"tile_info__subtitle\">\u2013 pedagogika<br><br>Wydzia\u0142 Sztuki i Nauk o Edukacji<\/div>\r\n                            <\/a>\r\n\r\n                            <a href=\"\/doktorant\/studia-doktoranckie-rozpoczete-przed-1-pazdziernika-2019-r\/nauki-spoleczne-prawo-wydzial-prawa-i-administracji\/\" class=\"tile tile_info\" style=\"background-color: #EBEBEB; border: 0 \">\r\n                                 <div class=\"tile_info__title\">Nauki spo\u0142eczne: <\/div>\r\n                                <div class=\"tile_info__subtitle\">\u2013 prawo<br><br>Wydzia\u0142 Prawa i Administracji<\/div>\r\n                            <\/a>\r\n\r\n                            <a href=\"https:\/\/us.edu.pl\/doktorant\/studia-doktoranckie-rozpoczete-przed-1-pazdziernika-2019-r\/nauki-spoleczne-nauki-o-polityce-i-administracji-nauki-socjologiczne-nauki-humanistyczne-filozofia-historia-wydzial-nauk-spolecznych\/\" class=\"tile tile_info\" style=\"background-color: #EBEBEB; border: 0 \">\r\n                                 <div class=\"tile_info__title\">Nauki spo\u0142eczne: <\/div>\r\n                                <div class=\"tile_info__subtitle\">\u2013 nauki o polityce i administracji<br> \u2013nauki socjologiczne<br><br>Wydzia\u0142 Nauk Spo\u0142ecznych<\/div>\r\n                            <\/a><\/div>\r\n                    <\/div>\r\n                <\/div>[\/vc_column][\/vc_row]<\/p>","protected":false},"excerpt":{"rendered":"<p>[vc_row][vc_column][\/vc_column][\/vc_row] [&#8230;]<\/p>\n<p><a class=\"btn btn-secondary understrap-read-more-link\" href=\"https:\/\/us.edu.pl\/doktorant\/studia-doktoranckie-rozpoczete-przed-1-pazdziernika-2019-r\/\">Read More&#8230;<\/a><\/p>\n","protected":false},"author":1,"featured_media":0,"parent":0,"menu_order":0,"comment_status":"closed","ping_status":"closed","template":"","meta":{"_expiration-date-status":"","_expiration-date":0,"_expiration-date-type":"","_expiration-date-categories":[],"_expiration-date-options":[]},"acf":[],"_links":{"self":[{"href":"https:\/\/us.edu.pl\/doktorant\/wp-json\/wp\/v2\/pages\/501"}],"collection":[{"href":"https:\/\/us.edu.pl\/doktorant\/wp-json\/wp\/v2\/pages"}],"about":[{"href":"https:\/\/us.edu.pl\/doktorant\/wp-json\/wp\/v2\/types\/page"}],"author":[{"embeddable":true,"href":"https:\/\/us.edu.pl\/doktorant\/wp-json\/wp\/v2\/users\/1"}],"replies":[{"embeddable":true,"href":"https:\/\/us.edu.pl\/doktorant\/wp-json\/wp\/v2\/comments?post=501"}],"version-history":[{"count":2,"href":"https:\/\/us.edu.pl\/doktorant\/wp-json\/wp\/v2\/pages\/501\/revisions"}],"predecessor-version":[{"id":9129,"href":"https:\/\/us.edu.pl\/doktorant\/wp-json\/wp\/v2\/pages\/501\/revisions\/9129"}],"wp:attachment":[{"href":"https:\/\/us.edu.pl\/doktorant\/wp-json\/wp\/v2\/media?parent=501"}],"curies":[{"name":"wp","href":"https:\/\/api.w.org\/{rel}","templated":true}]}}