{"id":521,"date":"2019-10-21T13:20:22","date_gmt":"2019-10-21T11:20:22","guid":{"rendered":"https:\/\/us.edu.pl\/doktorant\/?page_id=521"},"modified":"2019-10-21T13:21:04","modified_gmt":"2019-10-21T11:21:04","slug":"test-stronicowanie22","status":"publish","type":"page","link":"https:\/\/us.edu.pl\/doktorant\/test-stronicowanie22\/","title":{"rendered":"test stronicowanie"},"content":{"rendered":"<p><\/p>\n<div id=\"slider\"><\/div>\n<div id=\"top-center\" class=\"twelve columns\">\n<h2>Cykl wyk\u0142ad\u00f3w i warsztat\u00f3w pt. &#8222;Chemia zapachu &#8211; fragrance chemistry&#8221;.<\/h2>\n<p>&nbsp;<\/p>\n<div id=\"node-5393\" class=\"node clear-block\">\n<div class=\"meta\"><span class=\"submitted\">bibianna.porebs&#8230;, 10\/03\/2019 &#8211; 09:43<\/span><\/div>\n<div class=\"content\">\n<p>Szanowni Pa\u0144stwo,<\/p>\n<p>Instytut Chemii zaprasza na cykl wyk\u0142ad\u00f3w i warsztat\u00f3w pt. &#8222;Chemia zapachu &#8211; fragrance chemistry&#8221;.<\/p>\n<p>Cykl poprowadzi profesor Sylvain Antoniotti (Uniwersytet Cote d&#8217;Azur, Instytut Chemii, Nicea <a href=\"http:\/\/univ-cotedazur.fr\/\u2026\/pr\u2026\/chercheurs\/sylvain-antoniotti)\">http:\/\/univ-cotedazur.fr\/\u2026\/pr\u2026\/chercheurs\/sylvain-antoniotti)<\/a>.<\/p>\n<p>Tematyk\u0105 poruszan\u0105 podczas spotka\u0144 b\u0119dzie:<\/p>\n<ul>\n<li>Chemia substancji zapachowych<\/li>\n<li>Odnawialne substancje naturalne<\/li>\n<li>Zielona chemia<\/li>\n<li>Kataliza metaloorganiczna<\/li>\n<li>Nanokataliza<\/li>\n<\/ul>\n<p>Ponadto, profesor Sylvain Antoniotti zaprasza na konsultacje, podczas kt\u00f3rych b\u0119dzie mo\u017cna zaprezentowa\u0107 oraz przedyskutowa\u0107 swoje badania.<\/p>\n<p>Poni\u017cej plan cyklu:<\/p>\n<p>Wyk\u0142ady + Warsztaty<br \/>\nKatowice, Szkolna, s.73<br \/>\nWtorek (08.10,15.10, 22.10) godzina 10:00<\/p>\n<p>Warsztaty\/Konsultacje<br \/>\nKatowice, Szkolna, s.42s<br \/>\nCzwartek (10.10, 17.10, 24.10) godzina 10:00<\/p>\n<p>Ch\u0119tnych prosimy o zg\u0142oszenie si\u0119 drog\u0105 mailowa na adres: <a href=\"mailto:apedrys@us.edu.pl\">apedrys@us.edu.pl<\/a>.<\/p>\n<\/div>\n<\/div>\n<\/div>\n<p><\/p>","protected":false},"excerpt":{"rendered":"<p>Cykl wyk\u0142ad\u00f3w i warsztat\u00f3w pt. &#8222;Chemia zapachu &#8211; fragrance chemistry&#8221;. &nbsp; bibianna.porebs&#8230;, 10\/03\/2019 &#8211; 09:43 Szanowni Pa\u0144stwo, Instytut Chemii zaprasza na cykl wyk\u0142ad\u00f3w i warsztat\u00f3w pt. &#8222;Chemia zapachu &#8211; fragrance chemistry&#8221;. Cykl poprowadzi profesor Sylvain Antoniotti (Uniwersytet Cote d&#8217;Azur, Instytut Chemii, Nicea http:\/\/univ-cotedazur.fr\/\u2026\/pr\u2026\/chercheurs\/sylvain-antoniotti). Tematyk\u0105 poruszan\u0105 podczas spotka\u0144 b\u0119dzie: Chemia substancji zapachowych Odnawialne substancje naturalne Zielona [&#8230;]<\/p>\n<p><a class=\"btn btn-secondary understrap-read-more-link\" href=\"https:\/\/us.edu.pl\/doktorant\/test-stronicowanie22\/\">Read More&#8230;<\/a><\/p>\n","protected":false},"author":29,"featured_media":0,"parent":0,"menu_order":0,"comment_status":"closed","ping_status":"closed","template":"","meta":{"_expiration-date-status":"","_expiration-date":0,"_expiration-date-type":"","_expiration-date-categories":[],"_expiration-date-options":[]},"acf":[],"_links":{"self":[{"href":"https:\/\/us.edu.pl\/doktorant\/wp-json\/wp\/v2\/pages\/521"}],"collection":[{"href":"https:\/\/us.edu.pl\/doktorant\/wp-json\/wp\/v2\/pages"}],"about":[{"href":"https:\/\/us.edu.pl\/doktorant\/wp-json\/wp\/v2\/types\/page"}],"author":[{"embeddable":true,"href":"https:\/\/us.edu.pl\/doktorant\/wp-json\/wp\/v2\/users\/29"}],"replies":[{"embeddable":true,"href":"https:\/\/us.edu.pl\/doktorant\/wp-json\/wp\/v2\/comments?post=521"}],"version-history":[{"count":0,"href":"https:\/\/us.edu.pl\/doktorant\/wp-json\/wp\/v2\/pages\/521\/revisions"}],"wp:attachment":[{"href":"https:\/\/us.edu.pl\/doktorant\/wp-json\/wp\/v2\/media?parent=521"}],"curies":[{"name":"wp","href":"https:\/\/api.w.org\/{rel}","templated":true}]}}