{"id":5539,"date":"2020-04-30T12:26:56","date_gmt":"2020-04-30T10:26:56","guid":{"rendered":"https:\/\/us.edu.pl\/doktorant\/?page_id=5539"},"modified":"2020-04-30T12:33:42","modified_gmt":"2020-04-30T10:33:42","slug":"informacja-dla-doktorantow-studiow-doktoranckich-o-procedurze-przeprowadzania-egzaminow-w-formie-zdalnej","status":"publish","type":"page","link":"https:\/\/us.edu.pl\/doktorant\/informacja-dla-doktorantow-studiow-doktoranckich-o-procedurze-przeprowadzania-egzaminow-w-formie-zdalnej\/","title":{"rendered":"Informacja dla doktorant\u00f3w studi\u00f3w doktoranckich  o procedurze przeprowadzania egzamin\u00f3w  w formie zdalnej"},"content":{"rendered":"<p>[vc_row][vc_column]\r\n                <div class=\"text-modules\">\r\n                    <div class=\"container\">\r\n                        <h3 class=\"page-title text__title\">Informacja dla doktorant\u00f3w studi\u00f3w doktoranckich o procedurze przeprowadzania egzamin\u00f3w w formie zdalnej<\/h3>\r\n                        <div class=\"text-modules__content\"><p>Doktoranci, kt\u00f3rzy wyra\u017caj\u0105 wol\u0119 przyst\u0105pienia do egzaminu w formie zdalnej powinni:<\/p>\n<ol>\n<li>przes\u0142a\u0107 drog\u0105 mailow\u0105 na adres <a href=\"mailto:elzbieta.miernikowska@us.edu.pl\">elzbieta.miernikowska@us.edu.pl<\/a> skan (wzgl\u0119dnie zdj\u0119cie) w\u0142asnor\u0119cznie podpisanego <a href=\"https:\/\/us.edu.pl\/doktorant\/wp-content\/uploads\/sites\/12\/Nieprzypisane\/podanie_o_egzamin_doktorant.docx\" class=\"mtli_attachment mtli_docx\" data-mtli=\"mtli_filesize50,02kB\" class=\"mtli_attachment mtli_docx\" data-mtli=\"mtli_filesize50,02kB\">podania <\/a>o przeprowadzenie egzaminu w formie zdalnej.<br \/>\nPrzed przes\u0142aniem maila prosz\u0119 zapozna\u0107 si\u0119 z o\u015bwiadczeniami zawartymi w tre\u015bci podania oraz zweryfikowa\u0107 swoje techniczne mo\u017cliwo\u015bci wzi\u0119cia udzia\u0142u w zdalnym egzaminie.<\/li>\n<li>zwrotnie otrzymacie Pa\u0144stwo maila z sekretariatu studi\u00f3w doktoranckich z informacj\u0105 o uzyskaniu zgody na egzamin w formie zdalnej.<\/li>\n<\/ol>\n<p>Zaproszenie do platformy TEAMS, na kt\u00f3rej odb\u0119dzie si\u0119 egzamin, Doktorant otrzymuje od PRZEWODNICZ\u0104CEGO komisji egzaminacyjnej.<\/p>\n<p>PRZEBIEG EGZAMINU DYPLOMOWEGO<\/p>\n<ol>\n<li>O okre\u015blonej godzinie PRZEWODNICZ\u0104CY Komisji egzaminu rozpoczyna spotkanie on-line z wykorzystaniem platformy TEAMS.<\/li>\n<li>Pozostali cz\u0142onkowie komisji oraz DOKTORANT do\u0142\u0105czaj\u0105 do spotkania zdalnego \u2013 w\u0142\u0105czaj\u0105 kamery i mikrofony.<\/li>\n<li>PRZEWODNICZ\u0104CY Komisji informuje wszystkich uczestnik\u00f3w egzaminu o rejestracji jego przebiegu i w\u0142\u0105cza rejestrowanie spotkania Grupy na platformie TEAMS.<\/li>\n<li>PRZEWODNICZ\u0104CY komisji sprawdza to\u017csamo\u015b\u0107 studenta \u2013 poprzez weryfikacj\u0119 numeru indeksu oraz pokazanej przez studenta legitymacji studenckiej.<\/li>\n<li>PRZEWODNICZ\u0104CY komisji prowadzi egzamin.<\/li>\n<li>Po zako\u0144czeniu egzaminu PRZEWODNICZ\u0104CY prosi DOKTORANTA o opuszczenie Grupy TEAMS egzaminu.<\/li>\n<li>W cz\u0119\u015bci niejawnej cz\u0142onkowie Komisji omawiaj\u0105 przebieg egzaminu i ustalaj\u0105 oceny cz\u0105stkowe, a tak\u017ce ocen\u0119 ko\u0144cow\u0105 z egzaminu.<\/li>\n<li>PRZEWODNICZ\u0104CY komisji uzupe\u0142nia protok\u00f3\u0142 egzaminu.<\/li>\n<li>PRZEWODNICZ\u0104CY komisji zaprasza DOKTORANTA na spotkanie Grupy TEAMS egzaminu i informuje o ustalonym przez Komisj\u0119 wyniku egzaminu.<\/li>\n<li>PRZEWODNICZ\u0104CY komisji ko\u0144czy spotkanie Grupy Teams egzaminu, informuje uczestnik\u00f3w egzaminu o jego zako\u0144czeniu i o przerwaniu rejestracji.<\/li>\n<li>PRZEWODNICZ\u0104CY komisji przekazuje protok\u00f3\u0142 z egzaminu do sekretariatu studi\u00f3w doktoranckich.<\/li>\n<\/ol>\n<p>\n<style type=\"text\/css\">a[data-mtli~=\"mtli_filesize50,02kB\"]:after {content:\" (50,02 kB)\"}<\/style><\/div>\r\n                    <\/div>\r\n                <\/div>[\/vc_column][\/vc_row]<\/p>\n<style type=\"text\/css\">a[data-mtli~=\"mtli_filesize50,02kB\"]:after {content:\" (50,02 kB)\"}<\/style>","protected":false},"excerpt":{"rendered":"<p>[vc_row][vc_column][\/vc_column][\/vc_row] [&#8230;]<\/p>\n<p><a class=\"btn btn-secondary understrap-read-more-link\" href=\"https:\/\/us.edu.pl\/doktorant\/informacja-dla-doktorantow-studiow-doktoranckich-o-procedurze-przeprowadzania-egzaminow-w-formie-zdalnej\/\">Read More&#8230;<\/a><\/p>\n","protected":false},"author":24,"featured_media":0,"parent":0,"menu_order":0,"comment_status":"closed","ping_status":"closed","template":"","meta":{"_expiration-date-status":"saved","_expiration-date":0,"_expiration-date-type":"","_expiration-date-categories":[],"_expiration-date-options":[]},"acf":[],"_links":{"self":[{"href":"https:\/\/us.edu.pl\/doktorant\/wp-json\/wp\/v2\/pages\/5539"}],"collection":[{"href":"https:\/\/us.edu.pl\/doktorant\/wp-json\/wp\/v2\/pages"}],"about":[{"href":"https:\/\/us.edu.pl\/doktorant\/wp-json\/wp\/v2\/types\/page"}],"author":[{"embeddable":true,"href":"https:\/\/us.edu.pl\/doktorant\/wp-json\/wp\/v2\/users\/24"}],"replies":[{"embeddable":true,"href":"https:\/\/us.edu.pl\/doktorant\/wp-json\/wp\/v2\/comments?post=5539"}],"version-history":[{"count":0,"href":"https:\/\/us.edu.pl\/doktorant\/wp-json\/wp\/v2\/pages\/5539\/revisions"}],"wp:attachment":[{"href":"https:\/\/us.edu.pl\/doktorant\/wp-json\/wp\/v2\/media?parent=5539"}],"curies":[{"name":"wp","href":"https:\/\/api.w.org\/{rel}","templated":true}]}}