{"id":5891,"date":"2020-08-04T18:11:49","date_gmt":"2020-08-04T16:11:49","guid":{"rendered":"https:\/\/us.edu.pl\/doktorant\/?page_id=5891"},"modified":"2020-08-04T18:22:13","modified_gmt":"2020-08-04T16:22:13","slug":"stypendia-naukowe-dla-doktorantow","status":"publish","type":"page","link":"https:\/\/us.edu.pl\/doktorant\/stypendia-i-wsparcie\/stypendia-naukowe-dla-doktorantow\/","title":{"rendered":"Stypendia naukowe dla doktorant\u00f3w &#8211; otwarte konkursy"},"content":{"rendered":"<p>[vc_row][vc_column]\r\n                <div class=\"text-modules\">\r\n                    <div class=\"container\">\r\n                        <h3 class=\"page-title text__title\">Stypendia naukowe dla doktorant\u00f3w - informacje og\u00f3lne<\/h3>\r\n                        <div class=\"text-modules__content\"><p>Doktoranci szk\u00f3\u0142 doktorskich i studi\u00f3w doktoranckich mog\u0105 uczestniczy\u0107 w konkursach na stypendia naukowe finansowane ze \u015brodk\u00f3w zewn\u0119trznych, takich jak granty NCN, czy projekty NCBiR i NAWA.<\/p>\n<p>Na tej stronie publikowane s\u0105 informacje o konkursach og\u0142aszanych na Uniwersytecie \u015al\u0105skim i na innych uczelniach, o ile kierownicy projekt\u00f3w dostarcz\u0105 nam takie og\u0142oszenia. Zach\u0119camy kierownik\u00f3w konkurs\u00f3w do kontaktu ze Szko\u0142\u0105 Doktorsk\u0105 U\u015a: <a href=\"mailto:szkola.doktorska@us.edu.pl\">szkola.doktorska@us.edu.pl<\/a>.<\/p>\n<p>Biuro Szko\u0142y doktorskiej odpowiedzialne jest za publikowanie informacji na niniejszej stronie, a tak\u017ce za organizacj\u0119 konkurs\u00f3w na stypendia doktoranckie. Za organizacj\u0119 konkurs\u00f3w na stypendia naukowe odpowiedzialni s\u0105 kierownicy projekt\u00f3w i <a href=\"https:\/\/ab.us.edu.pl\/unit\/employees\/10002037\">Dzia\u0142 Nauki i Bada\u0144 &#8211; Zesp\u00f3\u0142 projekt\u00f3w badawczych krajowych.<\/a><\/p>\n<\/div>\r\n                    <\/div>\r\n                <\/div>\r\n                <div class=\"text-modules\">\r\n                    <div class=\"container\">\r\n                        <h3 class=\"page-title text__title\">Czym r\u00f3\u017cni si\u0119 stypendium naukowe od stypendium doktoranckiego?<\/h3>\r\n                        <div class=\"text-modules__content\"><p><strong>Stypendium doktoranckie<\/strong> w nowym prz\u0105dku tzw. Ustawy 2.0 to stypendium, kt\u00f3re otrzymuje ka\u017cdy doktorant w szkole doktorskiej przez cztery lata kszta\u0142cenia. Od stypendium odprowadzane s\u0105 sk\u0142adki na ubezpieczenie spo\u0142eczne. Stypendium mo\u017ce by\u0107 finansowane ze \u015brodk\u00f3w uczelni (doktoranci rekrutowani w trakcie podstawowej rekrutacji) lub ze \u015brodk\u00f3w zewn\u0119trznych, takich jak granty. Niekt\u00f3re programy grantowe, takie PRELUDIUM-BIS NCN, finansuj\u0105 wy\u0142\u0105cznie stypendia doktoranckie. <a href=\"\/doktorant\/strona-glowna\/stypendia-i-wsparcie\/stypendium-doktoranckie\/\">Wi\u0119cej o stypendium doktoranckim<\/a>.<\/p>\n<p>Szko\u0142a Doktorska w Uniwersytecie \u015al\u0105skim og\u0142asza swoje konkursy na stypendia doktoranckie <a href=\"\/szkola-doktorska\/informacje-o-otwartych-naborach-na-miejsca-stypendialne-w-ramach-grantow-i-programow-stypendialnych\/\">na swojej stronie internetowej<\/a>.<\/p>\n<p><strong>Stypendium naukowe<\/strong> to rodzaj wynagrodzenia, kt\u00f3re otrzymuj\u0105 osoby zaanga\u017cowane w prac\u0119 naukow\u0105 w ramach grant\u00f3w i innych projekt\u00f3w. W zale\u017cno\u015bci od konkursu mog\u0105 r\u00f3\u017cni\u0107 si\u0119 wysoko\u015bci\u0105, czasem trwania i grup\u0105 docelow\u0105 (mog\u0105 by\u0107 przeznaczone np. dla student\u00f3w i doktorant\u00f3w).<\/p>\n<p>W szczeg\u00f3lnych przypadkach <strong>stypendium naukowe mo\u017ce zosta\u0107 uznane za stypendium doktoranckie <\/strong>i albo zast\u0105pi\u0107 obecnie wyp\u0142acane doktorantowi stypendium doktoranckie, albo sta\u0107 si\u0119 podstaw\u0105 do przyj\u0119cia do szko\u0142y doktorskiej osoby, kt\u00f3ra wygra taki konkurs stypendialny. <span style=\"text-decoration: underline\">Wymaga to uzgodnienia mi\u0119dzy kierownikiem projektu a dziekanem <a href=\"https:\/\/us.edu.pl\/szkola-doktorska\/\">Szko\u0142y Doktorskiej<\/a> lub <a href=\"https:\/\/www.mssd.us.edu.pl\/\">Mi\u0119dzynarodowej \u015arodowiskowej Szko\u0142y Doktorskiej U\u015a<\/a> <strong>przed og\u0142oszeniem konkursu i przeprowadzeniem rekrutacji<\/strong><\/span>.<\/p>\n<\/div>\r\n                    <\/div>\r\n                <\/div>[\/vc_column][\/vc_row]<\/p>","protected":false},"excerpt":{"rendered":"<p>[vc_row][vc_column][\/vc_column][\/vc_row] [&#8230;]<\/p>\n<p><a class=\"btn btn-secondary understrap-read-more-link\" href=\"https:\/\/us.edu.pl\/doktorant\/stypendia-i-wsparcie\/stypendia-naukowe-dla-doktorantow\/\">Read More&#8230;<\/a><\/p>\n","protected":false},"author":42,"featured_media":0,"parent":324,"menu_order":0,"comment_status":"closed","ping_status":"closed","template":"page-templates\/page-with-bookmarks.php","meta":{"_expiration-date-status":"saved","_expiration-date":0,"_expiration-date-type":"","_expiration-date-categories":[],"_expiration-date-options":[]},"acf":[],"_links":{"self":[{"href":"https:\/\/us.edu.pl\/doktorant\/wp-json\/wp\/v2\/pages\/5891"}],"collection":[{"href":"https:\/\/us.edu.pl\/doktorant\/wp-json\/wp\/v2\/pages"}],"about":[{"href":"https:\/\/us.edu.pl\/doktorant\/wp-json\/wp\/v2\/types\/page"}],"author":[{"embeddable":true,"href":"https:\/\/us.edu.pl\/doktorant\/wp-json\/wp\/v2\/users\/42"}],"replies":[{"embeddable":true,"href":"https:\/\/us.edu.pl\/doktorant\/wp-json\/wp\/v2\/comments?post=5891"}],"version-history":[{"count":0,"href":"https:\/\/us.edu.pl\/doktorant\/wp-json\/wp\/v2\/pages\/5891\/revisions"}],"up":[{"embeddable":true,"href":"https:\/\/us.edu.pl\/doktorant\/wp-json\/wp\/v2\/pages\/324"}],"wp:attachment":[{"href":"https:\/\/us.edu.pl\/doktorant\/wp-json\/wp\/v2\/media?parent=5891"}],"curies":[{"name":"wp","href":"https:\/\/api.w.org\/{rel}","templated":true}]}}