{"id":65,"date":"2019-09-18T15:37:15","date_gmt":"2019-09-18T13:37:15","guid":{"rendered":"http:\/\/php71.nfinity-beta.pl\/us\/doktorant\/?page_id=65"},"modified":"2024-01-08T11:25:03","modified_gmt":"2024-01-08T10:25:03","slug":"strona-glowna","status":"publish","type":"page","link":"https:\/\/us.edu.pl\/doktorant\/","title":{"rendered":"Strona g\u0142\u00f3wna"},"content":{"rendered":"<p>[vc_row][vc_column][vc_empty_space]\r\n\r\n            <div class=\"blocks\" style=\"text-align: \">\r\n               <div class=\"container\">\r\n                  \r\n                  <div class=\"row m-0 blocks_3\">\r\n                  \r\n                     <a href=\"https:\/\/www.mssd.us.edu.pl\/\" class=\"thumbnail blocks__item\" style=\"background-image: url(https:\/\/us.edu.pl\/doktorant\/wp-content\/uploads\/sites\/12\/front_image\/strefa-doktorska-333.jpg)\">\r\n                        <span>wi\u0119cej<\/span>\r\n                        <div class=\"blocks__bottom\">\r\n                        <div class=\"blocks__title\">Mi\u0119dzynarodowa \u015arodowiskowa Szko\u0142a Doktorska przy Centrum Studi\u00f3w Polarnych<\/div>\r\n                        \r\n                        <\/div>\r\n                     <\/a>\r\n                  \r\n                     <a href=\"\/szkola-doktorska\" class=\"thumbnail blocks__item\" style=\"background-image: url(https:\/\/us.edu.pl\/doktorant\/wp-content\/uploads\/sites\/12\/front_image\/strefa-doktorska-11.jpg)\">\r\n                        <span>wi\u0119cej<\/span>\r\n                        <div class=\"blocks__bottom\">\r\n                        <div class=\"blocks__title\">Szko\u0142a Doktorska  w Uniwersytecie \u015al\u0105skim<\/div>\r\n                        \r\n                        <\/div>\r\n                     <\/a>\r\n                  \r\n                     <a href=\"\/doktorant\/studia-doktoranckie-rozpoczete-przed-1-pazdziernika-2019-r\/\" class=\"thumbnail blocks__item\" style=\"background-image: url(https:\/\/us.edu.pl\/doktorant\/wp-content\/uploads\/sites\/12\/front_image\/strefa-doktorska-444.jpg)\">\r\n                        <span>wi\u0119cej<\/span>\r\n                        <div class=\"blocks__bottom\">\r\n                        <div class=\"blocks__title\">Studia doktoranckie rozpocz\u0119te przed 1.10.2019  rokiem<\/div>\r\n                        \r\n                        <\/div>\r\n                     <\/a><\/div>     \r\n               <\/div>\r\n            <\/div>\n\t\t\t\t<input type=\"hidden\" name=\"promoted_only\" value=\"\">\n\t\t\t\t<input type=\"hidden\" name=\"order\" value=\"DESC\">\n\t\t\t\t<input type=\"hidden\" name=\"order_by\" value=\"post_date\">\n\n\t\t\t\t<div class=\"article-loop loop-section article-loop_tall color-blue\" style=\"background: \">\n\t\t\t\t\t <div class=\"container \">\n\t\t\t\t\t \t<div class=\"col-12 article-loop-gutter-left\">\n\t\t\t\t\t\t  <div class=\"article-loop-top loop-section-top\">\n\t\t\t\t\t\t\t\t<h2 class=\"section-title\">Wiadomo\u015bci<\/h2><div class=\"article-loop-top_right loop-section-top__right\" >\n\t\t\t\t\t\t\t\t\t <select name=\"sort\" title = \"filter by category\"\n\t\t\t\t\t\t\t\t\t\t  class=\"article-loop-sort\" >\n\t\t\t\t\t\t\t\t\t\t  <option value = \"\" selected disabled > filtrowanie wed\u0142ug kategorii<\/option>\n\t\t\t\t\t\t\t\t\t\t  <option value = \"12-13,12-37,12-24,12-32\" > Wszystko<\/option> <option data-link='https:\/\/us.edu.pl\/doktorant\/category\/typ-zawartosci\/informacje\/' value='12-13'>informacje<\/option><option data-link='https:\/\/us.edu.pl\/doktorant\/category\/typ-zawartosci\/wydarzenia-wiadomosci\/' value='12-37'>wydarzenia<\/option><option data-link='https:\/\/us.edu.pl\/doktorant\/category\/wiadomosci\/posiedzenia\/' value='12-24'>posiedzenia<\/option><option data-link='https:\/\/us.edu.pl\/doktorant\/category\/wiadomosci\/spotkania\/' value='12-32'>spotkania<\/option><\/select>    <a href = \"https:\/\/us.edu.pl\/doktorant\/category\/wiadomosci\/\" class=\"link-button \" > Wszystko<\/a><\/div>  \n\t\t\t\t\t\t  <\/div>\n\t\t\t\t\t\t  <div class=\"article-loop-main carousel\" data-home-url=\"https:\/\/us.edu.pl\/doktorant\" >\n\t\t\t\t\t\t\t\t<a href = \"#\" data-slide = \"prev\" title=\"przesu\u0144 pasek Wiadomo\u015bciw lewo\" class=\"arrow\" >\n\t\t\t\t\t\t\t\t\t <em class=\"ci ci-arrow-left\" ><\/em >\n\t\t\t\t\t\t\t\t\t <span class=\"d-none\" > arrow<\/span >\n\t\t\t\t\t\t\t\t<\/a>\n\t \n\t\t\t\t\t\t\t\t<a href = \"#\" data-slide = \"next\" title=\"przesu\u0144 pasek Wiadomo\u015bci w prawo\" class=\"arrow\" >\n\t\t\t\t\t\t\t\t\t <em class=\"ci ci-arrow-right\" ><\/em >\n\t\t\t\t\t\t\t\t\t <span class=\"d-none\" > arrow<\/span >\n\t\t\t\t\t\t\t\t<\/a>\n\t\t\t\t\t\t\t\t<div class=\"row items\" >\n\t\t\t\t\t\t\t\t\t \r\n            <article class=\"article-loop-post carousel-slide\">\r\n                <a href=\"https:\/\/us.edu.pl\/pracownik\/2026\/02\/11\/abc-system-generowania-wizytowek-dla-pracownikow-us\/\" class=\"article-loop-post__thumbnail thumbnail\"\r\n                    style=\"background-image: url(https:\/\/us.edu.pl\/doktorant\/wp-content\/uploads\/sites\/12\/Bez-kategorii\/istockphoto-1611324345-612x612-1-300x200.jpg)\">\r\n                    <span>wi\u0119cej<\/span>\r\n                <\/a>\r\n\r\n                <div class=\"article-loop-post__content\">\r\n                    <h3 class=\"article-loop-post__title\">\r\n                        <a href=\"https:\/\/us.edu.pl\/pracownik\/2026\/02\/11\/abc-system-generowania-wizytowek-dla-pracownikow-us\/\">ABC | system generowania wizyt\u00f3wek dla pracownik\u00f3w U\u015a<\/a>\r\n                    <\/h3>\r\n            \r\n                    <div class=\"article-loop-post__categories\">\r\n                        <a href=\"https:\/\/us.edu.pl\/doktorant\/category\/bez-kategorii\/\">Bez kategorii<\/a><a href=\"https:\/\/us.edu.pl\/doktorant\/category\/typ-zawartosci\/informacje\/\">informacje<\/a><a href=\"https:\/\/us.edu.pl\/doktorant\/category\/wiadomosci\/\">Wiadomo\u015bci<\/a>\r\n                    <\/div>    \r\n                <\/div>\r\n            <\/article>\r\n        \r\n            <article class=\"article-loop-post carousel-slide\">\r\n                <a href=\"https:\/\/erasmus.us.edu.pl\/rekrutacja\/\" class=\"article-loop-post__thumbnail thumbnail\"\r\n                    style=\"background-image: url(https:\/\/us.edu.pl\/doktorant\/wp-content\/uploads\/sites\/12\/Bez-kategorii\/1095x575_www_erasmus_002-002-300x158.png)\">\r\n                    <span>wi\u0119cej<\/span>\r\n                <\/a>\r\n\r\n                <div class=\"article-loop-post__content\">\r\n                    <h3 class=\"article-loop-post__title\">\r\n                        <a href=\"https:\/\/erasmus.us.edu.pl\/rekrutacja\/\">Spotkania informacyjne dotycz\u0105ce wyjazd\u00f3w na studia Erasmus+<\/a>\r\n                    <\/h3>\r\n            \r\n                    <div class=\"article-loop-post__categories\">\r\n                        <a href=\"https:\/\/us.edu.pl\/doktorant\/category\/bez-kategorii\/\">Bez kategorii<\/a><a href=\"https:\/\/us.edu.pl\/doktorant\/category\/typ-zawartosci\/informacje\/\">informacje<\/a><a href=\"https:\/\/us.edu.pl\/doktorant\/category\/wiadomosci\/\">Wiadomo\u015bci<\/a>\r\n                    <\/div>    \r\n                <\/div>\r\n            <\/article>\r\n        \r\n            <article class=\"article-loop-post carousel-slide\">\r\n                <a href=\"https:\/\/us.edu.pl\/doktorant\/2025\/03\/05\/nabor-do-kolejnej-edycji-programu-ministerstwa-nauki-i-szkolnictwa-wyzszego-doktorat-wdrozeniowy-na-rok-akademicki-2025-2026\/\" class=\"article-loop-post__thumbnail thumbnail\"\r\n                    style=\"background-image: url(https:\/\/us.edu.pl\/doktorant\/wp-content\/uploads\/sites\/12\/2025\/03\/personal-3286017_1280-300x200.jpg)\">\r\n                    <span>wi\u0119cej<\/span>\r\n                <\/a>\r\n\r\n                <div class=\"article-loop-post__content\">\r\n                    <h3 class=\"article-loop-post__title\">\r\n                        <a href=\"https:\/\/us.edu.pl\/doktorant\/2025\/03\/05\/nabor-do-kolejnej-edycji-programu-ministerstwa-nauki-i-szkolnictwa-wyzszego-doktorat-wdrozeniowy-na-rok-akademicki-2025-2026\/\">Nab\u00f3r do kolejnej edycji programu  Ministerstwa Nauki i Szkolnictwa Wy\u017cszego \u201eDoktorat wdro\u017ceniowy\u201d na rok akademicki 2025\/2026<\/a>\r\n                    <\/h3>\r\n            \r\n                    <div class=\"article-loop-post__categories\">\r\n                        <a href=\"https:\/\/us.edu.pl\/doktorant\/category\/bez-kategorii\/\">Bez kategorii<\/a><a href=\"https:\/\/us.edu.pl\/doktorant\/category\/typ-zawartosci\/informacje\/\">informacje<\/a><a href=\"https:\/\/us.edu.pl\/doktorant\/category\/wiadomosci\/\">Wiadomo\u015bci<\/a>\r\n                    <\/div>    \r\n                <\/div>\r\n            <\/article>\r\n        \r\n            <article class=\"article-loop-post carousel-slide\">\r\n                <a href=\"https:\/\/us.edu.pl\/event\/uroczystosc-nadania-tytulu-doktora-honoris-causa-prof-markowi-safjanowi\/?fbclid=IwY2xjawGhgClleHRuA2FlbQIxMAABHfW5BXVqlL-x7YLkj1fxo9EZyt4MRwJ3yTaDJt35ynZoPR3omyJ1yvNvuA_aem_igDMWHxm5PrjL_dlWyl9eg\" class=\"article-loop-post__thumbnail thumbnail\"\r\n                    style=\"background-image: url(https:\/\/us.edu.pl\/doktorant\/wp-content\/uploads\/sites\/12\/Bez-kategorii\/DHC-obrazek-wyrozniajacy-300x225.png)\">\r\n                    <span>wi\u0119cej<\/span>\r\n                <\/a>\r\n\r\n                <div class=\"article-loop-post__content\">\r\n                    <h3 class=\"article-loop-post__title\">\r\n                        <a href=\"https:\/\/us.edu.pl\/event\/uroczystosc-nadania-tytulu-doktora-honoris-causa-prof-markowi-safjanowi\/?fbclid=IwY2xjawGhgClleHRuA2FlbQIxMAABHfW5BXVqlL-x7YLkj1fxo9EZyt4MRwJ3yTaDJt35ynZoPR3omyJ1yvNvuA_aem_igDMWHxm5PrjL_dlWyl9eg\">Uroczysto\u015b\u0107 nadania tytu\u0142u doktora honoris causa prof. Markowi Safjanowi<\/a>\r\n                    <\/h3>\r\n            \r\n                    <div class=\"article-loop-post__categories\">\r\n                        <a href=\"https:\/\/us.edu.pl\/doktorant\/category\/bez-kategorii\/\">Bez kategorii<\/a><a href=\"https:\/\/us.edu.pl\/doktorant\/category\/typ-zawartosci\/informacje\/\">informacje<\/a><a href=\"https:\/\/us.edu.pl\/doktorant\/category\/wiadomosci\/\">Wiadomo\u015bci<\/a>\r\n                    <\/div>    \r\n                <\/div>\r\n            <\/article>\r\n        \n\t\t\t\t\t\t\t\t<\/div>\n\t\t\t\t\t\t  <\/div>\n\t\t\t\t\t <\/div>\n\t\t\t\t\t <\/div>\n\t\t\t\t<\/div>\n\t\t\t\t<input type=\"hidden\" name=\"promoted_only\" value=\"\">\n\t\t\t\t<input type=\"hidden\" name=\"order\" value=\"DESC\">\n\t\t\t\t<input type=\"hidden\" name=\"order_by\" value=\"post_modified\">\n\n\t\t\t\t<div class=\"article-loop loop-section article-loop_tall color-blue\" style=\"background: \">\n\t\t\t\t\t <div class=\"container \">\n\t\t\t\t\t \t<div class=\"col-12 article-loop-gutter-left\">\n\t\t\t\t\t\t  <div class=\"article-loop-top loop-section-top\">\n\t\t\t\t\t\t\t\t<h2 class=\"section-title\">Konkursy, konferencje<\/h2><div class=\"article-loop-top_right loop-section-top__right\" >\n\t\t\t\t\t\t\t\t\t <select name=\"sort\" title = \"filter by category\"\n\t\t\t\t\t\t\t\t\t\t  class=\"article-loop-sort\" >\n\t\t\t\t\t\t\t\t\t\t  <option value = \"\" selected disabled > filtrowanie wed\u0142ug kategorii<\/option>\n\t\t\t\t\t\t\t\t\t\t  <option value = \"12-15,12-64,12-17\" > Wszystko<\/option> <option data-link='https:\/\/us.edu.pl\/doktorant\/category\/wiadomosci\/konferencje\/' value='12-15'>konferencje<\/option><option data-link='https:\/\/us.edu.pl\/doktorant\/category\/wiadomosci\/konkursy\/' value='12-64'>konkursy<\/option><option data-link='https:\/\/us.edu.pl\/doktorant\/category\/wiadomosci\/mlodzi-naukowcy\/' value='12-17'>m\u0142odzi naukowcy<\/option><\/select><\/div>  \n\t\t\t\t\t\t  <\/div>\n\t\t\t\t\t\t  <div class=\"article-loop-main carousel\" data-home-url=\"https:\/\/us.edu.pl\/doktorant\" >\n\t\t\t\t\t\t\t\t<a href = \"#\" data-slide = \"prev\" title=\"przesu\u0144 pasek Konkursy, konferencjew lewo\" class=\"arrow\" >\n\t\t\t\t\t\t\t\t\t <em class=\"ci ci-arrow-left\" ><\/em >\n\t\t\t\t\t\t\t\t\t <span class=\"d-none\" > arrow<\/span >\n\t\t\t\t\t\t\t\t<\/a>\n\t \n\t\t\t\t\t\t\t\t<a href = \"#\" data-slide = \"next\" title=\"przesu\u0144 pasek Konkursy, konferencje w prawo\" class=\"arrow\" >\n\t\t\t\t\t\t\t\t\t <em class=\"ci ci-arrow-right\" ><\/em >\n\t\t\t\t\t\t\t\t\t <span class=\"d-none\" > arrow<\/span >\n\t\t\t\t\t\t\t\t<\/a>\n\t\t\t\t\t\t\t\t<div class=\"row items\" >\n\t\t\t\t\t\t\t\t\t \r\n            <article class=\"article-loop-post carousel-slide\">\r\n                <a href=\"https:\/\/us.edu.pl\/doktorant\/2024\/08\/03\/kongres-nauka-ponad-podzialami-12-13-09-24-r\/\" class=\"article-loop-post__thumbnail thumbnail\"\r\n                    style=\"background-image: url(https:\/\/us.edu.pl\/doktorant\/wp-content\/uploads\/sites\/12\/Editor\/grafika\/Logo-Kongres-30.07.24-300x200.png)\">\r\n                    <span>wi\u0119cej<\/span>\r\n                <\/a>\r\n\r\n                <div class=\"article-loop-post__content\">\r\n                    <h3 class=\"article-loop-post__title\">\r\n                        <a href=\"https:\/\/us.edu.pl\/doktorant\/2024\/08\/03\/kongres-nauka-ponad-podzialami-12-13-09-24-r\/\">Kongres \u201eNauka ponad podzia\u0142ami\u201d 12-13.09.24 r.<\/a>\r\n                    <\/h3>\r\n            \r\n                    <div class=\"article-loop-post__categories\">\r\n                        <a href=\"https:\/\/us.edu.pl\/doktorant\/category\/bez-kategorii\/\">Bez kategorii<\/a><a href=\"https:\/\/us.edu.pl\/doktorant\/category\/typ-zawartosci\/informacje\/\">informacje<\/a><a href=\"https:\/\/us.edu.pl\/doktorant\/category\/wiadomosci\/konferencje\/\">konferencje<\/a>\r\n                    <\/div>    \r\n                <\/div>\r\n            <\/article>\r\n        \r\n            <article class=\"article-loop-post carousel-slide\">\r\n                <a href=\"https:\/\/us.edu.pl\/t4e\/t4eu-wyniki-konkursu-chair-exchange\/\" class=\"article-loop-post__thumbnail thumbnail\"\r\n                    style=\"background-image: url(https:\/\/us.edu.pl\/doktorant\/wp-content\/uploads\/sites\/12\/Bez-kategorii\/pexels-fauxels-3184328-002-300x225.jpg)\">\r\n                    <span>wi\u0119cej<\/span>\r\n                <\/a>\r\n\r\n                <div class=\"article-loop-post__content\">\r\n                    <h3 class=\"article-loop-post__title\">\r\n                        <a href=\"https:\/\/us.edu.pl\/t4e\/t4eu-wyniki-konkursu-chair-exchange\/\">CHAIR EXCHANGE W SEMESTRZE ZIMOWYM ROKU AKADEMICKIEGO 2022\/2023<\/a>\r\n                    <\/h3>\r\n            \r\n                    <div class=\"article-loop-post__categories\">\r\n                        <a href=\"https:\/\/us.edu.pl\/doktorant\/category\/bez-kategorii\/\">Bez kategorii<\/a><a href=\"https:\/\/us.edu.pl\/doktorant\/category\/wiadomosci\/konkursy\/\">konkursy<\/a><a href=\"https:\/\/us.edu.pl\/doktorant\/category\/wiadomosci\/\">Wiadomo\u015bci<\/a>\r\n                    <\/div>    \r\n                <\/div>\r\n            <\/article>\r\n        \r\n            <article class=\"article-loop-post carousel-slide\">\r\n                <a href=\"https:\/\/us.edu.pl\/doktorant\/2022\/11\/28\/forum-szkol-doktorskich-praktyczne-i-formalne-aspekty-recenzowania-prac-doktorskich\/\" class=\"article-loop-post__thumbnail thumbnail\"\r\n                    style=\"background-image: url(https:\/\/us.edu.pl\/doktorant\/wp-content\/uploads\/sites\/12\/Bez-kategorii\/terren-hurst-blgOFmPIlr0-unsplash-300x200.jpg)\">\r\n                    <span>wi\u0119cej<\/span>\r\n                <\/a>\r\n\r\n                <div class=\"article-loop-post__content\">\r\n                    <h3 class=\"article-loop-post__title\">\r\n                        <a href=\"https:\/\/us.edu.pl\/doktorant\/2022\/11\/28\/forum-szkol-doktorskich-praktyczne-i-formalne-aspekty-recenzowania-prac-doktorskich\/\">\u201eForum Szk\u00f3\u0142 Doktorskich. Praktyczne i formalne aspekty recenzowania prac doktorskich&#8221;<\/a>\r\n                    <\/h3>\r\n            \r\n                    <div class=\"article-loop-post__categories\">\r\n                        <a href=\"https:\/\/us.edu.pl\/doktorant\/category\/bez-kategorii\/\">Bez kategorii<\/a><a href=\"https:\/\/us.edu.pl\/doktorant\/category\/typ-zawartosci\/informacje\/\">informacje<\/a><a href=\"https:\/\/us.edu.pl\/doktorant\/category\/wiadomosci\/konferencje\/\">konferencje<\/a>\r\n                    <\/div>    \r\n                <\/div>\r\n            <\/article>\r\n        \r\n            <article class=\"article-loop-post carousel-slide\">\r\n                <a href=\"https:\/\/us.edu.pl\/doktorant\/2022\/05\/23\/x-edycja-ogolnopolskiej-konferencji-mlodych-naukowcow\/\" class=\"article-loop-post__thumbnail thumbnail\"\r\n                    style=\"background-image: url(https:\/\/us.edu.pl\/doktorant\/wp-content\/uploads\/sites\/12\/Bez-kategorii\/nick-morrison-FHnnjk1Yj7Y-unsplash-300x225.jpg)\">\r\n                    <span>wi\u0119cej<\/span>\r\n                <\/a>\r\n\r\n                <div class=\"article-loop-post__content\">\r\n                    <h3 class=\"article-loop-post__title\">\r\n                        <a href=\"https:\/\/us.edu.pl\/doktorant\/2022\/05\/23\/x-edycja-ogolnopolskiej-konferencji-mlodych-naukowcow\/\">X edycja Og\u00f3lnopolskiej Konferencji M\u0142odych Naukowc\u00f3w<\/a>\r\n                    <\/h3>\r\n            \r\n                    <div class=\"article-loop-post__categories\">\r\n                        <a href=\"https:\/\/us.edu.pl\/doktorant\/category\/bez-kategorii\/\">Bez kategorii<\/a><a href=\"https:\/\/us.edu.pl\/doktorant\/category\/typ-zawartosci\/informacje\/\">informacje<\/a><a href=\"https:\/\/us.edu.pl\/doktorant\/category\/wiadomosci\/konferencje\/\">konferencje<\/a>\r\n                    <\/div>    \r\n                <\/div>\r\n            <\/article>\r\n        \n\t\t\t\t\t\t\t\t<\/div>\n\t\t\t\t\t\t  <\/div>\n\t\t\t\t\t <\/div>\n\t\t\t\t\t <\/div>\n\t\t\t\t<\/div>\r\n                <div class='logos'>\r\n                    <div class='container'>\r\n                        <h3 class='page-title'><\/h3>\r\n                        <div class='logos-blocks bg-blue'> \r\n               \r\n                            \r\n                        <a href=\"https:\/\/www.slaskifestiwalnauki.pl\/\" title=\"\u015al\u0105ski Festiwal Nauki KATOWICE\"\r\n                         class=\"logos-blocks__item carousel-slide\">\r\n                            <div class=\"logos-blocks__img\">\r\n                                <img src=\"https:\/\/us.edu.pl\/doktorant\/wp-content\/uploads\/sites\/12\/ikony\/sf.png\" alt=\"\u015al\u0105ski Festiwal Nauki KATOWICE\">\r\n                            <\/div>\r\n                            <span>\u015al\u0105ski Festiwal Nauki KATOWICE<\/span>\r\n                        <\/a>\r\n                        <a href=\"http:\/\/www.przystaneknauka.us.edu.pl\/\" title=\"Przystanek Nauka\"\r\n                         class=\"logos-blocks__item carousel-slide\">\r\n                            <div class=\"logos-blocks__img\">\r\n                                <img src=\"https:\/\/us.edu.pl\/doktorant\/wp-content\/uploads\/sites\/12\/ikony\/pn.png\" alt=\"Przystanek Nauka\">\r\n                            <\/div>\r\n                            <span>Przystanek Nauka<\/span>\r\n                        <\/a>\r\n                        <a href=\"\/event-categories\/konferencje\/\" title=\"Spotkania i konferencje naukowe\"\r\n                         class=\"logos-blocks__item carousel-slide\">\r\n                            <div class=\"logos-blocks__img\">\r\n                                <img src=\"https:\/\/us.edu.pl\/doktorant\/wp-content\/uploads\/sites\/12\/ikony\/spotkania.png\" alt=\"Spotkania i konferencje naukowe\">\r\n                            <\/div>\r\n                            <span>Spotkania i konferencje naukowe<\/span>\r\n                        <\/a>\r\n                        <a href=\"\" title=\"Publikacje Naukowe\"\r\n                         class=\"logos-blocks__item carousel-slide\">\r\n                            <div class=\"logos-blocks__img\">\r\n                                <img src=\"https:\/\/us.edu.pl\/doktorant\/wp-content\/uploads\/sites\/12\/ikony\/ksiazka.png\" alt=\"Publikacje Naukowe\">\r\n                            <\/div>\r\n                            <span>Publikacje Naukowe<\/span>\r\n                        <\/a>\r\n                        <a href=\"https:\/\/www.ciniba.edu.pl\/\" title=\"CINiBA\"\r\n                         class=\"logos-blocks__item carousel-slide\">\r\n                            <div class=\"logos-blocks__img\">\r\n                                <img src=\"https:\/\/us.edu.pl\/doktorant\/wp-content\/uploads\/sites\/12\/ikony\/ksiazki.png\" alt=\"CINiBA\">\r\n                            <\/div>\r\n                            <span>CINiBA<\/span>\r\n                        <\/a>\r\n                        <a href=\"\/event\/\" title=\"Kalendarium U\u015a\"\r\n                         class=\"logos-blocks__item carousel-slide\">\r\n                            <div class=\"logos-blocks__img\">\r\n                                <img src=\"https:\/\/us.edu.pl\/doktorant\/wp-content\/uploads\/sites\/12\/ikony\/ksiazki.png\" alt=\"Kalendarium U\u015a\">\r\n                            <\/div>\r\n                            <span>Kalendarium U\u015a<\/span>\r\n                        <\/a> \r\n                           \r\n                        <\/div>\r\n                    <\/div>\r\n                <\/div>[\/vc_column][\/vc_row]<\/p>","protected":false},"excerpt":{"rendered":"<p>[vc_row][vc_column][vc_empty_space][\/vc_column][\/vc_row] [&#8230;]<\/p>\n<p><a class=\"btn btn-secondary understrap-read-more-link\" href=\"https:\/\/us.edu.pl\/doktorant\/2022\/05\/23\/x-edycja-ogolnopolskiej-konferencji-mlodych-naukowcow\/\">Read More&#8230;<\/a><\/p>\n","protected":false},"author":1,"featured_media":0,"parent":0,"menu_order":0,"comment_status":"closed","ping_status":"closed","template":"page-templates\/index-template.php","meta":{"_expiration-date-status":"","_expiration-date":0,"_expiration-date-type":"","_expiration-date-categories":[],"_expiration-date-options":[]},"acf":[],"_links":{"self":[{"href":"https:\/\/us.edu.pl\/doktorant\/wp-json\/wp\/v2\/pages\/65"}],"collection":[{"href":"https:\/\/us.edu.pl\/doktorant\/wp-json\/wp\/v2\/pages"}],"about":[{"href":"https:\/\/us.edu.pl\/doktorant\/wp-json\/wp\/v2\/types\/page"}],"author":[{"embeddable":true,"href":"https:\/\/us.edu.pl\/doktorant\/wp-json\/wp\/v2\/users\/1"}],"replies":[{"embeddable":true,"href":"https:\/\/us.edu.pl\/doktorant\/wp-json\/wp\/v2\/comments?post=65"}],"version-history":[{"count":0,"href":"https:\/\/us.edu.pl\/doktorant\/wp-json\/wp\/v2\/pages\/65\/revisions"}],"wp:attachment":[{"href":"https:\/\/us.edu.pl\/doktorant\/wp-json\/wp\/v2\/media?parent=65"}],"curies":[{"name":"wp","href":"https:\/\/api.w.org\/{rel}","templated":true}]}}