{"id":661,"date":"2019-10-21T15:54:33","date_gmt":"2019-10-21T13:54:33","guid":{"rendered":"https:\/\/us.edu.pl\/doktorant\/?page_id=661"},"modified":"2020-04-02T11:40:21","modified_gmt":"2020-04-02T09:40:21","slug":"harmonogram-zajec","status":"publish","type":"page","link":"https:\/\/us.edu.pl\/doktorant\/studia-doktoranckie-rozpoczete-przed-1-pazdziernika-2019-r\/nauki-scisle-i-przyrodnicze-matematyka-nauki-fizyczne-nauki-chemiczne\/harmonogram-zajec\/","title":{"rendered":"Harmonogram zaj\u0119\u0107"},"content":{"rendered":"<p>[vc_row][vc_column]\r\n                <div class=\"text-modules\">\r\n                    <div class=\"container\">\r\n                        \r\n                        <div class=\"text-modules__content\"><p>Szanowni Pa\u0144stwo, doktoranci nauk chemicznych,<br \/>\nobecnie wszystkie wyk\u0142ady, \u0107wiczenia oraz seminarium\u00a0 odbywaj\u0105 si\u0119 w trybie zdalnym. Szczeg\u00f3\u0142y znajdziecie Pa\u0144stwo w za\u0142\u0105czonej tabelce. Prosz\u0119 pozostawa\u0107 w kontakcie e-mailowym z prowadz\u0105cymi.<\/p>\n<p><a href=\"https:\/\/us.edu.pl\/doktorant\/wp-content\/uploads\/sites\/12\/Nieprzypisane\/Zajecia-online-chemia-2.pdf\" class=\"mtli_attachment mtli_pdf\" data-mtli=\"mtli_filesize100,65kB\" class=\"mtli_attachment mtli_pdf\" data-mtli=\"mtli_filesize100,65kB\">Zajecia-online-chemia<\/a><\/p>\n<p>&nbsp;<\/p>\n<hr \/>\n<p>Szanowni Pa\u0144stwo, doktoranci nauk matematycznych,<\/p>\n<p>wszystkie seminaria oraz wyk\u0142ad i \u0107wiczenia z przedmiotu P<em>rzestrzenie liniowo-topologiczne<\/em> odbywaj\u0105 si\u0119 w trybie zdalnym.<\/p>\n<p>&nbsp;<\/p>\n<hr \/>\n<p>Szanowni Pa\u0144stwo,<\/p>\n<p>wyk\u0142ad dla II roku &#8222;Contemporary methods in experimental physics&#8221; odbywa si\u0119 w trybie zdalnym. Zaj\u0119cia laboratoryjne odb\u0119d\u0105 si\u0119 pod koniec semestru (po powrocie na uczelni\u0119, prawdopodobnie maj-czerwiec).<\/p>\n<p><strong>Plan zaj\u0119\u0107 znajdziecie Pa\u0144stwo tutaj\u00a0 ii.us.edu.pl<\/strong><\/p>\n<style type=\"text\/css\">a[data-mtli~=\"mtli_filesize100,65kB\"]:after {content:\" (100,65 kB)\"}<\/style><\/div>\r\n                    <\/div>\r\n                <\/div>[\/vc_column][\/vc_row]<\/p>\n<style type=\"text\/css\">a[data-mtli~=\"mtli_filesize100,65kB\"]:after {content:\" (100,65 kB)\"}<\/style>","protected":false},"excerpt":{"rendered":"<p>[vc_row][vc_column][\/vc_column][\/vc_row] [&#8230;]<\/p>\n<p><a class=\"btn btn-secondary understrap-read-more-link\" href=\"https:\/\/us.edu.pl\/doktorant\/studia-doktoranckie-rozpoczete-przed-1-pazdziernika-2019-r\/nauki-scisle-i-przyrodnicze-matematyka-nauki-fizyczne-nauki-chemiczne\/harmonogram-zajec\/\">Read More&#8230;<\/a><\/p>\n","protected":false},"author":1,"featured_media":0,"parent":534,"menu_order":4,"comment_status":"closed","ping_status":"closed","template":"page-templates\/page-with-sidebar.php","meta":{"_expiration-date-status":"saved","_expiration-date":0,"_expiration-date-type":"","_expiration-date-categories":[],"_expiration-date-options":[]},"acf":[],"_links":{"self":[{"href":"https:\/\/us.edu.pl\/doktorant\/wp-json\/wp\/v2\/pages\/661"}],"collection":[{"href":"https:\/\/us.edu.pl\/doktorant\/wp-json\/wp\/v2\/pages"}],"about":[{"href":"https:\/\/us.edu.pl\/doktorant\/wp-json\/wp\/v2\/types\/page"}],"author":[{"embeddable":true,"href":"https:\/\/us.edu.pl\/doktorant\/wp-json\/wp\/v2\/users\/1"}],"replies":[{"embeddable":true,"href":"https:\/\/us.edu.pl\/doktorant\/wp-json\/wp\/v2\/comments?post=661"}],"version-history":[{"count":0,"href":"https:\/\/us.edu.pl\/doktorant\/wp-json\/wp\/v2\/pages\/661\/revisions"}],"up":[{"embeddable":true,"href":"https:\/\/us.edu.pl\/doktorant\/wp-json\/wp\/v2\/pages\/534"}],"wp:attachment":[{"href":"https:\/\/us.edu.pl\/doktorant\/wp-json\/wp\/v2\/media?parent=661"}],"curies":[{"name":"wp","href":"https:\/\/api.w.org\/{rel}","templated":true}]}}